{"id":31,"date":"2020-04-29T15:02:55","date_gmt":"2020-04-29T13:02:55","guid":{"rendered":"http:\/\/knjiznice.nsk.hr\/orahovica\/?page_id=31"},"modified":"2026-01-09T11:18:54","modified_gmt":"2026-01-09T10:18:54","slug":"dokumenti","status":"publish","type":"page","link":"https:\/\/knjiznice.nsk.hr\/orahovica\/izvjesce-o-radu\/dokumenti\/","title":{"rendered":"DOKUMENTI"},"content":{"rendered":"<p><a href=\"http:\/\/knjiznice.nsk.hr\/orahovica\/dokumenti\/61-2\/\">Obrazac pristupnice<\/a><\/p>\n<p><a href=\"http:\/\/knjiznice.nsk.hr\/orahovica\/wp-content\/uploads\/sites\/113\/2024\/08\/Cjenik-Gradska-knjiznica-Orahovica.pdf\">Cjenik &#8211; Gradska knji\u017enica Orahovica<\/a><\/p>\n<p><a href=\"http:\/\/knjiznice.nsk.hr\/orahovica\/wp-content\/uploads\/sites\/113\/2025\/05\/Statut-Gradske-knjiznice-na-snazi-od-25.3.2025.docx\">Statut Gradske knji\u017enice Orahovica<\/a><\/p>\n<p><a href=\"http:\/\/knjiznice.nsk.hr\/orahovica\/wp-content\/uploads\/sites\/113\/2025\/04\/Pravilnik-o-provedbi-postupka-jednostavne-nabave_Gradska-knjiznica-Orahovica.docx\">Pravilnik o provedbi postupka jednostavne nabave_Gradska knji\u017enica Orahovica<\/a><\/p>\n<p><a href=\"http:\/\/knjiznice.nsk.hr\/orahovica\/wp-content\/uploads\/sites\/113\/2025\/09\/I.-Izmjene-i-dopune-Plana-nabave-Gradske-knjiznice-Grada-Orahovice-za-2025.godinu.doc\">I. Izmjene i dopune Plana nabave Gradske knji\u017enice Grada Orahovice za 2025.godinu<\/a><\/p>\n<p><a href=\"http:\/\/knjiznice.nsk.hr\/orahovica\/wp-content\/uploads\/sites\/113\/2025\/07\/Plan-nabave-Gradske-knjiznice-Orahovica-za-2025.-godinu.pdf\">Plan nabave Gradske knji\u017enice Orahovica za 2025. godinu<\/a><\/p>\n<p><a href=\"http:\/\/knjiznice.nsk.hr\/orahovica\/wp-content\/uploads\/sites\/113\/2022\/12\/Procedura-izdavanja-i-obracunavanja-putnih-naloga-66.docx\">Procedura izdavanja i obra\u010dunavanja putnih naloga<\/a><\/p>\n<p><a href=\"http:\/\/knjiznice.nsk.hr\/orahovica\/wp-content\/uploads\/sites\/113\/2022\/12\/Procedura-stvaranja-ugovornih-obveza-u-Gradskoj-knjiznici-Orahovica-61.docx\">Procedura stvaranja ugovornih obveza u Gradskoj knji\u017enici Orahovica<\/a><\/p>\n<p><a href=\"http:\/\/knjiznice.nsk.hr\/orahovica\/wp-content\/uploads\/sites\/113\/2022\/12\/Procedura-naplate-prihoda-62.docx\">Procedura naplate prihoda<\/a><\/p>\n<p><a href=\"http:\/\/knjiznice.nsk.hr\/orahovica\/wp-content\/uploads\/sites\/113\/2022\/12\/Procedura-zaprimanja-i-provjere-racuna-te-placanja-po-racunima-63.docx\">Procedura zaprimanja i provjere ra\u010duna te pla\u0107anja po ra\u010dunima<\/a><\/p>\n<p><a href=\"http:\/\/knjiznice.nsk.hr\/orahovica\/wp-content\/uploads\/sites\/113\/2022\/12\/Procedura-blagajnickog-poslovanja-64.docx\">Procedura blagajni\u010dkog poslovanja<\/a><\/p>\n<p><a href=\"http:\/\/knjiznice.nsk.hr\/orahovica\/wp-content\/uploads\/sites\/113\/2024\/02\/Transparentnost-1-24.pdf\" target=\"_blank\" rel=\"noopener\">Transparentnost &#8211; 1-24<\/a><\/p>\n<p><a href=\"http:\/\/knjiznice.nsk.hr\/orahovica\/wp-content\/uploads\/sites\/113\/2024\/03\/Transparentnost-veljaca-2024.pdf\">Transparentnost &#8211; velja\u010da 2024<\/a><\/p>\n<p><a href=\"http:\/\/knjiznice.nsk.hr\/orahovica\/wp-content\/uploads\/sites\/113\/2024\/04\/Transparentnost-ozujak-2024..pdf\">Transparentnost &#8211; o\u017eujak 2024.<\/a><\/p>\n<p><a href=\"http:\/\/knjiznice.nsk.hr\/orahovica\/wp-content\/uploads\/sites\/113\/2024\/05\/Transparentnost-travanj-2024.g..pdf\">Transparentnost- travanj 2024.g.<\/a><\/p>\n<p><a href=\"http:\/\/knjiznice.nsk.hr\/orahovica\/wp-content\/uploads\/sites\/113\/2024\/06\/Transparentnost-svibanj-2024.g..pdf\">Transparentnost &#8211; svibanj 2024.g.<\/a><\/p>\n<p><a href=\"http:\/\/knjiznice.nsk.hr\/orahovica\/wp-content\/uploads\/sites\/113\/2024\/07\/Transparentnost-lipanj-2024.g.-2.pdf\">Transparentnost &#8211; lipanj 2024.g.&nbsp;<\/a><\/p>\n<p><a href=\"http:\/\/knjiznice.nsk.hr\/orahovica\/wp-content\/uploads\/sites\/113\/2024\/08\/Transparentnost-srpanj-2024.g..pdf\">Transparentnost &#8211; srpanj 2024.g.<\/a><\/p>\n<p><a href=\"http:\/\/knjiznice.nsk.hr\/orahovica\/wp-content\/uploads\/sites\/113\/2024\/09\/Transparentnost-kolovoz-2024..pdf\">Transparentnost &#8211; kolovoz 2024.<\/a><\/p>\n<p><a href=\"http:\/\/knjiznice.nsk.hr\/orahovica\/wp-content\/uploads\/sites\/113\/2024\/11\/Transparentnost-rujan-2024.g..pdf\">Transparentnost &#8211; rujan 2024.g<\/a><\/p>\n<p><a href=\"http:\/\/knjiznice.nsk.hr\/orahovica\/wp-content\/uploads\/sites\/113\/2024\/11\/Transparentnost-listopad-2024.g..pdf\">Transparentnost &#8211; listopad 2024.g.<\/a><\/p>\n<p><a href=\"http:\/\/knjiznice.nsk.hr\/orahovica\/wp-content\/uploads\/sites\/113\/2024\/12\/Transparentnost-studeni-2024.g..pdf\">Transparentnost &#8211; studeni 2024.g.<\/a><\/p>\n<p><a href=\"http:\/\/knjiznice.nsk.hr\/orahovica\/wp-content\/uploads\/sites\/113\/2025\/02\/Izvjesce-o-provedbi-Zakona-o-pravu-na-pristup-informacijama-za-2024.-godinu.pdf\">Izvje\u0161\u0107e o provedbi Zakona o pravu na pristup informacijama za 2024. godinu<\/a><\/p>\n<p><a href=\"http:\/\/knjiznice.nsk.hr\/orahovica\/wp-content\/uploads\/sites\/113\/2026\/01\/Izvjesce-o-provedbi-Zakona-o-pravu-na-pristup-informacijama-za-2025.-godinu.pdf\">Izvje\u0161\u0107e o provedbi Zakona o pravu na pristup informacijama za 2025. godinu<\/a><\/p>\n","protected":false},"excerpt":{"rendered":"<p>Obrazac pristupnice Cjenik &#8211; Gradska knji\u017enica Orahovica Statut Gradske knji\u017enice Orahovica Pravilnik o provedbi postupka jednostavne nabave_Gradska knji\u017enica Orahovica I. Izmjene i dopune Plana nabave Gradske knji\u017enice Grada Orahovice za [&hellip;]<\/p>\n","protected":false},"author":187,"featured_media":0,"parent":52,"menu_order":0,"comment_status":"closed","ping_status":"closed","template":"","meta":{"ngg_post_thumbnail":0},"yoast_head":"<!-- This site is optimized with the Yoast SEO plugin v16.4 - https:\/\/yoast.com\/wordpress\/plugins\/seo\/ -->\n<meta name=\"robots\" content=\"index, follow, max-snippet:-1, max-image-preview:large, max-video-preview:-1\" \/>\n<link rel=\"canonical\" href=\"http:\/\/knjiznice.nsk.hr\/orahovica\/izvjesce-o-radu\/dokumenti\/\" \/>\n<meta property=\"og:locale\" content=\"hr_HR\" \/>\n<meta property=\"og:type\" content=\"article\" \/>\n<meta property=\"og:title\" content=\"DOKUMENTI - Gradska knji\u017enica Orahovica\" \/>\n<meta property=\"og:description\" content=\"Obrazac pristupnice Cjenik &#8211; Gradska knji\u017enica Orahovica Statut Gradske knji\u017enice Orahovica Pravilnik o provedbi postupka jednostavne nabave_Gradska knji\u017enica Orahovica I. Izmjene i dopune Plana nabave Gradske knji\u017enice Grada Orahovice za [&hellip;]\" \/>\n<meta property=\"og:url\" content=\"http:\/\/knjiznice.nsk.hr\/orahovica\/izvjesce-o-radu\/dokumenti\/\" \/>\n<meta property=\"og:site_name\" content=\"Gradska knji\u017enica Orahovica\" \/>\n<meta property=\"article:modified_time\" content=\"2026-01-09T10:18:54+00:00\" \/>\n<meta name=\"twitter:card\" content=\"summary_large_image\" \/>\n<meta name=\"twitter:label1\" content=\"Procijenjeno vrijeme \u010ditanja\" \/>\n\t<meta name=\"twitter:data1\" content=\"1 minuta\" \/>\n<script type=\"application\/ld+json\" class=\"yoast-schema-graph\">{\"@context\":\"https:\/\/schema.org\",\"@graph\":[{\"@type\":\"WebSite\",\"@id\":\"https:\/\/knjiznice.nsk.hr\/orahovica\/#website\",\"url\":\"https:\/\/knjiznice.nsk.hr\/orahovica\/\",\"name\":\"Gradska knji\\u017enica Orahovica\",\"description\":\"\\u010citamo s vama od 1877. godine\",\"potentialAction\":[{\"@type\":\"SearchAction\",\"target\":\"https:\/\/knjiznice.nsk.hr\/orahovica\/?s={search_term_string}\",\"query-input\":\"required name=search_term_string\"}],\"inLanguage\":\"hr\"},{\"@type\":\"WebPage\",\"@id\":\"http:\/\/knjiznice.nsk.hr\/orahovica\/izvjesce-o-radu\/dokumenti\/#webpage\",\"url\":\"http:\/\/knjiznice.nsk.hr\/orahovica\/izvjesce-o-radu\/dokumenti\/\",\"name\":\"DOKUMENTI - Gradska knji\\u017enica Orahovica\",\"isPartOf\":{\"@id\":\"https:\/\/knjiznice.nsk.hr\/orahovica\/#website\"},\"datePublished\":\"2020-04-29T13:02:55+00:00\",\"dateModified\":\"2026-01-09T10:18:54+00:00\",\"breadcrumb\":{\"@id\":\"http:\/\/knjiznice.nsk.hr\/orahovica\/izvjesce-o-radu\/dokumenti\/#breadcrumb\"},\"inLanguage\":\"hr\",\"potentialAction\":[{\"@type\":\"ReadAction\",\"target\":[\"http:\/\/knjiznice.nsk.hr\/orahovica\/izvjesce-o-radu\/dokumenti\/\"]}]},{\"@type\":\"BreadcrumbList\",\"@id\":\"http:\/\/knjiznice.nsk.hr\/orahovica\/izvjesce-o-radu\/dokumenti\/#breadcrumb\",\"itemListElement\":[{\"@type\":\"ListItem\",\"position\":1,\"item\":{\"@type\":\"WebPage\",\"@id\":\"https:\/\/knjiznice.nsk.hr\/orahovica\/\",\"url\":\"https:\/\/knjiznice.nsk.hr\/orahovica\/\",\"name\":\"Po\\u010detna stranica\"}},{\"@type\":\"ListItem\",\"position\":2,\"item\":{\"@type\":\"WebPage\",\"@id\":\"http:\/\/knjiznice.nsk.hr\/orahovica\/izvjesce-o-radu\/\",\"url\":\"http:\/\/knjiznice.nsk.hr\/orahovica\/izvjesce-o-radu\/\",\"name\":\"Izvje\\u0161taji o radu\"}},{\"@type\":\"ListItem\",\"position\":3,\"item\":{\"@id\":\"http:\/\/knjiznice.nsk.hr\/orahovica\/izvjesce-o-radu\/dokumenti\/#webpage\"}}]}]}<\/script>\n<!-- \/ Yoast SEO plugin. -->","_links":{"self":[{"href":"https:\/\/knjiznice.nsk.hr\/orahovica\/wp-json\/wp\/v2\/pages\/31"}],"collection":[{"href":"https:\/\/knjiznice.nsk.hr\/orahovica\/wp-json\/wp\/v2\/pages"}],"about":[{"href":"https:\/\/knjiznice.nsk.hr\/orahovica\/wp-json\/wp\/v2\/types\/page"}],"author":[{"embeddable":true,"href":"https:\/\/knjiznice.nsk.hr\/orahovica\/wp-json\/wp\/v2\/users\/187"}],"replies":[{"embeddable":true,"href":"https:\/\/knjiznice.nsk.hr\/orahovica\/wp-json\/wp\/v2\/comments?post=31"}],"version-history":[{"count":36,"href":"https:\/\/knjiznice.nsk.hr\/orahovica\/wp-json\/wp\/v2\/pages\/31\/revisions"}],"predecessor-version":[{"id":743,"href":"https:\/\/knjiznice.nsk.hr\/orahovica\/wp-json\/wp\/v2\/pages\/31\/revisions\/743"}],"up":[{"embeddable":true,"href":"https:\/\/knjiznice.nsk.hr\/orahovica\/wp-json\/wp\/v2\/pages\/52"}],"wp:attachment":[{"href":"https:\/\/knjiznice.nsk.hr\/orahovica\/wp-json\/wp\/v2\/media?parent=31"}],"curies":[{"name":"wp","href":"https:\/\/api.w.org\/{rel}","templated":true}]}}