{"id":209,"date":"2021-10-29T11:49:27","date_gmt":"2021-10-29T09:49:27","guid":{"rendered":"http:\/\/knjiznice.nsk.hr\/orahovica\/?page_id=209"},"modified":"2022-04-08T09:03:01","modified_gmt":"2022-04-08T07:03:01","slug":"natjecaji","status":"publish","type":"page","link":"https:\/\/knjiznice.nsk.hr\/orahovica\/izvjesce-o-radu\/dokumenti\/natjecaji\/","title":{"rendered":"Natje\u010daji"},"content":{"rendered":"<p>&nbsp;<\/p>\n<blockquote class=\"wp-embedded-content\" data-secret=\"jKDHSfonGI\"><p><a href=\"http:\/\/knjiznice.nsk.hr\/orahovica\/dokumenti\/natjecaji\/natjecaj-za-ravnatelja\/\">Natje\u010daj za ravnatelja<\/a><\/p><\/blockquote>\n<p><iframe class=\"wp-embedded-content\" sandbox=\"allow-scripts\" security=\"restricted\" style=\"position: absolute; clip: rect(1px, 1px, 1px, 1px);\" title=\"&#8220;Natje\u010daj za ravnatelja&#8221; &#8212; Gradska knji\u017enica Orahovica\" src=\"http:\/\/knjiznice.nsk.hr\/orahovica\/dokumenti\/natjecaji\/natjecaj-za-ravnatelja\/embed\/#?secret=jKDHSfonGI\" data-secret=\"jKDHSfonGI\" width=\"500\" height=\"282\" frameborder=\"0\" marginwidth=\"0\" marginheight=\"0\" scrolling=\"no\"><\/iframe><\/p>\n<blockquote class=\"wp-embedded-content\" data-secret=\"AVE6luWhqm\"><p><a href=\"http:\/\/knjiznice.nsk.hr\/orahovica\/natjecaj-za-pom-knjiznicara\/\">Natje\u010daj za pom. knji\u017eni\u010dara<\/a><\/p><\/blockquote>\n<p><iframe class=\"wp-embedded-content\" sandbox=\"allow-scripts\" security=\"restricted\" style=\"position: absolute; clip: rect(1px, 1px, 1px, 1px);\" title=\"&#8220;Natje\u010daj za pom. knji\u017eni\u010dara&#8221; &#8212; Gradska knji\u017enica Orahovica\" src=\"http:\/\/knjiznice.nsk.hr\/orahovica\/natjecaj-za-pom-knjiznicara\/embed\/#?secret=AVE6luWhqm\" data-secret=\"AVE6luWhqm\" width=\"500\" height=\"282\" frameborder=\"0\" marginwidth=\"0\" marginheight=\"0\" scrolling=\"no\"><\/iframe><\/p>\n","protected":false},"excerpt":{"rendered":"<p>&nbsp; Natje\u010daj za ravnatelja Natje\u010daj za pom. knji\u017eni\u010dara<\/p>\n","protected":false},"author":187,"featured_media":0,"parent":31,"menu_order":0,"comment_status":"closed","ping_status":"closed","template":"","meta":{"ngg_post_thumbnail":0},"yoast_head":"<!-- This site is optimized with the Yoast SEO plugin v16.4 - https:\/\/yoast.com\/wordpress\/plugins\/seo\/ -->\n<meta name=\"robots\" content=\"index, follow, max-snippet:-1, max-image-preview:large, max-video-preview:-1\" \/>\n<link rel=\"canonical\" href=\"http:\/\/knjiznice.nsk.hr\/orahovica\/izvjesce-o-radu\/dokumenti\/natjecaji\/\" \/>\n<meta property=\"og:locale\" content=\"hr_HR\" \/>\n<meta property=\"og:type\" content=\"article\" \/>\n<meta property=\"og:title\" content=\"Natje\u010daji - Gradska knji\u017enica Orahovica\" \/>\n<meta property=\"og:description\" content=\"&nbsp; Natje\u010daj za ravnatelja Natje\u010daj za pom. knji\u017eni\u010dara\" \/>\n<meta property=\"og:url\" content=\"http:\/\/knjiznice.nsk.hr\/orahovica\/izvjesce-o-radu\/dokumenti\/natjecaji\/\" \/>\n<meta property=\"og:site_name\" content=\"Gradska knji\u017enica Orahovica\" \/>\n<meta property=\"article:modified_time\" content=\"2022-04-08T07:03:01+00:00\" \/>\n<meta name=\"twitter:card\" content=\"summary_large_image\" \/>\n<meta name=\"twitter:label1\" content=\"Procijenjeno vrijeme \u010ditanja\" \/>\n\t<meta name=\"twitter:data1\" content=\"1 minuta\" \/>\n<script type=\"application\/ld+json\" class=\"yoast-schema-graph\">{\"@context\":\"https:\/\/schema.org\",\"@graph\":[{\"@type\":\"WebSite\",\"@id\":\"http:\/\/knjiznice.nsk.hr\/orahovica\/#website\",\"url\":\"http:\/\/knjiznice.nsk.hr\/orahovica\/\",\"name\":\"Gradska knji\\u017enica Orahovica\",\"description\":\"\\u010citamo s vama od 1877. godine\",\"potentialAction\":[{\"@type\":\"SearchAction\",\"target\":\"http:\/\/knjiznice.nsk.hr\/orahovica\/?s={search_term_string}\",\"query-input\":\"required name=search_term_string\"}],\"inLanguage\":\"hr\"},{\"@type\":\"WebPage\",\"@id\":\"http:\/\/knjiznice.nsk.hr\/orahovica\/izvjesce-o-radu\/dokumenti\/natjecaji\/#webpage\",\"url\":\"http:\/\/knjiznice.nsk.hr\/orahovica\/izvjesce-o-radu\/dokumenti\/natjecaji\/\",\"name\":\"Natje\\u010daji - Gradska knji\\u017enica Orahovica\",\"isPartOf\":{\"@id\":\"http:\/\/knjiznice.nsk.hr\/orahovica\/#website\"},\"datePublished\":\"2021-10-29T09:49:27+00:00\",\"dateModified\":\"2022-04-08T07:03:01+00:00\",\"breadcrumb\":{\"@id\":\"http:\/\/knjiznice.nsk.hr\/orahovica\/izvjesce-o-radu\/dokumenti\/natjecaji\/#breadcrumb\"},\"inLanguage\":\"hr\",\"potentialAction\":[{\"@type\":\"ReadAction\",\"target\":[\"http:\/\/knjiznice.nsk.hr\/orahovica\/izvjesce-o-radu\/dokumenti\/natjecaji\/\"]}]},{\"@type\":\"BreadcrumbList\",\"@id\":\"http:\/\/knjiznice.nsk.hr\/orahovica\/izvjesce-o-radu\/dokumenti\/natjecaji\/#breadcrumb\",\"itemListElement\":[{\"@type\":\"ListItem\",\"position\":1,\"item\":{\"@type\":\"WebPage\",\"@id\":\"http:\/\/knjiznice.nsk.hr\/orahovica\/\",\"url\":\"http:\/\/knjiznice.nsk.hr\/orahovica\/\",\"name\":\"Po\\u010detna stranica\"}},{\"@type\":\"ListItem\",\"position\":2,\"item\":{\"@type\":\"WebPage\",\"@id\":\"http:\/\/knjiznice.nsk.hr\/orahovica\/izvjesce-o-radu\/\",\"url\":\"http:\/\/knjiznice.nsk.hr\/orahovica\/izvjesce-o-radu\/\",\"name\":\"Izvje\\u0161taji o radu\"}},{\"@type\":\"ListItem\",\"position\":3,\"item\":{\"@type\":\"WebPage\",\"@id\":\"http:\/\/knjiznice.nsk.hr\/orahovica\/izvjesce-o-radu\/dokumenti\/\",\"url\":\"http:\/\/knjiznice.nsk.hr\/orahovica\/izvjesce-o-radu\/dokumenti\/\",\"name\":\"DOKUMENTI\"}},{\"@type\":\"ListItem\",\"position\":4,\"item\":{\"@id\":\"http:\/\/knjiznice.nsk.hr\/orahovica\/izvjesce-o-radu\/dokumenti\/natjecaji\/#webpage\"}}]}]}<\/script>\n<!-- \/ Yoast SEO plugin. -->","_links":{"self":[{"href":"https:\/\/knjiznice.nsk.hr\/orahovica\/wp-json\/wp\/v2\/pages\/209"}],"collection":[{"href":"https:\/\/knjiznice.nsk.hr\/orahovica\/wp-json\/wp\/v2\/pages"}],"about":[{"href":"https:\/\/knjiznice.nsk.hr\/orahovica\/wp-json\/wp\/v2\/types\/page"}],"author":[{"embeddable":true,"href":"https:\/\/knjiznice.nsk.hr\/orahovica\/wp-json\/wp\/v2\/users\/187"}],"replies":[{"embeddable":true,"href":"https:\/\/knjiznice.nsk.hr\/orahovica\/wp-json\/wp\/v2\/comments?post=209"}],"version-history":[{"count":8,"href":"https:\/\/knjiznice.nsk.hr\/orahovica\/wp-json\/wp\/v2\/pages\/209\/revisions"}],"predecessor-version":[{"id":308,"href":"https:\/\/knjiznice.nsk.hr\/orahovica\/wp-json\/wp\/v2\/pages\/209\/revisions\/308"}],"up":[{"embeddable":true,"href":"https:\/\/knjiznice.nsk.hr\/orahovica\/wp-json\/wp\/v2\/pages\/31"}],"wp:attachment":[{"href":"https:\/\/knjiznice.nsk.hr\/orahovica\/wp-json\/wp\/v2\/media?parent=209"}],"curies":[{"name":"wp","href":"https:\/\/api.w.org\/{rel}","templated":true}]}}