{"id":16,"date":"2020-04-27T13:33:41","date_gmt":"2020-04-27T11:33:41","guid":{"rendered":"http:\/\/knjiznice.nsk.hr\/orahovica\/?page_id=16"},"modified":"2020-04-27T13:33:41","modified_gmt":"2020-04-27T11:33:41","slug":"o-nama","status":"publish","type":"page","link":"https:\/\/knjiznice.nsk.hr\/orahovica\/o-nama\/","title":{"rendered":"O NAMA"},"content":{"rendered":"<p>Na temelju dokumenta Pravila \u010ditaonice orahova\u010dke iz 1877. godine mo\u017ee se ustanoviti po\u010detak knji\u017eni\u010dne djelatnosti u Orahovici. Iz dokumenta se mogu i\u0161\u010ditati podaci o posjedovanju hrvatskih i njema\u010dkih \u010dasopisa i vrlo strogih pravila o primanju u \u010dlanstvo \u010ditaonice. Prema svjedo\u010denjima starijih sugra\u0111ana, ali i postojanju fotografija mo\u017eemo vidjeti da je nekada u \u010ditaonici bio smje\u0161ten i ogromni radio aparat sa slu\u0161alicama kojeg se moglo koristiti uz naknadu.<\/p>\n<p>Nakon 2. sv. rata osnivani su kotari u svakom ve\u0107em mjestu. Jedan od zadataka svakog kotar je bio i osnovati narodnu knji\u017enicu, pribaviti fond knjiga i financirati jednog knji\u017eni\u010dara. Tako je 1954. godine na mjesto prve knji\u017eni\u010darke do\u0161la mlada \u0110ur\u0111ica Devi\u0107 koja je godinu dana poha\u0111ala te\u010daj bibliotekarstva u Zagrebu i dobila svjedod\u017ebu. Po dolasku u Kotarsku knji\u017enicu Orahovica radi kao knji\u017eni\u010dar te edukator u susjednim mjestima.<\/p>\n<p>Sljede\u0107e godine ukidaju se kotari pa tako i orahova\u010dki i prestaje obveza financiranja radnog mjesta knji\u017eni\u010dara. \u0110ur\u0111ica Devi\u0107 odlazi na radno mjesto tajnice osnovne \u0161kole gdje ostaje do mirovine, no i dalje radi kao knji\u017eni\u010darka u popodnevnim satima, bez naknade. Njoj mo\u017eemo zahvaliti \u0161to je uvela prvu knjigu inventara s popisom inventarnih brojeva sa stru\u010dnim oznakama po Numerus curensu.<\/p>\n<p>Fond u po\u010detku sadr\u017ei 1700 naslova i premje\u0161ta se na razne lokacije. Do 70-ih godina 20. st. u stvaranju knji\u017enice poma\u017eu i sugra\u0111ani svojim honorarnim radom. Nestankom kotara knji\u017enica mijenja ime u Kulturno prosvjetno dru\u0161tvo &#8220;Vladimir Nazor&#8221; &#8211; Knji\u017enica i \u010ditaonica.<\/p>\n<p>1970-ih osnivaju se SIZ-ovi i knji\u017enica se pripaja Narodnom sveu\u010dili\u0161tu &#8220;Robert Domany&#8221;. U sastavu sveu\u010dili\u0161ta ostaje do 1992. g. kada postaje samostalna ustanova koja djeluje pod nazivom Gradska knji\u017enica Orahovica.&nbsp;<\/p>\n","protected":false},"excerpt":{"rendered":"<p>Na temelju dokumenta Pravila \u010ditaonice orahova\u010dke iz 1877. godine mo\u017ee se ustanoviti po\u010detak knji\u017eni\u010dne djelatnosti u Orahovici. Iz dokumenta se mogu i\u0161\u010ditati podaci o posjedovanju hrvatskih i njema\u010dkih \u010dasopisa i [&hellip;]<\/p>\n","protected":false},"author":187,"featured_media":0,"parent":0,"menu_order":0,"comment_status":"closed","ping_status":"closed","template":"","meta":{"ngg_post_thumbnail":0},"yoast_head":"<!-- This site is optimized with the Yoast SEO plugin v16.4 - https:\/\/yoast.com\/wordpress\/plugins\/seo\/ -->\n<meta name=\"robots\" content=\"index, follow, max-snippet:-1, max-image-preview:large, max-video-preview:-1\" \/>\n<link rel=\"canonical\" href=\"https:\/\/knjiznice.nsk.hr\/orahovica\/o-nama\/\" \/>\n<meta property=\"og:locale\" content=\"hr_HR\" \/>\n<meta property=\"og:type\" content=\"article\" \/>\n<meta property=\"og:title\" content=\"O NAMA - Gradska knji\u017enica Orahovica\" \/>\n<meta property=\"og:description\" content=\"Na temelju dokumenta Pravila \u010ditaonice orahova\u010dke iz 1877. godine mo\u017ee se ustanoviti po\u010detak knji\u017eni\u010dne djelatnosti u Orahovici. Iz dokumenta se mogu i\u0161\u010ditati podaci o posjedovanju hrvatskih i njema\u010dkih \u010dasopisa i [&hellip;]\" \/>\n<meta property=\"og:url\" content=\"https:\/\/knjiznice.nsk.hr\/orahovica\/o-nama\/\" \/>\n<meta property=\"og:site_name\" content=\"Gradska knji\u017enica Orahovica\" \/>\n<meta name=\"twitter:card\" content=\"summary_large_image\" \/>\n<meta name=\"twitter:label1\" content=\"Procijenjeno vrijeme \u010ditanja\" \/>\n\t<meta name=\"twitter:data1\" content=\"2 minute\" \/>\n<script type=\"application\/ld+json\" class=\"yoast-schema-graph\">{\"@context\":\"https:\/\/schema.org\",\"@graph\":[{\"@type\":\"WebSite\",\"@id\":\"https:\/\/knjiznice.nsk.hr\/orahovica\/#website\",\"url\":\"https:\/\/knjiznice.nsk.hr\/orahovica\/\",\"name\":\"Gradska knji\\u017enica Orahovica\",\"description\":\"\\u010citamo s vama od 1877. godine\",\"potentialAction\":[{\"@type\":\"SearchAction\",\"target\":\"https:\/\/knjiznice.nsk.hr\/orahovica\/?s={search_term_string}\",\"query-input\":\"required name=search_term_string\"}],\"inLanguage\":\"hr\"},{\"@type\":\"WebPage\",\"@id\":\"https:\/\/knjiznice.nsk.hr\/orahovica\/o-nama\/#webpage\",\"url\":\"https:\/\/knjiznice.nsk.hr\/orahovica\/o-nama\/\",\"name\":\"O NAMA - Gradska knji\\u017enica Orahovica\",\"isPartOf\":{\"@id\":\"https:\/\/knjiznice.nsk.hr\/orahovica\/#website\"},\"datePublished\":\"2020-04-27T11:33:41+00:00\",\"dateModified\":\"2020-04-27T11:33:41+00:00\",\"breadcrumb\":{\"@id\":\"https:\/\/knjiznice.nsk.hr\/orahovica\/o-nama\/#breadcrumb\"},\"inLanguage\":\"hr\",\"potentialAction\":[{\"@type\":\"ReadAction\",\"target\":[\"https:\/\/knjiznice.nsk.hr\/orahovica\/o-nama\/\"]}]},{\"@type\":\"BreadcrumbList\",\"@id\":\"https:\/\/knjiznice.nsk.hr\/orahovica\/o-nama\/#breadcrumb\",\"itemListElement\":[{\"@type\":\"ListItem\",\"position\":1,\"item\":{\"@type\":\"WebPage\",\"@id\":\"https:\/\/knjiznice.nsk.hr\/orahovica\/\",\"url\":\"https:\/\/knjiznice.nsk.hr\/orahovica\/\",\"name\":\"Po\\u010detna stranica\"}},{\"@type\":\"ListItem\",\"position\":2,\"item\":{\"@id\":\"https:\/\/knjiznice.nsk.hr\/orahovica\/o-nama\/#webpage\"}}]}]}<\/script>\n<!-- \/ Yoast SEO plugin. -->","_links":{"self":[{"href":"https:\/\/knjiznice.nsk.hr\/orahovica\/wp-json\/wp\/v2\/pages\/16"}],"collection":[{"href":"https:\/\/knjiznice.nsk.hr\/orahovica\/wp-json\/wp\/v2\/pages"}],"about":[{"href":"https:\/\/knjiznice.nsk.hr\/orahovica\/wp-json\/wp\/v2\/types\/page"}],"author":[{"embeddable":true,"href":"https:\/\/knjiznice.nsk.hr\/orahovica\/wp-json\/wp\/v2\/users\/187"}],"replies":[{"embeddable":true,"href":"https:\/\/knjiznice.nsk.hr\/orahovica\/wp-json\/wp\/v2\/comments?post=16"}],"version-history":[{"count":1,"href":"https:\/\/knjiznice.nsk.hr\/orahovica\/wp-json\/wp\/v2\/pages\/16\/revisions"}],"predecessor-version":[{"id":17,"href":"https:\/\/knjiznice.nsk.hr\/orahovica\/wp-json\/wp\/v2\/pages\/16\/revisions\/17"}],"wp:attachment":[{"href":"https:\/\/knjiznice.nsk.hr\/orahovica\/wp-json\/wp\/v2\/media?parent=16"}],"curies":[{"name":"wp","href":"https:\/\/api.w.org\/{rel}","templated":true}]}}