{"id":142,"date":"2021-08-03T12:25:53","date_gmt":"2021-08-03T10:25:53","guid":{"rendered":"http:\/\/knjiznice.nsk.hr\/orahovica\/?page_id=142"},"modified":"2026-04-16T08:45:40","modified_gmt":"2026-04-16T06:45:40","slug":"financijski-izvjestaji","status":"publish","type":"page","link":"https:\/\/knjiznice.nsk.hr\/orahovica\/izvjesce-o-radu\/dokumenti\/financijski-izvjestaji\/","title":{"rendered":"Financijski izvje\u0161taji"},"content":{"rendered":"<p><a href=\"http:\/\/knjiznice.nsk.hr\/orahovica\/wp-content\/uploads\/sites\/113\/2026\/04\/Referentna-stranica-tromjesecni-GKO.pdf\">Referentna stranica &#8211; tromjese\u010dni &#8211; GKO<\/a><\/p>\n<p><a href=\"http:\/\/knjiznice.nsk.hr\/orahovica\/wp-content\/uploads\/sites\/113\/2026\/04\/Potvrda-tromjesecni-GKO.pdf\">Potvrda &#8211; tromjese\u010dni &#8211; GKO<\/a><\/p>\n<p><a href=\"http:\/\/knjiznice.nsk.hr\/orahovica\/wp-content\/uploads\/sites\/113\/2026\/04\/Biljeske-tromjesecni-GKO.pdf\">Bilje\u0161ke &#8211; tromjese\u010dni &#8211; GKO<\/a><\/p>\n<p><a href=\"http:\/\/knjiznice.nsk.hr\/orahovica\/wp-content\/uploads\/sites\/113\/2026\/04\/Obrasci_financijskih_izvjestaja_v_8.4.0-knjiznica.pdf\">Obrasci_financijskih_izvjestaja_v_8.4.0 knji\u017enica<\/a><\/p>\n<p><a href=\"http:\/\/knjiznice.nsk.hr\/orahovica\/wp-content\/uploads\/sites\/113\/2026\/01\/Referentna-stranica-GFI-2025-Gradska-knjiznica-Orahovica.pdf\">Referentna stranica GFI 2025 &#8211; Gradska knji\u017enica Orahovica<\/a><\/p>\n<p><a href=\"http:\/\/knjiznice.nsk.hr\/orahovica\/wp-content\/uploads\/sites\/113\/2026\/01\/Potvrda-GFI-2025.g.-Gradska-knjiznica-Orahovica.pdf\">Potvrda &#8211; GFI 2025.g. &#8211; Gradska knji\u017enica Orahovica<\/a><\/p>\n<p><a href=\"http:\/\/knjiznice.nsk.hr\/orahovica\/wp-content\/uploads\/sites\/113\/2026\/01\/Biljeske-uz-financijske-izvjestaje-razine-21-za-I-XII-2025-Gradska-knjiznica-Orahovica.docx\">Bilje\u0161ke uz financijske izvje\u0161taje razine 21 za I &#8211; XII 2025 &#8211; Gradska knji\u017enica Orahovica<\/a><\/p>\n<p><a href=\"http:\/\/knjiznice.nsk.hr\/orahovica\/wp-content\/uploads\/sites\/113\/2026\/01\/Obrasci-fin.-izvjestaja-GFI-2025.g..pdf\">Obrasci fin. izvje\u0161taja &#8211; GFI 2025.g.<\/a><\/p>\n<p><a href=\"http:\/\/knjiznice.nsk.hr\/orahovica\/wp-content\/uploads\/sites\/113\/2025\/12\/Financijski-plan-za-2026.-godinu-i-projekcije-plana-za-2027.-i-2028.-godinu-Gradska-knjiznica-Orahovica.docx\">Financijski plan za 2026. godinu i projekcije plana za 2027. i 2028. godinu &#8211; Gradska knji\u017enica Orahovica<\/a><\/p>\n<p><a href=\"http:\/\/knjiznice.nsk.hr\/orahovica\/wp-content\/uploads\/sites\/113\/2025\/12\/II.-IZMJENA-I-DOPUNA-FINANCIJSKOG-PLANA-ZA-2025.G.-GRADSKA-KNJIZNICA-ORAHOVICA.rtf\">II. IZMJENA I DOPUNA FINANCIJSKOG PLANA ZA 2025.G. &#8211; GRADSKA KNJI\u017dNICA ORAHOVICA<\/a><\/p>\n<p><a href=\"http:\/\/knjiznice.nsk.hr\/orahovica\/wp-content\/uploads\/sites\/113\/2025\/10\/Referentna-stranica-Devetomjesecni-2025..pdf\">Referentna stranica &#8211; Devetomjese\u010dni 2025.<\/a><\/p>\n<p><a href=\"http:\/\/knjiznice.nsk.hr\/orahovica\/wp-content\/uploads\/sites\/113\/2025\/10\/Devetomjesecni-izvjestaj-2025.pdf\">Devetomjese\u010dni izvje\u0161taj 2025<\/a><\/p>\n<p><a href=\"http:\/\/knjiznice.nsk.hr\/orahovica\/wp-content\/uploads\/sites\/113\/2025\/10\/Biljeske-Devetomjesecni-2025.pdf\">Bilje\u0161ke &#8211; Devetomjese\u010dni 2025<\/a><\/p>\n<p><a href=\"http:\/\/knjiznice.nsk.hr\/orahovica\/wp-content\/uploads\/sites\/113\/2025\/10\/Potvrda-Devetomjesecni-2025.pdf\">Potvrda- Devetomjese\u010dni 2025<\/a><\/p>\n<p><a href=\"http:\/\/knjiznice.nsk.hr\/orahovica\/wp-content\/uploads\/sites\/113\/2025\/09\/POLUGODISNI-IZVJESTAJ-O-IZVRSENJU-FINANCIJSKOG-PLANA-2025-Gradska-Knjiznica.rtf\">POLUGODI\u0160NI IZVJE\u0160TAJ O IZVR\u0160ENJU FINANCIJSKOG PLANA-2025 &#8211; Gradska Knji\u017enica<\/a><\/p>\n<p><a href=\"http:\/\/knjiznice.nsk.hr\/orahovica\/wp-content\/uploads\/sites\/113\/2025\/07\/Referentna-stranica-Polugodisnji-2025.pdf\">Referentna stranica &#8211; Polugodi\u0161nji 2025<\/a><\/p>\n<p><a href=\"http:\/\/knjiznice.nsk.hr\/orahovica\/wp-content\/uploads\/sites\/113\/2025\/07\/Potvrda-Polugodisnji-2025.pdf\">Potvrda &#8211; Polugodi\u0161nji 2025<\/a><\/p>\n<p><a href=\"http:\/\/knjiznice.nsk.hr\/orahovica\/wp-content\/uploads\/sites\/113\/2025\/07\/Polugodisnji-izvjestaj-GKO.pdf\">Polugodi\u0161nji izvje\u0161taj &#8211; GKO<\/a><\/p>\n<p><a href=\"http:\/\/knjiznice.nsk.hr\/orahovica\/wp-content\/uploads\/sites\/113\/2025\/04\/REF0101-31032025GKORAHOVICA.pdf\">REF0101-31032025GKORAHOVICA<\/a><\/p>\n<p><a href=\"http:\/\/knjiznice.nsk.hr\/orahovica\/wp-content\/uploads\/sites\/113\/2025\/04\/Potvrda-23-1.pdf\">Potvrda _GKO<\/a><\/p>\n<p><a href=\"http:\/\/knjiznice.nsk.hr\/orahovica\/wp-content\/uploads\/sites\/113\/2025\/04\/IZVJESTAJ0101-31032025GKORAHOVICA.pdf\">IZVJE\u0160TAJ0101-31032025GKORAHOVICA<\/a><\/p>\n<p><a href=\"http:\/\/knjiznice.nsk.hr\/orahovica\/wp-content\/uploads\/sites\/113\/2025\/04\/BILJESKE0101-31032025GKORAHOVICA.doc\">BILJE\u0160KE0101-31032025GKORAHOVICA<\/a><\/p>\n<p><a href=\"http:\/\/knjiznice.nsk.hr\/orahovica\/wp-content\/uploads\/sites\/113\/2025\/03\/GODISNJI-IZVJESTAJ-O-IZVRSENJU-FINANCIJSKOG-PLANA-ZA-2024.-GRADSKA-KNJIZNICA-ORAHOVICA.rtf\">GODI\u0160NJI IZVJE\u0160TAJ O IZVR\u0160ENJU FINANCIJSKOG PLANA ZA 2024. GODINU<\/a><\/p>\n<p><a href=\"http:\/\/knjiznice.nsk.hr\/orahovica\/wp-content\/uploads\/sites\/113\/2025\/02\/Referentna-stranica-GFI-2024.g.-1.pdf\">Referentna stranica &#8211; GFI 2024.g.<\/a><\/p>\n<p><a href=\"http:\/\/knjiznice.nsk.hr\/orahovica\/wp-content\/uploads\/sites\/113\/2025\/02\/Obrasci-fin.-izvjestaja-2024.-godina-1.-dio.pdf\">Obrasci fin. izvje\u0161taja &#8211; 2024. godina<\/a><\/p>\n<p><a href=\"http:\/\/knjiznice.nsk.hr\/orahovica\/wp-content\/uploads\/sites\/113\/2025\/02\/Obrasci-fin.-izvjestaja-2024.-godina-2.dio_.pdf\">Obrasci fin. izvje\u0161taja &#8211; 2024. godina<\/a><\/p>\n<p><a href=\"http:\/\/knjiznice.nsk.hr\/orahovica\/wp-content\/uploads\/sites\/113\/2025\/02\/BILJESKE-GFI-2024.doc\">BILJE\u0160KE &#8211; GFI 2024<\/a><\/p>\n<p><a href=\"http:\/\/knjiznice.nsk.hr\/orahovica\/wp-content\/uploads\/sites\/113\/2025\/02\/Potvrda-GFI-za-2024.-godinu.pdf\">Potvrda &#8211; GFI za 2024. godinu<\/a><\/p>\n<p><a href=\"http:\/\/knjiznice.nsk.hr\/orahovica\/wp-content\/uploads\/sites\/113\/2025\/03\/Financijski-plan-2025-2027-Gradska-knjiznica-Orahovica.docx\">Financijski plan 2025-2027 &#8211; Gradska knji\u017enica Orahovica<\/a><\/p>\n<p><a href=\"http:\/\/knjiznice.nsk.hr\/orahovica\/wp-content\/uploads\/sites\/113\/2024\/10\/I.-izmjena-i-dopuna-Financijskog-plana-za-2024.-godinu.pdf\">I. izmjena i dopuna Financijskog plana za 2024. godinu<\/a><\/p>\n<p><a href=\"http:\/\/knjiznice.nsk.hr\/orahovica\/wp-content\/uploads\/sites\/113\/2024\/10\/Potvrda_30-09.pdf\">Potvrda_30-09<\/a><\/p>\n<p><a href=\"http:\/\/knjiznice.nsk.hr\/orahovica\/wp-content\/uploads\/sites\/113\/2024\/10\/REFERENTNA-STRANICA_30-9.pdf\">REFERENTNA STRANICA_30-9<\/a><\/p>\n<p><a href=\"http:\/\/knjiznice.nsk.hr\/orahovica\/wp-content\/uploads\/sites\/113\/2024\/10\/Obrasci_financijskih_izvjestaja_v_8.1.4-2.pdf\">Obrasci_financijskih_izvjestaja_v_8.1.4 (2) &#8211; Devetomjese\u010dni 2024. godine<\/a><\/p>\n<p><a href=\"http:\/\/knjiznice.nsk.hr\/orahovica\/wp-content\/uploads\/sites\/113\/2024\/08\/Polugodisnji-izvjestaj-o-izvrsenju-financijskog-plana-za-2024.-godinu.pdf\">Polugodi\u0161nji izvje\u0161taj o izvr\u0161enju financijskog plana za 2024. godinu<\/a><\/p>\n<p><a href=\"http:\/\/knjiznice.nsk.hr\/orahovica\/wp-content\/uploads\/sites\/113\/2024\/07\/Obrasci_financijskih_izvjestaja_v_8.1.3-POLUGODISNJI-2024..pdf\">Obrasci_financijskih_izvjestaja_v_8.1.3 -POLUGODI\u0160NJI 2024.<\/a><\/p>\n<p><a href=\"http:\/\/knjiznice.nsk.hr\/orahovica\/wp-content\/uploads\/sites\/113\/2024\/07\/BILJESKE-Polugodisnji-2024.pdf\">BILJE\u0160KE- (Polugodi\u0161nji 2024)<\/a><\/p>\n<p><a href=\"http:\/\/knjiznice.nsk.hr\/orahovica\/wp-content\/uploads\/sites\/113\/2024\/07\/REFERENTNASTRANICA-Polugodisnji-2024..pdf\">REFERENTNA STRANICA &#8211; Polugodi\u0161nji 2024.<\/a><\/p>\n<p><a href=\"http:\/\/knjiznice.nsk.hr\/orahovica\/wp-content\/uploads\/sites\/113\/2024\/07\/Potvrda-Polugodisnji-2024.-1.pdf\">Potvrda &#8211; Polugodi\u0161nji 2024.<\/a><\/p>\n<p><a href=\"http:\/\/knjiznice.nsk.hr\/orahovica\/wp-content\/uploads\/sites\/113\/2024\/05\/Odluka-Godisnji-izvjestaj-o-izvrsenju_Gradska-knjiznica-Orahovica.pdf\">Odluka &#8211; Godi\u0161nji izvje\u0161taj o izvr\u0161enju_Gradska knji\u017enica Orahovica<\/a><\/p>\n<p><a href=\"http:\/\/knjiznice.nsk.hr\/orahovica\/wp-content\/uploads\/sites\/113\/2024\/05\/GODISNJI-IZVJESTAJ-O-IZVRSENJU-Gradska-knjiznica-Orahovica.rtf\">GODI\u0160NJI IZVJE\u0160TAJ O IZVR\u0160ENJU &#8211; Gradska knji\u017enica Orahovica<\/a><\/p>\n<p><a href=\"http:\/\/knjiznice.nsk.hr\/orahovica\/wp-content\/uploads\/sites\/113\/2024\/02\/Usvajanje-prijedloga-fin.-plana-za-2024.-32-2023.docx\" target=\"_blank\" rel=\"noopener\">Usvajanje prijedloga fin. plana za 2024. g.<\/a><\/p>\n<p><a href=\"http:\/\/knjiznice.nsk.hr\/orahovica\/wp-content\/uploads\/sites\/113\/2024\/02\/FINANCIJSKIPLAN_2024-1.rtf\" target=\"_blank\" rel=\"noopener\">Financijski plan &#8211; 2024<\/a><\/p>\n<p><a href=\"http:\/\/knjiznice.nsk.hr\/orahovica\/wp-content\/uploads\/sites\/113\/2024\/02\/BILJESKE0101-31122023GKORAHOVICA.doc\" target=\"_blank\" rel=\"noopener\">BILJE\u0160KE (01.01.-31.01.2023) GKO<\/a><\/p>\n<p><a href=\"http:\/\/knjiznice.nsk.hr\/orahovica\/wp-content\/uploads\/sites\/113\/2024\/02\/Potvrda-19.pdf\" target=\"_blank\" rel=\"noopener\">Potvrda &#8211; 2023 (cjelogodi\u0161nji)<\/a><\/p>\n<p><a href=\"http:\/\/knjiznice.nsk.hr\/orahovica\/wp-content\/uploads\/sites\/113\/2024\/02\/REFERETNASTRANICA.pdf\" target=\"_blank\" rel=\"noopener\">Referentna stranica (cijela 2023.)<\/a><\/p>\n<p><a href=\"http:\/\/knjiznice.nsk.hr\/orahovica\/wp-content\/uploads\/sites\/113\/2024\/02\/Obrasci_financijskih_izvjestaja_v_8.1.3-1.pdf\" target=\"_blank\" rel=\"noopener\">Obrasci financijskih izvje\u0161taja &#8211; cijela 2023.g.<\/a><\/p>\n<p><a href=\"http:\/\/knjiznice.nsk.hr\/orahovica\/wp-content\/uploads\/sites\/113\/2024\/01\/I.-IZMJENE-I-DOPUNE-PRORACUNA-2023-GKO-referentna-str..pdf\" target=\"_blank\" rel=\"noopener\">I. IZMJENE I DOPUNE PRORA\u010cUNA 2023-GKO &#8211; referentna str.<\/a><\/p>\n<p><a href=\"http:\/\/knjiznice.nsk.hr\/orahovica\/wp-content\/uploads\/sites\/113\/2024\/01\/I.IZMJENE-I-DOPUNE-PRORACUNA-2023-GKO.pdf\" target=\"_blank\" rel=\"noopener\">I.IZMJENE I DOPUNE PRORA\u010cUNA 2023-GKO<\/a><\/p>\n<p><a href=\"http:\/\/knjiznice.nsk.hr\/orahovica\/wp-content\/uploads\/sites\/113\/2024\/01\/PRORACUN-GRADA-ORAHOVICE-ZA-2024-2026-GRADSKA-KNJIZNICA.pdf\" target=\"_blank\" rel=\"noopener\">PRORA\u010cUN GRADA ORAHOVICE ZA 2024-2026 GRADSKA KNJI\u017dNICA<\/a><\/p>\n<p><a href=\"http:\/\/knjiznice.nsk.hr\/orahovica\/wp-content\/uploads\/sites\/113\/2024\/08\/I.IZMJENAFINANCIJSKOGPLANAZA-2023.rtf\">I.IZMJENAFINANCIJSKOGPLANAZA 2023<\/a><\/p>\n<p><a href=\"http:\/\/knjiznice.nsk.hr\/orahovica\/wp-content\/uploads\/sites\/113\/2024\/08\/Odluka-I.-izmjene-i-dopune-fin.-plana-za-2023.g..pdf\">Odluka &#8211; I. izmjene i dopune fin. plana za 2023.g.<\/a><\/p>\n<p><a href=\"http:\/\/knjiznice.nsk.hr\/orahovica\/wp-content\/uploads\/sites\/113\/2023\/10\/Referentna-str.-devetomjesecni.pdf\">Referentna str. (devetomjese\u010dni)<\/a><\/p>\n<p><a href=\"http:\/\/knjiznice.nsk.hr\/orahovica\/wp-content\/uploads\/sites\/113\/2023\/10\/Obrasci-financijskih-izvjestaja-01.01.-30.09..pdf\" target=\"_blank\" rel=\"noopener\">Obrasci financijskih izvjestaja (01.01.-30.09.)<\/a><\/p>\n<p><a href=\"http:\/\/knjiznice.nsk.hr\/orahovica\/wp-content\/uploads\/sites\/113\/2023\/10\/Potvrda-2023.-devetomjesecni.pdf\">Potvrda &#8211; 2023. (devetomjese\u010dni)<\/a><\/p>\n<p><a href=\"http:\/\/knjiznice.nsk.hr\/orahovica\/wp-content\/uploads\/sites\/113\/2023\/07\/Potvrda-14.pdf\" target=\"_blank\" rel=\"noopener\">Potvrda &#8211; 2023 (polugodi\u0161nji)<\/a><\/p>\n<p><a href=\"http:\/\/knjiznice.nsk.hr\/orahovica\/wp-content\/uploads\/sites\/113\/2023\/07\/Obrasci_financijskih_izvjestaja_v_8.1.1-1.pdf\" target=\"_blank\" rel=\"noopener\">Obrasci financijskih izvje\u0161taja 2023. (polugodi\u0161nji)<\/a><\/p>\n<p><a href=\"http:\/\/knjiznice.nsk.hr\/orahovica\/wp-content\/uploads\/sites\/113\/2023\/07\/BILJESKE.pdf\" target=\"_blank\" rel=\"noopener\">Bilje\u0161ke &#8211; 2023 (polugodi\u0161nji)<\/a><\/p>\n<p><a href=\"http:\/\/knjiznice.nsk.hr\/orahovica\/wp-content\/uploads\/sites\/113\/2023\/07\/REFERETNA-STRANICA.pdf\" target=\"_blank\" rel=\"noopener\">Referentna str. &#8211; polugodi\u0161nji izv. 2023<\/a><\/p>\n<p><a href=\"http:\/\/knjiznice.nsk.hr\/orahovica\/wp-content\/uploads\/sites\/113\/2023\/04\/REFERETNA-STRANICA.pdf\" target=\"_blank\" rel=\"noopener\">Referentna str. (01.01-31.03.2023.)<\/a><\/p>\n<p><a href=\"http:\/\/knjiznice.nsk.hr\/orahovica\/wp-content\/uploads\/sites\/113\/2023\/04\/Potvrda-o-predaji-fin.-izvj.-01.01.-31.03.2023.pdf\" target=\"_blank\" rel=\"noopener\">Potvrda o predaji fin. izvj. (01.01.-31.03.2023<\/a>.)<\/p>\n<p><a href=\"http:\/\/knjiznice.nsk.hr\/orahovica\/wp-content\/uploads\/sites\/113\/2023\/04\/Obrasci-financijskih-izvjestaja-01.01-31.03.2023..pdf\" target=\"_blank\" rel=\"noopener\">Obrasci financijskih izvjestaja (01.01-31.03.2023.)<\/a><\/p>\n<p><a href=\"http:\/\/knjiznice.nsk.hr\/orahovica\/wp-content\/uploads\/sites\/113\/2023\/02\/20230131102047.pdf\" target=\"_blank\" rel=\"noopener\">FINA &#8211; ref. stranica &#8211; 2022.g. (cjelogodi\u0161nji)<\/a><\/p>\n<p><a href=\"http:\/\/knjiznice.nsk.hr\/orahovica\/wp-content\/uploads\/sites\/113\/2023\/02\/BILJESKE0101-31122022GKORAHOVICA.doc\" target=\"_blank\" rel=\"noopener\">BILJE\u0160KE za 2022.g. (cjelogodi\u0161nje)- GKORAHOVICA<\/a><\/p>\n<p><a href=\"http:\/\/knjiznice.nsk.hr\/orahovica\/wp-content\/uploads\/sites\/113\/2023\/02\/Obrasci_financijskih_izvjestaja_v_8.0.3-6.pdf\" target=\"_blank\" rel=\"noopener\">Obrasci financijskih izvje\u0161taja 2022.g. (cjelogodi\u0161nji)<\/a><\/p>\n<p><a href=\"http:\/\/knjiznice.nsk.hr\/orahovica\/wp-content\/uploads\/sites\/113\/2023\/02\/Potvrda-9.pdf\" target=\"_blank\" rel=\"noopener\">Potvrda &#8211; 2022.g. (cjelogodi\u0161nji)<\/a><\/p>\n<p><a href=\"http:\/\/knjiznice.nsk.hr\/orahovica\/dokumenti\/financijski-izvjestaji\/refer-str-01-01-30-09-2022\/\" rel=\"attachment wp-att-329\">Refer. str. &#8211; 01.01-30.09.2022.<\/a><\/p>\n<p><a href=\"http:\/\/knjiznice.nsk.hr\/orahovica\/dokumenti\/financijski-izvjestaji\/fin-izvj-01-01-30-09-2022\/\" rel=\"attachment wp-att-330\">Fin. izvj. &#8211; 01.01.-30.09.2022.<\/a><\/p>\n<p><a href=\"http:\/\/knjiznice.nsk.hr\/orahovica\/dokumenti\/financijski-izvjestaji\/izvrsenjeprihodi0101-3006\/\" target=\"_blank\" rel=\"attachment noopener wp-att-321\">IZVR\u0160ENJE &#8211; Prihodi &#8211; 0101-3006<\/a><\/p>\n<p><a href=\"http:\/\/knjiznice.nsk.hr\/orahovica\/dokumenti\/financijski-izvjestaji\/biljeske0101-30062022-4\/\" target=\"_blank\" rel=\"attachment noopener wp-att-322\">BILJE\u0160KE0101-30062022 (4)<\/a><\/p>\n<p><a href=\"http:\/\/knjiznice.nsk.hr\/orahovica\/dokumenti\/financijski-izvjestaji\/proracun2022prihod\/\" target=\"_blank\" rel=\"attachment noopener wp-att-270\">PRORA\u010cUN2022PRIHOD<\/a><\/p>\n<p><a href=\"http:\/\/knjiznice.nsk.hr\/orahovica\/dokumenti\/financijski-izvjestaji\/proracun2022rashod\/\" target=\"_blank\" rel=\"attachment noopener wp-att-271\">PRORA\u010cUN2022RASHOD<\/a><\/p>\n<p><a href=\"http:\/\/knjiznice.nsk.hr\/orahovica\/wp-content\/uploads\/sites\/113\/2022\/02\/Izvjestaj-GKO-2021.-g..xls_.pdf\" target=\"_blank\" rel=\"noopener\">Fin. izvje\u0161taj GKO &#8211; 2021. g..xls<\/a><\/p>\n<p><a href=\"http:\/\/knjiznice.nsk.hr\/orahovica\/wp-content\/uploads\/sites\/113\/2022\/02\/FINA-referentna-stranica-2021.g.-cjelogodisnji.pdf\">FINA &#8211; referentna stranica &#8211; 2021.g. &#8211; cjelogodi\u0161nji<\/a><\/p>\n<p><a href=\"http:\/\/knjiznice.nsk.hr\/orahovica\/wp-content\/uploads\/sites\/113\/2022\/02\/Polugodisnji-izvjestaj-2021.g..pdf\">Polugodi\u0161nji izvje\u0161taj &#8211; 2021.g.<\/a><\/p>\n<p><a href=\"http:\/\/knjiznice.nsk.hr\/orahovica\/wp-content\/uploads\/sites\/113\/2022\/02\/FINA-referentna-stranica-2021.g.-polugodisnji.pdf\">FINA &#8211; referentna stranica 2021.g. &#8211; polugodi\u0161nji<\/a><\/p>\n<p><a href=\"http:\/\/knjiznice.nsk.hr\/orahovica\/wp-content\/uploads\/sites\/113\/2022\/02\/PRORACUN2021PRIHOD.pdf\">PRORA\u010cUN2021PRIHOD<\/a><\/p>\n<p><a href=\"http:\/\/knjiznice.nsk.hr\/orahovica\/wp-content\/uploads\/sites\/113\/2022\/02\/PRORACUN2021RASHOD.pdf\">PRORA\u010cUN2021RASHOD<\/a><\/p>\n<p><a href=\"http:\/\/knjiznice.nsk.hr\/orahovica\/wp-content\/uploads\/sites\/113\/2022\/02\/REBALANS12021PRIHOD.pdf\">REBALANS12021PRIHOD<\/a><\/p>\n<p><a href=\"http:\/\/knjiznice.nsk.hr\/orahovica\/wp-content\/uploads\/sites\/113\/2022\/02\/REBALANS12021RASHOD.pdf\">REBALANS12021RASHOD<\/a><\/p>\n<p><a href=\"http:\/\/knjiznice.nsk.hr\/orahovica\/dokumenti\/financijski-izvjestaji\/gradska-knjiznica-2020\/\" target=\"_blank\" rel=\"attachment noopener wp-att-267\">GRADSKA KNJI\u017dNICA &#8211; izvje\u0161taj -2020.g.<\/a><\/p>\n<p><a href=\"http:\/\/knjiznice.nsk.hr\/orahovica\/dokumenti\/financijski-izvjestaji\/fina-referentna-stranica-2020-g-cjelogodisnji\/\" target=\"_blank\" rel=\"attachment noopener wp-att-268\">FINA &#8211; referentna stranica 2020.g. &#8211; cjelogodi\u0161nji<\/a><\/p>\n<p><a href=\"http:\/\/knjiznice.nsk.hr\/orahovica\/dokumenti\/financijski-izvjestaji\/biljeske-knjiznica-2020\/\" target=\"_blank\" rel=\"attachment noopener wp-att-269\">BILJE\u0160KE KNJI\u017dNICA 2020<\/a><\/p>\n<p>&nbsp;<\/p>\n","protected":false},"excerpt":{"rendered":"<p>Referentna stranica &#8211; tromjese\u010dni &#8211; GKO Potvrda &#8211; tromjese\u010dni &#8211; GKO Bilje\u0161ke &#8211; tromjese\u010dni &#8211; GKO Obrasci_financijskih_izvjestaja_v_8.4.0 knji\u017enica Referentna stranica GFI 2025 &#8211; Gradska knji\u017enica Orahovica Potvrda &#8211; GFI 2025.g. [&hellip;]<\/p>\n","protected":false},"author":187,"featured_media":0,"parent":31,"menu_order":0,"comment_status":"closed","ping_status":"closed","template":"","meta":{"ngg_post_thumbnail":0},"yoast_head":"<!-- This site is optimized with the Yoast SEO plugin v16.4 - https:\/\/yoast.com\/wordpress\/plugins\/seo\/ -->\n<meta name=\"robots\" content=\"index, follow, max-snippet:-1, max-image-preview:large, max-video-preview:-1\" \/>\n<link rel=\"canonical\" href=\"https:\/\/knjiznice.nsk.hr\/orahovica\/izvjesce-o-radu\/dokumenti\/financijski-izvjestaji\/\" \/>\n<meta property=\"og:locale\" content=\"hr_HR\" \/>\n<meta property=\"og:type\" content=\"article\" \/>\n<meta property=\"og:title\" content=\"Financijski izvje\u0161taji - Gradska knji\u017enica Orahovica\" \/>\n<meta property=\"og:description\" content=\"Referentna stranica &#8211; tromjese\u010dni &#8211; GKO Potvrda &#8211; tromjese\u010dni &#8211; GKO Bilje\u0161ke &#8211; tromjese\u010dni &#8211; GKO Obrasci_financijskih_izvjestaja_v_8.4.0 knji\u017enica Referentna stranica GFI 2025 &#8211; Gradska knji\u017enica Orahovica Potvrda &#8211; GFI 2025.g. [&hellip;]\" \/>\n<meta property=\"og:url\" content=\"https:\/\/knjiznice.nsk.hr\/orahovica\/izvjesce-o-radu\/dokumenti\/financijski-izvjestaji\/\" \/>\n<meta property=\"og:site_name\" content=\"Gradska knji\u017enica Orahovica\" \/>\n<meta property=\"article:modified_time\" content=\"2026-04-16T06:45:40+00:00\" \/>\n<meta name=\"twitter:card\" content=\"summary_large_image\" \/>\n<meta name=\"twitter:label1\" content=\"Procijenjeno vrijeme \u010ditanja\" \/>\n\t<meta name=\"twitter:data1\" content=\"2 minute\" \/>\n<script type=\"application\/ld+json\" class=\"yoast-schema-graph\">{\"@context\":\"https:\/\/schema.org\",\"@graph\":[{\"@type\":\"WebSite\",\"@id\":\"http:\/\/knjiznice.nsk.hr\/orahovica\/#website\",\"url\":\"http:\/\/knjiznice.nsk.hr\/orahovica\/\",\"name\":\"Gradska knji\\u017enica Orahovica\",\"description\":\"\\u010citamo s vama od 1877. godine\",\"potentialAction\":[{\"@type\":\"SearchAction\",\"target\":\"http:\/\/knjiznice.nsk.hr\/orahovica\/?s={search_term_string}\",\"query-input\":\"required name=search_term_string\"}],\"inLanguage\":\"hr\"},{\"@type\":\"WebPage\",\"@id\":\"https:\/\/knjiznice.nsk.hr\/orahovica\/izvjesce-o-radu\/dokumenti\/financijski-izvjestaji\/#webpage\",\"url\":\"https:\/\/knjiznice.nsk.hr\/orahovica\/izvjesce-o-radu\/dokumenti\/financijski-izvjestaji\/\",\"name\":\"Financijski izvje\\u0161taji - Gradska knji\\u017enica Orahovica\",\"isPartOf\":{\"@id\":\"http:\/\/knjiznice.nsk.hr\/orahovica\/#website\"},\"datePublished\":\"2021-08-03T10:25:53+00:00\",\"dateModified\":\"2026-04-16T06:45:40+00:00\",\"breadcrumb\":{\"@id\":\"https:\/\/knjiznice.nsk.hr\/orahovica\/izvjesce-o-radu\/dokumenti\/financijski-izvjestaji\/#breadcrumb\"},\"inLanguage\":\"hr\",\"potentialAction\":[{\"@type\":\"ReadAction\",\"target\":[\"https:\/\/knjiznice.nsk.hr\/orahovica\/izvjesce-o-radu\/dokumenti\/financijski-izvjestaji\/\"]}]},{\"@type\":\"BreadcrumbList\",\"@id\":\"https:\/\/knjiznice.nsk.hr\/orahovica\/izvjesce-o-radu\/dokumenti\/financijski-izvjestaji\/#breadcrumb\",\"itemListElement\":[{\"@type\":\"ListItem\",\"position\":1,\"item\":{\"@type\":\"WebPage\",\"@id\":\"http:\/\/knjiznice.nsk.hr\/orahovica\/\",\"url\":\"http:\/\/knjiznice.nsk.hr\/orahovica\/\",\"name\":\"Po\\u010detna stranica\"}},{\"@type\":\"ListItem\",\"position\":2,\"item\":{\"@type\":\"WebPage\",\"@id\":\"http:\/\/knjiznice.nsk.hr\/orahovica\/izvjesce-o-radu\/\",\"url\":\"http:\/\/knjiznice.nsk.hr\/orahovica\/izvjesce-o-radu\/\",\"name\":\"Izvje\\u0161taji o radu\"}},{\"@type\":\"ListItem\",\"position\":3,\"item\":{\"@type\":\"WebPage\",\"@id\":\"http:\/\/knjiznice.nsk.hr\/orahovica\/izvjesce-o-radu\/dokumenti\/\",\"url\":\"http:\/\/knjiznice.nsk.hr\/orahovica\/izvjesce-o-radu\/dokumenti\/\",\"name\":\"DOKUMENTI\"}},{\"@type\":\"ListItem\",\"position\":4,\"item\":{\"@id\":\"https:\/\/knjiznice.nsk.hr\/orahovica\/izvjesce-o-radu\/dokumenti\/financijski-izvjestaji\/#webpage\"}}]}]}<\/script>\n<!-- \/ Yoast SEO plugin. -->","_links":{"self":[{"href":"https:\/\/knjiznice.nsk.hr\/orahovica\/wp-json\/wp\/v2\/pages\/142"}],"collection":[{"href":"https:\/\/knjiznice.nsk.hr\/orahovica\/wp-json\/wp\/v2\/pages"}],"about":[{"href":"https:\/\/knjiznice.nsk.hr\/orahovica\/wp-json\/wp\/v2\/types\/page"}],"author":[{"embeddable":true,"href":"https:\/\/knjiznice.nsk.hr\/orahovica\/wp-json\/wp\/v2\/users\/187"}],"replies":[{"embeddable":true,"href":"https:\/\/knjiznice.nsk.hr\/orahovica\/wp-json\/wp\/v2\/comments?post=142"}],"version-history":[{"count":45,"href":"https:\/\/knjiznice.nsk.hr\/orahovica\/wp-json\/wp\/v2\/pages\/142\/revisions"}],"predecessor-version":[{"id":792,"href":"https:\/\/knjiznice.nsk.hr\/orahovica\/wp-json\/wp\/v2\/pages\/142\/revisions\/792"}],"up":[{"embeddable":true,"href":"https:\/\/knjiznice.nsk.hr\/orahovica\/wp-json\/wp\/v2\/pages\/31"}],"wp:attachment":[{"href":"https:\/\/knjiznice.nsk.hr\/orahovica\/wp-json\/wp\/v2\/media?parent=142"}],"curies":[{"name":"wp","href":"https:\/\/api.w.org\/{rel}","templated":true}]}}