{"id":969,"date":"2021-01-18T11:57:00","date_gmt":"2021-01-18T11:57:00","guid":{"rendered":"http:\/\/knjiznice.nsk.hr\/opuzen\/?page_id=969"},"modified":"2026-03-06T08:28:40","modified_gmt":"2026-03-06T08:28:40","slug":"zakoni-i-pravilnici","status":"publish","type":"page","link":"https:\/\/knjiznice.nsk.hr\/opuzen\/knjiznica\/zakoni-i-pravilnici\/","title":{"rendered":"Zakoni i pravilnici"},"content":{"rendered":"<p><strong>ZAKONI:<\/strong><\/p>\n<ul>\n<li><a href=\"https:\/\/narodne-novine.nn.hr\/clanci\/sluzbeni\/2019_02_17_356.html\" target=\"_blank\" rel=\"noopener noreferrer\" data-wahfont=\"16\">Zakon o knji\u017enicama&nbsp;<\/a><\/li>\n<li><a href=\"https:\/\/narodne-novine.nn.hr\/clanci\/sluzbeni\/2021_09_103_1834.html\" target=\"_blank\" rel=\"noopener noreferrer\" data-wahfont=\"16\">Standardi za narodne knji\u017enice u RH <\/a><\/li>\n<\/ul>\n<p><strong>PRAVILNICI:<\/strong><\/p>\n<ul>\n<li><a href=\"https:\/\/docs.google.com\/document\/d\/11cYbZ-mFtmILObsOjQTIrbku_9ae9xsi\/edit?usp=sharing&amp;ouid=108951662119148191184&amp;rtpof=true&amp;sd=true\">Pravilnik o prikupljanju, obradi, kori\u0161tenju i za\u0161titi osobnih podataka fizi\u010dkih osoba&nbsp;<\/a><\/li>\n<li><a href=\"https:\/\/drive.google.com\/open?id=1I7_KobDlRl7diFcriA7ExjsXlOujly3A\">Pravilnik o uvjetima i na\u010dinu kori\u0161tenja knji\u017eni\u010dne gra\u0111e<\/a><\/li>\n<li><a href=\"https:\/\/drive.google.com\/open?id=1Ztaqd0sVh-Xk20-HduZ-L4nojh8tX_yP\">Pravilnik o unutarnjem ustrojstvu i na\u010dinu rada&nbsp;<\/a><\/li>\n<li><a href=\"https:\/\/drive.google.com\/open?id=1jCL9o_Cfw-_LFByehTEMA6PLv9ZPHN2i\">Pravilnik o za\u0161titi od po\u017eara<\/a><\/li>\n<li><a href=\"https:\/\/drive.google.com\/file\/d\/1OxbR56pMBIC7h1qCzu8x4VSB4ze9ixNQ\/view?usp=sharing\">Pravilnik o provo\u0111enju postupka jednostavne nabave &#8211; izvan snage<\/a><\/li>\n<li><a href=\"https:\/\/drive.google.com\/file\/d\/1MJh6FDxxrzhC5l_kLbOwJ3p3R6xnyVb0\/view?usp=drive_link\">Pravilnik o provedbi postupaka nabave jednostavne vrijednosti<\/a><\/li>\n<li><a href=\"https:\/\/narodne-novine.nn.hr\/clanci\/sluzbeni\/2023_03_27_452.html\">Pravilnik o za\u0161titi, reviziji i otpisu knji\u017eni\u010dne gra\u0111e<\/a><\/li>\n<li><a href=\"https:\/\/narodne-novine.nn.hr\/clanci\/sluzbeni\/2021_10_107_1886.html\">Pravilnik o uvjetima i na\u010dinu stjecanja zvanja u knji\u017eni\u010darskoj struci<\/a><\/li>\n<li><a href=\"https:\/\/docs.google.com\/document\/d\/1-4NWetBCLK9JmoRicIloMDTzns_gS3_e\/edit?usp=sharing&amp;ouid=108117140501862494713&amp;rtpof=true&amp;sd=true\">Pravilnik o radu<\/a><\/li>\n<\/ul>\n<p><strong>SUKOB INTERESA<\/strong><\/p>\n<ul>\n<li><a href=\"https:\/\/drive.google.com\/file\/d\/15uEWgB03HnAKZCoDbEq-8x6zuWTpsyjq\/view?usp=drive_link\">Izjava o postojanju\/ne postojanju sukoba interesa<\/a><\/li>\n<li><a href=\"https:\/\/drive.google.com\/file\/d\/1yeagtWts35VjkZRPkFvyGgJjZR52M4of\/view?usp=drive_link\">Obavijest o spre\u010davanju sukoba interesa<\/a><\/li>\n<\/ul>\n","protected":false},"excerpt":{"rendered":"<p>ZAKONI: Zakon o knji\u017enicama&nbsp; Standardi za narodne knji\u017enice u RH PRAVILNICI: Pravilnik o prikupljanju, obradi, kori\u0161tenju i za\u0161titi osobnih podataka fizi\u010dkih osoba&nbsp; Pravilnik o uvjetima i na\u010dinu kori\u0161tenja knji\u017eni\u010dne gra\u0111e Pravilnik o unutarnjem ustrojstvu i na\u010dinu rada&nbsp; Pravilnik o za\u0161titi od po\u017eara Pravilnik o provo\u0111enju postupka jednostavne nabave &#8211; izvan snage Pravilnik o provedbi postupaka [&hellip;]<\/p>\n","protected":false},"author":49,"featured_media":0,"parent":108,"menu_order":0,"comment_status":"closed","ping_status":"closed","template":"","meta":{"ngg_post_thumbnail":0},"yoast_head":"<!-- This site is optimized with the Yoast SEO plugin v16.4 - https:\/\/yoast.com\/wordpress\/plugins\/seo\/ -->\n<meta name=\"robots\" content=\"index, follow, max-snippet:-1, max-image-preview:large, max-video-preview:-1\" \/>\n<link rel=\"canonical\" href=\"https:\/\/knjiznice.nsk.hr\/opuzen\/knjiznica\/zakoni-i-pravilnici\/\" \/>\n<meta property=\"og:locale\" content=\"hr_HR\" \/>\n<meta property=\"og:type\" content=\"article\" \/>\n<meta property=\"og:title\" content=\"Zakoni i pravilnici - Gradska knji\u017enica Opuzen\" \/>\n<meta property=\"og:description\" content=\"ZAKONI: Zakon o knji\u017enicama&nbsp; Standardi za narodne knji\u017enice u RH PRAVILNICI: Pravilnik o prikupljanju, obradi, kori\u0161tenju i za\u0161titi osobnih podataka fizi\u010dkih osoba&nbsp; Pravilnik o uvjetima i na\u010dinu kori\u0161tenja knji\u017eni\u010dne gra\u0111e Pravilnik o unutarnjem ustrojstvu i na\u010dinu rada&nbsp; Pravilnik o za\u0161titi od po\u017eara Pravilnik o provo\u0111enju postupka jednostavne nabave &#8211; izvan snage Pravilnik o provedbi postupaka [&hellip;]\" \/>\n<meta property=\"og:url\" content=\"https:\/\/knjiznice.nsk.hr\/opuzen\/knjiznica\/zakoni-i-pravilnici\/\" \/>\n<meta property=\"og:site_name\" content=\"Gradska knji\u017enica Opuzen\" \/>\n<meta property=\"article:modified_time\" content=\"2026-03-06T08:28:40+00:00\" \/>\n<meta name=\"twitter:label1\" content=\"Procijenjeno vrijeme \u010ditanja\" \/>\n\t<meta name=\"twitter:data1\" content=\"1 minuta\" \/>\n<script type=\"application\/ld+json\" class=\"yoast-schema-graph\">{\"@context\":\"https:\/\/schema.org\",\"@graph\":[{\"@type\":\"WebSite\",\"@id\":\"http:\/\/knjiznice.nsk.hr\/opuzen\/#website\",\"url\":\"http:\/\/knjiznice.nsk.hr\/opuzen\/\",\"name\":\"Gradska knji\\u017enica Opuzen\",\"description\":\"\\u201cA reader lives a thousand lives before he dies. The man who never reads lives only one.\\u201d\",\"potentialAction\":[{\"@type\":\"SearchAction\",\"target\":\"http:\/\/knjiznice.nsk.hr\/opuzen\/?s={search_term_string}\",\"query-input\":\"required name=search_term_string\"}],\"inLanguage\":\"hr\"},{\"@type\":\"WebPage\",\"@id\":\"https:\/\/knjiznice.nsk.hr\/opuzen\/knjiznica\/zakoni-i-pravilnici\/#webpage\",\"url\":\"https:\/\/knjiznice.nsk.hr\/opuzen\/knjiznica\/zakoni-i-pravilnici\/\",\"name\":\"Zakoni i pravilnici - Gradska knji\\u017enica Opuzen\",\"isPartOf\":{\"@id\":\"http:\/\/knjiznice.nsk.hr\/opuzen\/#website\"},\"datePublished\":\"2021-01-18T11:57:00+00:00\",\"dateModified\":\"2026-03-06T08:28:40+00:00\",\"breadcrumb\":{\"@id\":\"https:\/\/knjiznice.nsk.hr\/opuzen\/knjiznica\/zakoni-i-pravilnici\/#breadcrumb\"},\"inLanguage\":\"hr\",\"potentialAction\":[{\"@type\":\"ReadAction\",\"target\":[\"https:\/\/knjiznice.nsk.hr\/opuzen\/knjiznica\/zakoni-i-pravilnici\/\"]}]},{\"@type\":\"BreadcrumbList\",\"@id\":\"https:\/\/knjiznice.nsk.hr\/opuzen\/knjiznica\/zakoni-i-pravilnici\/#breadcrumb\",\"itemListElement\":[{\"@type\":\"ListItem\",\"position\":1,\"item\":{\"@type\":\"WebPage\",\"@id\":\"http:\/\/knjiznice.nsk.hr\/opuzen\/\",\"url\":\"http:\/\/knjiznice.nsk.hr\/opuzen\/\",\"name\":\"Po\\u010detna stranica\"}},{\"@type\":\"ListItem\",\"position\":2,\"item\":{\"@type\":\"WebPage\",\"@id\":\"http:\/\/knjiznice.nsk.hr\/opuzen\/knjiznica\/\",\"url\":\"http:\/\/knjiznice.nsk.hr\/opuzen\/knjiznica\/\",\"name\":\"DOKUMENTI\"}},{\"@type\":\"ListItem\",\"position\":3,\"item\":{\"@id\":\"https:\/\/knjiznice.nsk.hr\/opuzen\/knjiznica\/zakoni-i-pravilnici\/#webpage\"}}]}]}<\/script>\n<!-- \/ Yoast SEO plugin. -->","_links":{"self":[{"href":"https:\/\/knjiznice.nsk.hr\/opuzen\/wp-json\/wp\/v2\/pages\/969"}],"collection":[{"href":"https:\/\/knjiznice.nsk.hr\/opuzen\/wp-json\/wp\/v2\/pages"}],"about":[{"href":"https:\/\/knjiznice.nsk.hr\/opuzen\/wp-json\/wp\/v2\/types\/page"}],"author":[{"embeddable":true,"href":"https:\/\/knjiznice.nsk.hr\/opuzen\/wp-json\/wp\/v2\/users\/49"}],"replies":[{"embeddable":true,"href":"https:\/\/knjiznice.nsk.hr\/opuzen\/wp-json\/wp\/v2\/comments?post=969"}],"version-history":[{"count":25,"href":"https:\/\/knjiznice.nsk.hr\/opuzen\/wp-json\/wp\/v2\/pages\/969\/revisions"}],"predecessor-version":[{"id":2968,"href":"https:\/\/knjiznice.nsk.hr\/opuzen\/wp-json\/wp\/v2\/pages\/969\/revisions\/2968"}],"up":[{"embeddable":true,"href":"https:\/\/knjiznice.nsk.hr\/opuzen\/wp-json\/wp\/v2\/pages\/108"}],"wp:attachment":[{"href":"https:\/\/knjiznice.nsk.hr\/opuzen\/wp-json\/wp\/v2\/media?parent=969"}],"curies":[{"name":"wp","href":"https:\/\/api.w.org\/{rel}","templated":true}]}}