{"id":2644,"date":"2025-02-18T11:34:57","date_gmt":"2025-02-18T11:34:57","guid":{"rendered":"http:\/\/knjiznice.nsk.hr\/opuzen\/?page_id=2644"},"modified":"2026-04-20T11:54:38","modified_gmt":"2026-04-20T11:54:38","slug":"itransparentnost","status":"publish","type":"page","link":"https:\/\/knjiznice.nsk.hr\/opuzen\/itransparentnost\/","title":{"rendered":"iTransparentnost"},"content":{"rendered":"<p><a href=\"https:\/\/drive.google.com\/file\/d\/1UOX_P1l28Odm09EORFxQIdg5rceIs6eN\/view?usp=drive_link\">Pregled isplata za sije\u010danj 2025.<\/a><\/p>\n<p><a href=\"https:\/\/drive.google.com\/file\/d\/1nDn2OEcasHN3SEgc272Xxwa3qRyBbmEm\/view?usp=sharing\">Pregled isplata za velja\u010du 2025.<\/a><\/p>\n<p><a href=\"https:\/\/drive.google.com\/file\/d\/1jXFjp6XvpSw3FwUPwbldj9J5k7zmo-8-\/view?usp=sharing\">Pregled isplata za o\u017eujak 2025.<\/a><\/p>\n<p><a href=\"https:\/\/docs.google.com\/spreadsheets\/d\/1JfXTbIKvvUgdYnWXy_kX0svpE0xfYU67\/edit?usp=sharing&amp;ouid=108117140501862494713&amp;rtpof=true&amp;sd=true\">Pregled isplata za travanj 2025.<\/a><\/p>\n<p><a href=\"https:\/\/docs.google.com\/spreadsheets\/d\/1HNd_n96aRr-dz8nUoyiLVr6-I1sUx4LI\/edit?usp=sharing&amp;ouid=108117140501862494713&amp;rtpof=true&amp;sd=true\">Pregled isplata za svibanj 2025.<\/a><\/p>\n<p><a href=\"https:\/\/drive.google.com\/file\/d\/1MAF3pJm5xvWxeudjnVkW19UZYizNOtIw\/view?usp=sharing\">Pregled ispalata za lipanj 2025.<\/a><\/p>\n<p><a href=\"https:\/\/drive.google.com\/file\/d\/1-0NYW1BLE6LbvmZOjFwEGhJtvk9dsl8e\/view?usp=sharing\">Pregled isplata za srpanj 2025.<\/a><\/p>\n<p><a href=\"https:\/\/drive.google.com\/file\/d\/1_Xtc-K9K0GhTKXN7at2WLbUqCvjcuuI7\/view?usp=sharing\">Pregled isplata za kolovoz 2025.<\/a><\/p>\n<p><a href=\"https:\/\/drive.google.com\/file\/d\/1Q-cAbdqHaLo6qngEpS2RPFTFE9SuYft_\/view?usp=sharing\">Pregled isplata za rujan 2025.<\/a><\/p>\n<p><a href=\"https:\/\/drive.google.com\/file\/d\/1IYjlNI0BsxA8GkN5Zvi--lD4rQ8LvnE_\/view?usp=sharing\">Pregled isplata za listopad 2025.<\/a><\/p>\n<p><a href=\"https:\/\/drive.google.com\/file\/d\/1U4tm2IW1G-1Zun8ZfQUl3dhLDXZilIG1\/view?usp=sharing\">Pregled isplata za studeni 2025.<\/a><\/p>\n<p><a href=\"https:\/\/drive.google.com\/file\/d\/1yPx6MGusy-YvO5t5fZZTVJGOetypoA8y\/view?usp=drive_link\">Pregled isplata za prosinac 2025.<\/a><\/p>\n<p><a href=\"https:\/\/drive.google.com\/file\/d\/1VtQ8Q8h0uQdonTngLQNjpZP2RnQjg5Gq\/view?usp=sharing\">Pregled isplata za sije\u010danj 2026.<\/a><\/p>\n<p><a href=\"https:\/\/drive.google.com\/file\/d\/1K7TsAeHHYvhGBx3YSr7dvkvD2m60IkLR\/view?usp=sharing\">Pregled isplata za velja\u010du 2026.<\/a><\/p>\n<p><a href=\"https:\/\/drive.google.com\/file\/d\/1f65y2P1jmPzald1dZCQ3PtFF7KD7OsNa\/view?usp=drive_link\">Pregled isplata za o\u017eujak 2026.<\/a><\/p>\n","protected":false},"excerpt":{"rendered":"<p>Pregled isplata za sije\u010danj 2025. Pregled isplata za velja\u010du 2025. Pregled isplata za o\u017eujak 2025. Pregled isplata za travanj 2025. Pregled isplata za svibanj 2025. Pregled ispalata za lipanj 2025. Pregled isplata za srpanj 2025. Pregled isplata za kolovoz 2025. Pregled isplata za rujan 2025. Pregled isplata za listopad 2025. Pregled isplata za studeni 2025. [&hellip;]<\/p>\n","protected":false},"author":49,"featured_media":0,"parent":0,"menu_order":0,"comment_status":"closed","ping_status":"closed","template":"","meta":{"ngg_post_thumbnail":0},"yoast_head":"<!-- This site is optimized with the Yoast SEO plugin v16.4 - https:\/\/yoast.com\/wordpress\/plugins\/seo\/ -->\n<meta name=\"robots\" content=\"index, follow, max-snippet:-1, max-image-preview:large, max-video-preview:-1\" \/>\n<link rel=\"canonical\" href=\"https:\/\/knjiznice.nsk.hr\/opuzen\/itransparentnost\/\" \/>\n<meta property=\"og:locale\" content=\"hr_HR\" \/>\n<meta property=\"og:type\" content=\"article\" \/>\n<meta property=\"og:title\" content=\"iTransparentnost - Gradska knji\u017enica Opuzen\" \/>\n<meta property=\"og:description\" content=\"Pregled isplata za sije\u010danj 2025. Pregled isplata za velja\u010du 2025. Pregled isplata za o\u017eujak 2025. Pregled isplata za travanj 2025. Pregled isplata za svibanj 2025. Pregled ispalata za lipanj 2025. Pregled isplata za srpanj 2025. Pregled isplata za kolovoz 2025. Pregled isplata za rujan 2025. Pregled isplata za listopad 2025. Pregled isplata za studeni 2025. [&hellip;]\" \/>\n<meta property=\"og:url\" content=\"https:\/\/knjiznice.nsk.hr\/opuzen\/itransparentnost\/\" \/>\n<meta property=\"og:site_name\" content=\"Gradska knji\u017enica Opuzen\" \/>\n<meta property=\"article:modified_time\" content=\"2026-04-20T11:54:38+00:00\" \/>\n<meta name=\"twitter:label1\" content=\"Procijenjeno vrijeme \u010ditanja\" \/>\n\t<meta name=\"twitter:data1\" content=\"1 minuta\" \/>\n<script type=\"application\/ld+json\" class=\"yoast-schema-graph\">{\"@context\":\"https:\/\/schema.org\",\"@graph\":[{\"@type\":\"WebSite\",\"@id\":\"https:\/\/knjiznice.nsk.hr\/opuzen\/#website\",\"url\":\"https:\/\/knjiznice.nsk.hr\/opuzen\/\",\"name\":\"Gradska knji\\u017enica Opuzen\",\"description\":\"\\u201cA reader lives a thousand lives before he dies. The man who never reads lives only one.\\u201d\",\"potentialAction\":[{\"@type\":\"SearchAction\",\"target\":\"https:\/\/knjiznice.nsk.hr\/opuzen\/?s={search_term_string}\",\"query-input\":\"required name=search_term_string\"}],\"inLanguage\":\"hr\"},{\"@type\":\"WebPage\",\"@id\":\"https:\/\/knjiznice.nsk.hr\/opuzen\/itransparentnost\/#webpage\",\"url\":\"https:\/\/knjiznice.nsk.hr\/opuzen\/itransparentnost\/\",\"name\":\"iTransparentnost - Gradska knji\\u017enica Opuzen\",\"isPartOf\":{\"@id\":\"https:\/\/knjiznice.nsk.hr\/opuzen\/#website\"},\"datePublished\":\"2025-02-18T11:34:57+00:00\",\"dateModified\":\"2026-04-20T11:54:38+00:00\",\"breadcrumb\":{\"@id\":\"https:\/\/knjiznice.nsk.hr\/opuzen\/itransparentnost\/#breadcrumb\"},\"inLanguage\":\"hr\",\"potentialAction\":[{\"@type\":\"ReadAction\",\"target\":[\"https:\/\/knjiznice.nsk.hr\/opuzen\/itransparentnost\/\"]}]},{\"@type\":\"BreadcrumbList\",\"@id\":\"https:\/\/knjiznice.nsk.hr\/opuzen\/itransparentnost\/#breadcrumb\",\"itemListElement\":[{\"@type\":\"ListItem\",\"position\":1,\"item\":{\"@type\":\"WebPage\",\"@id\":\"https:\/\/knjiznice.nsk.hr\/opuzen\/\",\"url\":\"https:\/\/knjiznice.nsk.hr\/opuzen\/\",\"name\":\"Po\\u010detna stranica\"}},{\"@type\":\"ListItem\",\"position\":2,\"item\":{\"@id\":\"https:\/\/knjiznice.nsk.hr\/opuzen\/itransparentnost\/#webpage\"}}]}]}<\/script>\n<!-- \/ Yoast SEO plugin. -->","_links":{"self":[{"href":"https:\/\/knjiznice.nsk.hr\/opuzen\/wp-json\/wp\/v2\/pages\/2644"}],"collection":[{"href":"https:\/\/knjiznice.nsk.hr\/opuzen\/wp-json\/wp\/v2\/pages"}],"about":[{"href":"https:\/\/knjiznice.nsk.hr\/opuzen\/wp-json\/wp\/v2\/types\/page"}],"author":[{"embeddable":true,"href":"https:\/\/knjiznice.nsk.hr\/opuzen\/wp-json\/wp\/v2\/users\/49"}],"replies":[{"embeddable":true,"href":"https:\/\/knjiznice.nsk.hr\/opuzen\/wp-json\/wp\/v2\/comments?post=2644"}],"version-history":[{"count":19,"href":"https:\/\/knjiznice.nsk.hr\/opuzen\/wp-json\/wp\/v2\/pages\/2644\/revisions"}],"predecessor-version":[{"id":3029,"href":"https:\/\/knjiznice.nsk.hr\/opuzen\/wp-json\/wp\/v2\/pages\/2644\/revisions\/3029"}],"wp:attachment":[{"href":"https:\/\/knjiznice.nsk.hr\/opuzen\/wp-json\/wp\/v2\/media?parent=2644"}],"curies":[{"name":"wp","href":"https:\/\/api.w.org\/{rel}","templated":true}]}}