{"id":1298,"date":"2022-02-17T15:01:11","date_gmt":"2022-02-17T15:01:11","guid":{"rendered":"http:\/\/knjiznice.nsk.hr\/opuzen\/?page_id=1298"},"modified":"2026-01-21T09:58:47","modified_gmt":"2026-01-21T09:58:47","slug":"pravo-na-pristup-informacijama","status":"publish","type":"page","link":"https:\/\/knjiznice.nsk.hr\/opuzen\/pravo-na-pristup-informacijama\/","title":{"rendered":"Pravo na pristup informacijama"},"content":{"rendered":"<p>&nbsp;<\/p>\n<p><a href=\"https:\/\/narodne-novine.nn.hr\/clanci\/sluzbeni\/2013_02_25_403.html\" target=\"_blank\" rel=\"noopener noreferrer\" data-wahfont=\"16\">Zakon o pravu na pristup informacijama<\/a><\/p>\n<p><a href=\"https:\/\/docs.google.com\/document\/d\/11cYbZ-mFtmILObsOjQTIrbku_9ae9xsi\/edit?usp=sharing&amp;ouid=108951662119148191184&amp;rtpof=true&amp;sd=true\">Pravilnik o prikupljanju, obradi,&nbsp; kori\u0161tenju i za\u0161titi osobnih podataka fizi\u010dkih osoba<\/a><\/p>\n<p><a href=\"https:\/\/docs.google.com\/document\/d\/16smktT8hviDb7VmdY5QAaoXPt30DxznH\/edit?usp=share_link&amp;ouid=108951662119148191184&amp;rtpof=true&amp;sd=true\">Obrazac za pristup informacijama<\/a><\/p>\n<p><strong>Izvje\u0161\u0107a o provedbi Zakona o pravu na pristup informacijama:<\/strong><\/p>\n<ul>\n<li><a href=\"https:\/\/drive.google.com\/file\/d\/1luY2NameJN6dhPDhsW2I-aV4xayJo_oH\/view?usp=share_link\">Izvje\u0161\u0107e o provedbi Zakona o pravu na pristup informacijama za 2016. godinu<\/a><\/li>\n<li><a href=\"https:\/\/drive.google.com\/file\/d\/1-HkRWgKWvT1s4MM7kjPrX6QzrSUK8jJ5\/view?usp=share_link\">Izvje\u0161\u0107e o provedbi Zakona o pravu na pristup informacijama za 2017. godinu<\/a><\/li>\n<li><a href=\"https:\/\/drive.google.com\/file\/d\/1qffgSBrjxy0ZlYNuLLCDRW7mTOdeWUmL\/view?usp=share_link\">Izvje\u0161\u0107e o provedbi Zakona o pravu na pristup informacijama za 2018. godinu<\/a><\/li>\n<li><a href=\"https:\/\/drive.google.com\/file\/d\/1lr3icxyYNb93_bm_bNt851te-okaEjUA\/view?usp=share_link\">Izvje\u0161\u0107e o provedbi Zakona o pravu na pristup informacijama za 2019. godinu<\/a><\/li>\n<li><a href=\"https:\/\/drive.google.com\/file\/d\/1v4rPTbrw5VKTtKU7uhMlCMu9ZOPgcBtc\/view?usp=share_link\">Izvje\u0161\u0107e o provedbi Zakona o pravu na pristup informacijama za 2021. godinu<\/a><\/li>\n<li><a href=\"https:\/\/docs.google.com\/document\/d\/1LEOBkisYBqakrUKxlFsD4f4dVxLQlJv2q-VTjEv2r64\/edit?usp=sharing\">Izvje\u0161\u0107e o provedbi Zakona o pravu na pristup informacijama za 2022. godinu<\/a><\/li>\n<li><a href=\"https:\/\/drive.google.com\/file\/d\/1NyLAs5M5omsjhMZVyNOHmj2nIC1mOsFE\/view\">Izvje\u0161\u0107e o provedbi Zakona o pravu na pristup informacijama za 2023. godinu<\/a><\/li>\n<li><a href=\"https:\/\/drive.google.com\/file\/d\/108bkuneKZhMz8belAfr88XWP9HjrfQGB\/view?usp=drive_link\">Izvje\u0161\u0107e o provedbi Zakona o pravu na pristup informacijama za 2024.godinu<\/a><\/li>\n<li><a href=\"https:\/\/drive.google.com\/file\/d\/1GCUe-eC79n_6gtz-x0T5zrWoJUXNSl9M\/view?usp=sharing\">Izvje\u0161\u0107e o provedbi Zakona o pravu na pristup informacijama za 2025.godinu<\/a><\/li>\n<\/ul>\n<p>&nbsp;<\/p>\n<div id=\"elementor-tab-title-3081\" class=\"elementor-tab-title elementor-active\" role=\"tab\" data-tab=\"1\">Slu\u017ebenik za informiranje :<\/div>\n<div id=\"elementor-tab-content-3081\" class=\"elementor-tab-content elementor-clearfix elementor-active\" role=\"tabpanel\" data-tab=\"1\" aria-labelledby=\"elementor-tab-title-3081\">\n<p><strong>Karmela Popi\u0107 Ke\u0161ina,<\/strong><\/p>\n<p>Gradska knji\u017enica Opuzen<br \/>\nTrg opuzenske bojne 2, Opuzen<br \/>\nTel: 020\/672-352<\/p>\n<p><strong>e-mail: gkopuzen@gmail.com<\/strong><\/p>\n<\/div>\n","protected":false},"excerpt":{"rendered":"<p>&nbsp; Zakon o pravu na pristup informacijama Pravilnik o prikupljanju, obradi,&nbsp; kori\u0161tenju i za\u0161titi osobnih podataka fizi\u010dkih osoba Obrazac za pristup informacijama Izvje\u0161\u0107a o provedbi Zakona o pravu na pristup informacijama: Izvje\u0161\u0107e o provedbi Zakona o pravu na pristup informacijama za 2016. godinu Izvje\u0161\u0107e o provedbi Zakona o pravu na pristup informacijama za 2017. godinu [&hellip;]<\/p>\n","protected":false},"author":49,"featured_media":0,"parent":0,"menu_order":0,"comment_status":"closed","ping_status":"closed","template":"","meta":{"ngg_post_thumbnail":0},"yoast_head":"<!-- This site is optimized with the Yoast SEO plugin v16.4 - https:\/\/yoast.com\/wordpress\/plugins\/seo\/ -->\n<meta name=\"robots\" content=\"index, follow, max-snippet:-1, max-image-preview:large, max-video-preview:-1\" \/>\n<link rel=\"canonical\" href=\"http:\/\/knjiznice.nsk.hr\/opuzen\/pravo-na-pristup-informacijama\/\" \/>\n<meta property=\"og:locale\" content=\"hr_HR\" \/>\n<meta property=\"og:type\" content=\"article\" \/>\n<meta property=\"og:title\" content=\"Pravo na pristup informacijama - Gradska knji\u017enica Opuzen\" \/>\n<meta property=\"og:description\" content=\"&nbsp; Zakon o pravu na pristup informacijama Pravilnik o prikupljanju, obradi,&nbsp; kori\u0161tenju i za\u0161titi osobnih podataka fizi\u010dkih osoba Obrazac za pristup informacijama Izvje\u0161\u0107a o provedbi Zakona o pravu na pristup informacijama: Izvje\u0161\u0107e o provedbi Zakona o pravu na pristup informacijama za 2016. godinu Izvje\u0161\u0107e o provedbi Zakona o pravu na pristup informacijama za 2017. godinu [&hellip;]\" \/>\n<meta property=\"og:url\" content=\"http:\/\/knjiznice.nsk.hr\/opuzen\/pravo-na-pristup-informacijama\/\" \/>\n<meta property=\"og:site_name\" content=\"Gradska knji\u017enica Opuzen\" \/>\n<meta property=\"article:modified_time\" content=\"2026-01-21T09:58:47+00:00\" \/>\n<meta name=\"twitter:label1\" content=\"Procijenjeno vrijeme \u010ditanja\" \/>\n\t<meta name=\"twitter:data1\" content=\"1 minuta\" \/>\n<script type=\"application\/ld+json\" class=\"yoast-schema-graph\">{\"@context\":\"https:\/\/schema.org\",\"@graph\":[{\"@type\":\"WebSite\",\"@id\":\"http:\/\/knjiznice.nsk.hr\/opuzen\/#website\",\"url\":\"http:\/\/knjiznice.nsk.hr\/opuzen\/\",\"name\":\"Gradska knji\\u017enica Opuzen\",\"description\":\"\\u201cA reader lives a thousand lives before he dies. The man who never reads lives only one.\\u201d\",\"potentialAction\":[{\"@type\":\"SearchAction\",\"target\":\"http:\/\/knjiznice.nsk.hr\/opuzen\/?s={search_term_string}\",\"query-input\":\"required name=search_term_string\"}],\"inLanguage\":\"hr\"},{\"@type\":\"WebPage\",\"@id\":\"http:\/\/knjiznice.nsk.hr\/opuzen\/pravo-na-pristup-informacijama\/#webpage\",\"url\":\"http:\/\/knjiznice.nsk.hr\/opuzen\/pravo-na-pristup-informacijama\/\",\"name\":\"Pravo na pristup informacijama - Gradska knji\\u017enica Opuzen\",\"isPartOf\":{\"@id\":\"http:\/\/knjiznice.nsk.hr\/opuzen\/#website\"},\"datePublished\":\"2022-02-17T15:01:11+00:00\",\"dateModified\":\"2026-01-21T09:58:47+00:00\",\"breadcrumb\":{\"@id\":\"http:\/\/knjiznice.nsk.hr\/opuzen\/pravo-na-pristup-informacijama\/#breadcrumb\"},\"inLanguage\":\"hr\",\"potentialAction\":[{\"@type\":\"ReadAction\",\"target\":[\"http:\/\/knjiznice.nsk.hr\/opuzen\/pravo-na-pristup-informacijama\/\"]}]},{\"@type\":\"BreadcrumbList\",\"@id\":\"http:\/\/knjiznice.nsk.hr\/opuzen\/pravo-na-pristup-informacijama\/#breadcrumb\",\"itemListElement\":[{\"@type\":\"ListItem\",\"position\":1,\"item\":{\"@type\":\"WebPage\",\"@id\":\"http:\/\/knjiznice.nsk.hr\/opuzen\/\",\"url\":\"http:\/\/knjiznice.nsk.hr\/opuzen\/\",\"name\":\"Po\\u010detna stranica\"}},{\"@type\":\"ListItem\",\"position\":2,\"item\":{\"@id\":\"http:\/\/knjiznice.nsk.hr\/opuzen\/pravo-na-pristup-informacijama\/#webpage\"}}]}]}<\/script>\n<!-- \/ Yoast SEO plugin. -->","_links":{"self":[{"href":"https:\/\/knjiznice.nsk.hr\/opuzen\/wp-json\/wp\/v2\/pages\/1298"}],"collection":[{"href":"https:\/\/knjiznice.nsk.hr\/opuzen\/wp-json\/wp\/v2\/pages"}],"about":[{"href":"https:\/\/knjiznice.nsk.hr\/opuzen\/wp-json\/wp\/v2\/types\/page"}],"author":[{"embeddable":true,"href":"https:\/\/knjiznice.nsk.hr\/opuzen\/wp-json\/wp\/v2\/users\/49"}],"replies":[{"embeddable":true,"href":"https:\/\/knjiznice.nsk.hr\/opuzen\/wp-json\/wp\/v2\/comments?post=1298"}],"version-history":[{"count":18,"href":"https:\/\/knjiznice.nsk.hr\/opuzen\/wp-json\/wp\/v2\/pages\/1298\/revisions"}],"predecessor-version":[{"id":2952,"href":"https:\/\/knjiznice.nsk.hr\/opuzen\/wp-json\/wp\/v2\/pages\/1298\/revisions\/2952"}],"wp:attachment":[{"href":"https:\/\/knjiznice.nsk.hr\/opuzen\/wp-json\/wp\/v2\/media?parent=1298"}],"curies":[{"name":"wp","href":"https:\/\/api.w.org\/{rel}","templated":true}]}}