{"id":1272,"date":"2022-02-03T17:03:06","date_gmt":"2022-02-03T17:03:06","guid":{"rendered":"http:\/\/knjiznice.nsk.hr\/opuzen\/?page_id=1272"},"modified":"2026-02-04T10:39:53","modified_gmt":"2026-02-04T10:39:53","slug":"planovi-i-izvjesca","status":"publish","type":"page","link":"https:\/\/knjiznice.nsk.hr\/opuzen\/planovi-i-izvjesca\/","title":{"rendered":"Planovi i izvje\u0161\u0107a"},"content":{"rendered":"<p><strong>FINANCIJSKI PLANOVI:<\/strong><\/p>\n<ul>\n<li><a href=\"https:\/\/drive.google.com\/file\/d\/1xRNYAL25HcI6eUB8oLWeLA38gXyYRCns\/view?usp=sharing\">FINANCIJSKI PLAN 2019.<\/a><\/li>\n<li><a href=\"https:\/\/drive.google.com\/file\/d\/114PQX5RrHwnNAo8KeNR1SXJlkzApZDPY\/view?usp=sharing\">FINANCIJSKI PLAN 2020.<\/a><\/li>\n<li><a href=\"https:\/\/drive.google.com\/file\/d\/18QaONdRn_cR6whxX4EzmXu116yE_zUjY\/view?usp=sharing\">FINANCIJSKI PLAN 2021.<\/a><\/li>\n<li><a href=\"https:\/\/drive.google.com\/file\/d\/163SuxNgYB-ewgl8WYxSILLyaawoHknHE\/view?usp=sharing\">FINANCIJSKI PLAN 2022.<\/a><\/li>\n<li><a href=\"https:\/\/drive.google.com\/file\/d\/1ydJE8TtNQINnonSHEd5eqJDOKjWsEZkj\/view?usp=share_link\">FINANCIJSKI PLAN 2023.<\/a><\/li>\n<li><a href=\"https:\/\/drive.google.com\/file\/d\/1TiTNQfVCq4tp-VdbSbsYFCiE7eXJ_txQ\/view?usp=sharing\">FINANCIJSKI PLAN 2024.<\/a><\/li>\n<li><a href=\"https:\/\/drive.google.com\/file\/d\/1bkG3yCzquvPu8kQ_I3ZJYn6LxuhwgDSo\/view?usp=sharing\">FINANCIJSKI PLAN 2025.<\/a><\/li>\n<li><a href=\"https:\/\/drive.google.com\/file\/d\/1jzUW8NTUeTezuBrnQBNpl5-w2bxsOZlp\/view?usp=sharing\">FINANCIJSKI PLAN 2026.<\/a><\/li>\n<\/ul>\n<p><strong>PLANOVI NABAVE:<\/strong><\/p>\n<ul>\n<li><a href=\"https:\/\/drive.google.com\/file\/d\/1y0movoTH9yqn8GTX8Fo5-8r163LGhlUJ\/view?usp=sharing\">PLAN NABAVE 2019.<\/a><\/li>\n<li><a href=\"https:\/\/drive.google.com\/file\/d\/1y0movoTH9yqn8GTX8Fo5-8r163LGhlUJ\/view?usp=sharing\">PLAN NABAVE 2020.<\/a><\/li>\n<li><a href=\"https:\/\/drive.google.com\/file\/d\/1wM8yDqrG6K7ZoBh4FgY-YrtFpSsa9_ZZ\/view?usp=sharing\">PLAN NABAVE 2021.<\/a><\/li>\n<li><a href=\"https:\/\/drive.google.com\/file\/d\/1gLtACTe4QZEhCIsvyp1OaLyxngjpt4yJ\/view?usp=sharing\">PLAN NABAVE 2022.<\/a><\/li>\n<li><a href=\"https:\/\/drive.google.com\/file\/d\/12b-Dlt1RzvlE9ONw0FVakRtrtgE3FH_F\/view?usp=share_link\">PLAN NABAVE 2023.<\/a><\/li>\n<li><a href=\"https:\/\/drive.google.com\/file\/d\/1vjuEixJQbUkmO_7ULTJIo5J8p2A6T8Ge\/view?usp=drive_link\">PLAN NABAVE 2024.<\/a><\/li>\n<li><a href=\"https:\/\/drive.google.com\/file\/d\/173tLYd_DkyzZeY9vYIEbWM5jJacc9WGW\/view?usp=sharing\">PLAN NABAVE 2025.<\/a><\/li>\n<li><a href=\"https:\/\/drive.google.com\/file\/d\/1D_3UR9aoKroPTg4R811ezD8FtZdvZUfh\/view?usp=sharing\">PLAN NABAVE 2026.<\/a><\/li>\n<\/ul>\n<p><strong>PLANOVI RADA:<\/strong><\/p>\n<ul>\n<li><a href=\"https:\/\/docs.google.com\/document\/d\/1HBmHBSJVJiUt7uRjWvxaaikYfl46rSrp\/edit?usp=sharing&amp;ouid=108951662119148191184&amp;rtpof=true&amp;sd=true\">PLAN RADA 2019.<\/a><\/li>\n<li><a href=\"https:\/\/docs.google.com\/document\/d\/1BDXzVsPqNCL19v3FVcvfLMVvgPMSWao7\/edit?usp=sharing&amp;ouid=108951662119148191184&amp;rtpof=true&amp;sd=true\">PLAN RADA 2020.<\/a><\/li>\n<li><a href=\"https:\/\/docs.google.com\/document\/d\/1xF2nmT3vQgXlBi8Dw1TipD2jCmZWCvti\/edit?usp=sharing&amp;ouid=108951662119148191184&amp;rtpof=true&amp;sd=true\">PLAN RADA 2021.<\/a><\/li>\n<li><a href=\"https:\/\/docs.google.com\/document\/d\/103JlFlp-ROGeWKI1Qoth2tg7KFh0VDRr\/edit?usp=sharing&amp;ouid=108951662119148191184&amp;rtpof=true&amp;sd=true\">PLAN RADA 2022.<\/a><\/li>\n<li><a href=\"https:\/\/drive.google.com\/file\/d\/159_Bapkek0KWRSV0uOZhBvn264a0mbM6\/view?usp=share_link\">PLAN RADA 2023.&nbsp;<\/a><\/li>\n<li><a href=\"https:\/\/drive.google.com\/file\/d\/1nsZ72sH0JoDWKDYfH4EWoA7IXmPNuUQb\/view?usp=sharing\">PLAN RADA 2024.<\/a><\/li>\n<li><a href=\"https:\/\/drive.google.com\/file\/d\/1vssJrWm2D_5HfwEEXlUf9nwSyW2YDjU-\/view?usp=drive_link\">PLAN RADA 2025.<\/a><\/li>\n<li><a href=\"https:\/\/drive.google.com\/file\/d\/1ef8d7phw9Gcjx_8kLSoPJ_W_9cjbNH1R\/view?usp=sharing\">PLAN RADA 2026.<\/a><\/li>\n<\/ul>\n<p><strong>FINANCIJSKA IZVJE\u0160\u0106A:<\/strong><\/p>\n<ul>\n<li><a href=\"https:\/\/docs.google.com\/spreadsheets\/d\/1a7kH-MIYxyjpjkq2jW2p9rrktVgn3LPN\/edit?usp=share_link&amp;ouid=108951662119148191184&amp;rtpof=true&amp;sd=true\">FINANCIJSKO IZVJE\u0160\u0106E 2019.<\/a><\/li>\n<li><a href=\"https:\/\/docs.google.com\/spreadsheets\/d\/1blKeS4Vwuay4uaNCZXM0bj9WbvYakiqp\/edit?usp=sharing&amp;ouid=108951662119148191184&amp;rtpof=true&amp;sd=true\">FINANCIJSKO IZVJE\u0160\u0106E 2020.<\/a><\/li>\n<li><a href=\"https:\/\/docs.google.com\/spreadsheets\/d\/16davrPs3BQNyhFRI37JMSN-FHtgxwfkO\/edit?usp=sharing&amp;ouid=108951662119148191184&amp;rtpof=true&amp;sd=true\">FINANCIJSKO IZVJE\u0160\u0106E 2021.<\/a><\/li>\n<li><a href=\"https:\/\/docs.google.com\/spreadsheets\/d\/1gGDhmD43fa9rInWjVnUS7NBQUhxp4Uii\/edit?usp=share_link&amp;ouid=108951662119148191184&amp;rtpof=true&amp;sd=true\">FINANCIJSKO IZVJE\u0160\u0106E 2022.<\/a><\/li>\n<li><a href=\"https:\/\/docs.google.com\/spreadsheets\/d\/1ar5FwPzwu_arM9jZZvNEQwCp_KNT-FeO\/edit?usp=sharing&amp;ouid=108117140501862494713&amp;rtpof=true&amp;sd=true\">FINANCIJSKO IZVJE\u0160\u0106E 2023.<\/a><\/li>\n<li><a href=\"https:\/\/docs.google.com\/spreadsheets\/d\/1DJ_1k-eCIva_6Qcor4CCK-3WXM_Ja-m7\/edit?usp=sharing&amp;ouid=108117140501862494713&amp;rtpof=true&amp;sd=true\">FINANCIJSKO IZVJE\u0160\u0106E 2024.<\/a><\/li>\n<\/ul>\n<p><strong>IZVJE\u0160\u0106A O RADU:<\/strong><\/p>\n<ul>\n<li><a href=\"https:\/\/drive.google.com\/file\/d\/14R7i1dRz1_ds7T61hOKRRtNdQXs60YgC\/view?usp=sharing\">IZVJE\u0160\u0106E O RADU 2019.<\/a><\/li>\n<li><a href=\"https:\/\/drive.google.com\/file\/d\/1-JBPzezyVXIgbjH8ouJ4syyojVsXH1LS\/view?usp=sharing\">IZVJE\u0160\u0106E O RADU 2020.<\/a><\/li>\n<li><a href=\"https:\/\/drive.google.com\/file\/d\/1WTHyzoiOI0CGCxd7W11ptyXdmekhH13E\/view?usp=sharing\">IZVJE\u0160\u0106E O RADU 2021.<\/a><\/li>\n<li><a href=\"https:\/\/drive.google.com\/file\/d\/1-XIdfr1mmZ36agGovDZ4BjV40DKGvI3v\/view?usp=sharing\">IZVJE\u0160\u0106E O RADU 2022.<\/a><\/li>\n<li><a href=\"https:\/\/drive.google.com\/file\/d\/1L4dIuMyKsLGnUWAzf0GZqbMIgMsMpPnz\/view?usp=sharing\">IZVJE\u0160\u0106E O RADU 2023.<\/a><\/li>\n<li><a href=\"https:\/\/drive.google.com\/file\/d\/1-XIdfr1mmZ36agGovDZ4BjV40DKGvI3v\/view?usp=sharing\">IZVJE\u0160\u0106E O RADU 2024.<\/a><\/li>\n<\/ul>\n<p>&nbsp;<\/p>\n<p>&nbsp;<\/p>\n","protected":false},"excerpt":{"rendered":"<p>FINANCIJSKI PLANOVI: FINANCIJSKI PLAN 2019. FINANCIJSKI PLAN 2020. FINANCIJSKI PLAN 2021. FINANCIJSKI PLAN 2022. FINANCIJSKI PLAN 2023. FINANCIJSKI PLAN 2024. FINANCIJSKI PLAN 2025. FINANCIJSKI PLAN 2026. PLANOVI NABAVE: PLAN NABAVE 2019. PLAN NABAVE 2020. PLAN NABAVE 2021. PLAN NABAVE 2022. PLAN NABAVE 2023. PLAN NABAVE 2024. PLAN NABAVE 2025. PLAN NABAVE 2026. PLANOVI RADA: PLAN [&hellip;]<\/p>\n","protected":false},"author":49,"featured_media":0,"parent":0,"menu_order":0,"comment_status":"closed","ping_status":"closed","template":"","meta":{"ngg_post_thumbnail":0},"yoast_head":"<!-- This site is optimized with the Yoast SEO plugin v16.4 - https:\/\/yoast.com\/wordpress\/plugins\/seo\/ -->\n<meta name=\"robots\" content=\"index, follow, max-snippet:-1, max-image-preview:large, max-video-preview:-1\" \/>\n<link rel=\"canonical\" href=\"https:\/\/knjiznice.nsk.hr\/opuzen\/planovi-i-izvjesca\/\" \/>\n<meta property=\"og:locale\" content=\"hr_HR\" \/>\n<meta property=\"og:type\" content=\"article\" \/>\n<meta property=\"og:title\" content=\"Planovi i izvje\u0161\u0107a - Gradska knji\u017enica Opuzen\" \/>\n<meta property=\"og:description\" content=\"FINANCIJSKI PLANOVI: FINANCIJSKI PLAN 2019. FINANCIJSKI PLAN 2020. FINANCIJSKI PLAN 2021. FINANCIJSKI PLAN 2022. FINANCIJSKI PLAN 2023. FINANCIJSKI PLAN 2024. FINANCIJSKI PLAN 2025. FINANCIJSKI PLAN 2026. PLANOVI NABAVE: PLAN NABAVE 2019. PLAN NABAVE 2020. PLAN NABAVE 2021. PLAN NABAVE 2022. PLAN NABAVE 2023. PLAN NABAVE 2024. PLAN NABAVE 2025. PLAN NABAVE 2026. PLANOVI RADA: PLAN [&hellip;]\" \/>\n<meta property=\"og:url\" content=\"https:\/\/knjiznice.nsk.hr\/opuzen\/planovi-i-izvjesca\/\" \/>\n<meta property=\"og:site_name\" content=\"Gradska knji\u017enica Opuzen\" \/>\n<meta property=\"article:modified_time\" content=\"2026-02-04T10:39:53+00:00\" \/>\n<meta name=\"twitter:label1\" content=\"Procijenjeno vrijeme \u010ditanja\" \/>\n\t<meta name=\"twitter:data1\" content=\"1 minuta\" \/>\n<script type=\"application\/ld+json\" class=\"yoast-schema-graph\">{\"@context\":\"https:\/\/schema.org\",\"@graph\":[{\"@type\":\"WebSite\",\"@id\":\"http:\/\/knjiznice.nsk.hr\/opuzen\/#website\",\"url\":\"http:\/\/knjiznice.nsk.hr\/opuzen\/\",\"name\":\"Gradska knji\\u017enica Opuzen\",\"description\":\"\\u201cA reader lives a thousand lives before he dies. The man who never reads lives only one.\\u201d\",\"potentialAction\":[{\"@type\":\"SearchAction\",\"target\":\"http:\/\/knjiznice.nsk.hr\/opuzen\/?s={search_term_string}\",\"query-input\":\"required name=search_term_string\"}],\"inLanguage\":\"hr\"},{\"@type\":\"WebPage\",\"@id\":\"https:\/\/knjiznice.nsk.hr\/opuzen\/planovi-i-izvjesca\/#webpage\",\"url\":\"https:\/\/knjiznice.nsk.hr\/opuzen\/planovi-i-izvjesca\/\",\"name\":\"Planovi i izvje\\u0161\\u0107a - Gradska knji\\u017enica Opuzen\",\"isPartOf\":{\"@id\":\"http:\/\/knjiznice.nsk.hr\/opuzen\/#website\"},\"datePublished\":\"2022-02-03T17:03:06+00:00\",\"dateModified\":\"2026-02-04T10:39:53+00:00\",\"breadcrumb\":{\"@id\":\"https:\/\/knjiznice.nsk.hr\/opuzen\/planovi-i-izvjesca\/#breadcrumb\"},\"inLanguage\":\"hr\",\"potentialAction\":[{\"@type\":\"ReadAction\",\"target\":[\"https:\/\/knjiznice.nsk.hr\/opuzen\/planovi-i-izvjesca\/\"]}]},{\"@type\":\"BreadcrumbList\",\"@id\":\"https:\/\/knjiznice.nsk.hr\/opuzen\/planovi-i-izvjesca\/#breadcrumb\",\"itemListElement\":[{\"@type\":\"ListItem\",\"position\":1,\"item\":{\"@type\":\"WebPage\",\"@id\":\"http:\/\/knjiznice.nsk.hr\/opuzen\/\",\"url\":\"http:\/\/knjiznice.nsk.hr\/opuzen\/\",\"name\":\"Po\\u010detna stranica\"}},{\"@type\":\"ListItem\",\"position\":2,\"item\":{\"@id\":\"https:\/\/knjiznice.nsk.hr\/opuzen\/planovi-i-izvjesca\/#webpage\"}}]}]}<\/script>\n<!-- \/ Yoast SEO plugin. -->","_links":{"self":[{"href":"https:\/\/knjiznice.nsk.hr\/opuzen\/wp-json\/wp\/v2\/pages\/1272"}],"collection":[{"href":"https:\/\/knjiznice.nsk.hr\/opuzen\/wp-json\/wp\/v2\/pages"}],"about":[{"href":"https:\/\/knjiznice.nsk.hr\/opuzen\/wp-json\/wp\/v2\/types\/page"}],"author":[{"embeddable":true,"href":"https:\/\/knjiznice.nsk.hr\/opuzen\/wp-json\/wp\/v2\/users\/49"}],"replies":[{"embeddable":true,"href":"https:\/\/knjiznice.nsk.hr\/opuzen\/wp-json\/wp\/v2\/comments?post=1272"}],"version-history":[{"count":35,"href":"https:\/\/knjiznice.nsk.hr\/opuzen\/wp-json\/wp\/v2\/pages\/1272\/revisions"}],"predecessor-version":[{"id":2960,"href":"https:\/\/knjiznice.nsk.hr\/opuzen\/wp-json\/wp\/v2\/pages\/1272\/revisions\/2960"}],"wp:attachment":[{"href":"https:\/\/knjiznice.nsk.hr\/opuzen\/wp-json\/wp\/v2\/media?parent=1272"}],"curies":[{"name":"wp","href":"https:\/\/api.w.org\/{rel}","templated":true}]}}