{"id":123,"date":"2017-03-03T18:13:27","date_gmt":"2017-03-03T18:13:27","guid":{"rendered":"http:\/\/knjiznice.nsk.hr\/opuzen\/?page_id=123"},"modified":"2023-01-27T08:03:05","modified_gmt":"2023-01-27T08:03:05","slug":"cjenik","status":"publish","type":"page","link":"https:\/\/knjiznice.nsk.hr\/opuzen\/cjenik\/","title":{"rendered":"Cjenik"},"content":{"rendered":"<p><strong>Godi\u0161nja \u010dlanarina:<\/strong><\/p>\n<p>vrti\u0107ani &#8211; besplatna \u010dlanarina<\/p>\n<p>u\u010denici osnovne i srednje \u0161kole, studenti &#8211; 5,00 EUR \/ 37,69 kn<\/p>\n<p>odrasli &#8211; 10,00 EUR \/ 75,37 kn<\/p>\n<p>umirovljenici &#8211; besplatna \u010dlanarina<\/p>\n<p>turisti\u010dka iskaznica u trajanju od 3 mjeseca &#8211; 5,00 EUR \/ 37,69 kn<\/p>\n<p><strong>Zakasnine:<\/strong><\/p>\n<p>Zakasnina iznosi 0,10 EUR \/ 0.75 kn po danu i po knjizi<\/p>\n<p>&nbsp;<\/p>\n<p><strong>Napomena<\/strong>: Godi\u0161nja \u010dlanarina traje punu godinu, od dana upisa (npr. 14.06.2022. &#8211; 14.06.2023.)<\/p>\n","protected":false},"excerpt":{"rendered":"<p>Godi\u0161nja \u010dlanarina: vrti\u0107ani &#8211; besplatna \u010dlanarina u\u010denici osnovne i srednje \u0161kole, studenti &#8211; 5,00 EUR \/ 37,69 kn odrasli &#8211; 10,00 EUR \/ 75,37 kn umirovljenici &#8211; besplatna \u010dlanarina turisti\u010dka iskaznica u trajanju od 3 mjeseca &#8211; 5,00 EUR \/ 37,69 kn Zakasnine: Zakasnina iznosi 0,10 EUR \/ 0.75 kn po danu i po knjizi [&hellip;]<\/p>\n","protected":false},"author":49,"featured_media":0,"parent":0,"menu_order":0,"comment_status":"closed","ping_status":"closed","template":"","meta":{"ngg_post_thumbnail":0},"yoast_head":"<!-- This site is optimized with the Yoast SEO plugin v16.4 - https:\/\/yoast.com\/wordpress\/plugins\/seo\/ -->\n<meta name=\"robots\" content=\"index, follow, max-snippet:-1, max-image-preview:large, max-video-preview:-1\" \/>\n<link rel=\"canonical\" href=\"http:\/\/knjiznice.nsk.hr\/opuzen\/cjenik\/\" \/>\n<meta property=\"og:locale\" content=\"hr_HR\" \/>\n<meta property=\"og:type\" content=\"article\" \/>\n<meta property=\"og:title\" content=\"Cjenik - Gradska knji\u017enica Opuzen\" \/>\n<meta property=\"og:description\" content=\"Godi\u0161nja \u010dlanarina: vrti\u0107ani &#8211; besplatna \u010dlanarina u\u010denici osnovne i srednje \u0161kole, studenti &#8211; 5,00 EUR \/ 37,69 kn odrasli &#8211; 10,00 EUR \/ 75,37 kn umirovljenici &#8211; besplatna \u010dlanarina turisti\u010dka iskaznica u trajanju od 3 mjeseca &#8211; 5,00 EUR \/ 37,69 kn Zakasnine: Zakasnina iznosi 0,10 EUR \/ 0.75 kn po danu i po knjizi [&hellip;]\" \/>\n<meta property=\"og:url\" content=\"http:\/\/knjiznice.nsk.hr\/opuzen\/cjenik\/\" \/>\n<meta property=\"og:site_name\" content=\"Gradska knji\u017enica Opuzen\" \/>\n<meta property=\"article:modified_time\" content=\"2023-01-27T08:03:05+00:00\" \/>\n<meta name=\"twitter:label1\" content=\"Procijenjeno vrijeme \u010ditanja\" \/>\n\t<meta name=\"twitter:data1\" content=\"1 minuta\" \/>\n<script type=\"application\/ld+json\" class=\"yoast-schema-graph\">{\"@context\":\"https:\/\/schema.org\",\"@graph\":[{\"@type\":\"WebSite\",\"@id\":\"http:\/\/knjiznice.nsk.hr\/opuzen\/#website\",\"url\":\"http:\/\/knjiznice.nsk.hr\/opuzen\/\",\"name\":\"Gradska knji\\u017enica Opuzen\",\"description\":\"\\u201cA reader lives a thousand lives before he dies. The man who never reads lives only one.\\u201d\",\"potentialAction\":[{\"@type\":\"SearchAction\",\"target\":\"http:\/\/knjiznice.nsk.hr\/opuzen\/?s={search_term_string}\",\"query-input\":\"required name=search_term_string\"}],\"inLanguage\":\"hr\"},{\"@type\":\"WebPage\",\"@id\":\"http:\/\/knjiznice.nsk.hr\/opuzen\/cjenik\/#webpage\",\"url\":\"http:\/\/knjiznice.nsk.hr\/opuzen\/cjenik\/\",\"name\":\"Cjenik - Gradska knji\\u017enica Opuzen\",\"isPartOf\":{\"@id\":\"http:\/\/knjiznice.nsk.hr\/opuzen\/#website\"},\"datePublished\":\"2017-03-03T18:13:27+00:00\",\"dateModified\":\"2023-01-27T08:03:05+00:00\",\"breadcrumb\":{\"@id\":\"http:\/\/knjiznice.nsk.hr\/opuzen\/cjenik\/#breadcrumb\"},\"inLanguage\":\"hr\",\"potentialAction\":[{\"@type\":\"ReadAction\",\"target\":[\"http:\/\/knjiznice.nsk.hr\/opuzen\/cjenik\/\"]}]},{\"@type\":\"BreadcrumbList\",\"@id\":\"http:\/\/knjiznice.nsk.hr\/opuzen\/cjenik\/#breadcrumb\",\"itemListElement\":[{\"@type\":\"ListItem\",\"position\":1,\"item\":{\"@type\":\"WebPage\",\"@id\":\"http:\/\/knjiznice.nsk.hr\/opuzen\/\",\"url\":\"http:\/\/knjiznice.nsk.hr\/opuzen\/\",\"name\":\"Po\\u010detna stranica\"}},{\"@type\":\"ListItem\",\"position\":2,\"item\":{\"@id\":\"http:\/\/knjiznice.nsk.hr\/opuzen\/cjenik\/#webpage\"}}]}]}<\/script>\n<!-- \/ Yoast SEO plugin. -->","_links":{"self":[{"href":"https:\/\/knjiznice.nsk.hr\/opuzen\/wp-json\/wp\/v2\/pages\/123"}],"collection":[{"href":"https:\/\/knjiznice.nsk.hr\/opuzen\/wp-json\/wp\/v2\/pages"}],"about":[{"href":"https:\/\/knjiznice.nsk.hr\/opuzen\/wp-json\/wp\/v2\/types\/page"}],"author":[{"embeddable":true,"href":"https:\/\/knjiznice.nsk.hr\/opuzen\/wp-json\/wp\/v2\/users\/49"}],"replies":[{"embeddable":true,"href":"https:\/\/knjiznice.nsk.hr\/opuzen\/wp-json\/wp\/v2\/comments?post=123"}],"version-history":[{"count":8,"href":"https:\/\/knjiznice.nsk.hr\/opuzen\/wp-json\/wp\/v2\/pages\/123\/revisions"}],"predecessor-version":[{"id":1650,"href":"https:\/\/knjiznice.nsk.hr\/opuzen\/wp-json\/wp\/v2\/pages\/123\/revisions\/1650"}],"wp:attachment":[{"href":"https:\/\/knjiznice.nsk.hr\/opuzen\/wp-json\/wp\/v2\/media?parent=123"}],"curies":[{"name":"wp","href":"https:\/\/api.w.org\/{rel}","templated":true}]}}