{"id":573,"date":"2025-01-16T15:37:55","date_gmt":"2025-01-16T15:37:55","guid":{"rendered":"http:\/\/knjiznice.nsk.hr\/nustar\/?page_id=573"},"modified":"2025-02-24T06:42:45","modified_gmt":"2025-02-24T06:42:45","slug":"dokumenti","status":"publish","type":"page","link":"https:\/\/knjiznice.nsk.hr\/nustar\/dokumenti\/","title":{"rendered":"Dokumenti"},"content":{"rendered":"<p><a href=\"http:\/\/knjiznice.nsk.hr\/nustar\/wp-content\/uploads\/sites\/84\/2025\/02\/izvjesce-za-2024..docx\">izvje\u0161\u0107e za 2024.<\/a><\/p>\n<p><a href=\"http:\/\/knjiznice.nsk.hr\/nustar\/wp-content\/uploads\/sites\/84\/2025\/01\/novi-cjenik-knjiznice.docx\">novi cjenik knjiznice<\/a><\/p>\n<p><a href=\"http:\/\/knjiznice.nsk.hr\/nustar\/wp-content\/uploads\/sites\/84\/2025\/01\/pravilnik-za-provedbu-postupka-jednostavne-nabave-nustar-1.docx\">pravilnik za provedbu postupka jednostavne nabave nu\u0161tar<\/a><\/p>\n<p><a href=\"http:\/\/knjiznice.nsk.hr\/nustar\/wp-content\/uploads\/sites\/84\/2025\/01\/pravilnik-o-pruzanju-usluga.docx\">pravilnik o pruzanju usluga<\/a><\/p>\n<p><a href=\"http:\/\/knjiznice.nsk.hr\/nustar\/wp-content\/uploads\/sites\/84\/2025\/01\/PRAVILNIK-O-ZASTITI-OSOBNIH-PODATAKA-NARODNE-KNJIZNICE-I-CITAONICE-SV.docx\">PRAVILNIK O ZA\u0160TITI OSOBNIH PODATAKA NARODNE KNJI\u017dNICE I \u010cITAONICE SV<\/a><\/p>\n<p><a href=\"http:\/\/knjiznice.nsk.hr\/nustar\/wp-content\/uploads\/sites\/84\/2025\/01\/PLAN-NABAVE-ZA-2025.docx\">PLAN NABAVE ZA 2025<\/a><\/p>\n<p><a href=\"http:\/\/knjiznice.nsk.hr\/nustar\/wp-content\/uploads\/sites\/84\/2025\/01\/pristupnica-NKC.docx\">pristupnica NK\u010c<\/a><\/p>\n<p><a href=\"http:\/\/knjiznice.nsk.hr\/nustar\/wp-content\/uploads\/sites\/84\/2025\/01\/sjernice-za-izgradnju-25..zip\">sjernice za izgradnju 25.<\/a><\/p>\n<p><a href=\"http:\/\/knjiznice.nsk.hr\/nustar\/wp-content\/uploads\/sites\/84\/2025\/01\/STATUT-narodne-knjiznice-Nustar.docx\">STATUT narodne knji\u017enice Nu\u0161tar<\/a><\/p>\n","protected":false},"excerpt":{"rendered":"<p>izvje\u0161\u0107e za 2024. novi cjenik knjiznice pravilnik za provedbu postupka jednostavne nabave nu\u0161tar pravilnik o pruzanju usluga PRAVILNIK O ZA\u0160TITI OSOBNIH PODATAKA NARODNE KNJI\u017dNICE I \u010cITAONICE SV PLAN NABAVE ZA 2025 pristupnica NK\u010c sjernice za izgradnju 25. STATUT narodne knji\u017enice Nu\u0161tar<\/p>\n","protected":false},"author":100,"featured_media":0,"parent":0,"menu_order":0,"comment_status":"closed","ping_status":"closed","template":"","meta":{"ngg_post_thumbnail":0},"yoast_head":"<!-- This site is optimized with the Yoast SEO plugin v16.4 - https:\/\/yoast.com\/wordpress\/plugins\/seo\/ -->\n<meta name=\"robots\" content=\"index, follow, max-snippet:-1, max-image-preview:large, max-video-preview:-1\" \/>\n<link rel=\"canonical\" href=\"https:\/\/knjiznice.nsk.hr\/nustar\/dokumenti\/\" \/>\n<meta property=\"og:locale\" content=\"hr_HR\" \/>\n<meta property=\"og:type\" content=\"article\" \/>\n<meta property=\"og:title\" content=\"Dokumenti - Narodna knji\u017enica i \u010ditaonica sv. Benedikta Nu\u0161tar\" \/>\n<meta property=\"og:description\" content=\"izvje\u0161\u0107e za 2024. novi cjenik knjiznice pravilnik za provedbu postupka jednostavne nabave nu\u0161tar pravilnik o pruzanju usluga PRAVILNIK O ZA\u0160TITI OSOBNIH PODATAKA NARODNE KNJI\u017dNICE I \u010cITAONICE SV PLAN NABAVE ZA 2025 pristupnica NK\u010c sjernice za izgradnju 25. STATUT narodne knji\u017enice Nu\u0161tar\" \/>\n<meta property=\"og:url\" content=\"https:\/\/knjiznice.nsk.hr\/nustar\/dokumenti\/\" \/>\n<meta property=\"og:site_name\" content=\"Narodna knji\u017enica i \u010ditaonica sv. Benedikta Nu\u0161tar\" \/>\n<meta property=\"article:modified_time\" content=\"2025-02-24T06:42:45+00:00\" \/>\n<meta name=\"twitter:label1\" content=\"Procijenjeno vrijeme \u010ditanja\" \/>\n\t<meta name=\"twitter:data1\" content=\"1 minuta\" \/>\n<script type=\"application\/ld+json\" class=\"yoast-schema-graph\">{\"@context\":\"https:\/\/schema.org\",\"@graph\":[{\"@type\":\"WebSite\",\"@id\":\"https:\/\/knjiznice.nsk.hr\/nustar\/#website\",\"url\":\"https:\/\/knjiznice.nsk.hr\/nustar\/\",\"name\":\"Narodna knji\\u017enica i \\u010ditaonica sv. Benedikta Nu\\u0161tar\",\"description\":\"\",\"potentialAction\":[{\"@type\":\"SearchAction\",\"target\":\"https:\/\/knjiznice.nsk.hr\/nustar\/?s={search_term_string}\",\"query-input\":\"required name=search_term_string\"}],\"inLanguage\":\"hr\"},{\"@type\":\"WebPage\",\"@id\":\"https:\/\/knjiznice.nsk.hr\/nustar\/dokumenti\/#webpage\",\"url\":\"https:\/\/knjiznice.nsk.hr\/nustar\/dokumenti\/\",\"name\":\"Dokumenti - Narodna knji\\u017enica i \\u010ditaonica sv. Benedikta Nu\\u0161tar\",\"isPartOf\":{\"@id\":\"https:\/\/knjiznice.nsk.hr\/nustar\/#website\"},\"datePublished\":\"2025-01-16T15:37:55+00:00\",\"dateModified\":\"2025-02-24T06:42:45+00:00\",\"breadcrumb\":{\"@id\":\"https:\/\/knjiznice.nsk.hr\/nustar\/dokumenti\/#breadcrumb\"},\"inLanguage\":\"hr\",\"potentialAction\":[{\"@type\":\"ReadAction\",\"target\":[\"https:\/\/knjiznice.nsk.hr\/nustar\/dokumenti\/\"]}]},{\"@type\":\"BreadcrumbList\",\"@id\":\"https:\/\/knjiznice.nsk.hr\/nustar\/dokumenti\/#breadcrumb\",\"itemListElement\":[{\"@type\":\"ListItem\",\"position\":1,\"item\":{\"@type\":\"WebPage\",\"@id\":\"https:\/\/knjiznice.nsk.hr\/nustar\/\",\"url\":\"https:\/\/knjiznice.nsk.hr\/nustar\/\",\"name\":\"Po\\u010detna stranica\"}},{\"@type\":\"ListItem\",\"position\":2,\"item\":{\"@id\":\"https:\/\/knjiznice.nsk.hr\/nustar\/dokumenti\/#webpage\"}}]}]}<\/script>\n<!-- \/ Yoast SEO plugin. -->","_links":{"self":[{"href":"https:\/\/knjiznice.nsk.hr\/nustar\/wp-json\/wp\/v2\/pages\/573"}],"collection":[{"href":"https:\/\/knjiznice.nsk.hr\/nustar\/wp-json\/wp\/v2\/pages"}],"about":[{"href":"https:\/\/knjiznice.nsk.hr\/nustar\/wp-json\/wp\/v2\/types\/page"}],"author":[{"embeddable":true,"href":"https:\/\/knjiznice.nsk.hr\/nustar\/wp-json\/wp\/v2\/users\/100"}],"replies":[{"embeddable":true,"href":"https:\/\/knjiznice.nsk.hr\/nustar\/wp-json\/wp\/v2\/comments?post=573"}],"version-history":[{"count":8,"href":"https:\/\/knjiznice.nsk.hr\/nustar\/wp-json\/wp\/v2\/pages\/573\/revisions"}],"predecessor-version":[{"id":603,"href":"https:\/\/knjiznice.nsk.hr\/nustar\/wp-json\/wp\/v2\/pages\/573\/revisions\/603"}],"wp:attachment":[{"href":"https:\/\/knjiznice.nsk.hr\/nustar\/wp-json\/wp\/v2\/media?parent=573"}],"curies":[{"name":"wp","href":"https:\/\/api.w.org\/{rel}","templated":true}]}}