{"id":35,"date":"2020-01-02T11:12:10","date_gmt":"2020-01-02T11:12:10","guid":{"rendered":"http:\/\/knjiznice.nsk.hr\/nustar\/?page_id=35"},"modified":"2024-02-12T11:05:33","modified_gmt":"2024-02-12T11:05:33","slug":"vodic","status":"publish","type":"page","link":"https:\/\/knjiznice.nsk.hr\/nustar\/vodic\/","title":{"rendered":"Vodi\u010d"},"content":{"rendered":"<p><strong>Prilikom svakog posjeta knji\u017enici potrebno je pokazati \u010dlansku iskaznicu!<\/strong><\/p>\n<p><strong>\u010cLANSKA ISKAZNICA JE NEPRENOSIVA!<\/strong><\/p>\n<p><strong>Radno vrijeme za korisnike:<\/strong><\/p>\n<ul>\n<li>Ponedjeljkom, srijedom i petkom od 8.00 do 15.00 sati<\/li>\n<li>Utorkom i \u010detvrtkom od 12.00 do 20.00 sati<\/li>\n<\/ul>\n<p><strong>\u010clanarina u 2020. godini i cijene usluga:<\/strong><\/p>\n<ul>\n<li>\u010dlanstvo u Narodnoj knji\u017enici i \u010ditaonici sv. Benedikta Nu\u0161tar traje godinu dana od dana upisa<\/li>\n<li>odrasli: 3, 00 EUR<\/li>\n<li>djeca i srednjo\u0161kolci do 18 godina: besplatno<\/li>\n<li>Prilikom upisa potrebno je ispuniti pristupnicu.<\/li>\n<\/ul>\n<p><strong>Pravila posudbe:<\/strong><\/p>\n<ul>\n<li>Mogu\u0107e je posuditi najvi\u0161e 4 jedinice gra\u0111e.<\/li>\n<li>Knjige se mogu zadr\u017eati 14 dana, nakon \u010dega se pla\u0107a zakasnina (0,10 EUR po knjizi i po danu).<\/li>\n<li>CD, DVD, CD-ROM mogu\u0107e je zadr\u017eati 5 dana nakon \u010dega se pla\u0107a zakasnina (0,10 E po CD-u, DVD-u,CD-ROM-u i po danu).<\/li>\n<li>CD-i, DVD-i, CD-ROM-ovi koji su dodatci knjigama mogu se zadr\u017eati 14 dana, a zakasnina je jednaka kao za knjige (0,10 EUR ).<\/li>\n<li>Gra\u0111u je mogu\u0107e produ\u017eiti najvi\u0161e tri puta.<\/li>\n<li>Gra\u0111u je mogu\u0107e produ\u017eiti osobnim dolaskom u knji\u017enicu, telefonom ili putem interneta.<\/li>\n<li>Obnova zadu\u017eenja nije mogu\u0107a nakon isteka roka za vra\u0107anje ili je gra\u0111a rezervirana.<\/li>\n<li>Gra\u0111u je mogu\u0107e rezervirati putem interneta.<\/li>\n<li>Lektiru i multimedijalnu gra\u0111u nije mogu\u0107e produ\u017eiti.<\/li>\n<li>O\u0161te\u0107ena i izgubljena gra\u0111a nadokna\u0111uje se zamjenom ili nov\u010danom naknadom.<\/li>\n<\/ul>\n<p><strong>Upotreba ra\u010dunala i cjenik usluga:<\/strong><\/p>\n<ul>\n<li>Kori\u0161tenje ra\u010dunala besplatno je za \u010dlanove Knji\u017enice. Kori\u0161tenje ra\u010dunala za ne\u010dlanove Knji\u017enice:<\/li>\n<li>30 min 1, 00 EUR<\/li>\n<li>60 min 2,00 EUR<\/li>\n<li>Fotokopiranje i printanje:<\/li>\n<li>Tiskanje cno-bijelo stranica A4 0,10 EUR<\/li>\n<li>Fotokopiranje A4 0,10 EUR<\/li>\n<li>stranica A3 0,20 EUR<\/li>\n<li>Me\u0111uknji\u017eni\u010dna posudba: prema cjeniku Hrvatske po\u0161te d.d. (cca 3, 50 EUR)<\/li>\n<\/ul>\n<p>&nbsp;<\/p>\n<p><strong>Duplikat iskaznice:<\/strong> 1, 50 EUR<\/p>\n","protected":false},"excerpt":{"rendered":"<p>Prilikom svakog posjeta knji\u017enici potrebno je pokazati \u010dlansku iskaznicu! \u010cLANSKA ISKAZNICA JE NEPRENOSIVA! Radno vrijeme za korisnike: Ponedjeljkom, srijedom i petkom od 8.00 do 15.00 sati Utorkom i \u010detvrtkom od 12.00 do 20.00 sati \u010clanarina u 2020. godini i cijene usluga: \u010dlanstvo u Narodnoj knji\u017enici i \u010ditaonici sv. Benedikta Nu\u0161tar traje godinu dana od dana [&hellip;]<\/p>\n","protected":false},"author":100,"featured_media":0,"parent":0,"menu_order":0,"comment_status":"closed","ping_status":"closed","template":"","meta":{"ngg_post_thumbnail":0},"yoast_head":"<!-- This site is optimized with the Yoast SEO plugin v16.4 - https:\/\/yoast.com\/wordpress\/plugins\/seo\/ -->\n<meta name=\"robots\" content=\"index, follow, max-snippet:-1, max-image-preview:large, max-video-preview:-1\" \/>\n<link rel=\"canonical\" href=\"http:\/\/knjiznice.nsk.hr\/nustar\/vodic\/\" \/>\n<meta property=\"og:locale\" content=\"hr_HR\" \/>\n<meta property=\"og:type\" content=\"article\" \/>\n<meta property=\"og:title\" content=\"Vodi\u010d - Narodna knji\u017enica i \u010ditaonica sv. Benedikta Nu\u0161tar\" \/>\n<meta property=\"og:description\" content=\"Prilikom svakog posjeta knji\u017enici potrebno je pokazati \u010dlansku iskaznicu! \u010cLANSKA ISKAZNICA JE NEPRENOSIVA! Radno vrijeme za korisnike: Ponedjeljkom, srijedom i petkom od 8.00 do 15.00 sati Utorkom i \u010detvrtkom od 12.00 do 20.00 sati \u010clanarina u 2020. godini i cijene usluga: \u010dlanstvo u Narodnoj knji\u017enici i \u010ditaonici sv. Benedikta Nu\u0161tar traje godinu dana od dana [&hellip;]\" \/>\n<meta property=\"og:url\" content=\"http:\/\/knjiznice.nsk.hr\/nustar\/vodic\/\" \/>\n<meta property=\"og:site_name\" content=\"Narodna knji\u017enica i \u010ditaonica sv. Benedikta Nu\u0161tar\" \/>\n<meta property=\"article:modified_time\" content=\"2024-02-12T11:05:33+00:00\" \/>\n<meta name=\"twitter:label1\" content=\"Procijenjeno vrijeme \u010ditanja\" \/>\n\t<meta name=\"twitter:data1\" content=\"2 minute\" \/>\n<script type=\"application\/ld+json\" class=\"yoast-schema-graph\">{\"@context\":\"https:\/\/schema.org\",\"@graph\":[{\"@type\":\"WebSite\",\"@id\":\"http:\/\/knjiznice.nsk.hr\/nustar\/#website\",\"url\":\"http:\/\/knjiznice.nsk.hr\/nustar\/\",\"name\":\"Narodna knji\\u017enica i \\u010ditaonica sv. Benedikta Nu\\u0161tar\",\"description\":\"\",\"potentialAction\":[{\"@type\":\"SearchAction\",\"target\":\"http:\/\/knjiznice.nsk.hr\/nustar\/?s={search_term_string}\",\"query-input\":\"required name=search_term_string\"}],\"inLanguage\":\"hr\"},{\"@type\":\"WebPage\",\"@id\":\"http:\/\/knjiznice.nsk.hr\/nustar\/vodic\/#webpage\",\"url\":\"http:\/\/knjiznice.nsk.hr\/nustar\/vodic\/\",\"name\":\"Vodi\\u010d - Narodna knji\\u017enica i \\u010ditaonica sv. Benedikta Nu\\u0161tar\",\"isPartOf\":{\"@id\":\"http:\/\/knjiznice.nsk.hr\/nustar\/#website\"},\"datePublished\":\"2020-01-02T11:12:10+00:00\",\"dateModified\":\"2024-02-12T11:05:33+00:00\",\"breadcrumb\":{\"@id\":\"http:\/\/knjiznice.nsk.hr\/nustar\/vodic\/#breadcrumb\"},\"inLanguage\":\"hr\",\"potentialAction\":[{\"@type\":\"ReadAction\",\"target\":[\"http:\/\/knjiznice.nsk.hr\/nustar\/vodic\/\"]}]},{\"@type\":\"BreadcrumbList\",\"@id\":\"http:\/\/knjiznice.nsk.hr\/nustar\/vodic\/#breadcrumb\",\"itemListElement\":[{\"@type\":\"ListItem\",\"position\":1,\"item\":{\"@type\":\"WebPage\",\"@id\":\"http:\/\/knjiznice.nsk.hr\/nustar\/\",\"url\":\"http:\/\/knjiznice.nsk.hr\/nustar\/\",\"name\":\"Po\\u010detna stranica\"}},{\"@type\":\"ListItem\",\"position\":2,\"item\":{\"@id\":\"http:\/\/knjiznice.nsk.hr\/nustar\/vodic\/#webpage\"}}]}]}<\/script>\n<!-- \/ Yoast SEO plugin. -->","_links":{"self":[{"href":"https:\/\/knjiznice.nsk.hr\/nustar\/wp-json\/wp\/v2\/pages\/35"}],"collection":[{"href":"https:\/\/knjiznice.nsk.hr\/nustar\/wp-json\/wp\/v2\/pages"}],"about":[{"href":"https:\/\/knjiznice.nsk.hr\/nustar\/wp-json\/wp\/v2\/types\/page"}],"author":[{"embeddable":true,"href":"https:\/\/knjiznice.nsk.hr\/nustar\/wp-json\/wp\/v2\/users\/100"}],"replies":[{"embeddable":true,"href":"https:\/\/knjiznice.nsk.hr\/nustar\/wp-json\/wp\/v2\/comments?post=35"}],"version-history":[{"count":5,"href":"https:\/\/knjiznice.nsk.hr\/nustar\/wp-json\/wp\/v2\/pages\/35\/revisions"}],"predecessor-version":[{"id":460,"href":"https:\/\/knjiznice.nsk.hr\/nustar\/wp-json\/wp\/v2\/pages\/35\/revisions\/460"}],"wp:attachment":[{"href":"https:\/\/knjiznice.nsk.hr\/nustar\/wp-json\/wp\/v2\/media?parent=35"}],"curies":[{"name":"wp","href":"https:\/\/api.w.org\/{rel}","templated":true}]}}