{"id":333,"date":"2022-11-02T12:40:31","date_gmt":"2022-11-02T12:40:31","guid":{"rendered":"http:\/\/knjiznice.nsk.hr\/nustar\/?page_id=333"},"modified":"2022-11-02T12:48:53","modified_gmt":"2022-11-02T12:48:53","slug":"kontakt-2","status":"publish","type":"page","link":"https:\/\/knjiznice.nsk.hr\/nustar\/kontakt-2\/","title":{"rendered":"KONTAKT"},"content":{"rendered":"<p>Narodna knji\u017enica i \u010ditaonica sv. Benedikta Nu\u0161tar<\/p>\n<p>Adresa:<\/p>\n<p>Kri\u017enog puta 18<\/p>\n<p>32 221 Nu\u0161tar<\/p>\n<p>e-mail: knjiznicanustar@gmail.com<br \/>\nTel. 032\/ 386 -309<\/p>\n","protected":false},"excerpt":{"rendered":"<p>Narodna knji\u017enica i \u010ditaonica sv. Benedikta Nu\u0161tar Adresa: Kri\u017enog puta 18 32 221 Nu\u0161tar e-mail: knjiznicanustar@gmail.com Tel. 032\/ 386 -309<\/p>\n","protected":false},"author":100,"featured_media":0,"parent":0,"menu_order":0,"comment_status":"closed","ping_status":"closed","template":"","meta":{"ngg_post_thumbnail":0},"yoast_head":"<!-- This site is optimized with the Yoast SEO plugin v16.4 - https:\/\/yoast.com\/wordpress\/plugins\/seo\/ -->\n<meta name=\"robots\" content=\"index, follow, max-snippet:-1, max-image-preview:large, max-video-preview:-1\" \/>\n<link rel=\"canonical\" href=\"https:\/\/knjiznice.nsk.hr\/nustar\/kontakt-2\/\" \/>\n<meta property=\"og:locale\" content=\"hr_HR\" \/>\n<meta property=\"og:type\" content=\"article\" \/>\n<meta property=\"og:title\" content=\"KONTAKT - Narodna knji\u017enica i \u010ditaonica sv. Benedikta Nu\u0161tar\" \/>\n<meta property=\"og:description\" content=\"Narodna knji\u017enica i \u010ditaonica sv. Benedikta Nu\u0161tar Adresa: Kri\u017enog puta 18 32 221 Nu\u0161tar e-mail: knjiznicanustar@gmail.com Tel. 032\/ 386 -309\" \/>\n<meta property=\"og:url\" content=\"https:\/\/knjiznice.nsk.hr\/nustar\/kontakt-2\/\" \/>\n<meta property=\"og:site_name\" content=\"Narodna knji\u017enica i \u010ditaonica sv. Benedikta Nu\u0161tar\" \/>\n<meta property=\"article:modified_time\" content=\"2022-11-02T12:48:53+00:00\" \/>\n<meta name=\"twitter:label1\" content=\"Procijenjeno vrijeme \u010ditanja\" \/>\n\t<meta name=\"twitter:data1\" content=\"1 minuta\" \/>\n<script type=\"application\/ld+json\" class=\"yoast-schema-graph\">{\"@context\":\"https:\/\/schema.org\",\"@graph\":[{\"@type\":\"WebSite\",\"@id\":\"https:\/\/knjiznice.nsk.hr\/nustar\/#website\",\"url\":\"https:\/\/knjiznice.nsk.hr\/nustar\/\",\"name\":\"Narodna knji\\u017enica i \\u010ditaonica sv. Benedikta Nu\\u0161tar\",\"description\":\"\",\"potentialAction\":[{\"@type\":\"SearchAction\",\"target\":\"https:\/\/knjiznice.nsk.hr\/nustar\/?s={search_term_string}\",\"query-input\":\"required name=search_term_string\"}],\"inLanguage\":\"hr\"},{\"@type\":\"WebPage\",\"@id\":\"https:\/\/knjiznice.nsk.hr\/nustar\/kontakt-2\/#webpage\",\"url\":\"https:\/\/knjiznice.nsk.hr\/nustar\/kontakt-2\/\",\"name\":\"KONTAKT - Narodna knji\\u017enica i \\u010ditaonica sv. Benedikta Nu\\u0161tar\",\"isPartOf\":{\"@id\":\"https:\/\/knjiznice.nsk.hr\/nustar\/#website\"},\"datePublished\":\"2022-11-02T12:40:31+00:00\",\"dateModified\":\"2022-11-02T12:48:53+00:00\",\"breadcrumb\":{\"@id\":\"https:\/\/knjiznice.nsk.hr\/nustar\/kontakt-2\/#breadcrumb\"},\"inLanguage\":\"hr\",\"potentialAction\":[{\"@type\":\"ReadAction\",\"target\":[\"https:\/\/knjiznice.nsk.hr\/nustar\/kontakt-2\/\"]}]},{\"@type\":\"BreadcrumbList\",\"@id\":\"https:\/\/knjiznice.nsk.hr\/nustar\/kontakt-2\/#breadcrumb\",\"itemListElement\":[{\"@type\":\"ListItem\",\"position\":1,\"item\":{\"@type\":\"WebPage\",\"@id\":\"https:\/\/knjiznice.nsk.hr\/nustar\/\",\"url\":\"https:\/\/knjiznice.nsk.hr\/nustar\/\",\"name\":\"Po\\u010detna stranica\"}},{\"@type\":\"ListItem\",\"position\":2,\"item\":{\"@id\":\"https:\/\/knjiznice.nsk.hr\/nustar\/kontakt-2\/#webpage\"}}]}]}<\/script>\n<!-- \/ Yoast SEO plugin. -->","_links":{"self":[{"href":"https:\/\/knjiznice.nsk.hr\/nustar\/wp-json\/wp\/v2\/pages\/333"}],"collection":[{"href":"https:\/\/knjiznice.nsk.hr\/nustar\/wp-json\/wp\/v2\/pages"}],"about":[{"href":"https:\/\/knjiznice.nsk.hr\/nustar\/wp-json\/wp\/v2\/types\/page"}],"author":[{"embeddable":true,"href":"https:\/\/knjiznice.nsk.hr\/nustar\/wp-json\/wp\/v2\/users\/100"}],"replies":[{"embeddable":true,"href":"https:\/\/knjiznice.nsk.hr\/nustar\/wp-json\/wp\/v2\/comments?post=333"}],"version-history":[{"count":3,"href":"https:\/\/knjiznice.nsk.hr\/nustar\/wp-json\/wp\/v2\/pages\/333\/revisions"}],"predecessor-version":[{"id":340,"href":"https:\/\/knjiznice.nsk.hr\/nustar\/wp-json\/wp\/v2\/pages\/333\/revisions\/340"}],"wp:attachment":[{"href":"https:\/\/knjiznice.nsk.hr\/nustar\/wp-json\/wp\/v2\/media?parent=333"}],"curies":[{"name":"wp","href":"https:\/\/api.w.org\/{rel}","templated":true}]}}