{"id":31,"date":"2020-01-02T11:10:50","date_gmt":"2020-01-02T11:10:50","guid":{"rendered":"http:\/\/knjiznice.nsk.hr\/nustar\/?page_id=31"},"modified":"2022-11-02T12:52:50","modified_gmt":"2022-11-02T12:52:50","slug":"o-knjiznici","status":"publish","type":"page","link":"https:\/\/knjiznice.nsk.hr\/nustar\/o-knjiznici\/","title":{"rendered":"O Knji\u017enici"},"content":{"rendered":"<p>Narodna knji\u017enica i \u010ditaonica sv. Benedikta Nu\u0161tar po vrsti je narodna knji\u017enica, osigurava pristup znanju, informacijama i djelima ma\u0161te pomo\u0107u niza izvora i slu\u017ebi.<br \/>\nNa raspolaganju je svim \u010dlanovima zajednice, \u010dime zadovoljava kulturne, informacijske i obrazovne potrebe stanovnika op\u0107ine Nu\u0161tar kao i stanovnika bli\u017ee i \u0161ire okolice te omogu\u0107uje ostvarenje prava na znanje, demokratski i osobni razvitak svakog gra\u0111anina.<br \/>\nBudu\u0107i da je knji\u017eni\u010dna djelatnost va\u017ean \u010dimbenik u izgradnji dru\u0161tva znanja i od javnog je interesa za Republiku Hrvatsku, svojim radom Knji\u017enica ostvaruje funkciju razvojne djelatnosti za op\u0107inu, a posebnog je interesa za svoju lokalnu zajednicu.<br \/>\nUz redovitu svakodnevnu djelatnost, Knji\u017enica obilje\u017eava zna\u010dajne datume, prire\u0111uje tematske izlo\u017ebe knjiga, promocije, radionice, vr\u0161i edukaciju knji\u017eni\u010dara i korisnika, provodiodgojno-obrazovni rad s najmla\u0111ima, prire\u0111uje susrete s osobama razli\u010ditih profila, \u010diji rad prezentira \u0161iroj dru\u0161tvenoj zajednici.<br \/>\nNarodna knji\u017enica i \u010ditaonica sv. Benedikta Nu\u0161tar s radom je zapo\u010dela 2010. godine.<\/p>\n","protected":false},"excerpt":{"rendered":"<p>Narodna knji\u017enica i \u010ditaonica sv. Benedikta Nu\u0161tar po vrsti je narodna knji\u017enica, osigurava pristup znanju, informacijama i djelima ma\u0161te pomo\u0107u niza izvora i slu\u017ebi. Na raspolaganju je svim \u010dlanovima zajednice, \u010dime zadovoljava kulturne, informacijske i obrazovne potrebe stanovnika op\u0107ine Nu\u0161tar kao i stanovnika bli\u017ee i \u0161ire okolice te omogu\u0107uje ostvarenje prava na znanje, demokratski i [&hellip;]<\/p>\n","protected":false},"author":100,"featured_media":0,"parent":0,"menu_order":0,"comment_status":"closed","ping_status":"closed","template":"","meta":{"ngg_post_thumbnail":0},"yoast_head":"<!-- This site is optimized with the Yoast SEO plugin v16.4 - https:\/\/yoast.com\/wordpress\/plugins\/seo\/ -->\n<meta name=\"robots\" content=\"index, follow, max-snippet:-1, max-image-preview:large, max-video-preview:-1\" \/>\n<link rel=\"canonical\" href=\"https:\/\/knjiznice.nsk.hr\/nustar\/o-knjiznici\/\" \/>\n<meta property=\"og:locale\" content=\"hr_HR\" \/>\n<meta property=\"og:type\" content=\"article\" \/>\n<meta property=\"og:title\" content=\"O Knji\u017enici - Narodna knji\u017enica i \u010ditaonica sv. Benedikta Nu\u0161tar\" \/>\n<meta property=\"og:description\" content=\"Narodna knji\u017enica i \u010ditaonica sv. Benedikta Nu\u0161tar po vrsti je narodna knji\u017enica, osigurava pristup znanju, informacijama i djelima ma\u0161te pomo\u0107u niza izvora i slu\u017ebi. Na raspolaganju je svim \u010dlanovima zajednice, \u010dime zadovoljava kulturne, informacijske i obrazovne potrebe stanovnika op\u0107ine Nu\u0161tar kao i stanovnika bli\u017ee i \u0161ire okolice te omogu\u0107uje ostvarenje prava na znanje, demokratski i [&hellip;]\" \/>\n<meta property=\"og:url\" content=\"https:\/\/knjiznice.nsk.hr\/nustar\/o-knjiznici\/\" \/>\n<meta property=\"og:site_name\" content=\"Narodna knji\u017enica i \u010ditaonica sv. Benedikta Nu\u0161tar\" \/>\n<meta property=\"article:modified_time\" content=\"2022-11-02T12:52:50+00:00\" \/>\n<meta name=\"twitter:label1\" content=\"Procijenjeno vrijeme \u010ditanja\" \/>\n\t<meta name=\"twitter:data1\" content=\"1 minuta\" \/>\n<script type=\"application\/ld+json\" class=\"yoast-schema-graph\">{\"@context\":\"https:\/\/schema.org\",\"@graph\":[{\"@type\":\"WebSite\",\"@id\":\"https:\/\/knjiznice.nsk.hr\/nustar\/#website\",\"url\":\"https:\/\/knjiznice.nsk.hr\/nustar\/\",\"name\":\"Narodna knji\\u017enica i \\u010ditaonica sv. Benedikta Nu\\u0161tar\",\"description\":\"\",\"potentialAction\":[{\"@type\":\"SearchAction\",\"target\":\"https:\/\/knjiznice.nsk.hr\/nustar\/?s={search_term_string}\",\"query-input\":\"required name=search_term_string\"}],\"inLanguage\":\"hr\"},{\"@type\":\"WebPage\",\"@id\":\"https:\/\/knjiznice.nsk.hr\/nustar\/o-knjiznici\/#webpage\",\"url\":\"https:\/\/knjiznice.nsk.hr\/nustar\/o-knjiznici\/\",\"name\":\"O Knji\\u017enici - Narodna knji\\u017enica i \\u010ditaonica sv. Benedikta Nu\\u0161tar\",\"isPartOf\":{\"@id\":\"https:\/\/knjiznice.nsk.hr\/nustar\/#website\"},\"datePublished\":\"2020-01-02T11:10:50+00:00\",\"dateModified\":\"2022-11-02T12:52:50+00:00\",\"breadcrumb\":{\"@id\":\"https:\/\/knjiznice.nsk.hr\/nustar\/o-knjiznici\/#breadcrumb\"},\"inLanguage\":\"hr\",\"potentialAction\":[{\"@type\":\"ReadAction\",\"target\":[\"https:\/\/knjiznice.nsk.hr\/nustar\/o-knjiznici\/\"]}]},{\"@type\":\"BreadcrumbList\",\"@id\":\"https:\/\/knjiznice.nsk.hr\/nustar\/o-knjiznici\/#breadcrumb\",\"itemListElement\":[{\"@type\":\"ListItem\",\"position\":1,\"item\":{\"@type\":\"WebPage\",\"@id\":\"https:\/\/knjiznice.nsk.hr\/nustar\/\",\"url\":\"https:\/\/knjiznice.nsk.hr\/nustar\/\",\"name\":\"Po\\u010detna stranica\"}},{\"@type\":\"ListItem\",\"position\":2,\"item\":{\"@id\":\"https:\/\/knjiznice.nsk.hr\/nustar\/o-knjiznici\/#webpage\"}}]}]}<\/script>\n<!-- \/ Yoast SEO plugin. -->","_links":{"self":[{"href":"https:\/\/knjiznice.nsk.hr\/nustar\/wp-json\/wp\/v2\/pages\/31"}],"collection":[{"href":"https:\/\/knjiznice.nsk.hr\/nustar\/wp-json\/wp\/v2\/pages"}],"about":[{"href":"https:\/\/knjiznice.nsk.hr\/nustar\/wp-json\/wp\/v2\/types\/page"}],"author":[{"embeddable":true,"href":"https:\/\/knjiznice.nsk.hr\/nustar\/wp-json\/wp\/v2\/users\/100"}],"replies":[{"embeddable":true,"href":"https:\/\/knjiznice.nsk.hr\/nustar\/wp-json\/wp\/v2\/comments?post=31"}],"version-history":[{"count":4,"href":"https:\/\/knjiznice.nsk.hr\/nustar\/wp-json\/wp\/v2\/pages\/31\/revisions"}],"predecessor-version":[{"id":341,"href":"https:\/\/knjiznice.nsk.hr\/nustar\/wp-json\/wp\/v2\/pages\/31\/revisions\/341"}],"wp:attachment":[{"href":"https:\/\/knjiznice.nsk.hr\/nustar\/wp-json\/wp\/v2\/media?parent=31"}],"curies":[{"name":"wp","href":"https:\/\/api.w.org\/{rel}","templated":true}]}}