{"id":96,"date":"2019-01-22T08:26:38","date_gmt":"2019-01-22T08:26:38","guid":{"rendered":"http:\/\/knjiznice.nsk.hr\/majur\/?page_id=96"},"modified":"2026-04-01T12:15:40","modified_gmt":"2026-04-01T12:15:40","slug":"planovi-i-izvjesca","status":"publish","type":"page","link":"https:\/\/knjiznice.nsk.hr\/majur\/planovi-i-izvjesca\/","title":{"rendered":"Planovi i izvje\u0161\u0107a"},"content":{"rendered":"<h5>PLANOVI I PROGRAMI RADA<\/h5>\n<ul>\n<li><a href=\"http:\/\/knjiznice.nsk.hr\/majur\/wp-content\/uploads\/sites\/56\/2026\/01\/Zakljucak-o-usvajanju-Plana-i-programa-za-2026..pdf\">Zaklju\u010dak o usvajanju Plana i programa rada Narodne knji\u017enice i \u010ditaonice Majur za 2026. godinu<\/a><\/li>\n<li><a href=\"http:\/\/knjiznice.nsk.hr\/majur\/wp-content\/uploads\/sites\/56\/2026\/01\/Plan-i-program-za-2026.docx\">Plan i program rada Narodne knji\u017enice i \u010ditaonice Majur za 2026. godinu<\/a><\/li>\n<li><a href=\"http:\/\/knjiznice.nsk.hr\/majur\/wp-content\/uploads\/sites\/56\/2024\/12\/Zakljucak-o-usvajanju-Plana-i-programa-za-2025.pdf\">Zaklju\u010dak o usvajanju Plana i programa rada Narodne knji\u017enice i \u010ditaonice Majur za 2025. godinu<\/a><\/li>\n<li><a href=\"http:\/\/knjiznice.nsk.hr\/majur\/wp-content\/uploads\/sites\/56\/2024\/12\/Plan-i-program-za-2025.docx\">Plan i program rada Narodne knji\u017enice i \u010ditaonice Majur za 2025. godinu<\/a><\/li>\n<li><a href=\"http:\/\/knjiznice.nsk.hr\/majur\/wp-content\/uploads\/sites\/56\/2023\/12\/Zakljucak-o-usvajanju-Plana-i-programa-za-2024.pdf\">Zaklju\u010dak o usvajanju Plana i programa rada Narodne knji\u017enice i \u010ditaonice Majur za 2024. godinu<\/a><\/li>\n<li><a href=\"http:\/\/knjiznice.nsk.hr\/majur\/wp-content\/uploads\/sites\/56\/2023\/12\/Plan-i-program-za-2024.docx\">Plan i program rada Narodne knji\u017enice i \u010ditaonice Majur za 2024. godinu<\/a><\/li>\n<li><a href=\"http:\/\/knjiznice.nsk.hr\/majur\/wp-content\/uploads\/sites\/56\/2023\/01\/Zakljucak-o-usvajanju-Plana-i-programa-rada-NKC-Majur-za-2023.g..pdf\">Zaklju\u010dak o usvajanju Plana i programa rada Narodne knji\u017enice i \u010ditaonice Majur za 2023. godinu<\/a><\/li>\n<li><a href=\"http:\/\/knjiznice.nsk.hr\/majur\/wp-content\/uploads\/sites\/56\/2023\/01\/Plan-i-program-rada-NKC-Majur-za-2023.g..pdf\">Plan i program rada Narodne knji\u017enice i \u010ditaonice Majur za 2023. godinu<\/a><\/li>\n<li><a href=\"http:\/\/knjiznice.nsk.hr\/majur\/wp-content\/uploads\/sites\/56\/2022\/02\/Zakljucak-o-usvajanju-Plana-i-programa-rada-NKC-Majur-za-2022.g..pdf\">Zaklju\u010dak o usvajanju Plana i programa rada Narodne knji\u017enice i \u010ditaonice Majur za 2022. godinu<\/a><\/li>\n<li><a href=\"http:\/\/knjiznice.nsk.hr\/majur\/wp-content\/uploads\/sites\/56\/2022\/01\/Plan-i-program-za-2022.docx\">Plan i program rada Narodne knji\u017enice i \u010ditaonice Majur za 2022. godinu<\/a><\/li>\n<li><a href=\"http:\/\/knjiznice.nsk.hr\/majur\/wp-content\/uploads\/sites\/56\/2021\/03\/Zakljucak-o-usvajanju-Plana-i-programa-rada-NKC-Majur-za-2021..pdf\">Zaklju\u010dak o usvajanju Plana i programa rada Narodne knji\u017enice i \u010ditaonice Majur za 2021. godinu<\/a><\/li>\n<li><a href=\"http:\/\/knjiznice.nsk.hr\/majur\/wp-content\/uploads\/sites\/56\/2021\/01\/Plan-i-program-za-2021.docx\">Plan i program rada Narodne knji\u017enice i \u010ditaonice Majur za 2021. godinu<\/a><\/li>\n<li><a href=\"http:\/\/knjiznice.nsk.hr\/majur\/wp-content\/uploads\/sites\/56\/2019\/12\/Zaklju\u010dak-o-usvajanju-Plana-i-programa-rada-NK\u010c-Majur-za-2020.-.pdf\" target=\"_blank\" rel=\"noopener noreferrer\">Zaklju\u010dak o usvajanju Plana i programa rada Narodne knji\u017enice i \u010ditaonice Majur za 2020. godinu<\/a><\/li>\n<li><a href=\"http:\/\/knjiznice.nsk.hr\/majur\/wp-content\/uploads\/sites\/56\/2019\/12\/Plan-i-program-rada-Narodne-knji\u017enice-i-\u010ditaonice-Majur-za-2020.-godinu.pdf\" target=\"_blank\" rel=\"noopener noreferrer\">Plan i program rada Narodne knji\u017enice i \u010ditaonice Majur za 2020. godinu<\/a><\/li>\n<li><a href=\"http:\/\/knjiznice.nsk.hr\/majur\/wp-content\/uploads\/sites\/56\/2019\/06\/Zaklju\u010dak-o-usvajanju-Plana-za-2018.pdf\" target=\"_blank\" rel=\"noopener noreferrer\">Zaklju\u010dak o usvajanju Plana i programa rada Narodne knji\u017enice i \u010ditaonice Majur za 2019. godinu<\/a><\/li>\n<li><a href=\"http:\/\/knjiznice.nsk.hr\/majur\/wp-content\/uploads\/sites\/56\/2019\/01\/Plan-i-program-rada-Narodne-knji\u017enice-i-\u010ditaonice-Majur-za-2019.-godinu.pdf\" target=\"_blank\" rel=\"noopener noreferrer\">Plan i program rada Narodne knji\u017enice i \u010ditaonice Majur za 2019. godinu<\/a><\/li>\n<li><a href=\"http:\/\/knjiznice.nsk.hr\/majur\/wp-content\/uploads\/sites\/56\/2019\/01\/Zaklju\u010dak.pdf\" target=\"_blank\" rel=\"noopener noreferrer\">Zaklju\u010dak o usvajanju Plana i programa rada Narodne knji\u017enice i \u010ditaonice Majur za 2018. godinu<\/a><\/li>\n<li><a href=\"http:\/\/knjiznice.nsk.hr\/majur\/wp-content\/uploads\/sites\/56\/2019\/01\/Plan-i-program-rada-Narodne-knji\u017enice-i-\u010ditaonice-Majur-za-2018.pdf\" target=\"_blank\" rel=\"noopener noreferrer\">Plan i program rada Narodne knji\u017enice i \u010ditaonice Majur za 2018. godinu<\/a><\/li>\n<\/ul>\n<h5>IZVJE\u0160\u0106A O RADU<\/h5>\n<ul>\n<li><a href=\"http:\/\/knjiznice.nsk.hr\/majur\/wp-content\/uploads\/sites\/56\/2026\/04\/Zakljucak-o-usvajanju-2025.pdf\">Zaklju\u010dak o usvajanju Izvje\u0161\u0107a o radu Narodne knji\u017enice i \u010ditaonice Majur za 2025. godinu<\/a><\/li>\n<li><a href=\"http:\/\/knjiznice.nsk.hr\/majur\/wp-content\/uploads\/sites\/56\/2026\/04\/Izvjesce-o-radu-za-2025-Realizacija-proracuna.pdf\">Izvje\u0161\u0107e o radu Narodne knji\u017enice i \u010ditaonice Majur za 2025. godinu<\/a><\/li>\n<li><a href=\"http:\/\/knjiznice.nsk.hr\/majur\/wp-content\/uploads\/sites\/56\/2025\/03\/Zakljucak-o-usvajanju-2024.pdf\">Zaklju\u010dak o usvajanju Izvje\u0161\u0107a o radu Narodne knji\u017enice i \u010ditaonice Majur za 2024. godinu<\/a><\/li>\n<li><a href=\"http:\/\/knjiznice.nsk.hr\/majur\/wp-content\/uploads\/sites\/56\/2025\/03\/Izvjesce-o-radu-za-2024-Izvrsenje-proracuna-2024.pdf\">Izvje\u0161\u0107e o radu Narodne knji\u017enice i \u010ditaonice Majur za 2024. godinu<\/a><\/li>\n<li><a href=\"http:\/\/knjiznice.nsk.hr\/majur\/wp-content\/uploads\/sites\/56\/2024\/06\/Zakljucak-o-usvajanju.pdf\">Zaklju\u010dak o usvajanju Izvje\u0161\u0107a o radu Narodne knji\u017enice i \u010ditaonice Majur za 2023. godinu<\/a><\/li>\n<li><a href=\"http:\/\/knjiznice.nsk.hr\/majur\/wp-content\/uploads\/sites\/56\/2024\/06\/Izvjesce-o-radu-za-2023-Izvrsenje-proracuna-2023.pdf\">Izvje\u0161\u0107e o radu Narodne knji\u017enice i \u010ditaonice Majur za 2023. godinu<\/a><\/li>\n<li><a href=\"http:\/\/knjiznice.nsk.hr\/majur\/wp-content\/uploads\/sites\/56\/2023\/08\/Zakljucak-o-usvajanju.pdf\">Zaklju\u010dak o usvajanju Izvje\u0161\u0107a o radu Narodne knji\u017enice i \u010ditaonice Majur za 2022. godinu<\/a><\/li>\n<li><a href=\"http:\/\/knjiznice.nsk.hr\/majur\/wp-content\/uploads\/sites\/56\/2023\/05\/Izvjesce-o-radu-za-2022-Izvrsenje-proracuna.pdf\">Izvje\u0161\u0107e o radu Narodne knji\u017enice i \u010ditaonice Majur za 2022. godinu<\/a><\/li>\n<li><a href=\"http:\/\/knjiznice.nsk.hr\/majur\/wp-content\/uploads\/sites\/56\/2022\/03\/Zakljucak-o-usvajanju.pdf\">Zaklju\u010dak o usvajanju Izvje\u0161\u0107a o radu Narodne knji\u017enice i \u010ditaonice Majur za 2021. godinu<\/a><\/li>\n<li><a href=\"http:\/\/knjiznice.nsk.hr\/majur\/wp-content\/uploads\/sites\/56\/2022\/03\/Izvjesce-o-radu-za-2021.pdf\">Izvje\u0161\u0107e o radu Narodne knji\u017enice i \u010ditaonice Majur za 2021. godinu<\/a><\/li>\n<li><a href=\"http:\/\/knjiznice.nsk.hr\/majur\/wp-content\/uploads\/sites\/56\/2021\/05\/Zakljucak-o-usvajanju-Izvjesca-za-2020..pdf\">Zaklju\u010dak o usvajanju Izvje\u0161\u0107a o radu Narodne knji\u017enice i \u010ditaonice Majur za 2020. godinu<\/a><\/li>\n<li><a href=\"http:\/\/knjiznice.nsk.hr\/majur\/wp-content\/uploads\/sites\/56\/2021\/05\/Izvjesce-o-radu-za-2020.docx\">Izvje\u0161\u0107e o radu Narodne knji\u017enice i \u010ditaonice Majur za 2020. godinu<\/a><\/li>\n<li><a href=\"http:\/\/knjiznice.nsk.hr\/majur\/wp-content\/uploads\/sites\/56\/2020\/06\/Zaklju\u010dak-o-usvajanju-Izvje\u0161\u0107a-za-2019.pdf\" target=\"_blank\" rel=\"noopener noreferrer\">Zaklju\u010dak o usvajanju Izvje\u0161\u0107a o radu Narodne knji\u017enice i \u010ditaonice Majur za 2019. godinu<\/a><\/li>\n<li><a href=\"http:\/\/knjiznice.nsk.hr\/majur\/wp-content\/uploads\/sites\/56\/2020\/06\/Izvje\u0161\u0107e-o-radu-za-2019.pdf\" target=\"_blank\" rel=\"noopener noreferrer\">Izvje\u0161\u0107e o radu Narodne knji\u017enice i \u010ditaonice Majur za 2019. godinu<\/a><\/li>\n<li><a href=\"http:\/\/knjiznice.nsk.hr\/majur\/wp-content\/uploads\/sites\/56\/2019\/06\/Zaklju\u010dak-o-usvajanju-Izvje\u0161\u0107a-za-2018.pdf\" target=\"_blank\" rel=\"noopener noreferrer\">Zaklju\u010dak o usvajanju Izvje\u0161\u0107a o radu Narodne knji\u017enice i \u010ditaonice Majur za 2018. godinu<\/a><\/li>\n<li><a href=\"http:\/\/knjiznice.nsk.hr\/majur\/wp-content\/uploads\/sites\/56\/2019\/06\/Izvje\u0161\u0107e-o-radu-za-2018.pdf\" target=\"_blank\" rel=\"noopener noreferrer\">Izvje\u0161\u0107e o radu Narodne knji\u017enice i \u010ditaonice Majur za 2018. godinu<\/a><\/li>\n<li><a href=\"http:\/\/knjiznice.nsk.hr\/majur\/wp-content\/uploads\/sites\/56\/2019\/01\/Zaklju\u010dak-o-usvajanju-Izvje\u0161\u0107a.pdf\" target=\"_blank\" rel=\"noopener noreferrer\">Zaklju\u010dak o usvajanju Izvje\u0161\u0107a o radu Narodne knji\u017enice i \u010ditaonice Majur za 2017. godinu<\/a><\/li>\n<li><a href=\"http:\/\/knjiznice.nsk.hr\/majur\/wp-content\/uploads\/sites\/56\/2019\/01\/Izvje\u0161\u0107e-o-radu-za-2017.pdf\" target=\"_blank\" rel=\"noopener noreferrer\">Izvje\u0161\u0107e o radu Narodne knji\u017enice i \u010ditaonice Majur za 2017. godinu<\/a><\/li>\n<\/ul>\n<h5>FINANCIJSKI PLANOVI<\/h5>\n<h6>2026.<\/h6>\n<ul>\n<li><a href=\"http:\/\/knjiznice.nsk.hr\/majur\/wp-content\/uploads\/sites\/56\/2026\/01\/Plan_proracuna_za_2026._godinu.pdf\">Financijski plan Narodne knji\u017enice i \u010ditaonice Majur za 2026. godinu<\/a><\/li>\n<li><a href=\"http:\/\/knjiznice.nsk.hr\/majur\/wp-content\/uploads\/sites\/56\/2026\/02\/Ispis_projekcije_plana_proracuna_-_Opci_dio_i_posebni_dio.pdf\">Prora\u010dun za 2026. godinu i projekcije za 2027. i 2028. godinu<\/a><\/li>\n<li><a href=\"http:\/\/knjiznice.nsk.hr\/majur\/wp-content\/uploads\/sites\/56\/2026\/02\/Obrazlozenje_plana_proracuna_za_2026._godinu.docx\">Obrazlo\u017eenje plana prora\u010duna za 2026. godinu i projekcija za 2027. i 2028. godinu &#8211; op\u0107i i posebni dio<\/a><\/li>\n<\/ul>\n<p>&nbsp;<\/p>\n<ul>\n<li><a href=\"http:\/\/knjiznice.nsk.hr\/majur\/wp-content\/uploads\/sites\/56\/2024\/12\/Plan_proracuna_za_2025._godinu.pdf\">Financijski plan Narodne knji\u017enice i \u010ditaonice Majur za 2025. godinu<\/a><\/li>\n<li><a href=\"http:\/\/knjiznice.nsk.hr\/majur\/wp-content\/uploads\/sites\/56\/2023\/12\/Plan_proracuna_-_2024..pdf\">Financijski plan Narodne knji\u017enice i \u010ditaonice Majur za 2024. godinu<\/a><\/li>\n<li><a href=\"http:\/\/knjiznice.nsk.hr\/majur\/wp-content\/uploads\/sites\/56\/2023\/01\/Plan-proracuna-2023..pdf\">Financijski plan Narodne knji\u017enice i \u010ditaonice Majur za 2023. godinu<\/a><\/li>\n<li><a href=\"http:\/\/knjiznice.nsk.hr\/majur\/wp-content\/uploads\/sites\/56\/2022\/03\/Plan_proracuna_-_NKC.pdf\">Financijski plan Narodne knji\u017enice i \u010ditaonice Majur za 2022. godinu<\/a><\/li>\n<li><a href=\"http:\/\/knjiznice.nsk.hr\/majur\/wp-content\/uploads\/sites\/56\/2021\/01\/FINANCIJSKI_PLAN_ZA_2021..pdf\">Financijski plan Narodne knji\u017enice i \u010ditaonice Majur za 2021. godinu<\/a><\/li>\n<li><a href=\"http:\/\/knjiznice.nsk.hr\/majur\/wp-content\/uploads\/sites\/56\/2020\/01\/Financijski-plan-Narodne-knji\u017enice-i-\u010ditaonice-Majur-za-2020.-godinu.pdf\" target=\"_blank\" rel=\"noopener noreferrer\">Financijski plan Narodne knji\u017enice i \u010ditaonice Majur za 2020. godinu<\/a><\/li>\n<li><a href=\"http:\/\/knjiznice.nsk.hr\/majur\/wp-content\/uploads\/sites\/56\/2019\/01\/Prora\u010dun-Narodne-knji\u017enice-i-\u010ditaonice-Majur-za-2019.-godinu.pdf\" target=\"_blank\" rel=\"noopener noreferrer\">Financijski plan Narodne knji\u017enice i \u010ditaonice Majur za 2019. godinu<\/a><\/li>\n<li><a href=\"http:\/\/knjiznice.nsk.hr\/majur\/wp-content\/uploads\/sites\/56\/2019\/01\/Prora\u010dun-Narodne-knji\u017enice-i-\u010ditaonice-Majur-za-2018.-godinu-i-projekcije-za-2019.-i-2020.-godinu.pdf\" target=\"_blank\" rel=\"noopener noreferrer\">Financijski plan Narodne knji\u017enice i \u010ditaonice Majur za 2018. godinu i projekcije za 2019. i 2020. godinu<\/a><\/li>\n<\/ul>\n<h5>FINANCIJSKA IZVJE\u0160\u0106A<\/h5>\n<ul>\n<li><a href=\"http:\/\/knjiznice.nsk.hr\/majur\/wp-content\/uploads\/sites\/56\/2026\/02\/Obrasci-financijskih-izvjestaja.pdf\">Godi\u0161nji financijski izvje\u0161taji za 2025. godinu (5.2.2026.)<\/a><\/li>\n<li><a href=\"http:\/\/knjiznice.nsk.hr\/majur\/wp-content\/uploads\/sites\/56\/2026\/02\/Biljeske_uz_financijske_izvjestaje_razine_21_za_I_-_XII_2025_2.docx\">Bilje\u0161ke uz financijske izvje\u0161taje za 2025. godinu (5.2.2026.)<\/a><\/li>\n<li><a href=\"http:\/\/knjiznice.nsk.hr\/majur\/wp-content\/uploads\/sites\/56\/2025\/01\/Obrasci_financijskih_izvjestaja.pdf\">Godi\u0161nji financijski izvje\u0161taji za 2024. godinu<\/a><\/li>\n<li><a href=\"http:\/\/knjiznice.nsk.hr\/majur\/wp-content\/uploads\/sites\/56\/2025\/01\/BILJESKE_UZ_IZVJESTAJ.pdf\">Bilje\u0161ke uz financijske izvje\u0161taje za 2024. godinu<\/a><\/li>\n<li><a href=\"http:\/\/knjiznice.nsk.hr\/majur\/wp-content\/uploads\/sites\/56\/2024\/05\/Obrasci_financijskih_izvjestaja_za_2023.pdf\">Godi\u0161nji financijski izvje\u0161taji za 2023. godinu<\/a><\/li>\n<li><a href=\"http:\/\/knjiznice.nsk.hr\/majur\/wp-content\/uploads\/sites\/56\/2024\/05\/BILJESKE_UZ_IZVJESTAJ_ZA_2023..pdf\">Bilje\u0161ke uz financijske izvje\u0161taje za 2023. godinu<\/a><\/li>\n<li><a href=\"http:\/\/knjiznice.nsk.hr\/majur\/wp-content\/uploads\/sites\/56\/2023\/02\/Obrasci_financijskih_izvjestaja.pdf\">Godi\u0161nji financijski izvje\u0161taji za 2022. godinu<\/a><\/li>\n<li><a href=\"http:\/\/knjiznice.nsk.hr\/majur\/wp-content\/uploads\/sites\/56\/2023\/02\/BILJESKE_UZ_IZVJESTAJ_ZA_2022..pdf\">Bilje\u0161ke uz financijske izvje\u0161taje za 2022. godinu<\/a><\/li>\n<li><a href=\"http:\/\/knjiznice.nsk.hr\/majur\/wp-content\/uploads\/sites\/56\/2022\/03\/NKC_-_izvjestaj.pdf\">Godi\u0161nji financijski izvje\u0161taji za 2021. godinu<\/a><\/li>\n<li><a href=\"http:\/\/knjiznice.nsk.hr\/majur\/wp-content\/uploads\/sites\/56\/2022\/03\/BILJESKE_UZ_IZVJESTAJ_ZA_2021..pdf\">Bilje\u0161ke uz financijske izvje\u0161taje za 2021. godinu<\/a><\/li>\n<li><a href=\"http:\/\/knjiznice.nsk.hr\/majur\/wp-content\/uploads\/sites\/56\/2021\/03\/IZVJESTAJ_1.1.-31.12.2020._OBRASCI.pdf\" target=\"_blank\" rel=\"noopener\">Godi\u0161nji financijski izvje\u0161taji za 2020. godinu<\/a><\/li>\n<li><a href=\"http:\/\/knjiznice.nsk.hr\/majur\/wp-content\/uploads\/sites\/56\/2021\/03\/BILJESKE_UZ_IZVJESTAJ_ZA_2020..pdf\" target=\"_blank\" rel=\"noopener\">Bilje\u0161ke uz financijske izvje\u0161taje za 2020. godinu<\/a><\/li>\n<li><a href=\"http:\/\/knjiznice.nsk.hr\/majur\/wp-content\/uploads\/sites\/56\/2020\/02\/IZVJE\u0160TAJ_1.1.-31.12.2019._OBRASCI.pdf\" target=\"_blank\" rel=\"noopener noreferrer\">Godi\u0161nji financijski izvje\u0161taji za 2019. godinu<\/a><\/li>\n<li><a href=\"http:\/\/knjiznice.nsk.hr\/majur\/wp-content\/uploads\/sites\/56\/2020\/02\/BILJE\u0160KE_UZ_IZVJE\u0160TAJ_ZA_2019..pdf\" target=\"_blank\" rel=\"noopener noreferrer\">Bilje\u0161ke uz financijske izvje\u0161taje za 2019. godinu<\/a><\/li>\n<li><a href=\"http:\/\/knjiznice.nsk.hr\/majur\/wp-content\/uploads\/sites\/56\/2019\/01\/Godi\u0161nji-financijski-izvje\u0161taji-za-2018.-godinu.pdf\" target=\"_blank\" rel=\"noopener noreferrer\">Godi\u0161nji financijski izvje\u0161taji za 2018. godinu<\/a><\/li>\n<li><a href=\"http:\/\/knjiznice.nsk.hr\/majur\/wp-content\/uploads\/sites\/56\/2019\/01\/Bilje\u0161ke-uz-financijske-izvje\u0161taje-za-2018.-godinu.pdf\" target=\"_blank\" rel=\"noopener noreferrer\">Bilje\u0161ke uz financijske izvje\u0161taje za 2018. godinu<\/a><\/li>\n<li><a href=\"http:\/\/knjiznice.nsk.hr\/majur\/wp-content\/uploads\/sites\/56\/2019\/01\/Godi\u0161nji-financijski-izvje\u0161taji-za-2017.-godinu.pdf\" target=\"_blank\" rel=\"noopener noreferrer\">Godi\u0161nji financijski izvje\u0161taji za 2017. godinu<\/a><\/li>\n<li><a href=\"http:\/\/knjiznice.nsk.hr\/majur\/wp-content\/uploads\/sites\/56\/2019\/01\/Bilje\u0161ke-uz-financijske-izvje\u0161taje-za-2017.-godinu.pdf\" target=\"_blank\" rel=\"noopener noreferrer\">Bilje\u0161ke uz financijske izvje\u0161taje za 2017. godinu<\/a><\/li>\n<\/ul>\n","protected":false},"excerpt":{"rendered":"<p>PLANOVI I PROGRAMI RADA Zaklju\u010dak o usvajanju Plana i programa rada Narodne knji\u017enice i \u010ditaonice Majur za 2026. godinu Plan i program rada Narodne knji\u017enice i \u010ditaonice Majur za 2026. godinu Zaklju\u010dak o usvajanju Plana i programa rada Narodne knji\u017enice i \u010ditaonice Majur za 2025. godinu Plan i program rada Narodne knji\u017enice i \u010ditaonice Majur [&hellip;]<\/p>\n","protected":false},"author":53,"featured_media":0,"parent":0,"menu_order":0,"comment_status":"closed","ping_status":"closed","template":"","meta":{"ngg_post_thumbnail":0},"yoast_head":"<!-- This site is optimized with the Yoast SEO plugin v16.4 - https:\/\/yoast.com\/wordpress\/plugins\/seo\/ -->\n<meta name=\"robots\" content=\"index, follow, max-snippet:-1, max-image-preview:large, max-video-preview:-1\" \/>\n<link rel=\"canonical\" href=\"https:\/\/knjiznice.nsk.hr\/majur\/planovi-i-izvjesca\/\" \/>\n<meta property=\"og:locale\" content=\"hr_HR\" \/>\n<meta property=\"og:type\" content=\"article\" \/>\n<meta property=\"og:title\" content=\"Planovi i izvje\u0161\u0107a - Narodna knji\u017enica i \u010ditaonica Majur\" \/>\n<meta property=\"og:description\" content=\"PLANOVI I PROGRAMI RADA Zaklju\u010dak o usvajanju Plana i programa rada Narodne knji\u017enice i \u010ditaonice Majur za 2026. godinu Plan i program rada Narodne knji\u017enice i \u010ditaonice Majur za 2026. godinu Zaklju\u010dak o usvajanju Plana i programa rada Narodne knji\u017enice i \u010ditaonice Majur za 2025. godinu Plan i program rada Narodne knji\u017enice i \u010ditaonice Majur [&hellip;]\" \/>\n<meta property=\"og:url\" content=\"https:\/\/knjiznice.nsk.hr\/majur\/planovi-i-izvjesca\/\" \/>\n<meta property=\"og:site_name\" content=\"Narodna knji\u017enica i \u010ditaonica Majur\" \/>\n<meta property=\"article:modified_time\" content=\"2026-04-01T12:15:40+00:00\" \/>\n<meta name=\"twitter:label1\" content=\"Procijenjeno vrijeme \u010ditanja\" \/>\n\t<meta name=\"twitter:data1\" content=\"4 minute\" \/>\n<script type=\"application\/ld+json\" class=\"yoast-schema-graph\">{\"@context\":\"https:\/\/schema.org\",\"@graph\":[{\"@type\":\"WebSite\",\"@id\":\"http:\/\/knjiznice.nsk.hr\/majur\/#website\",\"url\":\"http:\/\/knjiznice.nsk.hr\/majur\/\",\"name\":\"Narodna knji\\u017enica i \\u010ditaonica Majur\",\"description\":\"\",\"potentialAction\":[{\"@type\":\"SearchAction\",\"target\":\"http:\/\/knjiznice.nsk.hr\/majur\/?s={search_term_string}\",\"query-input\":\"required name=search_term_string\"}],\"inLanguage\":\"hr\"},{\"@type\":\"WebPage\",\"@id\":\"https:\/\/knjiznice.nsk.hr\/majur\/planovi-i-izvjesca\/#webpage\",\"url\":\"https:\/\/knjiznice.nsk.hr\/majur\/planovi-i-izvjesca\/\",\"name\":\"Planovi i izvje\\u0161\\u0107a - Narodna knji\\u017enica i \\u010ditaonica Majur\",\"isPartOf\":{\"@id\":\"http:\/\/knjiznice.nsk.hr\/majur\/#website\"},\"datePublished\":\"2019-01-22T08:26:38+00:00\",\"dateModified\":\"2026-04-01T12:15:40+00:00\",\"breadcrumb\":{\"@id\":\"https:\/\/knjiznice.nsk.hr\/majur\/planovi-i-izvjesca\/#breadcrumb\"},\"inLanguage\":\"hr\",\"potentialAction\":[{\"@type\":\"ReadAction\",\"target\":[\"https:\/\/knjiznice.nsk.hr\/majur\/planovi-i-izvjesca\/\"]}]},{\"@type\":\"BreadcrumbList\",\"@id\":\"https:\/\/knjiznice.nsk.hr\/majur\/planovi-i-izvjesca\/#breadcrumb\",\"itemListElement\":[{\"@type\":\"ListItem\",\"position\":1,\"item\":{\"@type\":\"WebPage\",\"@id\":\"http:\/\/knjiznice.nsk.hr\/majur\/\",\"url\":\"http:\/\/knjiznice.nsk.hr\/majur\/\",\"name\":\"Po\\u010detna stranica\"}},{\"@type\":\"ListItem\",\"position\":2,\"item\":{\"@id\":\"https:\/\/knjiznice.nsk.hr\/majur\/planovi-i-izvjesca\/#webpage\"}}]}]}<\/script>\n<!-- \/ Yoast SEO plugin. -->","_links":{"self":[{"href":"https:\/\/knjiznice.nsk.hr\/majur\/wp-json\/wp\/v2\/pages\/96"}],"collection":[{"href":"https:\/\/knjiznice.nsk.hr\/majur\/wp-json\/wp\/v2\/pages"}],"about":[{"href":"https:\/\/knjiznice.nsk.hr\/majur\/wp-json\/wp\/v2\/types\/page"}],"author":[{"embeddable":true,"href":"https:\/\/knjiznice.nsk.hr\/majur\/wp-json\/wp\/v2\/users\/53"}],"replies":[{"embeddable":true,"href":"https:\/\/knjiznice.nsk.hr\/majur\/wp-json\/wp\/v2\/comments?post=96"}],"version-history":[{"count":46,"href":"https:\/\/knjiznice.nsk.hr\/majur\/wp-json\/wp\/v2\/pages\/96\/revisions"}],"predecessor-version":[{"id":661,"href":"https:\/\/knjiznice.nsk.hr\/majur\/wp-json\/wp\/v2\/pages\/96\/revisions\/661"}],"wp:attachment":[{"href":"https:\/\/knjiznice.nsk.hr\/majur\/wp-json\/wp\/v2\/media?parent=96"}],"curies":[{"name":"wp","href":"https:\/\/api.w.org\/{rel}","templated":true}]}}