{"id":92,"date":"2019-01-22T08:25:57","date_gmt":"2019-01-22T08:25:57","guid":{"rendered":"http:\/\/knjiznice.nsk.hr\/majur\/?page_id=92"},"modified":"2025-06-24T10:50:22","modified_gmt":"2025-06-24T10:50:22","slug":"statut-i-pravilnici","status":"publish","type":"page","link":"https:\/\/knjiznice.nsk.hr\/majur\/statut-i-pravilnici\/","title":{"rendered":"Statut i pravilnici"},"content":{"rendered":"<ul>\n<li><a href=\"http:\/\/knjiznice.nsk.hr\/majur\/wp-content\/uploads\/sites\/56\/2020\/11\/Statut-NKC-Majur-NOVI-2019..doc\">Statut Narodne knji\u017enice i \u010ditaonice Majur<\/a> (Slu\u017ebene novine Op\u0107ine Majur, broj 5\/19)<\/li>\n<li><a href=\"http:\/\/knjiznice.nsk.hr\/majur\/wp-content\/uploads\/sites\/56\/2024\/06\/2.-Statutarna-odluka-o-izmjenama-i-dopunama-Statuta-NKC-Majur-2019..doc\">Statutarna odluka o izmjenama i dopunama Statuta Narodne knji\u017enice i \u010ditaonice Majur<\/a> (Slu\u017ebene novine Op\u0107ine Majur, broj 2\/24)<\/li>\n<li><a href=\"http:\/\/knjiznice.nsk.hr\/majur\/wp-content\/uploads\/sites\/56\/2024\/12\/3.-Statutarna-odluka-o-izmjenama-i-dopunama-Statuta-NKC-Majur.doc\">Statutarna odluka o izmjenama i dopunama Statuta Narodne knji\u017enice i \u010ditaonice Majur<\/a> (Slu\u017ebene novine Op\u0107ine Majur, broj 4\/24)<\/li>\n<li><a href=\"http:\/\/knjiznice.nsk.hr\/majur\/wp-content\/uploads\/sites\/56\/2024\/12\/4.-Statut-NKC-Majur-PROCISCENI-TEKST.doc\">Statut Narodne knji\u017enice i \u010ditaonice Majur (pro\u010di\u0161\u0107eni tekst)<\/a><\/li>\n<\/ul>\n<p><!--more--><\/p>\n<ul>\n<li><a href=\"http:\/\/knjiznice.nsk.hr\/majur\/wp-content\/uploads\/sites\/56\/2024\/12\/Pravilnik-NOVI.doc\">Pravilnik o unutarnjem ustrojstvu i sistematizaciji radnih mjesta Narodne knji\u017enice i \u010ditaonice Majur<\/a><\/li>\n<li><a href=\"http:\/\/knjiznice.nsk.hr\/majur\/wp-content\/uploads\/sites\/56\/2025\/03\/2.-Pravilnik-o-unutarnjem-ustrojstvu-i-sistematizaciji-radnih-mjesta-NKC-Majur-\u2013-I.-izmjene.doc\">Pravilnik o unutarnjem ustrojstvu i sistematizaciji radnih mjesta Narodne knji\u017enice i \u010ditaonice Majur \u2013 I. izmjene<\/a><\/li>\n<li><a href=\"http:\/\/knjiznice.nsk.hr\/majur\/wp-content\/uploads\/sites\/56\/2025\/06\/3.-Pravilnik-o-unutarnjem-ustrojstvu-i-sistematizaciji-radnih-mjesta-NKC-Majur-\u2013-II.-izmjene.doc\">Pravilnik o unutarnjem ustrojstvu i sistematizaciji radnih mjesta Narodne knji\u017enice i \u010ditaonice Majur \u2013 II. izmjene<\/a><\/li>\n<\/ul>\n<p><!--more--><\/p>\n<ul>\n<li><a href=\"http:\/\/knjiznice.nsk.hr\/majur\/wp-content\/uploads\/sites\/56\/2019\/03\/Pravilnik-o-jednostavnoj-nabavi-roba-usluga-i-radova.pdf\" target=\"_blank\" rel=\"noopener noreferrer\">Pravilnik o jednostavnoj nabavi roba, usluga i radova<\/a><\/li>\n<\/ul>\n<p><!--more--><\/p>\n<ul>\n<li><a href=\"http:\/\/knjiznice.nsk.hr\/majur\/wp-content\/uploads\/sites\/56\/2022\/02\/Pravilnik-o-ostvarivanju-i-nacinu-koristenja-vlastitih-prihoda.docx\" rel=\"noopener\">Pravilnik o ostvarivanju i na\u010dinu kori\u0161tenja vlastitih prihoda<\/a><\/li>\n<\/ul>\n<p><!--more--><\/p>\n<ul>\n<li><a href=\"http:\/\/knjiznice.nsk.hr\/majur\/wp-content\/uploads\/sites\/56\/2022\/02\/Pravila-za-upravljanje-dokumentarnim-gradivom.docx\">Pravila za upravljanje javnim dokumentarnim gradivom Narodne knji\u017enice i \u010ditaonice Majur<\/a><\/li>\n<li><a href=\"http:\/\/knjiznice.nsk.hr\/majur\/wp-content\/uploads\/sites\/56\/2022\/02\/Popis-arhivskog-i-dokumentarnog-gradiva-s-rokovima-cuvanja.doc\">Popis dokumentarnog gradiva s rokovima \u010duvanja<\/a><\/li>\n<\/ul>\n<p><!--more--><\/p>\n<ul>\n<li><a href=\"http:\/\/knjiznice.nsk.hr\/majur\/wp-content\/uploads\/sites\/56\/2019\/01\/Pravilnik-o-posudbi-i-kori\u0161tenju-knji\u017eni\u010dne-gra\u0111e-Narodne-knji\u017enice-i-\u010ditaonice-Majur.pdf\" target=\"_blank\" rel=\"noopener noreferrer\">Pravilnik o posudbi i kori\u0161tenju knji\u017eni\u010dne gra\u0111e Narodne knji\u017enice i \u010ditaonice Majur<\/a><\/li>\n<\/ul>\n","protected":false},"excerpt":{"rendered":"<p>Statut Narodne knji\u017enice i \u010ditaonice Majur (Slu\u017ebene novine Op\u0107ine Majur, broj 5\/19) Statutarna odluka o izmjenama i dopunama Statuta Narodne knji\u017enice i \u010ditaonice Majur (Slu\u017ebene novine Op\u0107ine Majur, broj 2\/24) Statutarna odluka o izmjenama i dopunama Statuta Narodne knji\u017enice i \u010ditaonice Majur (Slu\u017ebene novine Op\u0107ine Majur, broj 4\/24) Statut Narodne knji\u017enice i \u010ditaonice Majur (pro\u010di\u0161\u0107eni [&hellip;]<\/p>\n","protected":false},"author":53,"featured_media":0,"parent":0,"menu_order":0,"comment_status":"closed","ping_status":"closed","template":"","meta":{"ngg_post_thumbnail":0},"yoast_head":"<!-- This site is optimized with the Yoast SEO plugin v16.4 - https:\/\/yoast.com\/wordpress\/plugins\/seo\/ -->\n<meta name=\"robots\" content=\"index, follow, max-snippet:-1, max-image-preview:large, max-video-preview:-1\" \/>\n<link rel=\"canonical\" href=\"https:\/\/knjiznice.nsk.hr\/majur\/statut-i-pravilnici\/\" \/>\n<meta property=\"og:locale\" content=\"hr_HR\" \/>\n<meta property=\"og:type\" content=\"article\" \/>\n<meta property=\"og:title\" content=\"Statut i pravilnici - Narodna knji\u017enica i \u010ditaonica Majur\" \/>\n<meta property=\"og:description\" content=\"Statut Narodne knji\u017enice i \u010ditaonice Majur (Slu\u017ebene novine Op\u0107ine Majur, broj 5\/19) Statutarna odluka o izmjenama i dopunama Statuta Narodne knji\u017enice i \u010ditaonice Majur (Slu\u017ebene novine Op\u0107ine Majur, broj 2\/24) Statutarna odluka o izmjenama i dopunama Statuta Narodne knji\u017enice i \u010ditaonice Majur (Slu\u017ebene novine Op\u0107ine Majur, broj 4\/24) Statut Narodne knji\u017enice i \u010ditaonice Majur (pro\u010di\u0161\u0107eni [&hellip;]\" \/>\n<meta property=\"og:url\" content=\"https:\/\/knjiznice.nsk.hr\/majur\/statut-i-pravilnici\/\" \/>\n<meta property=\"og:site_name\" content=\"Narodna knji\u017enica i \u010ditaonica Majur\" \/>\n<meta property=\"article:modified_time\" content=\"2025-06-24T10:50:22+00:00\" \/>\n<meta name=\"twitter:label1\" content=\"Procijenjeno vrijeme \u010ditanja\" \/>\n\t<meta name=\"twitter:data1\" content=\"1 minuta\" \/>\n<script type=\"application\/ld+json\" class=\"yoast-schema-graph\">{\"@context\":\"https:\/\/schema.org\",\"@graph\":[{\"@type\":\"WebSite\",\"@id\":\"https:\/\/knjiznice.nsk.hr\/majur\/#website\",\"url\":\"https:\/\/knjiznice.nsk.hr\/majur\/\",\"name\":\"Narodna knji\\u017enica i \\u010ditaonica Majur\",\"description\":\"\",\"potentialAction\":[{\"@type\":\"SearchAction\",\"target\":\"https:\/\/knjiznice.nsk.hr\/majur\/?s={search_term_string}\",\"query-input\":\"required name=search_term_string\"}],\"inLanguage\":\"hr\"},{\"@type\":\"WebPage\",\"@id\":\"https:\/\/knjiznice.nsk.hr\/majur\/statut-i-pravilnici\/#webpage\",\"url\":\"https:\/\/knjiznice.nsk.hr\/majur\/statut-i-pravilnici\/\",\"name\":\"Statut i pravilnici - Narodna knji\\u017enica i \\u010ditaonica Majur\",\"isPartOf\":{\"@id\":\"https:\/\/knjiznice.nsk.hr\/majur\/#website\"},\"datePublished\":\"2019-01-22T08:25:57+00:00\",\"dateModified\":\"2025-06-24T10:50:22+00:00\",\"breadcrumb\":{\"@id\":\"https:\/\/knjiznice.nsk.hr\/majur\/statut-i-pravilnici\/#breadcrumb\"},\"inLanguage\":\"hr\",\"potentialAction\":[{\"@type\":\"ReadAction\",\"target\":[\"https:\/\/knjiznice.nsk.hr\/majur\/statut-i-pravilnici\/\"]}]},{\"@type\":\"BreadcrumbList\",\"@id\":\"https:\/\/knjiznice.nsk.hr\/majur\/statut-i-pravilnici\/#breadcrumb\",\"itemListElement\":[{\"@type\":\"ListItem\",\"position\":1,\"item\":{\"@type\":\"WebPage\",\"@id\":\"https:\/\/knjiznice.nsk.hr\/majur\/\",\"url\":\"https:\/\/knjiznice.nsk.hr\/majur\/\",\"name\":\"Po\\u010detna stranica\"}},{\"@type\":\"ListItem\",\"position\":2,\"item\":{\"@id\":\"https:\/\/knjiznice.nsk.hr\/majur\/statut-i-pravilnici\/#webpage\"}}]}]}<\/script>\n<!-- \/ Yoast SEO plugin. -->","_links":{"self":[{"href":"https:\/\/knjiznice.nsk.hr\/majur\/wp-json\/wp\/v2\/pages\/92"}],"collection":[{"href":"https:\/\/knjiznice.nsk.hr\/majur\/wp-json\/wp\/v2\/pages"}],"about":[{"href":"https:\/\/knjiznice.nsk.hr\/majur\/wp-json\/wp\/v2\/types\/page"}],"author":[{"embeddable":true,"href":"https:\/\/knjiznice.nsk.hr\/majur\/wp-json\/wp\/v2\/users\/53"}],"replies":[{"embeddable":true,"href":"https:\/\/knjiznice.nsk.hr\/majur\/wp-json\/wp\/v2\/comments?post=92"}],"version-history":[{"count":34,"href":"https:\/\/knjiznice.nsk.hr\/majur\/wp-json\/wp\/v2\/pages\/92\/revisions"}],"predecessor-version":[{"id":623,"href":"https:\/\/knjiznice.nsk.hr\/majur\/wp-json\/wp\/v2\/pages\/92\/revisions\/623"}],"wp:attachment":[{"href":"https:\/\/knjiznice.nsk.hr\/majur\/wp-json\/wp\/v2\/media?parent=92"}],"curies":[{"name":"wp","href":"https:\/\/api.w.org\/{rel}","templated":true}]}}