{"id":88,"date":"2019-01-22T08:24:45","date_gmt":"2019-01-22T08:24:45","guid":{"rendered":"http:\/\/knjiznice.nsk.hr\/majur\/?page_id=88"},"modified":"2019-01-25T11:04:12","modified_gmt":"2019-01-25T11:04:12","slug":"o-knjiznici","status":"publish","type":"page","link":"https:\/\/knjiznice.nsk.hr\/majur\/o-knjiznici\/","title":{"rendered":"O knji\u017enici"},"content":{"rendered":"<div id=\"metaslider-id-60\" style=\"max-width: 700px;\" class=\"ml-slider-3-20-3 metaslider metaslider-flex metaslider-60 ml-slider\">\n    <div id=\"metaslider_container_60\">\n        <div id=\"metaslider_60\">\n            <ul aria-live=\"polite\" class=\"slides\">\n                <li style=\"display: block; width: 100%;\" class=\"slide-238 ms-image\"><img src=\"https:\/\/knjiznice.nsk.hr\/majur\/wp-content\/uploads\/sites\/56\/2019\/01\/DSC04525-700x300.jpg\" height=\"300\" width=\"700\" alt=\"\" class=\"slider-60 slide-238\" title=\"DSC04525\" \/><\/li>\n                <li style=\"display: none; width: 100%;\" class=\"slide-239 ms-image\"><img src=\"https:\/\/knjiznice.nsk.hr\/majur\/wp-content\/uploads\/sites\/56\/2019\/01\/P1120850-667x285.jpg\" height=\"300\" width=\"700\" alt=\"\" class=\"slider-60 slide-239\" title=\"P1120850\" \/><\/li>\n                <li style=\"display: none; width: 100%;\" class=\"slide-240 ms-image\"><img src=\"https:\/\/knjiznice.nsk.hr\/majur\/wp-content\/uploads\/sites\/56\/2019\/01\/P1120684-667x285.jpg\" height=\"300\" width=\"700\" alt=\"\" class=\"slider-60 slide-240\" title=\"P1120684\" \/><\/li>\n                <li style=\"display: none; width: 100%;\" class=\"slide-241 ms-image\"><img src=\"https:\/\/knjiznice.nsk.hr\/majur\/wp-content\/uploads\/sites\/56\/2019\/01\/P1120459-667x285.jpg\" height=\"300\" width=\"700\" alt=\"\" class=\"slider-60 slide-241\" title=\"P1120459\" \/><\/li>\n                <li style=\"display: none; width: 100%;\" class=\"slide-242 ms-image\"><img src=\"https:\/\/knjiznice.nsk.hr\/majur\/wp-content\/uploads\/sites\/56\/2019\/01\/P1120982-667x285.jpg\" height=\"300\" width=\"700\" alt=\"\" class=\"slider-60 slide-242\" title=\"P1120982\" \/><\/li>\n            <\/ul>\n        <\/div>\n        \n    <\/div>\n<\/div>\n<p>Narodna knji\u017enica i \u010ditaonica Majur osnovana je odlukom Op\u0107inskog vije\u0107a Op\u0107ine Majur 2003. godine i zapo\u010dela je s radom 10. svibnja 2005. godine.<\/p>\n<p>Prostor Knji\u017enice od 113 m<sup>2<\/sup>&nbsp;obuhva\u0107a&nbsp;Odjel za odrasle, Dje\u010dji odjel i Multimedijski odjel. Knji\u017enica je opremljena s 4 ra\u010dunala za korisnike s pristupom internetu te skenerom, pisa\u010dima i drugom ra\u010dunalnom opremom. U prostoru knji\u017enice nalazi se \u010ditaonica dnevnog, tjednog i mjese\u010dnog tiska te igraonica za djecu opremljena didakti\u010dkim igra\u010dkama, dru\u0161tvenim igrama i Playstation-om.<\/p>\n<p>Knji\u017enicom upravlja i rukovodi ravnateljica Suzana Tumurad, dipl. knji\u017eni\u010dar.<\/p>\n<h6>Kontakt podaci:<\/h6>\n<p>Telefon: 044\/ 858 064<\/p>\n<p>E-mail: nkc_majur@net.hr<\/p>\n<p>&nbsp;<\/p>\n","protected":false},"excerpt":{"rendered":"<p>Narodna knji\u017enica i \u010ditaonica Majur osnovana je odlukom Op\u0107inskog vije\u0107a Op\u0107ine Majur 2003. godine i zapo\u010dela je s radom 10. svibnja 2005. godine. Prostor Knji\u017enice od 113 m2&nbsp;obuhva\u0107a&nbsp;Odjel za odrasle, Dje\u010dji odjel i Multimedijski odjel. Knji\u017enica je opremljena s 4 ra\u010dunala za korisnike s pristupom internetu te skenerom, pisa\u010dima i drugom ra\u010dunalnom opremom. U prostoru [&hellip;]<\/p>\n","protected":false},"author":53,"featured_media":0,"parent":0,"menu_order":0,"comment_status":"closed","ping_status":"closed","template":"","meta":{"ngg_post_thumbnail":0},"yoast_head":"<!-- This site is optimized with the Yoast SEO plugin v16.4 - https:\/\/yoast.com\/wordpress\/plugins\/seo\/ -->\n<meta name=\"robots\" content=\"index, follow, max-snippet:-1, max-image-preview:large, max-video-preview:-1\" \/>\n<link rel=\"canonical\" href=\"https:\/\/knjiznice.nsk.hr\/majur\/o-knjiznici\/\" \/>\n<meta property=\"og:locale\" content=\"hr_HR\" \/>\n<meta property=\"og:type\" content=\"article\" \/>\n<meta property=\"og:title\" content=\"O knji\u017enici - Narodna knji\u017enica i \u010ditaonica Majur\" \/>\n<meta property=\"og:description\" content=\"Narodna knji\u017enica i \u010ditaonica Majur osnovana je odlukom Op\u0107inskog vije\u0107a Op\u0107ine Majur 2003. godine i zapo\u010dela je s radom 10. svibnja 2005. godine. Prostor Knji\u017enice od 113 m2&nbsp;obuhva\u0107a&nbsp;Odjel za odrasle, Dje\u010dji odjel i Multimedijski odjel. Knji\u017enica je opremljena s 4 ra\u010dunala za korisnike s pristupom internetu te skenerom, pisa\u010dima i drugom ra\u010dunalnom opremom. U prostoru [&hellip;]\" \/>\n<meta property=\"og:url\" content=\"https:\/\/knjiznice.nsk.hr\/majur\/o-knjiznici\/\" \/>\n<meta property=\"og:site_name\" content=\"Narodna knji\u017enica i \u010ditaonica Majur\" \/>\n<meta property=\"article:modified_time\" content=\"2019-01-25T11:04:12+00:00\" \/>\n<meta name=\"twitter:label1\" content=\"Procijenjeno vrijeme \u010ditanja\" \/>\n\t<meta name=\"twitter:data1\" content=\"1 minuta\" \/>\n<script type=\"application\/ld+json\" class=\"yoast-schema-graph\">{\"@context\":\"https:\/\/schema.org\",\"@graph\":[{\"@type\":\"WebSite\",\"@id\":\"http:\/\/knjiznice.nsk.hr\/majur\/#website\",\"url\":\"http:\/\/knjiznice.nsk.hr\/majur\/\",\"name\":\"Narodna knji\\u017enica i \\u010ditaonica Majur\",\"description\":\"\",\"potentialAction\":[{\"@type\":\"SearchAction\",\"target\":\"http:\/\/knjiznice.nsk.hr\/majur\/?s={search_term_string}\",\"query-input\":\"required name=search_term_string\"}],\"inLanguage\":\"hr\"},{\"@type\":\"WebPage\",\"@id\":\"https:\/\/knjiznice.nsk.hr\/majur\/o-knjiznici\/#webpage\",\"url\":\"https:\/\/knjiznice.nsk.hr\/majur\/o-knjiznici\/\",\"name\":\"O knji\\u017enici - Narodna knji\\u017enica i \\u010ditaonica Majur\",\"isPartOf\":{\"@id\":\"http:\/\/knjiznice.nsk.hr\/majur\/#website\"},\"datePublished\":\"2019-01-22T08:24:45+00:00\",\"dateModified\":\"2019-01-25T11:04:12+00:00\",\"breadcrumb\":{\"@id\":\"https:\/\/knjiznice.nsk.hr\/majur\/o-knjiznici\/#breadcrumb\"},\"inLanguage\":\"hr\",\"potentialAction\":[{\"@type\":\"ReadAction\",\"target\":[\"https:\/\/knjiznice.nsk.hr\/majur\/o-knjiznici\/\"]}]},{\"@type\":\"BreadcrumbList\",\"@id\":\"https:\/\/knjiznice.nsk.hr\/majur\/o-knjiznici\/#breadcrumb\",\"itemListElement\":[{\"@type\":\"ListItem\",\"position\":1,\"item\":{\"@type\":\"WebPage\",\"@id\":\"http:\/\/knjiznice.nsk.hr\/majur\/\",\"url\":\"http:\/\/knjiznice.nsk.hr\/majur\/\",\"name\":\"Po\\u010detna stranica\"}},{\"@type\":\"ListItem\",\"position\":2,\"item\":{\"@id\":\"https:\/\/knjiznice.nsk.hr\/majur\/o-knjiznici\/#webpage\"}}]}]}<\/script>\n<!-- \/ Yoast SEO plugin. -->","_links":{"self":[{"href":"https:\/\/knjiznice.nsk.hr\/majur\/wp-json\/wp\/v2\/pages\/88"}],"collection":[{"href":"https:\/\/knjiznice.nsk.hr\/majur\/wp-json\/wp\/v2\/pages"}],"about":[{"href":"https:\/\/knjiznice.nsk.hr\/majur\/wp-json\/wp\/v2\/types\/page"}],"author":[{"embeddable":true,"href":"https:\/\/knjiznice.nsk.hr\/majur\/wp-json\/wp\/v2\/users\/53"}],"replies":[{"embeddable":true,"href":"https:\/\/knjiznice.nsk.hr\/majur\/wp-json\/wp\/v2\/comments?post=88"}],"version-history":[{"count":10,"href":"https:\/\/knjiznice.nsk.hr\/majur\/wp-json\/wp\/v2\/pages\/88\/revisions"}],"predecessor-version":[{"id":264,"href":"https:\/\/knjiznice.nsk.hr\/majur\/wp-json\/wp\/v2\/pages\/88\/revisions\/264"}],"wp:attachment":[{"href":"https:\/\/knjiznice.nsk.hr\/majur\/wp-json\/wp\/v2\/media?parent=88"}],"curies":[{"name":"wp","href":"https:\/\/api.w.org\/{rel}","templated":true}]}}