{"id":416,"date":"2021-06-18T11:41:19","date_gmt":"2021-06-18T11:41:19","guid":{"rendered":"http:\/\/knjiznice.nsk.hr\/majur\/?page_id=416"},"modified":"2026-01-26T09:45:15","modified_gmt":"2026-01-26T09:45:15","slug":"natjecaji","status":"publish","type":"page","link":"https:\/\/knjiznice.nsk.hr\/majur\/natjecaji\/","title":{"rendered":"Natje\u010daji i interni oglasi"},"content":{"rendered":"<ul>\n<li><a href=\"http:\/\/knjiznice.nsk.hr\/majur\/wp-content\/uploads\/sites\/56\/2026\/01\/2.-Interni-oglas.docx\">Interni oglas za radno mjesto vi\u0161i\/a stru\u010dni\/a suradnik\/ca za ra\u010dunovodstvo (4.4.2025.)<\/a><\/li>\n<li><a href=\"http:\/\/knjiznice.nsk.hr\/majur\/wp-content\/uploads\/sites\/56\/2024\/08\/Natjecaj-spremacica.docx\">Natje\u010daj za radno mjesto sprema\u010d\/ica (12.8.2024.)<\/a><\/li>\n<li><a href=\"http:\/\/knjiznice.nsk.hr\/majur\/wp-content\/uploads\/sites\/56\/2024\/04\/2.-Natjecaj.docx\">Natje\u010daj za radno mjesto vi\u0161i\/a ra\u010dunovodstveni\/a referent\/ica (2.4.2024.)<\/a><\/li>\n<li><a href=\"http:\/\/knjiznice.nsk.hr\/majur\/wp-content\/uploads\/sites\/56\/2024\/04\/2.-Natjecaj-1.docx\">Natje\u010daj za radno mjesto referent\/ica za kulturnu djelatnost (12.2.2024.)<\/a><\/li>\n<li><a href=\"http:\/\/knjiznice.nsk.hr\/majur\/wp-content\/uploads\/sites\/56\/2023\/09\/2.-Natjecaj.docx\">Natje\u010daj za radno mjesto sprema\u010d\/ica (8.9.2023.)<\/a><\/li>\n<li><a href=\"http:\/\/knjiznice.nsk.hr\/majur\/wp-content\/uploads\/sites\/56\/2023\/02\/2.-Natjecaj.docx\">Natje\u010daj za radno mjesto referent\/ica za kulturnu djelatnost (15.2.2023.)<\/a><\/li>\n<li><a href=\"http:\/\/knjiznice.nsk.hr\/majur\/wp-content\/uploads\/sites\/56\/2023\/05\/Natjecaj-za-izbor-ravnatelja.docx\">Natje\u010daj za izbor ravnatelja Narodne knji\u017enice i \u010ditaonice Majur (3.2.2023.)<\/a><\/li>\n<li><a href=\"http:\/\/knjiznice.nsk.hr\/majur\/wp-content\/uploads\/sites\/56\/2023\/01\/2.-Natjecaj.docx\">Natje\u010daj za radno mjesto vi\u0161i\/a referent\/ica za kulturnu djelatnost (15.6.2022.)<\/a><\/li>\n<li><a href=\"http:\/\/knjiznice.nsk.hr\/majur\/wp-content\/uploads\/sites\/56\/2021\/06\/Natjecaj.pdf\">Natje\u010daj za radno mjesto ra\u010dunovodstveni\/a referent\/ica (18.6.2021.)<\/a><\/li>\n<li><a href=\"http:\/\/knjiznice.nsk.hr\/majur\/wp-content\/uploads\/sites\/56\/2021\/06\/Obavijest-o-prethodnoj-provjeri-znanja-i-sposobnosti.pdf\">Obavijest o prethodnoj provjeri znanja i sposobnosti (30.6.2021.)<\/a><\/li>\n<\/ul>\n","protected":false},"excerpt":{"rendered":"<p>Interni oglas za radno mjesto vi\u0161i\/a stru\u010dni\/a suradnik\/ca za ra\u010dunovodstvo (4.4.2025.) Natje\u010daj za radno mjesto sprema\u010d\/ica (12.8.2024.) Natje\u010daj za radno mjesto vi\u0161i\/a ra\u010dunovodstveni\/a referent\/ica (2.4.2024.) Natje\u010daj za radno mjesto referent\/ica za kulturnu djelatnost (12.2.2024.) Natje\u010daj za radno mjesto sprema\u010d\/ica (8.9.2023.) Natje\u010daj za radno mjesto referent\/ica za kulturnu djelatnost (15.2.2023.) Natje\u010daj za izbor ravnatelja Narodne knji\u017enice [&hellip;]<\/p>\n","protected":false},"author":53,"featured_media":0,"parent":0,"menu_order":0,"comment_status":"closed","ping_status":"closed","template":"","meta":{"ngg_post_thumbnail":0},"yoast_head":"<!-- This site is optimized with the Yoast SEO plugin v16.4 - https:\/\/yoast.com\/wordpress\/plugins\/seo\/ -->\n<meta name=\"robots\" content=\"index, follow, max-snippet:-1, max-image-preview:large, max-video-preview:-1\" \/>\n<link rel=\"canonical\" href=\"https:\/\/knjiznice.nsk.hr\/majur\/natjecaji\/\" \/>\n<meta property=\"og:locale\" content=\"hr_HR\" \/>\n<meta property=\"og:type\" content=\"article\" \/>\n<meta property=\"og:title\" content=\"Natje\u010daji i interni oglasi - Narodna knji\u017enica i \u010ditaonica Majur\" \/>\n<meta property=\"og:description\" content=\"Interni oglas za radno mjesto vi\u0161i\/a stru\u010dni\/a suradnik\/ca za ra\u010dunovodstvo (4.4.2025.) Natje\u010daj za radno mjesto sprema\u010d\/ica (12.8.2024.) Natje\u010daj za radno mjesto vi\u0161i\/a ra\u010dunovodstveni\/a referent\/ica (2.4.2024.) Natje\u010daj za radno mjesto referent\/ica za kulturnu djelatnost (12.2.2024.) Natje\u010daj za radno mjesto sprema\u010d\/ica (8.9.2023.) Natje\u010daj za radno mjesto referent\/ica za kulturnu djelatnost (15.2.2023.) Natje\u010daj za izbor ravnatelja Narodne knji\u017enice [&hellip;]\" \/>\n<meta property=\"og:url\" content=\"https:\/\/knjiznice.nsk.hr\/majur\/natjecaji\/\" \/>\n<meta property=\"og:site_name\" content=\"Narodna knji\u017enica i \u010ditaonica Majur\" \/>\n<meta property=\"article:modified_time\" content=\"2026-01-26T09:45:15+00:00\" \/>\n<meta name=\"twitter:label1\" content=\"Procijenjeno vrijeme \u010ditanja\" \/>\n\t<meta name=\"twitter:data1\" content=\"1 minuta\" \/>\n<script type=\"application\/ld+json\" class=\"yoast-schema-graph\">{\"@context\":\"https:\/\/schema.org\",\"@graph\":[{\"@type\":\"WebSite\",\"@id\":\"http:\/\/knjiznice.nsk.hr\/majur\/#website\",\"url\":\"http:\/\/knjiznice.nsk.hr\/majur\/\",\"name\":\"Narodna knji\\u017enica i \\u010ditaonica Majur\",\"description\":\"\",\"potentialAction\":[{\"@type\":\"SearchAction\",\"target\":\"http:\/\/knjiznice.nsk.hr\/majur\/?s={search_term_string}\",\"query-input\":\"required name=search_term_string\"}],\"inLanguage\":\"hr\"},{\"@type\":\"WebPage\",\"@id\":\"https:\/\/knjiznice.nsk.hr\/majur\/natjecaji\/#webpage\",\"url\":\"https:\/\/knjiznice.nsk.hr\/majur\/natjecaji\/\",\"name\":\"Natje\\u010daji i interni oglasi - Narodna knji\\u017enica i \\u010ditaonica Majur\",\"isPartOf\":{\"@id\":\"http:\/\/knjiznice.nsk.hr\/majur\/#website\"},\"datePublished\":\"2021-06-18T11:41:19+00:00\",\"dateModified\":\"2026-01-26T09:45:15+00:00\",\"breadcrumb\":{\"@id\":\"https:\/\/knjiznice.nsk.hr\/majur\/natjecaji\/#breadcrumb\"},\"inLanguage\":\"hr\",\"potentialAction\":[{\"@type\":\"ReadAction\",\"target\":[\"https:\/\/knjiznice.nsk.hr\/majur\/natjecaji\/\"]}]},{\"@type\":\"BreadcrumbList\",\"@id\":\"https:\/\/knjiznice.nsk.hr\/majur\/natjecaji\/#breadcrumb\",\"itemListElement\":[{\"@type\":\"ListItem\",\"position\":1,\"item\":{\"@type\":\"WebPage\",\"@id\":\"http:\/\/knjiznice.nsk.hr\/majur\/\",\"url\":\"http:\/\/knjiznice.nsk.hr\/majur\/\",\"name\":\"Po\\u010detna stranica\"}},{\"@type\":\"ListItem\",\"position\":2,\"item\":{\"@id\":\"https:\/\/knjiznice.nsk.hr\/majur\/natjecaji\/#webpage\"}}]}]}<\/script>\n<!-- \/ Yoast SEO plugin. -->","_links":{"self":[{"href":"https:\/\/knjiznice.nsk.hr\/majur\/wp-json\/wp\/v2\/pages\/416"}],"collection":[{"href":"https:\/\/knjiznice.nsk.hr\/majur\/wp-json\/wp\/v2\/pages"}],"about":[{"href":"https:\/\/knjiznice.nsk.hr\/majur\/wp-json\/wp\/v2\/types\/page"}],"author":[{"embeddable":true,"href":"https:\/\/knjiznice.nsk.hr\/majur\/wp-json\/wp\/v2\/users\/53"}],"replies":[{"embeddable":true,"href":"https:\/\/knjiznice.nsk.hr\/majur\/wp-json\/wp\/v2\/comments?post=416"}],"version-history":[{"count":16,"href":"https:\/\/knjiznice.nsk.hr\/majur\/wp-json\/wp\/v2\/pages\/416\/revisions"}],"predecessor-version":[{"id":645,"href":"https:\/\/knjiznice.nsk.hr\/majur\/wp-json\/wp\/v2\/pages\/416\/revisions\/645"}],"wp:attachment":[{"href":"https:\/\/knjiznice.nsk.hr\/majur\/wp-json\/wp\/v2\/media?parent=416"}],"curies":[{"name":"wp","href":"https:\/\/api.w.org\/{rel}","templated":true}]}}