{"id":369,"date":"2020-10-15T10:34:20","date_gmt":"2020-10-15T10:34:20","guid":{"rendered":"http:\/\/knjiznice.nsk.hr\/majur\/?page_id=369"},"modified":"2020-10-15T10:34:20","modified_gmt":"2020-10-15T10:34:20","slug":"fiskalna-odgovornost","status":"publish","type":"page","link":"https:\/\/knjiznice.nsk.hr\/majur\/fiskalna-odgovornost\/","title":{"rendered":"Fiskalna odgovornost"},"content":{"rendered":"<p><a href=\"http:\/\/knjiznice.nsk.hr\/majur\/wp-content\/uploads\/sites\/56\/2020\/10\/Procedura-zaprimanja-racuna.docx\">Procedura zaprimanja ra\u010duna, njihovoj provjeri i pravovremenom pla\u0107anju<\/a><\/p>\n<p><a href=\"http:\/\/knjiznice.nsk.hr\/majur\/wp-content\/uploads\/sites\/56\/2020\/10\/Procedura-stvaranja-ugovornih-obveza.docx\">Procedura stvaranja ugovornih obveza<\/a><\/p>\n<p><a href=\"http:\/\/knjiznice.nsk.hr\/majur\/wp-content\/uploads\/sites\/56\/2020\/10\/Procedura-obracuna-i-naplate-vlastitih-prihoda.docx\">Procedura obra\u010duna i naplate vlastitih prihoda<\/a><\/p>\n<p><a href=\"http:\/\/knjiznice.nsk.hr\/majur\/wp-content\/uploads\/sites\/56\/2020\/10\/Procedura-izdavanja-naloga-za-sluzbeni-put.docx\">Procedura izdavanja naloga za slu\u017ebeni put i&nbsp;njihov obra\u010dun<\/a><\/p>\n<p><a href=\"http:\/\/knjiznice.nsk.hr\/majur\/wp-content\/uploads\/sites\/56\/2020\/10\/Procedura-blagajnickog-poslovanja.docx\">Procedura blagajni\u010dkog poslovanja<\/a><\/p>\n","protected":false},"excerpt":{"rendered":"<p>Procedura zaprimanja ra\u010duna, njihovoj provjeri i pravovremenom pla\u0107anju Procedura stvaranja ugovornih obveza Procedura obra\u010duna i naplate vlastitih prihoda Procedura izdavanja naloga za slu\u017ebeni put i&nbsp;njihov obra\u010dun Procedura blagajni\u010dkog poslovanja<\/p>\n","protected":false},"author":53,"featured_media":0,"parent":0,"menu_order":0,"comment_status":"closed","ping_status":"closed","template":"","meta":{"ngg_post_thumbnail":0},"yoast_head":"<!-- This site is optimized with the Yoast SEO plugin v16.4 - https:\/\/yoast.com\/wordpress\/plugins\/seo\/ -->\n<meta name=\"robots\" content=\"index, follow, max-snippet:-1, max-image-preview:large, max-video-preview:-1\" \/>\n<link rel=\"canonical\" href=\"https:\/\/knjiznice.nsk.hr\/majur\/fiskalna-odgovornost\/\" \/>\n<meta property=\"og:locale\" content=\"hr_HR\" \/>\n<meta property=\"og:type\" content=\"article\" \/>\n<meta property=\"og:title\" content=\"Fiskalna odgovornost - Narodna knji\u017enica i \u010ditaonica Majur\" \/>\n<meta property=\"og:description\" content=\"Procedura zaprimanja ra\u010duna, njihovoj provjeri i pravovremenom pla\u0107anju Procedura stvaranja ugovornih obveza Procedura obra\u010duna i naplate vlastitih prihoda Procedura izdavanja naloga za slu\u017ebeni put i&nbsp;njihov obra\u010dun Procedura blagajni\u010dkog poslovanja\" \/>\n<meta property=\"og:url\" content=\"https:\/\/knjiznice.nsk.hr\/majur\/fiskalna-odgovornost\/\" \/>\n<meta property=\"og:site_name\" content=\"Narodna knji\u017enica i \u010ditaonica Majur\" \/>\n<script type=\"application\/ld+json\" class=\"yoast-schema-graph\">{\"@context\":\"https:\/\/schema.org\",\"@graph\":[{\"@type\":\"WebSite\",\"@id\":\"https:\/\/knjiznice.nsk.hr\/majur\/#website\",\"url\":\"https:\/\/knjiznice.nsk.hr\/majur\/\",\"name\":\"Narodna knji\\u017enica i \\u010ditaonica Majur\",\"description\":\"\",\"potentialAction\":[{\"@type\":\"SearchAction\",\"target\":\"https:\/\/knjiznice.nsk.hr\/majur\/?s={search_term_string}\",\"query-input\":\"required name=search_term_string\"}],\"inLanguage\":\"hr\"},{\"@type\":\"WebPage\",\"@id\":\"https:\/\/knjiznice.nsk.hr\/majur\/fiskalna-odgovornost\/#webpage\",\"url\":\"https:\/\/knjiznice.nsk.hr\/majur\/fiskalna-odgovornost\/\",\"name\":\"Fiskalna odgovornost - Narodna knji\\u017enica i \\u010ditaonica Majur\",\"isPartOf\":{\"@id\":\"https:\/\/knjiznice.nsk.hr\/majur\/#website\"},\"datePublished\":\"2020-10-15T10:34:20+00:00\",\"dateModified\":\"2020-10-15T10:34:20+00:00\",\"breadcrumb\":{\"@id\":\"https:\/\/knjiznice.nsk.hr\/majur\/fiskalna-odgovornost\/#breadcrumb\"},\"inLanguage\":\"hr\",\"potentialAction\":[{\"@type\":\"ReadAction\",\"target\":[\"https:\/\/knjiznice.nsk.hr\/majur\/fiskalna-odgovornost\/\"]}]},{\"@type\":\"BreadcrumbList\",\"@id\":\"https:\/\/knjiznice.nsk.hr\/majur\/fiskalna-odgovornost\/#breadcrumb\",\"itemListElement\":[{\"@type\":\"ListItem\",\"position\":1,\"item\":{\"@type\":\"WebPage\",\"@id\":\"https:\/\/knjiznice.nsk.hr\/majur\/\",\"url\":\"https:\/\/knjiznice.nsk.hr\/majur\/\",\"name\":\"Po\\u010detna stranica\"}},{\"@type\":\"ListItem\",\"position\":2,\"item\":{\"@id\":\"https:\/\/knjiznice.nsk.hr\/majur\/fiskalna-odgovornost\/#webpage\"}}]}]}<\/script>\n<!-- \/ Yoast SEO plugin. -->","_links":{"self":[{"href":"https:\/\/knjiznice.nsk.hr\/majur\/wp-json\/wp\/v2\/pages\/369"}],"collection":[{"href":"https:\/\/knjiznice.nsk.hr\/majur\/wp-json\/wp\/v2\/pages"}],"about":[{"href":"https:\/\/knjiznice.nsk.hr\/majur\/wp-json\/wp\/v2\/types\/page"}],"author":[{"embeddable":true,"href":"https:\/\/knjiznice.nsk.hr\/majur\/wp-json\/wp\/v2\/users\/53"}],"replies":[{"embeddable":true,"href":"https:\/\/knjiznice.nsk.hr\/majur\/wp-json\/wp\/v2\/comments?post=369"}],"version-history":[{"count":1,"href":"https:\/\/knjiznice.nsk.hr\/majur\/wp-json\/wp\/v2\/pages\/369\/revisions"}],"predecessor-version":[{"id":375,"href":"https:\/\/knjiznice.nsk.hr\/majur\/wp-json\/wp\/v2\/pages\/369\/revisions\/375"}],"wp:attachment":[{"href":"https:\/\/knjiznice.nsk.hr\/majur\/wp-json\/wp\/v2\/media?parent=369"}],"curies":[{"name":"wp","href":"https:\/\/api.w.org\/{rel}","templated":true}]}}