{"id":360,"date":"2020-09-14T11:30:05","date_gmt":"2020-09-14T11:30:05","guid":{"rendered":"http:\/\/knjiznice.nsk.hr\/majur\/?page_id=360"},"modified":"2024-06-25T11:50:06","modified_gmt":"2024-06-25T11:50:06","slug":"izjava-o-pristupacnosti","status":"publish","type":"page","link":"https:\/\/knjiznice.nsk.hr\/majur\/izjava-o-pristupacnosti\/","title":{"rendered":"Izjava o pristupa\u010dnosti"},"content":{"rendered":"<p>Narodna knji\u017enica i \u010ditaonica Majur nastoji svoje internetske stranice u\u010diniti pristupa\u010dnima u skladu sa Zakonom o pristupa\u010dnosti internetskih stranica i programskih rje\u0161enja za pokretne ure\u0111aje tijela javnog sektora (\u201eNarodne novine\u201c, broj 17\/19) kojim se prenosi Direktiva (EU) 2016\/2102 Europskog parlamenta i Vije\u0107a od 26. listopada 2016. o pristupa\u010dnosti internetskih stranica i mobilnih aplikacija tijela javnog sektora (SL L 327 od 2. prosinca 2016.).<\/p>\n<p>Ova Izjava o pristupa\u010dnosti primjenjuje se na internetske stranice Narodne knji\u017enice i \u010ditaonice Majur koje se nalazi na adresi <a href=\"http:\/\/knjiznice.nsk.hr\/majur\/\">http:\/\/knjiznice.nsk.hr\/majur\/<\/a>.<\/p>\n<p>Izjava o pristupa\u010dnosti posljednji put je revidirana 25. lipnja 2024. godine.<\/p>\n<p><strong>Stupanj uskla\u0111enosti<\/strong><\/p>\n<p>Internetske stranice http:\/\/knjiznice.nsk.hr\/majur\/ djelomi\u010dno su u skladu sa Zakonom o pristupa\u010dnosti mre\u017enih stranica i programskih rje\u0161enja za pokretne ure\u0111aje tijela javnog sektora Republike Hrvatske te Smjernicama CARNET-a za osiguravanje digitalne pristupa\u010dnosti koje su pregledane i odobrene od nacionalnih krovnih udruga osoba s invaliditetom, zbog neuskla\u0111enosti koje su navedene u nastavku.<\/p>\n<p><strong>Nepristupa\u010dan sadr\u017eaj<\/strong><\/p>\n<p>Sadr\u017eaj naveden u nastavku nepristupa\u010dan je zbog sljede\u0107ih razloga:<\/p>\n<ul>\n<li>nije osigurano optimalno kori\u0161tenje \u010dita\u010da zaslona za desktop<\/li>\n<li>poveznice nisu deskriptivne i ne pru\u017eaju informaciju o sadr\u017eaju na koji vode<\/li>\n<li>dinami\u010dki sadr\u017eaj se ne mo\u017ee zaustaviti<\/li>\n<li>pojedine .pdf datoteke nastale su skeniranjem tiskanih dokumenata te nisu pristupa\u010dne<\/li>\n<li>u tekstu nisu umetnute slike koje su povezane sa sadr\u017eajem radi lak\u0161eg razumijevanja teksta<\/li>\n<li>uz sadr\u017eaj se ne koriste ikone ili drugi grafi\u010dki sadr\u017eaji koji olak\u0161avaju njegovo razumijevanje<\/li>\n<li>ikone nisu odgovaraju\u0107e veli\u010dine i nisu postavljene na dovoljnoj udaljenosti od teksta i jedna od druge<\/li>\n<li>ne izbjegava se istovremeno kori\u0161tenje dviju ili vi\u0161e tipki tipkovnice za naredbu<\/li>\n<li>ne izbjegava se opcija automatskog listanja sadr\u017eaja<\/li>\n<li>ne koriste se glasovne naredbe<\/li>\n<li>ne koristi se vizualni indikator fokusa<\/li>\n<li>nisu dostupni alternativni na\u010dini prezentacije informacija<\/li>\n<\/ul>\n<p><strong>Podizanje razine pristupa\u010dnosti<\/strong><\/p>\n<p>Narodna knji\u017enica i \u010ditaonica Majur poduzima aktivnosti kojima \u0107e nastojati posti\u0107i uskla\u0111enost sa Zakonom o pristupa\u010dnosti mre\u017enih stranica i programskih rje\u0161enja za pokretne ure\u0111aje tijela javnog sektora Republike Hrvatske te \u0107e pokrenuti proces redizajna mre\u017enih stranica s ciljem potpune prilagodbe svojeg internetskog sadr\u017eaja osobama s invaliditetom.<\/p>\n<p><strong>Priprema ove izjave o pristupa\u010dnosti<\/strong><\/p>\n<p>Ova je izjava sastavljena dana 14. rujna 2020. godine, primjenom metode samoprocjene.<\/p>\n<p><strong>Povratne informacije i podaci za kontakt<\/strong><\/p>\n<p>Sve upite u vezi s pristupa\u010dnosti internetske stranice http:\/\/knjiznice.nsk.hr\/majur\/ korisnici mogu uputiti:<\/p>\n<ul>\n<li>elektroni\u010dkom po\u0161tom: nkc_majur@net.hr,<\/li>\n<li>telefonom: 044\/ 858 064 ili<\/li>\n<li>po\u0161tom: Narodna knji\u017enica i \u010ditaonica Majur, Sv. Mihovila 2, Majur, 44430 Hrvatska Kostajnica<\/li>\n<\/ul>\n<p><strong>Postupak pra\u0107enja provedbe propisa<\/strong><\/p>\n<p>Tijelo nadle\u017eno za pra\u0107enje uskla\u0111enosti mre\u017enih stranica i programskih rje\u0161enja za pokretne ure\u0111aje tijela javnog sektora sa zahtjevima pristupa\u010dnosti i nadzor nad provedbom Zakona o pristupa\u010dnosti je Povjerenik za informiranje Republike Hrvatske.<\/p>\n<p>U slu\u010daju nezadovoljavaju\u0107ih odgovora na obavijest ili zahtjev za povratne informacije o pristupa\u010dnosti ovim mre\u017enih stranica, korisnici se mogu obratiti Povjereniku za informiranje putem telefona na broj 01 4609 041 ili putem elektroni\u010dke po\u0161te na adresi <a href=\"mailto:pristupacnost@pristupinfo.hr\">pristupacnost@pristupinfo.hr<\/a>.<\/p>\n","protected":false},"excerpt":{"rendered":"<p>Narodna knji\u017enica i \u010ditaonica Majur nastoji svoje internetske stranice u\u010diniti pristupa\u010dnima u skladu sa Zakonom o pristupa\u010dnosti internetskih stranica i programskih rje\u0161enja za pokretne ure\u0111aje tijela javnog sektora (\u201eNarodne novine\u201c, broj 17\/19) kojim se prenosi Direktiva (EU) 2016\/2102 Europskog parlamenta i Vije\u0107a od 26. listopada 2016. o pristupa\u010dnosti internetskih stranica i mobilnih aplikacija tijela javnog [&hellip;]<\/p>\n","protected":false},"author":53,"featured_media":0,"parent":0,"menu_order":0,"comment_status":"closed","ping_status":"closed","template":"","meta":{"ngg_post_thumbnail":0},"yoast_head":"<!-- This site is optimized with the Yoast SEO plugin v16.4 - https:\/\/yoast.com\/wordpress\/plugins\/seo\/ -->\n<meta name=\"robots\" content=\"index, follow, max-snippet:-1, max-image-preview:large, max-video-preview:-1\" \/>\n<link rel=\"canonical\" href=\"https:\/\/knjiznice.nsk.hr\/majur\/izjava-o-pristupacnosti\/\" \/>\n<meta property=\"og:locale\" content=\"hr_HR\" \/>\n<meta property=\"og:type\" content=\"article\" \/>\n<meta property=\"og:title\" content=\"Izjava o pristupa\u010dnosti - Narodna knji\u017enica i \u010ditaonica Majur\" \/>\n<meta property=\"og:description\" content=\"Narodna knji\u017enica i \u010ditaonica Majur nastoji svoje internetske stranice u\u010diniti pristupa\u010dnima u skladu sa Zakonom o pristupa\u010dnosti internetskih stranica i programskih rje\u0161enja za pokretne ure\u0111aje tijela javnog sektora (\u201eNarodne novine\u201c, broj 17\/19) kojim se prenosi Direktiva (EU) 2016\/2102 Europskog parlamenta i Vije\u0107a od 26. listopada 2016. o pristupa\u010dnosti internetskih stranica i mobilnih aplikacija tijela javnog [&hellip;]\" \/>\n<meta property=\"og:url\" content=\"https:\/\/knjiznice.nsk.hr\/majur\/izjava-o-pristupacnosti\/\" \/>\n<meta property=\"og:site_name\" content=\"Narodna knji\u017enica i \u010ditaonica Majur\" \/>\n<meta property=\"article:modified_time\" content=\"2024-06-25T11:50:06+00:00\" \/>\n<meta name=\"twitter:label1\" content=\"Procijenjeno vrijeme \u010ditanja\" \/>\n\t<meta name=\"twitter:data1\" content=\"2 minute\" \/>\n<script type=\"application\/ld+json\" class=\"yoast-schema-graph\">{\"@context\":\"https:\/\/schema.org\",\"@graph\":[{\"@type\":\"WebSite\",\"@id\":\"http:\/\/knjiznice.nsk.hr\/majur\/#website\",\"url\":\"http:\/\/knjiznice.nsk.hr\/majur\/\",\"name\":\"Narodna knji\\u017enica i \\u010ditaonica Majur\",\"description\":\"\",\"potentialAction\":[{\"@type\":\"SearchAction\",\"target\":\"http:\/\/knjiznice.nsk.hr\/majur\/?s={search_term_string}\",\"query-input\":\"required name=search_term_string\"}],\"inLanguage\":\"hr\"},{\"@type\":\"WebPage\",\"@id\":\"https:\/\/knjiznice.nsk.hr\/majur\/izjava-o-pristupacnosti\/#webpage\",\"url\":\"https:\/\/knjiznice.nsk.hr\/majur\/izjava-o-pristupacnosti\/\",\"name\":\"Izjava o pristupa\\u010dnosti - Narodna knji\\u017enica i \\u010ditaonica Majur\",\"isPartOf\":{\"@id\":\"http:\/\/knjiznice.nsk.hr\/majur\/#website\"},\"datePublished\":\"2020-09-14T11:30:05+00:00\",\"dateModified\":\"2024-06-25T11:50:06+00:00\",\"breadcrumb\":{\"@id\":\"https:\/\/knjiznice.nsk.hr\/majur\/izjava-o-pristupacnosti\/#breadcrumb\"},\"inLanguage\":\"hr\",\"potentialAction\":[{\"@type\":\"ReadAction\",\"target\":[\"https:\/\/knjiznice.nsk.hr\/majur\/izjava-o-pristupacnosti\/\"]}]},{\"@type\":\"BreadcrumbList\",\"@id\":\"https:\/\/knjiznice.nsk.hr\/majur\/izjava-o-pristupacnosti\/#breadcrumb\",\"itemListElement\":[{\"@type\":\"ListItem\",\"position\":1,\"item\":{\"@type\":\"WebPage\",\"@id\":\"http:\/\/knjiznice.nsk.hr\/majur\/\",\"url\":\"http:\/\/knjiznice.nsk.hr\/majur\/\",\"name\":\"Po\\u010detna stranica\"}},{\"@type\":\"ListItem\",\"position\":2,\"item\":{\"@id\":\"https:\/\/knjiznice.nsk.hr\/majur\/izjava-o-pristupacnosti\/#webpage\"}}]}]}<\/script>\n<!-- \/ Yoast SEO plugin. -->","_links":{"self":[{"href":"https:\/\/knjiznice.nsk.hr\/majur\/wp-json\/wp\/v2\/pages\/360"}],"collection":[{"href":"https:\/\/knjiznice.nsk.hr\/majur\/wp-json\/wp\/v2\/pages"}],"about":[{"href":"https:\/\/knjiznice.nsk.hr\/majur\/wp-json\/wp\/v2\/types\/page"}],"author":[{"embeddable":true,"href":"https:\/\/knjiznice.nsk.hr\/majur\/wp-json\/wp\/v2\/users\/53"}],"replies":[{"embeddable":true,"href":"https:\/\/knjiznice.nsk.hr\/majur\/wp-json\/wp\/v2\/comments?post=360"}],"version-history":[{"count":3,"href":"https:\/\/knjiznice.nsk.hr\/majur\/wp-json\/wp\/v2\/pages\/360\/revisions"}],"predecessor-version":[{"id":576,"href":"https:\/\/knjiznice.nsk.hr\/majur\/wp-json\/wp\/v2\/pages\/360\/revisions\/576"}],"wp:attachment":[{"href":"https:\/\/knjiznice.nsk.hr\/majur\/wp-json\/wp\/v2\/media?parent=360"}],"curies":[{"name":"wp","href":"https:\/\/api.w.org\/{rel}","templated":true}]}}