{"id":32,"date":"2015-04-09T07:18:53","date_gmt":"2015-04-09T07:18:53","guid":{"rendered":"http:\/\/knjiznice.nsk.hr\/majur\/?page_id=32"},"modified":"2019-01-23T11:06:34","modified_gmt":"2019-01-23T11:06:34","slug":"pravila-posudbe","status":"publish","type":"page","link":"https:\/\/knjiznice.nsk.hr\/majur\/pravila-posudbe\/","title":{"rendered":"Pravila posudbe"},"content":{"rendered":"<h5><strong>&nbsp;<\/strong><strong><span style=\"text-decoration: underline\">Pravila posudbe knji\u017ene gra\u0111e<\/span><\/strong><\/h5>\n<p><strong>1.<\/strong> Godi\u0161nja \u010dlanarina iznosi <strong>10,00 kuna<\/strong> po \u010dlanu.<br \/>\n<strong>2.<\/strong> Mo\u017ee se posuditi najvi\u0161e<strong> 3 knjige<\/strong> na rok od <strong>14 dana<\/strong>.<br \/>\n<strong>3.<\/strong> Priru\u010dnu i zavi\u010dajnu gra\u0111u (enciklopedije i ostale priru\u010dnike) ne posu\u0111ujemo izvan knji\u017enice.<br \/>\n<strong>4<\/strong>. <strong>Zakasnina<\/strong> se napla\u0107uje<strong> 0,50 kuna<\/strong> po danu i knjizi.<br \/>\n<strong>5.<\/strong> Rok posudbe mo\u017ee se produ\u017eiti.<br \/>\n<strong>6.<\/strong> Izgubljena ili o\u0161te\u0107ena knjiga nadomje\u0161ta se novom identi\u010dnom ili nov\u010danom vrijedno\u0161\u0107u.<br \/>\n<strong>7.<\/strong> Knjige se posu\u0111uju samo uz predo\u010denje \u010dlanske iskaznice.<br \/>\n<strong>8.<\/strong> Ako se posu\u0111ene knjige ne vrate u roku od najvi\u0161e 30 dana, ukida se pravo na kori\u0161tenje svih usluga knji\u017enice do povrata knjiga i naknade tro\u0161kova.<\/p>\n<h5><span style=\"text-decoration: underline\"><strong>Pravila posudbe neknji\u017ene gra\u0111e<\/strong><\/span><\/h5>\n<p><strong>1.<\/strong> Posudba neknji\u017ene gra\u0111e ne napla\u0107uje se posebno \u2013 <strong>uklju\u010deno je u cijenu godi\u0161nje&nbsp; \u010dlanarine.<\/strong><br \/>\n<strong>2.<\/strong> Mo\u017ee se posuditi samo <strong>1 neknji\u017ena gra\u0111a<\/strong> na rok od <strong>7 dana<\/strong>.<br \/>\n<strong>3. Zakasnina<\/strong> se napla\u0107uje<strong> 1,00 kunu<\/strong> po danu i disku.<br \/>\n<strong>4.<\/strong> Rok posudbe se ne produ\u017eava.<br \/>\n<strong>5.<\/strong> Izgubljena ili o\u0161te\u0107ena neknji\u017ena gra\u0111a nadomje\u0161ta se novom identi\u010dnom ili nov\u010danom vrijedno\u0161\u0107u.<br \/>\n<strong>6.<\/strong> Neknji\u017ena gra\u0111a se posu\u0111uje samo uz predo\u010denje \u010dlanske iskaznice.<br \/>\n<strong>7.<\/strong> Ako se posu\u0111ena neknji\u017ena gra\u0111a ne vrati u roku od najvi\u0161e 30 dana, ukida se pravo na kori\u0161tenje svih usluga knji\u017enice do povrata gra\u0111e i naknade tro\u0161kova.<\/p>\n","protected":false},"excerpt":{"rendered":"<p>&nbsp;Pravila posudbe knji\u017ene gra\u0111e 1. Godi\u0161nja \u010dlanarina iznosi 10,00 kuna po \u010dlanu. 2. Mo\u017ee se posuditi najvi\u0161e 3 knjige na rok od 14 dana. 3. Priru\u010dnu i zavi\u010dajnu gra\u0111u (enciklopedije i ostale priru\u010dnike) ne posu\u0111ujemo izvan knji\u017enice. 4. Zakasnina se napla\u0107uje 0,50 kuna po danu i knjizi. 5. Rok posudbe mo\u017ee se produ\u017eiti. 6. Izgubljena [&hellip;]<\/p>\n","protected":false},"author":53,"featured_media":0,"parent":0,"menu_order":0,"comment_status":"closed","ping_status":"closed","template":"","meta":{"ngg_post_thumbnail":0},"yoast_head":"<!-- This site is optimized with the Yoast SEO plugin v16.4 - https:\/\/yoast.com\/wordpress\/plugins\/seo\/ -->\n<meta name=\"robots\" content=\"index, follow, max-snippet:-1, max-image-preview:large, max-video-preview:-1\" \/>\n<link rel=\"canonical\" href=\"https:\/\/knjiznice.nsk.hr\/majur\/pravila-posudbe\/\" \/>\n<meta property=\"og:locale\" content=\"hr_HR\" \/>\n<meta property=\"og:type\" content=\"article\" \/>\n<meta property=\"og:title\" content=\"Pravila posudbe - Narodna knji\u017enica i \u010ditaonica Majur\" \/>\n<meta property=\"og:description\" content=\"&nbsp;Pravila posudbe knji\u017ene gra\u0111e 1. Godi\u0161nja \u010dlanarina iznosi 10,00 kuna po \u010dlanu. 2. Mo\u017ee se posuditi najvi\u0161e 3 knjige na rok od 14 dana. 3. Priru\u010dnu i zavi\u010dajnu gra\u0111u (enciklopedije i ostale priru\u010dnike) ne posu\u0111ujemo izvan knji\u017enice. 4. Zakasnina se napla\u0107uje 0,50 kuna po danu i knjizi. 5. Rok posudbe mo\u017ee se produ\u017eiti. 6. Izgubljena [&hellip;]\" \/>\n<meta property=\"og:url\" content=\"https:\/\/knjiznice.nsk.hr\/majur\/pravila-posudbe\/\" \/>\n<meta property=\"og:site_name\" content=\"Narodna knji\u017enica i \u010ditaonica Majur\" \/>\n<meta property=\"article:modified_time\" content=\"2019-01-23T11:06:34+00:00\" \/>\n<meta name=\"twitter:label1\" content=\"Procijenjeno vrijeme \u010ditanja\" \/>\n\t<meta name=\"twitter:data1\" content=\"1 minuta\" \/>\n<script type=\"application\/ld+json\" class=\"yoast-schema-graph\">{\"@context\":\"https:\/\/schema.org\",\"@graph\":[{\"@type\":\"WebSite\",\"@id\":\"http:\/\/knjiznice.nsk.hr\/majur\/#website\",\"url\":\"http:\/\/knjiznice.nsk.hr\/majur\/\",\"name\":\"Narodna knji\\u017enica i \\u010ditaonica Majur\",\"description\":\"\",\"potentialAction\":[{\"@type\":\"SearchAction\",\"target\":\"http:\/\/knjiznice.nsk.hr\/majur\/?s={search_term_string}\",\"query-input\":\"required name=search_term_string\"}],\"inLanguage\":\"hr\"},{\"@type\":\"WebPage\",\"@id\":\"https:\/\/knjiznice.nsk.hr\/majur\/pravila-posudbe\/#webpage\",\"url\":\"https:\/\/knjiznice.nsk.hr\/majur\/pravila-posudbe\/\",\"name\":\"Pravila posudbe - Narodna knji\\u017enica i \\u010ditaonica Majur\",\"isPartOf\":{\"@id\":\"http:\/\/knjiznice.nsk.hr\/majur\/#website\"},\"datePublished\":\"2015-04-09T07:18:53+00:00\",\"dateModified\":\"2019-01-23T11:06:34+00:00\",\"breadcrumb\":{\"@id\":\"https:\/\/knjiznice.nsk.hr\/majur\/pravila-posudbe\/#breadcrumb\"},\"inLanguage\":\"hr\",\"potentialAction\":[{\"@type\":\"ReadAction\",\"target\":[\"https:\/\/knjiznice.nsk.hr\/majur\/pravila-posudbe\/\"]}]},{\"@type\":\"BreadcrumbList\",\"@id\":\"https:\/\/knjiznice.nsk.hr\/majur\/pravila-posudbe\/#breadcrumb\",\"itemListElement\":[{\"@type\":\"ListItem\",\"position\":1,\"item\":{\"@type\":\"WebPage\",\"@id\":\"http:\/\/knjiznice.nsk.hr\/majur\/\",\"url\":\"http:\/\/knjiznice.nsk.hr\/majur\/\",\"name\":\"Po\\u010detna stranica\"}},{\"@type\":\"ListItem\",\"position\":2,\"item\":{\"@id\":\"https:\/\/knjiznice.nsk.hr\/majur\/pravila-posudbe\/#webpage\"}}]}]}<\/script>\n<!-- \/ Yoast SEO plugin. -->","_links":{"self":[{"href":"https:\/\/knjiznice.nsk.hr\/majur\/wp-json\/wp\/v2\/pages\/32"}],"collection":[{"href":"https:\/\/knjiznice.nsk.hr\/majur\/wp-json\/wp\/v2\/pages"}],"about":[{"href":"https:\/\/knjiznice.nsk.hr\/majur\/wp-json\/wp\/v2\/types\/page"}],"author":[{"embeddable":true,"href":"https:\/\/knjiznice.nsk.hr\/majur\/wp-json\/wp\/v2\/users\/53"}],"replies":[{"embeddable":true,"href":"https:\/\/knjiznice.nsk.hr\/majur\/wp-json\/wp\/v2\/comments?post=32"}],"version-history":[{"count":8,"href":"https:\/\/knjiznice.nsk.hr\/majur\/wp-json\/wp\/v2\/pages\/32\/revisions"}],"predecessor-version":[{"id":247,"href":"https:\/\/knjiznice.nsk.hr\/majur\/wp-json\/wp\/v2\/pages\/32\/revisions\/247"}],"wp:attachment":[{"href":"https:\/\/knjiznice.nsk.hr\/majur\/wp-json\/wp\/v2\/media?parent=32"}],"curies":[{"name":"wp","href":"https:\/\/api.w.org\/{rel}","templated":true}]}}