{"id":265,"date":"2019-01-25T11:26:09","date_gmt":"2019-01-25T11:26:09","guid":{"rendered":"http:\/\/knjiznice.nsk.hr\/majur\/?page_id=265"},"modified":"2019-01-25T11:26:09","modified_gmt":"2019-01-25T11:26:09","slug":"cesta-pitanja","status":"publish","type":"page","link":"https:\/\/knjiznice.nsk.hr\/majur\/cesta-pitanja\/","title":{"rendered":"\u010cesta pitanja"},"content":{"rendered":"<p><strong>Koliko je \u010dlanarina?<\/strong><br \/>\nGodi\u0161nja \u010dlanarina za sve korisnike iznosi 10,00 kuna.<\/p>\n<p><strong>Koliko se knjiga odjednom mo\u017ee posuditi?<\/strong><br \/>\nMo\u017ee se odjednom posuditi 3 knjige na rok od 14 dana.<\/p>\n<p><strong>Mogu li posu\u0111ivati \u010dasopise?<\/strong><br \/>\nMo\u017eete posuditi jedan broj \u010dasopisa na rok od 7 dana.<\/p>\n<p><strong>Koliko mi traje \u010dlanarina?<\/strong><br \/>\n\u010clanarina traje godinu dana od dana upisa.<\/p>\n<p><strong>Mo\u017ee li se produ\u017eenje roka posudbe obaviti telefonom?<\/strong><br \/>\nMo\u017ee!<\/p>\n<p><strong>Imate li skener?<\/strong><br \/>\nDa. Usluga skeniranja napla\u0107uje se prema va\u017ee\u0107em <a href=\"http:\/\/knjiznice.nsk.hr\/majur\/cjenik\/\" target=\"_blank\" rel=\"noopener\">Cjeniku<\/a>.<\/p>\n<p><strong>Posu\u0111ujete li CD-ROM-ove i DVD-e?<\/strong><br \/>\nDa! Mo\u017eete posuditi jedan primjerak neknji\u017ene gra\u0111e na rok od 7 dana.<\/p>\n<p><strong>Imate li fotokopirni u boji?<\/strong><br \/>\nImamo! Usluge fotokopiranja (crno-bijelog ili u boji) napla\u0107ujemo prema va\u017ee\u0107em <a href=\"http:\/\/knjiznice.nsk.hr\/majur\/cjenik\/\" target=\"_blank\" rel=\"noopener\">Cjeniku<\/a>.<\/p>\n<p><strong>Nisam \u010dlan knji\u017enice. Mogu li ipak koristite neke usluge?<\/strong><br \/>\nIako niste \u010dlan, u na\u0161oj Knji\u017enici mo\u017eete koristiti internet, PC za obradu teksta, te usluge fotokopiranja, printanja, skeniranja&#8230; (prema va\u017ee\u0107em cjeniku). Ali knjige ne mo\u017eete posu\u0111ivati!<\/p>\n<p><strong>Mogu li kod Vas uvezati maturalni rad?<\/strong><br \/>\nDa! Imamo stroj za spiralno uvezivanje \u010diju uslugu napla\u0107ujemo prema va\u017ee\u0107em <a href=\"http:\/\/knjiznice.nsk.hr\/majur\/cjenik\/\" target=\"_blank\" rel=\"noopener\">Cjeniku<\/a>.<\/p>\n","protected":false},"excerpt":{"rendered":"<p>Koliko je \u010dlanarina? Godi\u0161nja \u010dlanarina za sve korisnike iznosi 10,00 kuna. Koliko se knjiga odjednom mo\u017ee posuditi? Mo\u017ee se odjednom posuditi 3 knjige na rok od 14 dana. Mogu li posu\u0111ivati \u010dasopise? Mo\u017eete posuditi jedan broj \u010dasopisa na rok od 7 dana. Koliko mi traje \u010dlanarina? \u010clanarina traje godinu dana od dana upisa. Mo\u017ee li [&hellip;]<\/p>\n","protected":false},"author":53,"featured_media":0,"parent":0,"menu_order":0,"comment_status":"closed","ping_status":"closed","template":"","meta":{"ngg_post_thumbnail":0},"yoast_head":"<!-- This site is optimized with the Yoast SEO plugin v16.4 - https:\/\/yoast.com\/wordpress\/plugins\/seo\/ -->\n<meta name=\"robots\" content=\"index, follow, max-snippet:-1, max-image-preview:large, max-video-preview:-1\" \/>\n<link rel=\"canonical\" href=\"https:\/\/knjiznice.nsk.hr\/majur\/cesta-pitanja\/\" \/>\n<meta property=\"og:locale\" content=\"hr_HR\" \/>\n<meta property=\"og:type\" content=\"article\" \/>\n<meta property=\"og:title\" content=\"\u010cesta pitanja - Narodna knji\u017enica i \u010ditaonica Majur\" \/>\n<meta property=\"og:description\" content=\"Koliko je \u010dlanarina? Godi\u0161nja \u010dlanarina za sve korisnike iznosi 10,00 kuna. Koliko se knjiga odjednom mo\u017ee posuditi? Mo\u017ee se odjednom posuditi 3 knjige na rok od 14 dana. Mogu li posu\u0111ivati \u010dasopise? Mo\u017eete posuditi jedan broj \u010dasopisa na rok od 7 dana. Koliko mi traje \u010dlanarina? \u010clanarina traje godinu dana od dana upisa. Mo\u017ee li [&hellip;]\" \/>\n<meta property=\"og:url\" content=\"https:\/\/knjiznice.nsk.hr\/majur\/cesta-pitanja\/\" \/>\n<meta property=\"og:site_name\" content=\"Narodna knji\u017enica i \u010ditaonica Majur\" \/>\n<meta name=\"twitter:label1\" content=\"Procijenjeno vrijeme \u010ditanja\" \/>\n\t<meta name=\"twitter:data1\" content=\"1 minuta\" \/>\n<script type=\"application\/ld+json\" class=\"yoast-schema-graph\">{\"@context\":\"https:\/\/schema.org\",\"@graph\":[{\"@type\":\"WebSite\",\"@id\":\"http:\/\/knjiznice.nsk.hr\/majur\/#website\",\"url\":\"http:\/\/knjiznice.nsk.hr\/majur\/\",\"name\":\"Narodna knji\\u017enica i \\u010ditaonica Majur\",\"description\":\"\",\"potentialAction\":[{\"@type\":\"SearchAction\",\"target\":\"http:\/\/knjiznice.nsk.hr\/majur\/?s={search_term_string}\",\"query-input\":\"required name=search_term_string\"}],\"inLanguage\":\"hr\"},{\"@type\":\"WebPage\",\"@id\":\"https:\/\/knjiznice.nsk.hr\/majur\/cesta-pitanja\/#webpage\",\"url\":\"https:\/\/knjiznice.nsk.hr\/majur\/cesta-pitanja\/\",\"name\":\"\\u010cesta pitanja - Narodna knji\\u017enica i \\u010ditaonica Majur\",\"isPartOf\":{\"@id\":\"http:\/\/knjiznice.nsk.hr\/majur\/#website\"},\"datePublished\":\"2019-01-25T11:26:09+00:00\",\"dateModified\":\"2019-01-25T11:26:09+00:00\",\"breadcrumb\":{\"@id\":\"https:\/\/knjiznice.nsk.hr\/majur\/cesta-pitanja\/#breadcrumb\"},\"inLanguage\":\"hr\",\"potentialAction\":[{\"@type\":\"ReadAction\",\"target\":[\"https:\/\/knjiznice.nsk.hr\/majur\/cesta-pitanja\/\"]}]},{\"@type\":\"BreadcrumbList\",\"@id\":\"https:\/\/knjiznice.nsk.hr\/majur\/cesta-pitanja\/#breadcrumb\",\"itemListElement\":[{\"@type\":\"ListItem\",\"position\":1,\"item\":{\"@type\":\"WebPage\",\"@id\":\"http:\/\/knjiznice.nsk.hr\/majur\/\",\"url\":\"http:\/\/knjiznice.nsk.hr\/majur\/\",\"name\":\"Po\\u010detna stranica\"}},{\"@type\":\"ListItem\",\"position\":2,\"item\":{\"@id\":\"https:\/\/knjiznice.nsk.hr\/majur\/cesta-pitanja\/#webpage\"}}]}]}<\/script>\n<!-- \/ Yoast SEO plugin. -->","_links":{"self":[{"href":"https:\/\/knjiznice.nsk.hr\/majur\/wp-json\/wp\/v2\/pages\/265"}],"collection":[{"href":"https:\/\/knjiznice.nsk.hr\/majur\/wp-json\/wp\/v2\/pages"}],"about":[{"href":"https:\/\/knjiznice.nsk.hr\/majur\/wp-json\/wp\/v2\/types\/page"}],"author":[{"embeddable":true,"href":"https:\/\/knjiznice.nsk.hr\/majur\/wp-json\/wp\/v2\/users\/53"}],"replies":[{"embeddable":true,"href":"https:\/\/knjiznice.nsk.hr\/majur\/wp-json\/wp\/v2\/comments?post=265"}],"version-history":[{"count":1,"href":"https:\/\/knjiznice.nsk.hr\/majur\/wp-json\/wp\/v2\/pages\/265\/revisions"}],"predecessor-version":[{"id":266,"href":"https:\/\/knjiznice.nsk.hr\/majur\/wp-json\/wp\/v2\/pages\/265\/revisions\/266"}],"wp:attachment":[{"href":"https:\/\/knjiznice.nsk.hr\/majur\/wp-json\/wp\/v2\/media?parent=265"}],"curies":[{"name":"wp","href":"https:\/\/api.w.org\/{rel}","templated":true}]}}