{"id":259,"date":"2019-01-25T10:53:17","date_gmt":"2019-01-25T10:53:17","guid":{"rendered":"http:\/\/knjiznice.nsk.hr\/majur\/?page_id=259"},"modified":"2024-12-19T08:55:42","modified_gmt":"2024-12-19T08:55:42","slug":"sponzorstva-i-donacije","status":"publish","type":"page","link":"https:\/\/knjiznice.nsk.hr\/majur\/sponzorstva-i-donacije\/","title":{"rendered":"Sponzorstva i donacije"},"content":{"rendered":"<h5>2023.<\/h5>\n<ul>\n<li>Privatna donacija (sin Marije \u0160u\u0161ti\u0107) donirao za potrebe knj\u017enice 10.000,00 eura<\/li>\n<\/ul>\n<h5>2022.<\/h5>\n<ul>\n<li>Privatna donacija (sin Marije \u0160u\u0161ti\u0107) donirao za potrebe knj\u017enice 78.000,00 kuna (10.352,38 eura)<\/li>\n<\/ul>\n<h5>2020.<\/h5>\n<ul>\n<li>Institut za razvoj i inovativnost mladih, Zagreb (<em>donacija priru\u010dnika za STEM, setova aq:bit ure\u0111aja i pokazne vitrine<\/em>)<\/li>\n<li>Institut za razvoj i inovativnost mladih, Zagreb (<em>donacija setova micro:Maqueen robota<\/em>)<\/li>\n<\/ul>\n<h5>2019.<\/h5>\n<ul>\n<li>Institut za razvoj i inovativnost mladih, Zagreb (<em>donacija Boson elektroni\u010dkih setova<\/em>)<\/li>\n<\/ul>\n<h5>2018.<\/h5>\n<ul>\n<li>Erste &amp; Steierm\u00e4rkische Bank d.d., Rijeka (<em>donacija ra\u010dunala i ra\u010dunalne opreme<\/em>)<\/li>\n<li>Institut za razvoj i inovativnost mladih, Zagreb (<em>donacija BBC micro:bitova<\/em>)<\/li>\n<\/ul>\n<h5>2017.<\/h5>\n<ul>\n<li>Erste Asset Management d.o.o., Zagreb (<em>donacija ra\u010dunala i ra\u010dunalne opreme<\/em>)<\/li>\n<li>Ured dr\u017eavne uprave u Sisa\u010dko-moslava\u010dkoj \u017eupaniji, Sisak (<em>donacija ra\u010dunalne opreme)<\/em><\/li>\n<\/ul>\n","protected":false},"excerpt":{"rendered":"<p>2023. Privatna donacija (sin Marije \u0160u\u0161ti\u0107) donirao za potrebe knj\u017enice 10.000,00 eura 2022. Privatna donacija (sin Marije \u0160u\u0161ti\u0107) donirao za potrebe knj\u017enice 78.000,00 kuna (10.352,38 eura) 2020. Institut za razvoj i inovativnost mladih, Zagreb (donacija priru\u010dnika za STEM, setova aq:bit ure\u0111aja i pokazne vitrine) Institut za razvoj i inovativnost mladih, Zagreb (donacija setova micro:Maqueen robota) [&hellip;]<\/p>\n","protected":false},"author":53,"featured_media":0,"parent":0,"menu_order":0,"comment_status":"closed","ping_status":"closed","template":"","meta":{"ngg_post_thumbnail":0},"yoast_head":"<!-- This site is optimized with the Yoast SEO plugin v16.4 - https:\/\/yoast.com\/wordpress\/plugins\/seo\/ -->\n<meta name=\"robots\" content=\"index, follow, max-snippet:-1, max-image-preview:large, max-video-preview:-1\" \/>\n<link rel=\"canonical\" href=\"https:\/\/knjiznice.nsk.hr\/majur\/sponzorstva-i-donacije\/\" \/>\n<meta property=\"og:locale\" content=\"hr_HR\" \/>\n<meta property=\"og:type\" content=\"article\" \/>\n<meta property=\"og:title\" content=\"Sponzorstva i donacije - Narodna knji\u017enica i \u010ditaonica Majur\" \/>\n<meta property=\"og:description\" content=\"2023. Privatna donacija (sin Marije \u0160u\u0161ti\u0107) donirao za potrebe knj\u017enice 10.000,00 eura 2022. Privatna donacija (sin Marije \u0160u\u0161ti\u0107) donirao za potrebe knj\u017enice 78.000,00 kuna (10.352,38 eura) 2020. Institut za razvoj i inovativnost mladih, Zagreb (donacija priru\u010dnika za STEM, setova aq:bit ure\u0111aja i pokazne vitrine) Institut za razvoj i inovativnost mladih, Zagreb (donacija setova micro:Maqueen robota) [&hellip;]\" \/>\n<meta property=\"og:url\" content=\"https:\/\/knjiznice.nsk.hr\/majur\/sponzorstva-i-donacije\/\" \/>\n<meta property=\"og:site_name\" content=\"Narodna knji\u017enica i \u010ditaonica Majur\" \/>\n<meta property=\"article:modified_time\" content=\"2024-12-19T08:55:42+00:00\" \/>\n<meta name=\"twitter:label1\" content=\"Procijenjeno vrijeme \u010ditanja\" \/>\n\t<meta name=\"twitter:data1\" content=\"1 minuta\" \/>\n<script type=\"application\/ld+json\" class=\"yoast-schema-graph\">{\"@context\":\"https:\/\/schema.org\",\"@graph\":[{\"@type\":\"WebSite\",\"@id\":\"http:\/\/knjiznice.nsk.hr\/majur\/#website\",\"url\":\"http:\/\/knjiznice.nsk.hr\/majur\/\",\"name\":\"Narodna knji\\u017enica i \\u010ditaonica Majur\",\"description\":\"\",\"potentialAction\":[{\"@type\":\"SearchAction\",\"target\":\"http:\/\/knjiznice.nsk.hr\/majur\/?s={search_term_string}\",\"query-input\":\"required name=search_term_string\"}],\"inLanguage\":\"hr\"},{\"@type\":\"WebPage\",\"@id\":\"https:\/\/knjiznice.nsk.hr\/majur\/sponzorstva-i-donacije\/#webpage\",\"url\":\"https:\/\/knjiznice.nsk.hr\/majur\/sponzorstva-i-donacije\/\",\"name\":\"Sponzorstva i donacije - Narodna knji\\u017enica i \\u010ditaonica Majur\",\"isPartOf\":{\"@id\":\"http:\/\/knjiznice.nsk.hr\/majur\/#website\"},\"datePublished\":\"2019-01-25T10:53:17+00:00\",\"dateModified\":\"2024-12-19T08:55:42+00:00\",\"breadcrumb\":{\"@id\":\"https:\/\/knjiznice.nsk.hr\/majur\/sponzorstva-i-donacije\/#breadcrumb\"},\"inLanguage\":\"hr\",\"potentialAction\":[{\"@type\":\"ReadAction\",\"target\":[\"https:\/\/knjiznice.nsk.hr\/majur\/sponzorstva-i-donacije\/\"]}]},{\"@type\":\"BreadcrumbList\",\"@id\":\"https:\/\/knjiznice.nsk.hr\/majur\/sponzorstva-i-donacije\/#breadcrumb\",\"itemListElement\":[{\"@type\":\"ListItem\",\"position\":1,\"item\":{\"@type\":\"WebPage\",\"@id\":\"http:\/\/knjiznice.nsk.hr\/majur\/\",\"url\":\"http:\/\/knjiznice.nsk.hr\/majur\/\",\"name\":\"Po\\u010detna stranica\"}},{\"@type\":\"ListItem\",\"position\":2,\"item\":{\"@id\":\"https:\/\/knjiznice.nsk.hr\/majur\/sponzorstva-i-donacije\/#webpage\"}}]}]}<\/script>\n<!-- \/ Yoast SEO plugin. -->","_links":{"self":[{"href":"https:\/\/knjiznice.nsk.hr\/majur\/wp-json\/wp\/v2\/pages\/259"}],"collection":[{"href":"https:\/\/knjiznice.nsk.hr\/majur\/wp-json\/wp\/v2\/pages"}],"about":[{"href":"https:\/\/knjiznice.nsk.hr\/majur\/wp-json\/wp\/v2\/types\/page"}],"author":[{"embeddable":true,"href":"https:\/\/knjiznice.nsk.hr\/majur\/wp-json\/wp\/v2\/users\/53"}],"replies":[{"embeddable":true,"href":"https:\/\/knjiznice.nsk.hr\/majur\/wp-json\/wp\/v2\/comments?post=259"}],"version-history":[{"count":6,"href":"https:\/\/knjiznice.nsk.hr\/majur\/wp-json\/wp\/v2\/pages\/259\/revisions"}],"predecessor-version":[{"id":592,"href":"https:\/\/knjiznice.nsk.hr\/majur\/wp-json\/wp\/v2\/pages\/259\/revisions\/592"}],"wp:attachment":[{"href":"https:\/\/knjiznice.nsk.hr\/majur\/wp-json\/wp\/v2\/media?parent=259"}],"curies":[{"name":"wp","href":"https:\/\/api.w.org\/{rel}","templated":true}]}}