{"id":221,"date":"2019-01-22T13:42:52","date_gmt":"2019-01-22T13:42:52","guid":{"rendered":"http:\/\/knjiznice.nsk.hr\/majur\/?page_id=221"},"modified":"2019-01-22T13:44:22","modified_gmt":"2019-01-22T13:44:22","slug":"221-2","status":"publish","type":"page","link":"https:\/\/knjiznice.nsk.hr\/majur\/","title":{"rendered":""},"content":{"rendered":"<h4>Dobrodo\u0161li na web stranice Narodne knji\u017enice i \u010ditaonice Majur!<\/h4>\n","protected":false},"excerpt":{"rendered":"<p>Dobrodo\u0161li na web stranice Narodne knji\u017enice i \u010ditaonice Majur!<\/p>\n","protected":false},"author":53,"featured_media":0,"parent":0,"menu_order":0,"comment_status":"closed","ping_status":"closed","template":"","meta":{"ngg_post_thumbnail":0},"yoast_head":"<!-- This site is optimized with the Yoast SEO plugin v16.4 - https:\/\/yoast.com\/wordpress\/plugins\/seo\/ -->\n<meta name=\"robots\" content=\"index, follow, max-snippet:-1, max-image-preview:large, max-video-preview:-1\" \/>\n<link rel=\"canonical\" href=\"https:\/\/knjiznice.nsk.hr\/majur\/\" \/>\n<meta property=\"og:locale\" content=\"hr_HR\" \/>\n<meta property=\"og:type\" content=\"article\" \/>\n<meta property=\"og:title\" content=\"- Narodna knji\u017enica i \u010ditaonica Majur\" \/>\n<meta property=\"og:description\" content=\"Dobrodo\u0161li na web stranice Narodne knji\u017enice i \u010ditaonice Majur!\" \/>\n<meta property=\"og:url\" content=\"https:\/\/knjiznice.nsk.hr\/majur\/\" \/>\n<meta property=\"og:site_name\" content=\"Narodna knji\u017enica i \u010ditaonica Majur\" \/>\n<meta property=\"article:modified_time\" content=\"2019-01-22T13:44:22+00:00\" \/>\n<script type=\"application\/ld+json\" class=\"yoast-schema-graph\">{\"@context\":\"https:\/\/schema.org\",\"@graph\":[{\"@type\":\"WebSite\",\"@id\":\"https:\/\/knjiznice.nsk.hr\/majur\/#website\",\"url\":\"https:\/\/knjiznice.nsk.hr\/majur\/\",\"name\":\"Narodna knji\\u017enica i \\u010ditaonica Majur\",\"description\":\"\",\"potentialAction\":[{\"@type\":\"SearchAction\",\"target\":\"https:\/\/knjiznice.nsk.hr\/majur\/?s={search_term_string}\",\"query-input\":\"required name=search_term_string\"}],\"inLanguage\":\"hr\"},{\"@type\":\"WebPage\",\"@id\":\"https:\/\/knjiznice.nsk.hr\/majur\/#webpage\",\"url\":\"https:\/\/knjiznice.nsk.hr\/majur\/\",\"name\":\"- Narodna knji\\u017enica i \\u010ditaonica Majur\",\"isPartOf\":{\"@id\":\"https:\/\/knjiznice.nsk.hr\/majur\/#website\"},\"datePublished\":\"2019-01-22T13:42:52+00:00\",\"dateModified\":\"2019-01-22T13:44:22+00:00\",\"breadcrumb\":{\"@id\":\"https:\/\/knjiznice.nsk.hr\/majur\/#breadcrumb\"},\"inLanguage\":\"hr\",\"potentialAction\":[{\"@type\":\"ReadAction\",\"target\":[\"https:\/\/knjiznice.nsk.hr\/majur\/\"]}]},{\"@type\":\"BreadcrumbList\",\"@id\":\"https:\/\/knjiznice.nsk.hr\/majur\/#breadcrumb\",\"itemListElement\":[{\"@type\":\"ListItem\",\"position\":1,\"item\":{\"@type\":\"WebPage\",\"@id\":\"https:\/\/knjiznice.nsk.hr\/majur\/\",\"url\":\"https:\/\/knjiznice.nsk.hr\/majur\/\",\"name\":\"Po\\u010detna stranica\"}},{\"@type\":\"ListItem\",\"position\":2,\"item\":{\"@id\":\"https:\/\/knjiznice.nsk.hr\/majur\/#webpage\"}}]}]}<\/script>\n<!-- \/ Yoast SEO plugin. -->","_links":{"self":[{"href":"https:\/\/knjiznice.nsk.hr\/majur\/wp-json\/wp\/v2\/pages\/221"}],"collection":[{"href":"https:\/\/knjiznice.nsk.hr\/majur\/wp-json\/wp\/v2\/pages"}],"about":[{"href":"https:\/\/knjiznice.nsk.hr\/majur\/wp-json\/wp\/v2\/types\/page"}],"author":[{"embeddable":true,"href":"https:\/\/knjiznice.nsk.hr\/majur\/wp-json\/wp\/v2\/users\/53"}],"replies":[{"embeddable":true,"href":"https:\/\/knjiznice.nsk.hr\/majur\/wp-json\/wp\/v2\/comments?post=221"}],"version-history":[{"count":2,"href":"https:\/\/knjiznice.nsk.hr\/majur\/wp-json\/wp\/v2\/pages\/221\/revisions"}],"predecessor-version":[{"id":224,"href":"https:\/\/knjiznice.nsk.hr\/majur\/wp-json\/wp\/v2\/pages\/221\/revisions\/224"}],"wp:attachment":[{"href":"https:\/\/knjiznice.nsk.hr\/majur\/wp-json\/wp\/v2\/media?parent=221"}],"curies":[{"name":"wp","href":"https:\/\/api.w.org\/{rel}","templated":true}]}}