{"id":116,"date":"2019-01-22T08:29:17","date_gmt":"2019-01-22T08:29:17","guid":{"rendered":"http:\/\/knjiznice.nsk.hr\/majur\/?page_id=116"},"modified":"2022-09-01T12:04:04","modified_gmt":"2022-09-01T12:04:04","slug":"cjenik","status":"publish","type":"page","link":"https:\/\/knjiznice.nsk.hr\/majur\/cjenik\/","title":{"rendered":"Cjenik"},"content":{"rendered":"<p><strong><em>Kori\u0161ten fiksni te\u010daj konverzije&nbsp;&nbsp; 1 \u20ac = 7,53450 kn<\/em><\/strong><\/p>\n<ol>\n<li><strong> \u010cLANARINA<\/strong><\/li>\n<\/ol>\n<table>\n<tbody>\n<tr>\n<td width=\"423\">\u010clanarina (godi\u0161nja)<\/td>\n<td width=\"85\">11,30 kn<\/td>\n<td width=\"85\">1,50 \u20ac<\/td>\n<\/tr>\n<\/tbody>\n<\/table>\n<ol start=\"2\">\n<li><strong> POSEBNE USLUGE<\/strong><\/li>\n<\/ol>\n<table>\n<tbody>\n<tr>\n<td width=\"423\"><strong>ISPIS<\/strong><\/td>\n<td width=\"85\">&nbsp;<\/td>\n<td width=\"85\">&nbsp;<\/td>\n<\/tr>\n<tr>\n<td width=\"423\">Format A4 (c\/b)<\/td>\n<td width=\"85\">0,75 kn<\/td>\n<td width=\"85\">0,10 \u20ac<\/td>\n<\/tr>\n<tr>\n<td width=\"423\">Format A4 (c\/b na tvrdom, foto i drugom papiru)<\/td>\n<td width=\"85\">2,64 kn<\/td>\n<td width=\"85\">0,35 \u20ac<\/td>\n<\/tr>\n<tr>\n<td width=\"423\">Format A4 (u boji)<\/td>\n<td width=\"85\">3,01 kn<\/td>\n<td width=\"85\">0,40 \u20ac<\/td>\n<\/tr>\n<tr>\n<td width=\"423\">Format A4 (u boji na tvrdom, foto i drugom papiru)<\/td>\n<td width=\"85\">5,27 kn<\/td>\n<td width=\"85\">0,70 \u20ac<\/td>\n<\/tr>\n<tr>\n<td width=\"423\"><strong>FOTOKOPIRANJE<\/strong><\/td>\n<td width=\"85\">&nbsp;<\/td>\n<td width=\"85\">&nbsp;<\/td>\n<\/tr>\n<tr>\n<td width=\"423\">Format A4 (c\/b)<\/td>\n<td width=\"85\">0,75 kn<\/td>\n<td width=\"85\">0,10 \u20ac<\/td>\n<\/tr>\n<tr>\n<td width=\"423\">Format A4 (u boji)<\/td>\n<td width=\"85\">3,01 kn<\/td>\n<td width=\"85\">0,40 \u20ac<\/td>\n<\/tr>\n<tr>\n<td width=\"423\">Format A3 (c\/b)<\/td>\n<td width=\"85\">1,13 kn<\/td>\n<td width=\"85\">0,15 \u20ac<\/td>\n<\/tr>\n<tr>\n<td width=\"423\"><strong>PLASTIFICIRANJE<\/strong><\/td>\n<td width=\"85\">&nbsp;<\/td>\n<td width=\"85\">&nbsp;<\/td>\n<\/tr>\n<tr>\n<td width=\"423\">Format A6<\/td>\n<td width=\"85\">3,01 kn<\/td>\n<td width=\"85\">0,40 \u20ac<\/td>\n<\/tr>\n<tr>\n<td width=\"423\">Format A5<\/td>\n<td width=\"85\">4,52 kn<\/td>\n<td width=\"85\">0,60 \u20ac<\/td>\n<\/tr>\n<tr>\n<td width=\"423\">Format A4<\/td>\n<td width=\"85\">6,03 kn<\/td>\n<td width=\"85\">0,80 \u20ac<\/td>\n<\/tr>\n<tr>\n<td width=\"423\"><strong>OSTALE USLUGE<\/strong><\/td>\n<td width=\"85\">&nbsp;<\/td>\n<td width=\"85\">&nbsp;<\/td>\n<\/tr>\n<tr>\n<td width=\"423\">Spiralno uvezivanje<\/td>\n<td width=\"85\">11,30 kn<\/td>\n<td width=\"85\">1,50 \u20ac<\/td>\n<\/tr>\n<tr>\n<td width=\"423\">Faksiranje<\/td>\n<td width=\"85\">1,13 kn<\/td>\n<td width=\"85\">0,15 \u20ac<\/td>\n<\/tr>\n<tr>\n<td width=\"423\">Internet (do 30 minuta)<\/td>\n<td width=\"85\">3,77 kn<\/td>\n<td width=\"85\">0,50 \u20ac<\/td>\n<\/tr>\n<tr>\n<td width=\"423\">Internet (do 60 minuta)<\/td>\n<td width=\"85\">7,53 kn<\/td>\n<td width=\"85\">1,00 \u20ac<\/td>\n<\/tr>\n<\/tbody>\n<\/table>\n<p>&nbsp;<\/p>\n","protected":false},"excerpt":{"rendered":"<p>Kori\u0161ten fiksni te\u010daj konverzije&nbsp;&nbsp; 1 \u20ac = 7,53450 kn \u010cLANARINA \u010clanarina (godi\u0161nja) 11,30 kn 1,50 \u20ac POSEBNE USLUGE ISPIS &nbsp; &nbsp; Format A4 (c\/b) 0,75 kn 0,10 \u20ac Format A4 (c\/b na tvrdom, foto i drugom papiru) 2,64 kn 0,35 \u20ac Format A4 (u boji) 3,01 kn 0,40 \u20ac Format A4 (u boji na tvrdom, [&hellip;]<\/p>\n","protected":false},"author":53,"featured_media":0,"parent":0,"menu_order":0,"comment_status":"closed","ping_status":"closed","template":"","meta":{"ngg_post_thumbnail":0},"yoast_head":"<!-- This site is optimized with the Yoast SEO plugin v16.4 - https:\/\/yoast.com\/wordpress\/plugins\/seo\/ -->\n<meta name=\"robots\" content=\"index, follow, max-snippet:-1, max-image-preview:large, max-video-preview:-1\" \/>\n<link rel=\"canonical\" href=\"https:\/\/knjiznice.nsk.hr\/majur\/cjenik\/\" \/>\n<meta property=\"og:locale\" content=\"hr_HR\" \/>\n<meta property=\"og:type\" content=\"article\" \/>\n<meta property=\"og:title\" content=\"Cjenik - Narodna knji\u017enica i \u010ditaonica Majur\" \/>\n<meta property=\"og:description\" content=\"Kori\u0161ten fiksni te\u010daj konverzije&nbsp;&nbsp; 1 \u20ac = 7,53450 kn \u010cLANARINA \u010clanarina (godi\u0161nja) 11,30 kn 1,50 \u20ac POSEBNE USLUGE ISPIS &nbsp; &nbsp; Format A4 (c\/b) 0,75 kn 0,10 \u20ac Format A4 (c\/b na tvrdom, foto i drugom papiru) 2,64 kn 0,35 \u20ac Format A4 (u boji) 3,01 kn 0,40 \u20ac Format A4 (u boji na tvrdom, [&hellip;]\" \/>\n<meta property=\"og:url\" content=\"https:\/\/knjiznice.nsk.hr\/majur\/cjenik\/\" \/>\n<meta property=\"og:site_name\" content=\"Narodna knji\u017enica i \u010ditaonica Majur\" \/>\n<meta property=\"article:modified_time\" content=\"2022-09-01T12:04:04+00:00\" \/>\n<meta name=\"twitter:label1\" content=\"Procijenjeno vrijeme \u010ditanja\" \/>\n\t<meta name=\"twitter:data1\" content=\"1 minuta\" \/>\n<script type=\"application\/ld+json\" class=\"yoast-schema-graph\">{\"@context\":\"https:\/\/schema.org\",\"@graph\":[{\"@type\":\"WebSite\",\"@id\":\"http:\/\/knjiznice.nsk.hr\/majur\/#website\",\"url\":\"http:\/\/knjiznice.nsk.hr\/majur\/\",\"name\":\"Narodna knji\\u017enica i \\u010ditaonica Majur\",\"description\":\"\",\"potentialAction\":[{\"@type\":\"SearchAction\",\"target\":\"http:\/\/knjiznice.nsk.hr\/majur\/?s={search_term_string}\",\"query-input\":\"required name=search_term_string\"}],\"inLanguage\":\"hr\"},{\"@type\":\"WebPage\",\"@id\":\"https:\/\/knjiznice.nsk.hr\/majur\/cjenik\/#webpage\",\"url\":\"https:\/\/knjiznice.nsk.hr\/majur\/cjenik\/\",\"name\":\"Cjenik - Narodna knji\\u017enica i \\u010ditaonica Majur\",\"isPartOf\":{\"@id\":\"http:\/\/knjiznice.nsk.hr\/majur\/#website\"},\"datePublished\":\"2019-01-22T08:29:17+00:00\",\"dateModified\":\"2022-09-01T12:04:04+00:00\",\"breadcrumb\":{\"@id\":\"https:\/\/knjiznice.nsk.hr\/majur\/cjenik\/#breadcrumb\"},\"inLanguage\":\"hr\",\"potentialAction\":[{\"@type\":\"ReadAction\",\"target\":[\"https:\/\/knjiznice.nsk.hr\/majur\/cjenik\/\"]}]},{\"@type\":\"BreadcrumbList\",\"@id\":\"https:\/\/knjiznice.nsk.hr\/majur\/cjenik\/#breadcrumb\",\"itemListElement\":[{\"@type\":\"ListItem\",\"position\":1,\"item\":{\"@type\":\"WebPage\",\"@id\":\"http:\/\/knjiznice.nsk.hr\/majur\/\",\"url\":\"http:\/\/knjiznice.nsk.hr\/majur\/\",\"name\":\"Po\\u010detna stranica\"}},{\"@type\":\"ListItem\",\"position\":2,\"item\":{\"@id\":\"https:\/\/knjiznice.nsk.hr\/majur\/cjenik\/#webpage\"}}]}]}<\/script>\n<!-- \/ Yoast SEO plugin. -->","_links":{"self":[{"href":"https:\/\/knjiznice.nsk.hr\/majur\/wp-json\/wp\/v2\/pages\/116"}],"collection":[{"href":"https:\/\/knjiznice.nsk.hr\/majur\/wp-json\/wp\/v2\/pages"}],"about":[{"href":"https:\/\/knjiznice.nsk.hr\/majur\/wp-json\/wp\/v2\/types\/page"}],"author":[{"embeddable":true,"href":"https:\/\/knjiznice.nsk.hr\/majur\/wp-json\/wp\/v2\/users\/53"}],"replies":[{"embeddable":true,"href":"https:\/\/knjiznice.nsk.hr\/majur\/wp-json\/wp\/v2\/comments?post=116"}],"version-history":[{"count":8,"href":"https:\/\/knjiznice.nsk.hr\/majur\/wp-json\/wp\/v2\/pages\/116\/revisions"}],"predecessor-version":[{"id":476,"href":"https:\/\/knjiznice.nsk.hr\/majur\/wp-json\/wp\/v2\/pages\/116\/revisions\/476"}],"wp:attachment":[{"href":"https:\/\/knjiznice.nsk.hr\/majur\/wp-json\/wp\/v2\/media?parent=116"}],"curies":[{"name":"wp","href":"https:\/\/api.w.org\/{rel}","templated":true}]}}