{"id":45,"date":"2016-09-08T13:52:51","date_gmt":"2016-09-08T13:52:51","guid":{"rendered":"http:\/\/knjiznice.nsk.hr\/lepoglava\/?page_id=45"},"modified":"2016-09-13T12:21:20","modified_gmt":"2016-09-13T12:21:20","slug":"o-nama","status":"publish","type":"page","link":"https:\/\/knjiznice.nsk.hr\/lepoglava\/o-nama\/","title":{"rendered":"O nama"},"content":{"rendered":"<p>Gradska knji\u017enica u Lepoglavi s prekidima djeluje od 1961. godine, podru\u010dni odjel u Lepoglavi ivane\u010dka knji\u017enica otvara 6. travnja 1971. godine. Spletom okolnosti, novonastala se knji\u017enica nalazila u istoj zgradi gdje je, nakon mnogih seljenja, i danas. 1991. godine knji\u017enica u Lepoglavi dobiva na kori\u0161tenje prostor u prizemlju Osnovne \u0161kole Ante Star\u010devi\u0107a u Lepoglavi, no nakon dogradnje \u0161kole ponovno je preseljena u novi prostor koji je dijelila sa \u0161kolskom knji\u017enicom i koji nikako nije bio adekvatan. Sama \u010dinjenica da je gradska knji\u017enica implementirana u \u0161kolu psiholo\u0161ki je negativno djelovala na odrasle \u010dlanove i studente \u010dije zahtjeve ona nikako nije mogla zadovoljiti. Knji\u017enica je tijekom \u0161kolske godine bila otvorena dva dana od 7 do 15 sati i dva dana od 12 do 19 sati. Dodatni je hendikep predstavljala \u010dinjenica \u0161to se knji\u017enica stalno morala prilago\u0111avati radnom vremenu \u0161kole. Lepoglavska je narodna knji\u017enica, u periodu od 1991. do 2009. godine, djelovala u prostoru Osnovne \u0161kole Ante Star\u010devi\u0107a Lepoglava te se o\u010dekivalo da preuzme ulogu i \u0161kolske knji\u017enice. Knji\u017enica je bila samostalna, tj. jo\u0161 uvijek u sklopu ivane\u010dkog sveu\u010dili\u0161ta, ali djelovala je u zgradi \u0161kole. Iako u ovom periodu knji\u017eni\u010dna djelatnost trpi zbog nedostatka prostora; nemogu\u0107nost pro\u0161irivanja zbirke obzirom na premali i sku\u010deni prostor u kojem je djelovala, nemogu\u0107nost odr\u017eavanja kulturnih djelatnosti osim najosnovnijih &#8230; sve to nije sprije\u010dilo knji\u017enicu da i dalje radi sukladno Standardu za \u0161kolske knji\u017enice, a kroz odgojne i obrazovne, stru\u010dne knji\u017eni\u010dne te kulturne i javne djelatnosti, a jednako tako radi sukladno Standardima za narodne knji\u017enice, a kroz nabavu, stru\u010dnu obradu, \u010duvanje i za\u0161titu knji\u017eni\u010dne gra\u0111e, izradu biltena, kataloga, bibliografija i drugih informacijskih pomagala, omogu\u0107avanje pristupa\u010dnosti knji\u017eni\u010dne gra\u0111e i informacija korisnicima, osiguravanje kori\u0161tenja i posudbe gra\u0111e te protoka informacija, pomo\u0107 korisnicima pri izboru i kori\u0161tenju gra\u0111e, informacijskih pomagala i izvora, kao i vo\u0111enje dokumentacije i statistike o gra\u0111i i korisnicima, te o poslovanju. Iako ograni\u010dena prostorom knji\u017enica zadovoljava potrebe korisnika dje\u010djeg uzrasta kroz informati\u010dke sadr\u017eaje; besplatan internet, kreativne radionice u manjim grupama, literarne grupe, \u010ditateljski klub. Tako\u0111er, knji\u017enica zadovoljava informacijske potrebe kroz pru\u017eanje i kori\u0161tenje informacija u kontekstu rje\u0161avanja problema, u\u010de\u0107i djecu kako prona\u0107i informaciju i kako je koristiti na razumljivi na\u010din.<\/p>\n<p>Od 1971. do 2000. godine knji\u017enica u Lepoglavi djelovala je kao podru\u010dna knji\u017enica Knji\u017enice i \u010ditaonice \u201cMladost\u201c u Ivancu. Osamostaljenjem postaje samostalna ustanova Grada Lepoglave. Od tada je obveza Grada, njezinog osniva\u010da, osigurati joj primjerene uvjete za rad i po\u010dinje izrada potrebne dokumentacije za budu\u0107i Dom kulture gdje je knji\u017enica trebala dobiti adekvatan prostor za svoj rad. Smjernice budu\u0107eg razvoja nazna\u010dene su jo\u0161 2006. godine kada je otvoren euro \u2013 infopunkt, a sve\u010danosti je prisustvovalo 15 ambasadora i predstavnika dr\u017eava \u010dlanica Europske unije. Do dugo o\u010dekivanog preseljenja knji\u017enice u preure\u0111eni prostor nekada\u0161nje sportske dvorane u Ulici hrvatskih pavlina 7, do\u0161lo je 13. o\u017eujka 2009. godine. Gradska knji\u017enica Ivana Belostenca Lepoglava 2009. godine dobiva svoj prostor, odvaja fond od \u0161kolske knji\u017enice i time postaje isklju\u010divo narodna knji\u017enica. Smje\u0161tena u samome centru grada s parkirnim mjestima, adekvatnim prilazom i na idealnoj lokaciji \u0161to se ti\u010de korisnika, gra\u0111anstva, ali i turista. Pru\u017eanjem informacijskih usluga, nabavom i sveukupnim radom knji\u017enica zadovoljava potrebe korisnika u zajednici i \u0161ire.<\/p>\n<p>Za knji\u017enicu je posebno osmi\u0161ljen prostor u prizemlju Turisti\u010dko kulturno \u2013 informativnog centra. Tu se nalazi posudbeni odjel za djecu i odrasle, radni prostor za korisnike opremljen suvremenim ra\u010dunalima, radni prostor za knji\u017eni\u010dara s malim priru\u010dnim spremi\u0161tem, a na katu je predvi\u0111ena \u010ditaonica sa zbirkom na razli\u010ditim medijima, te velik prostor za razli\u010dita kulturna doga\u0111anja. Novi je prostor veli\u010dine 400 m<sup>2<\/sup> i prilago\u0111en slabije pokretnim osobama. Zanimljivo je za spomenuti kako je kompletan knji\u017eni\u010dni fond preba\u010den u novu knji\u017enicu uz pomo\u0107 brojnih u\u010denika osnovnih \u0161kola te mje\u0161tana koji su sudjelovali u preseljenju oblikuju\u0107i \u017eivi lanac. Nakon toga je slijedio otpis gra\u0111e u ivane\u010dkoj knji\u017enici i upis kompletnog novog inventara u lepoglavskoj knji\u017enici. Novi inventar, odvojeni prostori za posudbu knjiga, \u010ditaonica i galerijski prostor danas su glavni aduti knji\u017enice koja je prerasla u pravi suvremeni knji\u017eni\u010dno \u2013 informacijski centar. Knji\u017enica se koristi sredstvima Grada, Ministarstva kulture Republike Hrvatske te vlastitim sredstvima; uz bogatu referentnu zbirku vodi i zavi\u010dajnu zbirku. Svake se godine ostvaruje bogat program igraonica, predavanja, radionica i nastupa bilo u vlastitoj organizaciji ili u posu\u0111ivanju prostora udrugama ili organizacijama u provo\u0111enju svojih kulturnih, zabavnih ili sportskih djelatnosti.<\/p>\n<p>&nbsp;<\/p>\n","protected":false},"excerpt":{"rendered":"<p>Gradska knji\u017enica u Lepoglavi s prekidima djeluje od 1961. godine, podru\u010dni odjel u Lepoglavi ivane\u010dka knji\u017enica otvara 6. travnja 1971. godine. Spletom okolnosti, novonastala se knji\u017enica nalazila u istoj zgradi gdje je, nakon mnogih seljenja, i danas. 1991. godine knji\u017enica u Lepoglavi dobiva na kori\u0161tenje prostor u prizemlju Osnovne \u0161kole Ante Star\u010devi\u0107a u Lepoglavi, no [&hellip;]<\/p>\n","protected":false},"author":18,"featured_media":0,"parent":0,"menu_order":0,"comment_status":"closed","ping_status":"closed","template":"","meta":{"ngg_post_thumbnail":0},"yoast_head":"<!-- This site is optimized with the Yoast SEO plugin v16.4 - https:\/\/yoast.com\/wordpress\/plugins\/seo\/ -->\n<meta name=\"robots\" content=\"index, follow, max-snippet:-1, max-image-preview:large, max-video-preview:-1\" \/>\n<link rel=\"canonical\" href=\"http:\/\/knjiznice.nsk.hr\/lepoglava\/o-nama\/\" \/>\n<meta property=\"og:locale\" content=\"hr_HR\" \/>\n<meta property=\"og:type\" content=\"article\" \/>\n<meta property=\"og:title\" content=\"O nama - Gradska knji\u017enica Ivana Belostenca Lepoglava\" \/>\n<meta property=\"og:description\" content=\"Gradska knji\u017enica u Lepoglavi s prekidima djeluje od 1961. godine, podru\u010dni odjel u Lepoglavi ivane\u010dka knji\u017enica otvara 6. travnja 1971. godine. Spletom okolnosti, novonastala se knji\u017enica nalazila u istoj zgradi gdje je, nakon mnogih seljenja, i danas. 1991. godine knji\u017enica u Lepoglavi dobiva na kori\u0161tenje prostor u prizemlju Osnovne \u0161kole Ante Star\u010devi\u0107a u Lepoglavi, no [&hellip;]\" \/>\n<meta property=\"og:url\" content=\"http:\/\/knjiznice.nsk.hr\/lepoglava\/o-nama\/\" \/>\n<meta property=\"og:site_name\" content=\"Gradska knji\u017enica Ivana Belostenca Lepoglava\" \/>\n<meta property=\"article:modified_time\" content=\"2016-09-13T12:21:20+00:00\" \/>\n<meta name=\"twitter:label1\" content=\"Procijenjeno vrijeme \u010ditanja\" \/>\n\t<meta name=\"twitter:data1\" content=\"4 minute\" \/>\n<script type=\"application\/ld+json\" class=\"yoast-schema-graph\">{\"@context\":\"https:\/\/schema.org\",\"@graph\":[{\"@type\":\"WebSite\",\"@id\":\"http:\/\/knjiznice.nsk.hr\/lepoglava\/#website\",\"url\":\"http:\/\/knjiznice.nsk.hr\/lepoglava\/\",\"name\":\"Gradska knji\\u017enica Ivana Belostenca Lepoglava\",\"description\":\"\",\"potentialAction\":[{\"@type\":\"SearchAction\",\"target\":\"http:\/\/knjiznice.nsk.hr\/lepoglava\/?s={search_term_string}\",\"query-input\":\"required name=search_term_string\"}],\"inLanguage\":\"hr\"},{\"@type\":\"WebPage\",\"@id\":\"http:\/\/knjiznice.nsk.hr\/lepoglava\/o-nama\/#webpage\",\"url\":\"http:\/\/knjiznice.nsk.hr\/lepoglava\/o-nama\/\",\"name\":\"O nama - Gradska knji\\u017enica Ivana Belostenca Lepoglava\",\"isPartOf\":{\"@id\":\"http:\/\/knjiznice.nsk.hr\/lepoglava\/#website\"},\"datePublished\":\"2016-09-08T13:52:51+00:00\",\"dateModified\":\"2016-09-13T12:21:20+00:00\",\"breadcrumb\":{\"@id\":\"http:\/\/knjiznice.nsk.hr\/lepoglava\/o-nama\/#breadcrumb\"},\"inLanguage\":\"hr\",\"potentialAction\":[{\"@type\":\"ReadAction\",\"target\":[\"http:\/\/knjiznice.nsk.hr\/lepoglava\/o-nama\/\"]}]},{\"@type\":\"BreadcrumbList\",\"@id\":\"http:\/\/knjiznice.nsk.hr\/lepoglava\/o-nama\/#breadcrumb\",\"itemListElement\":[{\"@type\":\"ListItem\",\"position\":1,\"item\":{\"@type\":\"WebPage\",\"@id\":\"http:\/\/knjiznice.nsk.hr\/lepoglava\/\",\"url\":\"http:\/\/knjiznice.nsk.hr\/lepoglava\/\",\"name\":\"Po\\u010detna stranica\"}},{\"@type\":\"ListItem\",\"position\":2,\"item\":{\"@id\":\"http:\/\/knjiznice.nsk.hr\/lepoglava\/o-nama\/#webpage\"}}]}]}<\/script>\n<!-- \/ Yoast SEO plugin. -->","_links":{"self":[{"href":"https:\/\/knjiznice.nsk.hr\/lepoglava\/wp-json\/wp\/v2\/pages\/45"}],"collection":[{"href":"https:\/\/knjiznice.nsk.hr\/lepoglava\/wp-json\/wp\/v2\/pages"}],"about":[{"href":"https:\/\/knjiznice.nsk.hr\/lepoglava\/wp-json\/wp\/v2\/types\/page"}],"author":[{"embeddable":true,"href":"https:\/\/knjiznice.nsk.hr\/lepoglava\/wp-json\/wp\/v2\/users\/18"}],"replies":[{"embeddable":true,"href":"https:\/\/knjiznice.nsk.hr\/lepoglava\/wp-json\/wp\/v2\/comments?post=45"}],"version-history":[{"count":3,"href":"https:\/\/knjiznice.nsk.hr\/lepoglava\/wp-json\/wp\/v2\/pages\/45\/revisions"}],"predecessor-version":[{"id":170,"href":"https:\/\/knjiznice.nsk.hr\/lepoglava\/wp-json\/wp\/v2\/pages\/45\/revisions\/170"}],"wp:attachment":[{"href":"https:\/\/knjiznice.nsk.hr\/lepoglava\/wp-json\/wp\/v2\/media?parent=45"}],"curies":[{"name":"wp","href":"https:\/\/api.w.org\/{rel}","templated":true}]}}