{"id":36,"date":"2016-09-08T13:51:11","date_gmt":"2016-09-08T13:51:11","guid":{"rendered":"http:\/\/knjiznice.nsk.hr\/lepoglava\/?page_id=36"},"modified":"2016-09-09T08:00:55","modified_gmt":"2016-09-09T08:00:55","slug":"usluge","status":"publish","type":"page","link":"https:\/\/knjiznice.nsk.hr\/lepoglava\/usluge\/","title":{"rendered":"Usluge"},"content":{"rendered":"<p>Gradska knji\u017enica Ivana Belostenca Lepoglava kroz svoju djelatnost nudi sljede\u0107e usluge:<\/p>\n<p>Posudba &#8211; primarna djelatnost knji\u017enice, a kroz posudbu knji\u017ene i neknji\u017ene gra\u0111e \u010dlanovima i korisnicima.<\/p>\n<p>U prostoru knji\u017enice nalazi se organizirani dio za \u010ditanje dnevnog tiska i \u010dasopisa. Tako\u0111er, ovdje se nalaze radna mjesta za studijski rad i kori\u0161tenje referentne i zavi\u010dajne zbirke.<\/p>\n<p>Dje\u010dji kuti\u0107 &#8211;\u00a0prilago\u0111en najmla\u0111im korisnicima knji\u017enice uz bogat izbor edukativnih slikovnica, igara i igra\u010daka. Tokom \u0161kolske godine organizirane su igraonice svake srijede u 17 sati pod stru\u010dnim vodstvom, besplatne za \u010dlanove, a za djecu uzrasta 3-6 godina.<\/p>\n<p>\u010citaonica &#8211; multifunkcionalan prostor na katu s ra\u010dunalima te primjerena oprema za gra\u0111u na razli\u010ditim medijima. Prostor je opremljen velikim osvijetljenim panoima\u00a0i prikladan je za organiziranje raznih izlo\u017ebi. U sredi\u0161njem dijelu su stolovi i stolci, a\u00a0njihovim se razmje\u0161tajem prostor prilago\u0111ava razli\u010ditim obrazovnim i kulturolo\u0161kim programima. Ukupno je 70 korisni\u010dkih mjesta. Kori\u0161tenje ra\u010dunala besplatno je za \u010dlanove, tako\u0111er i Wi-Fi.<\/p>\n<p>Organizacija raznih obrazovnih i kulturolo\u0161kih programa kroz godinu:<\/p>\n<p>*predstavljanje knjiga<\/p>\n<p>*organiziranje izlo\u017eaba<\/p>\n<p>*organizirane posjete \u0161kolaraca i pred\u0161kolaca<\/p>\n<p>*No\u0107 knjige<\/p>\n<p>*Mjesec hrvatske knjige<\/p>\n<p>*predavanja<\/p>\n<p>*igrokazi<\/p>\n<p>*radionice za djecu i odrasle<\/p>\n<p>Me\u0111uknji\u017eni\u010dna posudba &#8211; ukoliko knji\u017enica ne posjeduje knjigu, za potrebe obrazovanja, cjelo\u017eivotnog u\u010denja, pisanja stru\u010dnih i znanstvenih radova, posu\u0111ujemo knjige iz drugih knji\u017enica.<\/p>\n<p>Edukacija &#8211; pomo\u0107 od strane djelatnika knji\u017enice pri pretra\u017eivanju knji\u017ene i neknji\u017ene gra\u0111e, pretra\u017eivanju kataloga, baza podataka, raznih online usluga.<\/p>\n<p>&nbsp;<\/p>\n<p>&nbsp;<\/p>\n<p>&nbsp;<\/p>\n<p>&nbsp;<\/p>\n<p>&nbsp;<\/p>\n","protected":false},"excerpt":{"rendered":"<p>Gradska knji\u017enica Ivana Belostenca Lepoglava kroz svoju djelatnost nudi sljede\u0107e usluge: Posudba &#8211; primarna djelatnost knji\u017enice, a kroz posudbu knji\u017ene i neknji\u017ene gra\u0111e \u010dlanovima i korisnicima. U prostoru knji\u017enice nalazi se organizirani dio za \u010ditanje dnevnog tiska i \u010dasopisa. Tako\u0111er, ovdje se nalaze radna mjesta za studijski rad i kori\u0161tenje referentne i zavi\u010dajne zbirke. Dje\u010dji [&hellip;]<\/p>\n","protected":false},"author":18,"featured_media":0,"parent":0,"menu_order":0,"comment_status":"closed","ping_status":"closed","template":"","meta":{"ngg_post_thumbnail":0},"yoast_head":"<!-- This site is optimized with the Yoast SEO plugin v16.4 - https:\/\/yoast.com\/wordpress\/plugins\/seo\/ -->\n<meta name=\"robots\" content=\"index, follow, max-snippet:-1, max-image-preview:large, max-video-preview:-1\" \/>\n<link rel=\"canonical\" href=\"http:\/\/knjiznice.nsk.hr\/lepoglava\/usluge\/\" \/>\n<meta property=\"og:locale\" content=\"hr_HR\" \/>\n<meta property=\"og:type\" content=\"article\" \/>\n<meta property=\"og:title\" content=\"Usluge - Gradska knji\u017enica Ivana Belostenca Lepoglava\" \/>\n<meta property=\"og:description\" content=\"Gradska knji\u017enica Ivana Belostenca Lepoglava kroz svoju djelatnost nudi sljede\u0107e usluge: Posudba &#8211; primarna djelatnost knji\u017enice, a kroz posudbu knji\u017ene i neknji\u017ene gra\u0111e \u010dlanovima i korisnicima. U prostoru knji\u017enice nalazi se organizirani dio za \u010ditanje dnevnog tiska i \u010dasopisa. Tako\u0111er, ovdje se nalaze radna mjesta za studijski rad i kori\u0161tenje referentne i zavi\u010dajne zbirke. Dje\u010dji [&hellip;]\" \/>\n<meta property=\"og:url\" content=\"http:\/\/knjiznice.nsk.hr\/lepoglava\/usluge\/\" \/>\n<meta property=\"og:site_name\" content=\"Gradska knji\u017enica Ivana Belostenca Lepoglava\" \/>\n<meta property=\"article:modified_time\" content=\"2016-09-09T08:00:55+00:00\" \/>\n<meta name=\"twitter:label1\" content=\"Procijenjeno vrijeme \u010ditanja\" \/>\n\t<meta name=\"twitter:data1\" content=\"1 minuta\" \/>\n<script type=\"application\/ld+json\" class=\"yoast-schema-graph\">{\"@context\":\"https:\/\/schema.org\",\"@graph\":[{\"@type\":\"WebSite\",\"@id\":\"http:\/\/knjiznice.nsk.hr\/lepoglava\/#website\",\"url\":\"http:\/\/knjiznice.nsk.hr\/lepoglava\/\",\"name\":\"Gradska knji\\u017enica Ivana Belostenca Lepoglava\",\"description\":\"\",\"potentialAction\":[{\"@type\":\"SearchAction\",\"target\":\"http:\/\/knjiznice.nsk.hr\/lepoglava\/?s={search_term_string}\",\"query-input\":\"required name=search_term_string\"}],\"inLanguage\":\"hr\"},{\"@type\":\"WebPage\",\"@id\":\"http:\/\/knjiznice.nsk.hr\/lepoglava\/usluge\/#webpage\",\"url\":\"http:\/\/knjiznice.nsk.hr\/lepoglava\/usluge\/\",\"name\":\"Usluge - Gradska knji\\u017enica Ivana Belostenca Lepoglava\",\"isPartOf\":{\"@id\":\"http:\/\/knjiznice.nsk.hr\/lepoglava\/#website\"},\"datePublished\":\"2016-09-08T13:51:11+00:00\",\"dateModified\":\"2016-09-09T08:00:55+00:00\",\"breadcrumb\":{\"@id\":\"http:\/\/knjiznice.nsk.hr\/lepoglava\/usluge\/#breadcrumb\"},\"inLanguage\":\"hr\",\"potentialAction\":[{\"@type\":\"ReadAction\",\"target\":[\"http:\/\/knjiznice.nsk.hr\/lepoglava\/usluge\/\"]}]},{\"@type\":\"BreadcrumbList\",\"@id\":\"http:\/\/knjiznice.nsk.hr\/lepoglava\/usluge\/#breadcrumb\",\"itemListElement\":[{\"@type\":\"ListItem\",\"position\":1,\"item\":{\"@type\":\"WebPage\",\"@id\":\"http:\/\/knjiznice.nsk.hr\/lepoglava\/\",\"url\":\"http:\/\/knjiznice.nsk.hr\/lepoglava\/\",\"name\":\"Po\\u010detna stranica\"}},{\"@type\":\"ListItem\",\"position\":2,\"item\":{\"@id\":\"http:\/\/knjiznice.nsk.hr\/lepoglava\/usluge\/#webpage\"}}]}]}<\/script>\n<!-- \/ Yoast SEO plugin. -->","_links":{"self":[{"href":"https:\/\/knjiznice.nsk.hr\/lepoglava\/wp-json\/wp\/v2\/pages\/36"}],"collection":[{"href":"https:\/\/knjiznice.nsk.hr\/lepoglava\/wp-json\/wp\/v2\/pages"}],"about":[{"href":"https:\/\/knjiznice.nsk.hr\/lepoglava\/wp-json\/wp\/v2\/types\/page"}],"author":[{"embeddable":true,"href":"https:\/\/knjiznice.nsk.hr\/lepoglava\/wp-json\/wp\/v2\/users\/18"}],"replies":[{"embeddable":true,"href":"https:\/\/knjiznice.nsk.hr\/lepoglava\/wp-json\/wp\/v2\/comments?post=36"}],"version-history":[{"count":4,"href":"https:\/\/knjiznice.nsk.hr\/lepoglava\/wp-json\/wp\/v2\/pages\/36\/revisions"}],"predecessor-version":[{"id":88,"href":"https:\/\/knjiznice.nsk.hr\/lepoglava\/wp-json\/wp\/v2\/pages\/36\/revisions\/88"}],"wp:attachment":[{"href":"https:\/\/knjiznice.nsk.hr\/lepoglava\/wp-json\/wp\/v2\/media?parent=36"}],"curies":[{"name":"wp","href":"https:\/\/api.w.org\/{rel}","templated":true}]}}