{"id":30,"date":"2016-09-08T13:34:29","date_gmt":"2016-09-08T13:34:29","guid":{"rendered":"http:\/\/knjiznice.nsk.hr\/lepoglava\/?page_id=30"},"modified":"2025-01-24T07:37:10","modified_gmt":"2025-01-24T07:37:10","slug":"cjenik","status":"publish","type":"page","link":"https:\/\/knjiznice.nsk.hr\/lepoglava\/cjenik\/","title":{"rendered":"Cjenik"},"content":{"rendered":"<p><a href=\"http:\/\/knjiznice.nsk.hr\/lepoglava\/wp-content\/uploads\/sites\/22\/2016\/09\/visina-\u010dlanarine.doc\">Visina \u010dlanarine za 2016. godinu<\/a><\/p>\n<p><a href=\"http:\/\/knjiznice.nsk.hr\/lepoglava\/wp-content\/uploads\/sites\/22\/2020\/02\/visina-\u010dlanarine-3.doc\">Visina \u010dlanarine za 2017. godinu<\/a><\/p>\n<p><a href=\"http:\/\/knjiznice.nsk.hr\/lepoglava\/wp-content\/uploads\/sites\/22\/2020\/02\/visina-\u010dlanarine-1.doc\">Visina \u010dlanarine za 2018. godinu<\/a><\/p>\n<p><a href=\"http:\/\/knjiznice.nsk.hr\/lepoglava\/wp-content\/uploads\/sites\/22\/2020\/02\/visina-\u010dlanarine-2.doc\">Visina \u010dlanarine za 2019. godinu<\/a><\/p>\n<p><a href=\"http:\/\/knjiznice.nsk.hr\/lepoglava\/wp-content\/uploads\/sites\/22\/2020\/02\/visina-\u010dlanarine-4.doc\">Visina \u010dlanarine za 2020. godinu<\/a><\/p>\n<p><a href=\"http:\/\/knjiznice.nsk.hr\/lepoglava\/wp-content\/uploads\/sites\/22\/2023\/01\/visina-clanarine.doc\">Visina \u010dlanarine za 2021. godinu<\/a><\/p>\n<p><a href=\"http:\/\/knjiznice.nsk.hr\/lepoglava\/wp-content\/uploads\/sites\/22\/2023\/01\/visina-clanarine-1.doc\">Visina \u010dlanarine za 2022. godinu<\/a><\/p>\n<p><a href=\"http:\/\/knjiznice.nsk.hr\/lepoglava\/wp-content\/uploads\/sites\/22\/2023\/01\/visina-clanarine-2.doc\">Visina \u010dlanarine za 2023. godinu<\/a><\/p>\n<p><a href=\"http:\/\/knjiznice.nsk.hr\/lepoglava\/wp-content\/uploads\/sites\/22\/2025\/01\/visina-clanarine.doc\">Visina \u010dlanarine za 2024. godinu<\/a><\/p>\n<p><a href=\"http:\/\/knjiznice.nsk.hr\/lepoglava\/wp-content\/uploads\/sites\/22\/2025\/01\/Odluka-visina-clanarine.doc\">Visina \u010dlanarine za 2025. godinu<\/a><\/p>\n","protected":false},"excerpt":{"rendered":"<p>Visina \u010dlanarine za 2016. godinu Visina \u010dlanarine za 2017. godinu Visina \u010dlanarine za 2018. godinu Visina \u010dlanarine za 2019. godinu Visina \u010dlanarine za 2020. godinu Visina \u010dlanarine za 2021. godinu Visina \u010dlanarine za 2022. godinu Visina \u010dlanarine za 2023. godinu Visina \u010dlanarine za 2024. godinu Visina \u010dlanarine za 2025. godinu<\/p>\n","protected":false},"author":18,"featured_media":0,"parent":0,"menu_order":0,"comment_status":"closed","ping_status":"closed","template":"","meta":{"ngg_post_thumbnail":0},"yoast_head":"<!-- This site is optimized with the Yoast SEO plugin v16.4 - https:\/\/yoast.com\/wordpress\/plugins\/seo\/ -->\n<meta name=\"robots\" content=\"index, follow, max-snippet:-1, max-image-preview:large, max-video-preview:-1\" \/>\n<link rel=\"canonical\" href=\"https:\/\/knjiznice.nsk.hr\/lepoglava\/cjenik\/\" \/>\n<meta property=\"og:locale\" content=\"hr_HR\" \/>\n<meta property=\"og:type\" content=\"article\" \/>\n<meta property=\"og:title\" content=\"Cjenik - Gradska knji\u017enica Ivana Belostenca Lepoglava\" \/>\n<meta property=\"og:description\" content=\"Visina \u010dlanarine za 2016. godinu Visina \u010dlanarine za 2017. godinu Visina \u010dlanarine za 2018. godinu Visina \u010dlanarine za 2019. godinu Visina \u010dlanarine za 2020. godinu Visina \u010dlanarine za 2021. godinu Visina \u010dlanarine za 2022. godinu Visina \u010dlanarine za 2023. godinu Visina \u010dlanarine za 2024. godinu Visina \u010dlanarine za 2025. godinu\" \/>\n<meta property=\"og:url\" content=\"https:\/\/knjiznice.nsk.hr\/lepoglava\/cjenik\/\" \/>\n<meta property=\"og:site_name\" content=\"Gradska knji\u017enica Ivana Belostenca Lepoglava\" \/>\n<meta property=\"article:modified_time\" content=\"2025-01-24T07:37:10+00:00\" \/>\n<meta name=\"twitter:label1\" content=\"Procijenjeno vrijeme \u010ditanja\" \/>\n\t<meta name=\"twitter:data1\" content=\"1 minuta\" \/>\n<script type=\"application\/ld+json\" class=\"yoast-schema-graph\">{\"@context\":\"https:\/\/schema.org\",\"@graph\":[{\"@type\":\"WebSite\",\"@id\":\"http:\/\/knjiznice.nsk.hr\/lepoglava\/#website\",\"url\":\"http:\/\/knjiznice.nsk.hr\/lepoglava\/\",\"name\":\"Gradska knji\\u017enica Ivana Belostenca Lepoglava\",\"description\":\"\",\"potentialAction\":[{\"@type\":\"SearchAction\",\"target\":\"http:\/\/knjiznice.nsk.hr\/lepoglava\/?s={search_term_string}\",\"query-input\":\"required name=search_term_string\"}],\"inLanguage\":\"hr\"},{\"@type\":\"WebPage\",\"@id\":\"https:\/\/knjiznice.nsk.hr\/lepoglava\/cjenik\/#webpage\",\"url\":\"https:\/\/knjiznice.nsk.hr\/lepoglava\/cjenik\/\",\"name\":\"Cjenik - Gradska knji\\u017enica Ivana Belostenca Lepoglava\",\"isPartOf\":{\"@id\":\"http:\/\/knjiznice.nsk.hr\/lepoglava\/#website\"},\"datePublished\":\"2016-09-08T13:34:29+00:00\",\"dateModified\":\"2025-01-24T07:37:10+00:00\",\"breadcrumb\":{\"@id\":\"https:\/\/knjiznice.nsk.hr\/lepoglava\/cjenik\/#breadcrumb\"},\"inLanguage\":\"hr\",\"potentialAction\":[{\"@type\":\"ReadAction\",\"target\":[\"https:\/\/knjiznice.nsk.hr\/lepoglava\/cjenik\/\"]}]},{\"@type\":\"BreadcrumbList\",\"@id\":\"https:\/\/knjiznice.nsk.hr\/lepoglava\/cjenik\/#breadcrumb\",\"itemListElement\":[{\"@type\":\"ListItem\",\"position\":1,\"item\":{\"@type\":\"WebPage\",\"@id\":\"http:\/\/knjiznice.nsk.hr\/lepoglava\/\",\"url\":\"http:\/\/knjiznice.nsk.hr\/lepoglava\/\",\"name\":\"Po\\u010detna stranica\"}},{\"@type\":\"ListItem\",\"position\":2,\"item\":{\"@id\":\"https:\/\/knjiznice.nsk.hr\/lepoglava\/cjenik\/#webpage\"}}]}]}<\/script>\n<!-- \/ Yoast SEO plugin. -->","_links":{"self":[{"href":"https:\/\/knjiznice.nsk.hr\/lepoglava\/wp-json\/wp\/v2\/pages\/30"}],"collection":[{"href":"https:\/\/knjiznice.nsk.hr\/lepoglava\/wp-json\/wp\/v2\/pages"}],"about":[{"href":"https:\/\/knjiznice.nsk.hr\/lepoglava\/wp-json\/wp\/v2\/types\/page"}],"author":[{"embeddable":true,"href":"https:\/\/knjiznice.nsk.hr\/lepoglava\/wp-json\/wp\/v2\/users\/18"}],"replies":[{"embeddable":true,"href":"https:\/\/knjiznice.nsk.hr\/lepoglava\/wp-json\/wp\/v2\/comments?post=30"}],"version-history":[{"count":15,"href":"https:\/\/knjiznice.nsk.hr\/lepoglava\/wp-json\/wp\/v2\/pages\/30\/revisions"}],"predecessor-version":[{"id":2167,"href":"https:\/\/knjiznice.nsk.hr\/lepoglava\/wp-json\/wp\/v2\/pages\/30\/revisions\/2167"}],"wp:attachment":[{"href":"https:\/\/knjiznice.nsk.hr\/lepoglava\/wp-json\/wp\/v2\/media?parent=30"}],"curies":[{"name":"wp","href":"https:\/\/api.w.org\/{rel}","templated":true}]}}