{"id":1526,"date":"2024-02-25T13:03:41","date_gmt":"2024-02-25T13:03:41","guid":{"rendered":"http:\/\/knjiznice.nsk.hr\/lepoglava\/?page_id=1526"},"modified":"2024-03-04T09:19:09","modified_gmt":"2024-03-04T09:19:09","slug":"osvrti","status":"publish","type":"page","link":"https:\/\/knjiznice.nsk.hr\/lepoglava\/osvrti\/","title":{"rendered":"Osvrti"},"content":{"rendered":"<p>McFadden, Freida: <a href=\"http:\/\/knjiznice.nsk.hr\/lepoglava\/wp-content\/uploads\/sites\/22\/2024\/02\/Osvrt-Kucna-pomocnica-1.docx\">Ku\u0107na pomo\u0107nica<\/a><\/p>\n<p>Dubravka Lisak: <a href=\"http:\/\/knjiznice.nsk.hr\/lepoglava\/wp-content\/uploads\/sites\/22\/2024\/02\/Osvrt-Mama-a-gdje-sad-idemo-Lepoglava.rtf\">Mama, a gdje sad idemo?<\/a><\/p>\n<p>Stephanie Dray : <a href=\"http:\/\/knjiznice.nsk.hr\/lepoglava\/wp-content\/uploads\/sites\/22\/2024\/02\/Osvrt-Zene-iz-dvorca-La-Fayette.rtf\">\u017dene iz dvorca La Fayette<\/a><\/p>\n<p>Ivana \u0160ojat: <a href=\"http:\/\/knjiznice.nsk.hr\/lepoglava\/wp-content\/uploads\/sites\/22\/2024\/02\/Osvrt-Po-zidovima-crtam-drvece.rtf\">Po zidovima crtam drve\u0107e<\/a><\/p>\n<p>Inchauspe, Jessie: <a href=\"http:\/\/knjiznice.nsk.hr\/lepoglava\/wp-content\/uploads\/sites\/22\/2024\/03\/Osvrt-Glukozna-revolucija.docx\">Glukozna revolucija<\/a><\/p>\n<p>&nbsp;<\/p>\n","protected":false},"excerpt":{"rendered":"<p>McFadden, Freida: Ku\u0107na pomo\u0107nica Dubravka Lisak: Mama, a gdje sad idemo? Stephanie Dray : \u017dene iz dvorca La Fayette Ivana \u0160ojat: Po zidovima crtam drve\u0107e Inchauspe, Jessie: Glukozna revolucija &nbsp;<\/p>\n","protected":false},"author":18,"featured_media":0,"parent":0,"menu_order":0,"comment_status":"closed","ping_status":"closed","template":"","meta":{"ngg_post_thumbnail":0},"yoast_head":"<!-- This site is optimized with the Yoast SEO plugin v16.4 - https:\/\/yoast.com\/wordpress\/plugins\/seo\/ -->\n<meta name=\"robots\" content=\"index, follow, max-snippet:-1, max-image-preview:large, max-video-preview:-1\" \/>\n<link rel=\"canonical\" href=\"http:\/\/knjiznice.nsk.hr\/lepoglava\/osvrti\/\" \/>\n<meta property=\"og:locale\" content=\"hr_HR\" \/>\n<meta property=\"og:type\" content=\"article\" \/>\n<meta property=\"og:title\" content=\"Osvrti - Gradska knji\u017enica Ivana Belostenca Lepoglava\" \/>\n<meta property=\"og:description\" content=\"McFadden, Freida: Ku\u0107na pomo\u0107nica Dubravka Lisak: Mama, a gdje sad idemo? Stephanie Dray : \u017dene iz dvorca La Fayette Ivana \u0160ojat: Po zidovima crtam drve\u0107e Inchauspe, Jessie: Glukozna revolucija &nbsp;\" \/>\n<meta property=\"og:url\" content=\"http:\/\/knjiznice.nsk.hr\/lepoglava\/osvrti\/\" \/>\n<meta property=\"og:site_name\" content=\"Gradska knji\u017enica Ivana Belostenca Lepoglava\" \/>\n<meta property=\"article:modified_time\" content=\"2024-03-04T09:19:09+00:00\" \/>\n<meta name=\"twitter:label1\" content=\"Procijenjeno vrijeme \u010ditanja\" \/>\n\t<meta name=\"twitter:data1\" content=\"1 minuta\" \/>\n<script type=\"application\/ld+json\" class=\"yoast-schema-graph\">{\"@context\":\"https:\/\/schema.org\",\"@graph\":[{\"@type\":\"WebSite\",\"@id\":\"http:\/\/knjiznice.nsk.hr\/lepoglava\/#website\",\"url\":\"http:\/\/knjiznice.nsk.hr\/lepoglava\/\",\"name\":\"Gradska knji\\u017enica Ivana Belostenca Lepoglava\",\"description\":\"\",\"potentialAction\":[{\"@type\":\"SearchAction\",\"target\":\"http:\/\/knjiznice.nsk.hr\/lepoglava\/?s={search_term_string}\",\"query-input\":\"required name=search_term_string\"}],\"inLanguage\":\"hr\"},{\"@type\":\"WebPage\",\"@id\":\"http:\/\/knjiznice.nsk.hr\/lepoglava\/osvrti\/#webpage\",\"url\":\"http:\/\/knjiznice.nsk.hr\/lepoglava\/osvrti\/\",\"name\":\"Osvrti - Gradska knji\\u017enica Ivana Belostenca Lepoglava\",\"isPartOf\":{\"@id\":\"http:\/\/knjiznice.nsk.hr\/lepoglava\/#website\"},\"datePublished\":\"2024-02-25T13:03:41+00:00\",\"dateModified\":\"2024-03-04T09:19:09+00:00\",\"breadcrumb\":{\"@id\":\"http:\/\/knjiznice.nsk.hr\/lepoglava\/osvrti\/#breadcrumb\"},\"inLanguage\":\"hr\",\"potentialAction\":[{\"@type\":\"ReadAction\",\"target\":[\"http:\/\/knjiznice.nsk.hr\/lepoglava\/osvrti\/\"]}]},{\"@type\":\"BreadcrumbList\",\"@id\":\"http:\/\/knjiznice.nsk.hr\/lepoglava\/osvrti\/#breadcrumb\",\"itemListElement\":[{\"@type\":\"ListItem\",\"position\":1,\"item\":{\"@type\":\"WebPage\",\"@id\":\"http:\/\/knjiznice.nsk.hr\/lepoglava\/\",\"url\":\"http:\/\/knjiznice.nsk.hr\/lepoglava\/\",\"name\":\"Po\\u010detna stranica\"}},{\"@type\":\"ListItem\",\"position\":2,\"item\":{\"@id\":\"http:\/\/knjiznice.nsk.hr\/lepoglava\/osvrti\/#webpage\"}}]}]}<\/script>\n<!-- \/ Yoast SEO plugin. -->","_links":{"self":[{"href":"https:\/\/knjiznice.nsk.hr\/lepoglava\/wp-json\/wp\/v2\/pages\/1526"}],"collection":[{"href":"https:\/\/knjiznice.nsk.hr\/lepoglava\/wp-json\/wp\/v2\/pages"}],"about":[{"href":"https:\/\/knjiznice.nsk.hr\/lepoglava\/wp-json\/wp\/v2\/types\/page"}],"author":[{"embeddable":true,"href":"https:\/\/knjiznice.nsk.hr\/lepoglava\/wp-json\/wp\/v2\/users\/18"}],"replies":[{"embeddable":true,"href":"https:\/\/knjiznice.nsk.hr\/lepoglava\/wp-json\/wp\/v2\/comments?post=1526"}],"version-history":[{"count":7,"href":"https:\/\/knjiznice.nsk.hr\/lepoglava\/wp-json\/wp\/v2\/pages\/1526\/revisions"}],"predecessor-version":[{"id":1557,"href":"https:\/\/knjiznice.nsk.hr\/lepoglava\/wp-json\/wp\/v2\/pages\/1526\/revisions\/1557"}],"wp:attachment":[{"href":"https:\/\/knjiznice.nsk.hr\/lepoglava\/wp-json\/wp\/v2\/media?parent=1526"}],"curies":[{"name":"wp","href":"https:\/\/api.w.org\/{rel}","templated":true}]}}