{"id":63,"date":"2019-08-21T14:37:33","date_gmt":"2019-08-21T14:37:33","guid":{"rendered":"http:\/\/knjiznice.nsk.hr\/kotoriba\/?page_id=63"},"modified":"2022-09-07T07:34:33","modified_gmt":"2022-09-07T05:34:33","slug":"usluge","status":"publish","type":"page","link":"https:\/\/knjiznice.nsk.hr\/kotoriba\/usluge\/","title":{"rendered":"Cjenik i usluge"},"content":{"rendered":"<p><span style=\"font-size: large\"><strong><span style=\"font-size: x-large\">CJENIK \u010cLANARINE<\/span><\/strong><\/span><\/p>\n<table width=\"643\" cellspacing=\"1\" cellpadding=\"4\">\n<colgroup>\n<col width=\"311\">\n<col width=\"310\"> <\/colgroup>\n<tbody>\n<tr valign=\"top\">\n<td style=\"background: #00599d\" bgcolor=\"#00599d\" width=\"311\">\n<p align=\"center\"><span style=\"color: #ffffff\"><span style=\"font-family: Liberation Sans, sans-serif\"><span style=\"font-size: large\"><b>Kategorija<\/b><\/span><\/span><\/span><\/p>\n<\/td>\n<td style=\"background: #00599d\" bgcolor=\"#00599d\" width=\"310\">\n<p align=\"center\"><span style=\"color: #ffffff\"><span style=\"font-family: Liberation Sans, sans-serif\"><span style=\"font-size: large\"><b>Cijena<\/b><\/span><\/span><\/span><\/p>\n<\/td>\n<\/tr>\n<tr>\n<td style=\"background: transparent\" valign=\"top\" width=\"311\">\n<p align=\"center\"><span style=\"color: #000000\"><span style=\"font-family: Liberation Serif, serif\"><span style=\"font-size: medium\">U\u010denici O\u0160<\/span><\/span><\/span><\/p>\n<\/td>\n<td style=\"background: transparent\" valign=\"bottom\" width=\"310\">\n<p align=\"center\"><span style=\"color: #000000\"><span style=\"font-family: Liberation Serif, serif\"><span style=\"font-size: medium\">30,00 kuna\/3,98\u20ac<\/span><\/span><\/span><\/p>\n<\/td>\n<\/tr>\n<tr>\n<td style=\"background: transparent\" valign=\"top\" width=\"311\">\n<p align=\"center\"><span style=\"color: #000000\"><span style=\"font-family: Liberation Serif, serif\"><span style=\"font-size: medium\">U\u010denici S\u0160<\/span><\/span><\/span><\/p>\n<\/td>\n<td style=\"background: transparent\" valign=\"bottom\" width=\"310\">\n<p align=\"center\"><span style=\"color: #000000\"><span style=\"font-family: Liberation Serif, serif\"><span style=\"font-size: medium\">30,00 kuna\/3,98\u20ac<\/span><\/span><\/span><\/p>\n<\/td>\n<\/tr>\n<tr>\n<td style=\"background: transparent\" valign=\"top\" width=\"311\">\n<p align=\"center\"><span style=\"color: #000000\"><span style=\"font-family: Liberation Serif, serif\"><span style=\"font-size: medium\">Studenti<\/span><\/span><\/span><\/p>\n<\/td>\n<td style=\"background: transparent\" valign=\"bottom\" width=\"310\">\n<p align=\"center\"><span style=\"color: #000000\"><span style=\"font-family: Liberation Serif, serif\"><span style=\"font-size: medium\">30,00 kuna\/3,98\u20ac<\/span><\/span><\/span><\/p>\n<\/td>\n<\/tr>\n<tr>\n<td style=\"background: transparent\" valign=\"top\" width=\"311\">\n<p align=\"center\"><span style=\"color: #000000\"><span style=\"font-family: Liberation Serif, serif\"><span style=\"font-size: medium\">Nezaposleni<\/span><\/span><\/span><\/p>\n<\/td>\n<td style=\"background: transparent\" valign=\"bottom\" width=\"310\">\n<p align=\"center\"><span style=\"color: #000000\"><span style=\"font-family: Liberation Serif, serif\"><span style=\"font-size: medium\">30,00 kuna\/3,98\u20ac<\/span><\/span><\/span><\/p>\n<\/td>\n<\/tr>\n<tr>\n<td style=\"background: transparent\" valign=\"top\" width=\"311\">\n<p align=\"center\"><span style=\"color: #000000\"><span style=\"font-family: Liberation Serif, serif\"><span style=\"font-size: medium\">Umirovljenici<\/span><\/span><\/span><\/p>\n<\/td>\n<td style=\"background: transparent\" valign=\"bottom\" width=\"310\">\n<p align=\"center\"><span style=\"color: #000000\"><span style=\"font-family: Liberation Serif, serif\"><span style=\"font-size: medium\">40,00 kuna\/5,31\u20ac<\/span><\/span><\/span><\/p>\n<\/td>\n<\/tr>\n<tr>\n<td style=\"background: transparent\" valign=\"top\" width=\"311\">\n<p align=\"center\"><span style=\"color: #000000\"><span style=\"font-family: Liberation Serif, serif\"><span style=\"font-size: medium\">Zaposleni<\/span><\/span><\/span><\/p>\n<\/td>\n<td style=\"background: transparent\" valign=\"bottom\" width=\"310\">\n<p align=\"center\"><span style=\"color: #000000\"><span style=\"font-family: Liberation Serif, serif\"><span style=\"font-size: medium\">50,00 kuna\/6,64\u20ac<\/span><\/span><\/span><\/p>\n<\/td>\n<\/tr>\n<tr>\n<td style=\"background: transparent\" valign=\"top\" width=\"311\">\n<p align=\"center\"><span style=\"color: #000000\"><span style=\"font-family: Liberation Serif, serif\"><span style=\"font-size: medium\">Ostali (hrvatski branitelji i sl.)<\/span><\/span><\/span><\/p>\n<\/td>\n<td style=\"background: transparent\" valign=\"bottom\" width=\"310\">\n<p align=\"center\"><span style=\"color: #000000\"><span style=\"font-family: Liberation Serif, serif\"><span style=\"font-size: medium\">50,00 kuna\/6,64\u20ac<\/span><\/span><\/span><\/p>\n<\/td>\n<\/tr>\n<tr>\n<td style=\"background: transparent\" valign=\"top\" width=\"311\">\n<p align=\"center\"><span style=\"color: #000000\"><span style=\"font-family: Liberation Serif, serif\"><span style=\"font-size: medium\">Obiteljska (grupna) bez obzira na broj \u010dlanova<\/span><\/span><\/span><\/p>\n<\/td>\n<td style=\"background: transparent\" valign=\"bottom\" width=\"310\">\n<p align=\"center\"><span style=\"color: #000000\"><span style=\"font-family: Liberation Serif, serif\"><span style=\"font-size: medium\">200,00 kuna\/26,56\u20ac<\/span><\/span><\/span><\/p>\n<\/td>\n<\/tr>\n<\/tbody>\n<\/table>\n<p align=\"left\">\u010clanstvo u Knji\u017enici traje godinu dana, od datuma upisa u teku\u0107oj godini do istog datuma u sljede\u0107oj godini.<\/p>\n<p><span style=\"font-size: large\"><strong><span style=\"font-size: x-large\">USLUGE<\/span><\/strong><\/span><\/p>\n<p><strong>POSUDBA \u2013&nbsp;<\/strong>primarna djelatnost Knji\u017enice koja uklju\u010duje posudbu knji\u017ene i neknji\u017ene gra\u0111e koju Knji\u017enica posjeduje<\/p>\n<p><strong>\u010cITAONICA \u2013&nbsp;<\/strong>svi zainteresirani korisnici i \u010dlanovi Knji\u017enice slobodno mogu koristiti \u010ditaonicu za \u010ditanje novina i \u010dasopisa, izradu seminara i plakata, pisanje zada\u0107a, kori\u0161tenje bogate Referentne i Zavi\u010dajne zbirke, igraju\u0107i \u0161ah ili s djecom na Dje\u010djem odjelu bogato opremljenim didakti\u010dkim igra\u010dkama.<\/p>\n<p><strong>KORI\u0160TENJE RA\u010cUNALA \u2013 <\/strong>usluga za \u010dlanove Knji\u017enice.<\/p>\n<p>Na raspolaganju su Vam 2 ra\u010dunala, kori\u0161tenje se napla\u0107uje, 1 sat 2 kune\/0,26\u20ac.<\/p>\n<p><strong>PRINTANJE \u2013 <\/strong>za potrebe obrazovanja,&nbsp; u\u010denja i pisanja stru\u010dnih i znanstvenih radova, omogu\u0107ujemo ispis va\u0161ih radova, napla\u0107uje se 1 kuna\/0,13\u20ac za 1 stranicu.<\/p>\n<p><strong>EDUKACIJA \u2013&nbsp;<\/strong>edukacija i pomo\u0107 u pretra\u017eivanju kataloga, baza podataka, raznih online usluga, citiranja i izrade literature o nekoj temi<\/p>\n<p><strong>ORGANIZACIJA PROGRAMA \u2013&nbsp;<\/strong>organizacija svih kulturnih programa kojima pridonosimo promociji, suradnji i razvitku na\u0161e struke, kulture \u010ditanja, nakladni\u0161tva i na\u0161ega kraja<\/p>\n<ul>\n<li>predstavljanje knjiga<\/li>\n<li>organizacija izlo\u017ebi<\/li>\n<li>radionice \u2013 za djecu i roditelje<\/li>\n<li>No\u0107 knjige<\/li>\n<li>Mjesec hrv. knjige<\/li>\n<li>predavanja<\/li>\n<\/ul>\n<p>&nbsp;<\/p>\n<p>&nbsp;<\/p>\n<p>&nbsp;<\/p>\n","protected":false},"excerpt":{"rendered":"<p>CJENIK \u010cLANARINE Kategorija Cijena U\u010denici O\u0160 30,00 kuna\/3,98\u20ac U\u010denici S\u0160 30,00 kuna\/3,98\u20ac Studenti 30,00 kuna\/3,98\u20ac Nezaposleni 30,00 kuna\/3,98\u20ac Umirovljenici 40,00 kuna\/5,31\u20ac Zaposleni 50,00 kuna\/6,64\u20ac Ostali (hrvatski branitelji i sl.) 50,00 kuna\/6,64\u20ac Obiteljska (grupna) bez obzira na broj \u010dlanova 200,00 kuna\/26,56\u20ac \u010clanstvo u Knji\u017enici traje godinu dana, od datuma upisa u teku\u0107oj godini do istog datuma [&hellip;]<\/p>\n","protected":false},"author":90,"featured_media":0,"parent":0,"menu_order":0,"comment_status":"closed","ping_status":"closed","template":"","meta":{"ngg_post_thumbnail":0},"yoast_head":"<!-- This site is optimized with the Yoast SEO plugin v16.4 - https:\/\/yoast.com\/wordpress\/plugins\/seo\/ -->\n<meta name=\"robots\" content=\"index, follow, max-snippet:-1, max-image-preview:large, max-video-preview:-1\" \/>\n<link rel=\"canonical\" href=\"https:\/\/knjiznice.nsk.hr\/kotoriba\/usluge\/\" \/>\n<meta property=\"og:locale\" content=\"hr_HR\" \/>\n<meta property=\"og:type\" content=\"article\" \/>\n<meta property=\"og:title\" content=\"Cjenik i usluge - Knji\u017enica i \u010ditaonica Kotoriba\" \/>\n<meta property=\"og:description\" content=\"CJENIK \u010cLANARINE Kategorija Cijena U\u010denici O\u0160 30,00 kuna\/3,98\u20ac U\u010denici S\u0160 30,00 kuna\/3,98\u20ac Studenti 30,00 kuna\/3,98\u20ac Nezaposleni 30,00 kuna\/3,98\u20ac Umirovljenici 40,00 kuna\/5,31\u20ac Zaposleni 50,00 kuna\/6,64\u20ac Ostali (hrvatski branitelji i sl.) 50,00 kuna\/6,64\u20ac Obiteljska (grupna) bez obzira na broj \u010dlanova 200,00 kuna\/26,56\u20ac \u010clanstvo u Knji\u017enici traje godinu dana, od datuma upisa u teku\u0107oj godini do istog datuma [&hellip;]\" \/>\n<meta property=\"og:url\" content=\"https:\/\/knjiznice.nsk.hr\/kotoriba\/usluge\/\" \/>\n<meta property=\"og:site_name\" content=\"Knji\u017enica i \u010ditaonica Kotoriba\" \/>\n<meta property=\"article:modified_time\" content=\"2022-09-07T05:34:33+00:00\" \/>\n<meta name=\"twitter:label1\" content=\"Procijenjeno vrijeme \u010ditanja\" \/>\n\t<meta name=\"twitter:data1\" content=\"1 minuta\" \/>\n<script type=\"application\/ld+json\" class=\"yoast-schema-graph\">{\"@context\":\"https:\/\/schema.org\",\"@graph\":[{\"@type\":\"WebSite\",\"@id\":\"https:\/\/knjiznice.nsk.hr\/kotoriba\/#website\",\"url\":\"https:\/\/knjiznice.nsk.hr\/kotoriba\/\",\"name\":\"Knji\\u017enica i \\u010ditaonica Kotoriba\",\"description\":\"\",\"potentialAction\":[{\"@type\":\"SearchAction\",\"target\":\"https:\/\/knjiznice.nsk.hr\/kotoriba\/?s={search_term_string}\",\"query-input\":\"required name=search_term_string\"}],\"inLanguage\":\"hr\"},{\"@type\":\"WebPage\",\"@id\":\"https:\/\/knjiznice.nsk.hr\/kotoriba\/usluge\/#webpage\",\"url\":\"https:\/\/knjiznice.nsk.hr\/kotoriba\/usluge\/\",\"name\":\"Cjenik i usluge - Knji\\u017enica i \\u010ditaonica Kotoriba\",\"isPartOf\":{\"@id\":\"https:\/\/knjiznice.nsk.hr\/kotoriba\/#website\"},\"datePublished\":\"2019-08-21T14:37:33+00:00\",\"dateModified\":\"2022-09-07T05:34:33+00:00\",\"breadcrumb\":{\"@id\":\"https:\/\/knjiznice.nsk.hr\/kotoriba\/usluge\/#breadcrumb\"},\"inLanguage\":\"hr\",\"potentialAction\":[{\"@type\":\"ReadAction\",\"target\":[\"https:\/\/knjiznice.nsk.hr\/kotoriba\/usluge\/\"]}]},{\"@type\":\"BreadcrumbList\",\"@id\":\"https:\/\/knjiznice.nsk.hr\/kotoriba\/usluge\/#breadcrumb\",\"itemListElement\":[{\"@type\":\"ListItem\",\"position\":1,\"item\":{\"@type\":\"WebPage\",\"@id\":\"https:\/\/knjiznice.nsk.hr\/kotoriba\/\",\"url\":\"https:\/\/knjiznice.nsk.hr\/kotoriba\/\",\"name\":\"Po\\u010detna stranica\"}},{\"@type\":\"ListItem\",\"position\":2,\"item\":{\"@id\":\"https:\/\/knjiznice.nsk.hr\/kotoriba\/usluge\/#webpage\"}}]}]}<\/script>\n<!-- \/ Yoast SEO plugin. -->","_links":{"self":[{"href":"https:\/\/knjiznice.nsk.hr\/kotoriba\/wp-json\/wp\/v2\/pages\/63"}],"collection":[{"href":"https:\/\/knjiznice.nsk.hr\/kotoriba\/wp-json\/wp\/v2\/pages"}],"about":[{"href":"https:\/\/knjiznice.nsk.hr\/kotoriba\/wp-json\/wp\/v2\/types\/page"}],"author":[{"embeddable":true,"href":"https:\/\/knjiznice.nsk.hr\/kotoriba\/wp-json\/wp\/v2\/users\/90"}],"replies":[{"embeddable":true,"href":"https:\/\/knjiznice.nsk.hr\/kotoriba\/wp-json\/wp\/v2\/comments?post=63"}],"version-history":[{"count":20,"href":"https:\/\/knjiznice.nsk.hr\/kotoriba\/wp-json\/wp\/v2\/pages\/63\/revisions"}],"predecessor-version":[{"id":259,"href":"https:\/\/knjiznice.nsk.hr\/kotoriba\/wp-json\/wp\/v2\/pages\/63\/revisions\/259"}],"wp:attachment":[{"href":"https:\/\/knjiznice.nsk.hr\/kotoriba\/wp-json\/wp\/v2\/media?parent=63"}],"curies":[{"name":"wp","href":"https:\/\/api.w.org\/{rel}","templated":true}]}}