{"id":56,"date":"2019-08-21T14:25:56","date_gmt":"2019-08-21T14:25:56","guid":{"rendered":"http:\/\/knjiznice.nsk.hr\/kotoriba\/?page_id=56"},"modified":"2019-08-22T07:34:52","modified_gmt":"2019-08-22T07:34:52","slug":"zakoni-i-pravilnici","status":"publish","type":"page","link":"https:\/\/knjiznice.nsk.hr\/kotoriba\/zakoni-i-pravilnici\/","title":{"rendered":"Zakoni i pravilnici"},"content":{"rendered":"<p><a href=\"https:\/\/www.zakon.hr\/z\/1925\/Zakon-o-knji\u017enicama-i-knji\u017eni\u010dnoj-djelatnosti-2019\" target=\"_blank\" rel=\"noopener noreferrer\">Zakon o knji\u017enicama<\/a><\/p>\n<p><a href=\"http:\/\/www.propisi.hr\/print.php?id=6047\" target=\"_blank\" rel=\"noopener noreferrer\">Pravilnik o stjecanju stru\u010dnih zvanja u knji\u017eni\u010darskoj struci<\/a><\/p>\n<p><a href=\"http:\/\/narodne-novine.nn.hr\/clanci\/sluzbeni\/1998_10_139_1716.html\" target=\"_blank\" rel=\"noopener noreferrer\">Pravilnik o upisu knji\u017enica i knji\u017enica u sastavu<\/a><\/p>\n<p><a href=\"http:\/\/narodne-novine.nn.hr\/clanci\/sluzbeni\/2002_03_21_503.html\" target=\"_blank\" rel=\"noopener noreferrer\">Pravilnik o reviziji i otpisu knji\u017eni\u010dne gra\u0111e<\/a><\/p>\n<p><a href=\"http:\/\/narodne-novine.nn.hr\/clanci\/sluzbeni\/2005_04_52_1001.html\" target=\"_blank\" rel=\"noopener noreferrer\">Pravilnik o za\u0161titi knji\u017eni\u010dne gra\u0111e<\/a><\/p>\n<p><a href=\"http:\/\/narodne-novine.nn.hr\/clanci\/sluzbeni\/1999_06_58_1071.html\" target=\"_blank\" rel=\"noopener noreferrer\">Standardi za narodne knji\u017enice<\/a><\/p>\n<p><a href=\"https:\/\/www.zakon.hr\/z\/538\/Zakon-o-upravljanju-javnim-ustanovama-u-kulturi\" target=\"_blank\" rel=\"noopener noreferrer\">Zakon o upravljanju javnim ustanovama u kulturi<\/a><\/p>\n<p><a href=\"https:\/\/www.zakon.hr\/z\/307\/Zakon-o-radu\" target=\"_blank\" rel=\"noopener noreferrer\">Zakon o radu<\/a><\/p>\n<p><a href=\"https:\/\/www.zakon.hr\/z\/167\/Zakon-o-za%C5%A1titi-na-radu\" target=\"_blank\" rel=\"noopener noreferrer\">Zakon o za\u0161titi na radu<\/a><\/p>\n<p><a href=\"https:\/\/www.zakon.hr\/z\/425\/Zakon-o-fiskalnoj-odgovornosti\" target=\"_blank\" rel=\"noopener noreferrer\">Zakon o fiskalnoj odgovornosti<\/a><\/p>\n<p><a href=\"https:\/\/www.zakon.hr\/z\/118\/Zakon-o-ra%C4%8Dunovodstvu\" target=\"_blank\" rel=\"noopener noreferrer\">Zakon o ra\u010dunovodstvu<\/a><\/p>\n<p><a href=\"https:\/\/www.zakon.hr\/z\/317\/Zakon-o-odgoju-i-obrazovanju-u-osnovnoj-i-srednjoj-%C5%A1koli\" target=\"_blank\" rel=\"noopener noreferrer\">Zakon o odgoju i obrazovanju u osnovnoj i srednjoj \u0161koli<\/a><\/p>\n<p>&nbsp;<\/p>\n","protected":false},"excerpt":{"rendered":"<p>Zakon o knji\u017enicama Pravilnik o stjecanju stru\u010dnih zvanja u knji\u017eni\u010darskoj struci Pravilnik o upisu knji\u017enica i knji\u017enica u sastavu Pravilnik o reviziji i otpisu knji\u017eni\u010dne gra\u0111e Pravilnik o za\u0161titi knji\u017eni\u010dne gra\u0111e Standardi za narodne knji\u017enice Zakon o upravljanju javnim ustanovama u kulturi Zakon o radu Zakon o za\u0161titi na radu Zakon o fiskalnoj odgovornosti Zakon [&hellip;]<\/p>\n","protected":false},"author":90,"featured_media":41,"parent":0,"menu_order":0,"comment_status":"closed","ping_status":"closed","template":"","meta":{"ngg_post_thumbnail":0},"yoast_head":"<!-- This site is optimized with the Yoast SEO plugin v16.4 - https:\/\/yoast.com\/wordpress\/plugins\/seo\/ -->\n<meta name=\"robots\" content=\"index, follow, max-snippet:-1, max-image-preview:large, max-video-preview:-1\" \/>\n<link rel=\"canonical\" href=\"https:\/\/knjiznice.nsk.hr\/kotoriba\/zakoni-i-pravilnici\/\" \/>\n<meta property=\"og:locale\" content=\"hr_HR\" \/>\n<meta property=\"og:type\" content=\"article\" \/>\n<meta property=\"og:title\" content=\"Zakoni i pravilnici - Knji\u017enica i \u010ditaonica Kotoriba\" \/>\n<meta property=\"og:description\" content=\"Zakon o knji\u017enicama Pravilnik o stjecanju stru\u010dnih zvanja u knji\u017eni\u010darskoj struci Pravilnik o upisu knji\u017enica i knji\u017enica u sastavu Pravilnik o reviziji i otpisu knji\u017eni\u010dne gra\u0111e Pravilnik o za\u0161titi knji\u017eni\u010dne gra\u0111e Standardi za narodne knji\u017enice Zakon o upravljanju javnim ustanovama u kulturi Zakon o radu Zakon o za\u0161titi na radu Zakon o fiskalnoj odgovornosti Zakon [&hellip;]\" \/>\n<meta property=\"og:url\" content=\"https:\/\/knjiznice.nsk.hr\/kotoriba\/zakoni-i-pravilnici\/\" \/>\n<meta property=\"og:site_name\" content=\"Knji\u017enica i \u010ditaonica Kotoriba\" \/>\n<meta property=\"article:modified_time\" content=\"2019-08-22T07:34:52+00:00\" \/>\n<meta property=\"og:image\" content=\"http:\/\/knjiznice.nsk.hr\/kotoriba\/wp-content\/uploads\/sites\/75\/2019\/07\/42770aa1de64ddfe6105cdd213adfa9d_XL.jpg\" \/>\n\t<meta property=\"og:image:width\" content=\"1300\" \/>\n\t<meta property=\"og:image:height\" content=\"976\" \/>\n<script type=\"application\/ld+json\" class=\"yoast-schema-graph\">{\"@context\":\"https:\/\/schema.org\",\"@graph\":[{\"@type\":\"WebSite\",\"@id\":\"https:\/\/knjiznice.nsk.hr\/kotoriba\/#website\",\"url\":\"https:\/\/knjiznice.nsk.hr\/kotoriba\/\",\"name\":\"Knji\\u017enica i \\u010ditaonica Kotoriba\",\"description\":\"\",\"potentialAction\":[{\"@type\":\"SearchAction\",\"target\":\"https:\/\/knjiznice.nsk.hr\/kotoriba\/?s={search_term_string}\",\"query-input\":\"required name=search_term_string\"}],\"inLanguage\":\"hr\"},{\"@type\":\"ImageObject\",\"@id\":\"https:\/\/knjiznice.nsk.hr\/kotoriba\/zakoni-i-pravilnici\/#primaryimage\",\"inLanguage\":\"hr\",\"url\":\"https:\/\/knjiznice.nsk.hr\/kotoriba\/wp-content\/uploads\/sites\/75\/2019\/07\/42770aa1de64ddfe6105cdd213adfa9d_XL.jpg\",\"contentUrl\":\"https:\/\/knjiznice.nsk.hr\/kotoriba\/wp-content\/uploads\/sites\/75\/2019\/07\/42770aa1de64ddfe6105cdd213adfa9d_XL.jpg\",\"width\":1300,\"height\":976},{\"@type\":\"WebPage\",\"@id\":\"https:\/\/knjiznice.nsk.hr\/kotoriba\/zakoni-i-pravilnici\/#webpage\",\"url\":\"https:\/\/knjiznice.nsk.hr\/kotoriba\/zakoni-i-pravilnici\/\",\"name\":\"Zakoni i pravilnici - Knji\\u017enica i \\u010ditaonica Kotoriba\",\"isPartOf\":{\"@id\":\"https:\/\/knjiznice.nsk.hr\/kotoriba\/#website\"},\"primaryImageOfPage\":{\"@id\":\"https:\/\/knjiznice.nsk.hr\/kotoriba\/zakoni-i-pravilnici\/#primaryimage\"},\"datePublished\":\"2019-08-21T14:25:56+00:00\",\"dateModified\":\"2019-08-22T07:34:52+00:00\",\"breadcrumb\":{\"@id\":\"https:\/\/knjiznice.nsk.hr\/kotoriba\/zakoni-i-pravilnici\/#breadcrumb\"},\"inLanguage\":\"hr\",\"potentialAction\":[{\"@type\":\"ReadAction\",\"target\":[\"https:\/\/knjiznice.nsk.hr\/kotoriba\/zakoni-i-pravilnici\/\"]}]},{\"@type\":\"BreadcrumbList\",\"@id\":\"https:\/\/knjiznice.nsk.hr\/kotoriba\/zakoni-i-pravilnici\/#breadcrumb\",\"itemListElement\":[{\"@type\":\"ListItem\",\"position\":1,\"item\":{\"@type\":\"WebPage\",\"@id\":\"https:\/\/knjiznice.nsk.hr\/kotoriba\/\",\"url\":\"https:\/\/knjiznice.nsk.hr\/kotoriba\/\",\"name\":\"Po\\u010detna stranica\"}},{\"@type\":\"ListItem\",\"position\":2,\"item\":{\"@id\":\"https:\/\/knjiznice.nsk.hr\/kotoriba\/zakoni-i-pravilnici\/#webpage\"}}]}]}<\/script>\n<!-- \/ Yoast SEO plugin. -->","_links":{"self":[{"href":"https:\/\/knjiznice.nsk.hr\/kotoriba\/wp-json\/wp\/v2\/pages\/56"}],"collection":[{"href":"https:\/\/knjiznice.nsk.hr\/kotoriba\/wp-json\/wp\/v2\/pages"}],"about":[{"href":"https:\/\/knjiznice.nsk.hr\/kotoriba\/wp-json\/wp\/v2\/types\/page"}],"author":[{"embeddable":true,"href":"https:\/\/knjiznice.nsk.hr\/kotoriba\/wp-json\/wp\/v2\/users\/90"}],"replies":[{"embeddable":true,"href":"https:\/\/knjiznice.nsk.hr\/kotoriba\/wp-json\/wp\/v2\/comments?post=56"}],"version-history":[{"count":8,"href":"https:\/\/knjiznice.nsk.hr\/kotoriba\/wp-json\/wp\/v2\/pages\/56\/revisions"}],"predecessor-version":[{"id":170,"href":"https:\/\/knjiznice.nsk.hr\/kotoriba\/wp-json\/wp\/v2\/pages\/56\/revisions\/170"}],"wp:featuredmedia":[{"embeddable":true,"href":"https:\/\/knjiznice.nsk.hr\/kotoriba\/wp-json\/wp\/v2\/media\/41"}],"wp:attachment":[{"href":"https:\/\/knjiznice.nsk.hr\/kotoriba\/wp-json\/wp\/v2\/media?parent=56"}],"curies":[{"name":"wp","href":"https:\/\/api.w.org\/{rel}","templated":true}]}}