{"id":199,"date":"2020-09-21T18:42:26","date_gmt":"2020-09-21T16:42:26","guid":{"rendered":"http:\/\/knjiznice.nsk.hr\/kotoriba\/?page_id=199"},"modified":"2020-09-21T18:42:26","modified_gmt":"2020-09-21T16:42:26","slug":"izjava-o-pristupacnosti-2","status":"publish","type":"page","link":"https:\/\/knjiznice.nsk.hr\/kotoriba\/izjava-o-pristupacnosti-2\/","title":{"rendered":"Izjava o pristupa\u010dnosti"},"content":{"rendered":"<p><span style=\"color: #000000\"><span style=\"font-family: Calibri, serif\"><span style=\"font-size: large\"><b>Op\u0107enito<\/b><\/span><\/span><\/span><\/p>\n<p><span style=\"color: #000000\"><span style=\"font-family: Calibri, serif\"><span style=\"font-size: large\">Knji\u017enica i <\/span><\/span><\/span><span style=\"color: #000000\"><span style=\"font-family: Calibri, serif\"><span style=\"font-size: large\">\u010d<\/span><\/span><\/span><span style=\"color: #000000\"><span style=\"font-family: Calibri, serif\"><span style=\"font-size: large\">itaonica Kotoriba<\/span><\/span><\/span><span style=\"color: #333333\"><span style=\"font-family: Calibri, serif\"><span style=\"font-size: large\"> nastoji svoje mre\u017ene stranice u\u010diniti pristupa\u010dnima u skladu sa&nbsp;<\/span><\/span><\/span><a href=\"https:\/\/www.zakon.hr\/z\/1929\/Zakon-o-pristupa%C4%8Dnosti-mre%C5%BEnih-stranica-i-programskih-rje%C5%A1enja-za-pokretne-ure%C4%91aje-tijela-javnog-sektora\" target=\"_self\" rel=\"noopener noreferrer\"><span style=\"color: #4472c4\"><span style=\"font-family: Calibri, serif\"><span style=\"font-size: large\"><u>Zakonom o pristupa\u010dnosti mre\u017enih stranica i programskih rje\u0161enja za pokretne ure\u0111aje tijela javnog sektora Republike Hrvatske<\/u><\/span><\/span><\/span><\/a><span style=\"color: #333333\"><span style=\"font-family: Calibri, serif\"><span style=\"font-size: large\">&nbsp;(\u201eNarodne novine\u201c, broj 17\/19; dalje u tekstu: Zakon) kojim se prenosi&nbsp;<\/span><\/span><\/span><a href=\"https:\/\/eur-lex.europa.eu\/legal-content\/HR\/AUTO\/?uri=OJ:L:2016:327:TOC\" target=\"_self\" rel=\"noopener noreferrer\"><span style=\"color: #4472c4\"><span style=\"font-family: Calibri, serif\"><span style=\"font-size: large\"><u>Direktiva (EU)&nbsp;2016\/2102 Europskog parlamenta i Vije\u0107a od 26.&nbsp;listopada 2016. o pristupa\u010dnosti internetskih stranica i mobilnih aplikacija tijela javnog sektora<\/u><\/span><\/span><\/span><\/a><span style=\"color: #4472c4\"><span style=\"font-family: Calibri, serif\"><span style=\"font-size: large\">&nbsp;<\/span><\/span><\/span><span style=\"color: #333333\"><span style=\"font-family: Calibri, serif\"><span style=\"font-size: large\">(SL&nbsp;L&nbsp;327, 2.12.2016.).<\/span><\/span><\/span><\/p>\n<p><span style=\"color: #333333\"><span style=\"font-family: Calibri, serif\"><span style=\"font-size: large\">Ova Izjava o pristupa\u010dnosti primjenjuje se na mre\u017eno sjedi\u0161te <\/span><\/span><\/span><span style=\"color: #333333\"><span style=\"font-family: Calibri, serif\"><span style=\"font-size: large\">Knji\u017enice i \u010ditaonice Kotoriba <\/span><\/span><\/span><span style=\"color: #333333\"><span style=\"font-family: Calibri, serif\"><span style=\"font-size: large\">koje se nalazi na adresi&nbsp;<a href=\"http:\/\/knjiznice.nsk.hr\/kotoriba\/\">http:\/\/knjiznice.nsk.hr\/kotoriba\/<\/a> .<\/span><\/span><\/span><\/p>\n<p><span style=\"color: #333333\">&nbsp;<\/span><\/p>\n<p><span style=\"color: #000000\"><span style=\"font-family: Calibri, serif\"><span style=\"font-size: large\"><b>Status uskla\u0111enosti<\/b><\/span><\/span><\/span><\/p>\n<p><span style=\"color: #333333\"><span style=\"font-family: Calibri, serif\"><span style=\"font-size: large\">Mre\u017eno sjedi\u0161te <a href=\"http:\/\/knjiznice.nsk.hr\/kotoriba\/\">http:\/\/knjiznice.nsk.hr\/kotoriba\/<\/a> &nbsp;djelomi\u010dno je uskla\u0111eno sa Zakonom zbog neuskla\u0111enosti koje su navedene u nastavku.<\/span><\/span><\/span><\/p>\n<p><span style=\"color: #333333\">&nbsp;<\/span><\/p>\n<p><span style=\"color: #000000\"><span style=\"font-family: Calibri, serif\"><span style=\"font-size: large\"><b>Nepristupa\u010dan sadr\u017eaj<\/b><\/span><\/span><\/span><\/p>\n<p><span style=\"color: #333333\"><span style=\"font-family: Calibri, serif\"><span style=\"font-size: large\">Sadr\u017eaj naveden u nastavku je nepristupa\u010dan iz razloga:<\/span><\/span><\/span><\/p>\n<ol type=\"a\">\n<li><span style=\"color: #333333\"><span style=\"font-family: Calibri, serif\"><span style=\"font-size: large\">neuskla\u0111enosti sa Zakonom<\/span><\/span><\/span><\/li>\n<\/ol>\n<ul>\n<li><span style=\"color: #333333\"><span style=\"font-family: Calibri, serif\"><span style=\"font-size: large\">Kontrast na pojedinim dijelovima stranice nije zadovoljavaju\u0107.<\/span><\/span><\/span><\/li>\n<li><span style=\"color: #333333\"><span style=\"font-family: Calibri, serif\"><span style=\"font-size: large\">Veli\u010dina fonta na mre\u017enom mjestu je premala.<\/span><\/span><\/span><\/li>\n<li><span style=\"color: #333333\"><span style=\"font-family: Calibri, serif\"><span style=\"font-size: large\">Nazivi pojedinih poveznica trebali bi konkretnije specificirati sadr\u017eaj koji se iza njih nalazi.<\/span><\/span><\/span><\/li>\n<li><a name=\"_GoBack\"><\/a> <span style=\"color: #333333\"><span style=\"font-family: Calibri, serif\"><span style=\"font-size: large\">Mre\u017eno mjesto nema mogu\u0107nost reprodukcije tekstualnog sadr\u017eaja u audio obliku.<\/span><\/span><\/span><\/li>\n<li><span style=\"color: #333333\"><span style=\"font-family: Calibri, serif\"><span style=\"font-size: large\">Pojedine slike na stranici ne sadr\u017ee &lt;alt&gt; atribut.<\/span><\/span><\/span><\/li>\n<li><span style=\"color: #333333\"><span style=\"font-family: Calibri, serif\"><span style=\"font-size: large\">Pojedine slike na stranici ne sadr\u017ee kratak tekstualni opis sadr\u017eaja i funkcije slike.<\/span><\/span><\/span><\/li>\n<li><span style=\"color: #333333\"><span style=\"font-family: Calibri, serif\"><span style=\"font-size: large\">Navigacija u sidebaru prikazuje padaju\u0107e izbornike na prelazak mi\u0161a preko elementa navigacije, a ne na klik na odre\u0111eni element.<\/span><\/span><\/span><\/li>\n<\/ul>\n<ol start=\"2\" type=\"a\">\n<li><span style=\"color: #333333\"><span style=\"font-family: Calibri, serif\"><span style=\"font-size: large\">nerazmjerno optere\u0107enje<\/span><\/span><\/span><\/li>\n<\/ol>\n<p><span style=\"color: #333333\"><span style=\"font-family: Calibri, serif\"><span style=\"font-size: large\">Za neuskla\u0111enosti navedene pod to\u010dkom a), <\/span><\/span><\/span><span style=\"color: #333333\"><span style=\"font-family: Calibri, serif\"><span style=\"font-size: large\">Knji\u017enica I \u010citaonica Kotoriba<\/span><\/span><\/span> <span style=\"font-family: Calibri, serif\"><span style=\"font-size: large\">se poziva na iznimku zbog nerazmjernog optere\u0107enja sukladno \u010dlanku 8. Zakona.<\/span><\/span><\/p>\n<ol start=\"3\" type=\"a\">\n<li><span style=\"color: #333333\"><span style=\"font-family: Calibri, serif\"><span style=\"font-size: large\">sadr\u017eaj nije obuhva\u0107en podru\u010djem primjene primjenjivog zakonodavstva<\/span><\/span><\/span><\/li>\n<\/ol>\n<p><span style=\"color: #333333\"><span style=\"font-family: Calibri, serif\"><span style=\"font-size: large\">Sukladno \u010dlanku 3. Zakona, isti se ne primjenjuje na uredske datoteke objavljene prije 23. rujna 2018. \u010diji sadr\u017eaj nije potreban za postupke u tijeku koje tijelo javnog sektora obavlja u okviru svog djelokruga.<\/span><\/span><\/span><\/p>\n<p><span style=\"color: #333333\"><span style=\"font-family: Calibri, serif\"><span style=\"font-size: large\">Sukladno \u010dlanku 3. Zakona, isti se ne primjenjuje na prethodno snimljene medijske sadr\u017eaje u obliku audiozapisa, videozapisa, audio i videozapisa, audio i\/ili videozapisa kombiniranih s interakcijom, objavljene prije 23. rujna 2020.<\/span><\/span><\/span><\/p>\n<p>&nbsp;<\/p>\n<p><span style=\"color: #000000\"><span style=\"font-family: Calibri, serif\"><span style=\"font-size: large\"><b>Priprema ove izjave o pristupa\u010dnosti<\/b><\/span><\/span><\/span><\/p>\n<p><span style=\"color: #333333\"><span style=\"font-family: Calibri, serif\"><span style=\"font-size: large\">Ova je izjava sastavljena <\/span><\/span><\/span><span style=\"color: #333333\"><span style=\"font-family: Calibri, serif\"><span style=\"font-size: large\">21.9.2020.<\/span><\/span><\/span><span style=\"color: #333333\"><span style=\"font-family: Calibri, serif\"><span style=\"font-size: large\">, prema Predlo\u0161ku izjave o pristupa\u010dnosti koji je u skladu s Direktivom (EU) 2016\/2102 Europskog parlamenta i Vije\u0107a o pristupa\u010dnosti internetskih stranica i mobilnih aplikacija tijela javnog sektora, a utvr\u0111en je&nbsp;<\/span><\/span><\/span><a href=\"https:\/\/eur-lex.europa.eu\/legal-content\/HR\/TXT\/HTML\/?uri=CELEX:32018D1523&amp;qid=1590482508144&amp;from=HR\" target=\"_self\" rel=\"noopener noreferrer\"><span style=\"color: #0070c0\"><span style=\"font-family: Calibri, serif\"><span style=\"font-size: large\"><u>Provedbenom odlukom Komisije (EU) 2018\/1523<\/u><\/span><\/span><\/span><\/a><span style=\"color: #333333\"><span style=\"font-family: Calibri, serif\"><span style=\"font-size: large\">.<\/span><\/span><\/span><\/p>\n<p><span style=\"color: #333333\"><span style=\"font-family: Calibri, serif\"><span style=\"font-size: large\">Izjava je zadnji put preispitana&nbsp;<\/span><\/span><\/span><span style=\"color: #333333\"><span style=\"font-family: Calibri, serif\"><span style=\"font-size: large\">21.9.2020.<\/span><\/span><\/span><\/p>\n<p><span style=\"color: #333333\">&nbsp;<\/span><\/p>\n<p><span style=\"color: #000000\"><span style=\"font-family: Calibri, serif\"><span style=\"font-size: large\"><b>Povratne informacije i podaci za kontakt<\/b><\/span><\/span><\/span><\/p>\n<p><span style=\"color: #333333\"><span style=\"font-family: Calibri, serif\"><span style=\"font-size: large\">Molimo korisnike ove mre\u017ene stranice ako primijete neuskla\u0111en sadr\u017eaj, koji nije obuhva\u0107en ovom izjavom, da o tome obavijeste <\/span><\/span><\/span><span style=\"color: #333333\"><span style=\"font-family: Calibri, serif\"><span style=\"font-size: large\">Knji\u017enicu I \u010ditaonicu Kotoriba<\/span><\/span><\/span><span style=\"color: #333333\"><span style=\"font-family: Calibri, serif\"><span style=\"font-size: large\">.<\/span><\/span><\/span><\/p>\n<p><span style=\"color: #333333\"><span style=\"font-family: Calibri, serif\"><span style=\"font-size: large\">Sve upite i sugestije vezane uz pristupa\u010dnost mre\u017enog sjedi\u0161ta <\/span><\/span><\/span><span style=\"color: #333333\"><span style=\"font-family: Calibri, serif\"><span style=\"font-size: large\">Knji\u017enice <\/span><\/span><\/span><span style=\"color: #333333\"><span style=\"font-family: Calibri, serif\"><span style=\"font-size: large\">i<\/span><\/span><\/span><span style=\"color: #333333\"><span style=\"font-family: Calibri, serif\"><span style=\"font-size: large\"> \u010ditaonice Kotoriba<\/span><\/span><\/span><span style=\"color: #333333\"><span style=\"font-family: Calibri, serif\"><span style=\"font-size: large\"> korisnici mogu uputiti putem elektroni\u010dke po\u0161te:&nbsp;<\/span><\/span><\/span><span style=\"color: #333333\"><span style=\"font-family: Calibri, serif\"><span style=\"font-size: large\"><a href=\"mailto:knjiznica@kotoriba.hr\">knjiznica@kotoriba.hr<\/a>, <a href=\"mailto:kickotoriba@gmail.com\">kickotoriba@gmail.com<\/a> <\/span><\/span><\/span><span style=\"color: #333333\"><span style=\"font-family: Calibri, serif\"><span style=\"font-size: large\">.&nbsp;<\/span><\/span><\/span><\/p>\n<p><span style=\"color: #000000\"><span style=\"font-family: Calibri, serif\"><span style=\"font-size: large\">Knji\u017enica <\/span><\/span><\/span><span style=\"color: #000000\"><span style=\"font-family: Calibri, serif\"><span style=\"font-size: large\">i<\/span><\/span><\/span> <span style=\"color: #000000\"><span style=\"font-family: Calibri, serif\"><span style=\"font-size: large\">\u010d<\/span><\/span><\/span><span style=\"color: #000000\"><span style=\"font-family: Calibri, serif\"><span style=\"font-size: large\">itaonica Kotoriba<\/span><\/span><\/span> <span style=\"color: #333333\"><span style=\"font-family: Calibri, serif\"><span style=\"font-size: large\">je du\u017ena na upit, obavijest ili zahtjev korisnika vezano uz osiguravanje pristupa\u010dnosti odgovoriti u roku od 15 dana od dana primitka obavijesti, odnosno zahtjeva ili ga u istom roku, uz detaljno obrazlo\u017eenje razloga koji zahtijevaju odgodu, obavijestiti o naknadnom roku u kojem \u0107e odgovoriti na korisnikovu obavijest ili zahtjev.<\/span><\/span><\/span><\/p>\n<p>&nbsp;<\/p>\n<p><span style=\"color: #000000\"><span style=\"font-family: Calibri, serif\"><span style=\"font-size: large\"><b>Postupak pra\u0107enja provedbe propisa<\/b><\/span><\/span><\/span><\/p>\n<p><span style=\"color: #333333\"><span style=\"font-family: Calibri, serif\"><span style=\"font-size: large\">Povjerenik za informiranje Republike Hrvatske je tijelo nadle\u017eno za pra\u0107enje uskla\u0111enosti mre\u017enih stranica i programskih rje\u0161enja za pokretne ure\u0111aje tijela javnog sektora sa zahtjevima pristupa\u010dnosti kao i za nadzor nad provedbom Zakona.<\/span><\/span><\/span><\/p>\n<p><span style=\"color: #333333\"><span style=\"font-family: Calibri, serif\"><span style=\"font-size: large\">U slu\u010daju nezadovoljavaju\u0107ih odgovora na obavijest ili zahtjev za povratne informacije o pristupa\u010dnosti ovih mre\u017enih stranica, korisnici se mogu obratiti Povjereniku za informiranje putem elektroni\u010dke po\u0161te:&nbsp;<\/span><\/span><\/span><a href=\"mailto:pristupacnost@pristupinfo.hr\"><span style=\"color: #0070c0\"><span style=\"font-family: Calibri, serif\"><span style=\"font-size: large\"><u>pristupacnost@pristupinfo.hr<\/u><\/span><\/span><\/span><\/a><span style=\"color: #333333\"><span style=\"font-family: Calibri, serif\"><span style=\"font-size: large\">.<\/span><\/span><\/span><\/p>\n<p>&nbsp;<\/p>\n","protected":false},"excerpt":{"rendered":"<p>Op\u0107enito Knji\u017enica i \u010ditaonica Kotoriba nastoji svoje mre\u017ene stranice u\u010diniti pristupa\u010dnima u skladu sa&nbsp;Zakonom o pristupa\u010dnosti mre\u017enih stranica i programskih rje\u0161enja za pokretne ure\u0111aje tijela javnog sektora Republike Hrvatske&nbsp;(\u201eNarodne novine\u201c, broj 17\/19; dalje u tekstu: Zakon) kojim se prenosi&nbsp;Direktiva (EU)&nbsp;2016\/2102 Europskog parlamenta i Vije\u0107a od 26.&nbsp;listopada 2016. o pristupa\u010dnosti internetskih stranica i mobilnih aplikacija tijela [&hellip;]<\/p>\n","protected":false},"author":90,"featured_media":0,"parent":0,"menu_order":0,"comment_status":"closed","ping_status":"closed","template":"","meta":{"ngg_post_thumbnail":0},"yoast_head":"<!-- This site is optimized with the Yoast SEO plugin v16.4 - https:\/\/yoast.com\/wordpress\/plugins\/seo\/ -->\n<meta name=\"robots\" content=\"index, follow, max-snippet:-1, max-image-preview:large, max-video-preview:-1\" \/>\n<link rel=\"canonical\" href=\"http:\/\/knjiznice.nsk.hr\/kotoriba\/izjava-o-pristupacnosti-2\/\" \/>\n<meta property=\"og:locale\" content=\"hr_HR\" \/>\n<meta property=\"og:type\" content=\"article\" \/>\n<meta property=\"og:title\" content=\"Izjava o pristupa\u010dnosti - Knji\u017enica i \u010ditaonica Kotoriba\" \/>\n<meta property=\"og:description\" content=\"Op\u0107enito Knji\u017enica i \u010ditaonica Kotoriba nastoji svoje mre\u017ene stranice u\u010diniti pristupa\u010dnima u skladu sa&nbsp;Zakonom o pristupa\u010dnosti mre\u017enih stranica i programskih rje\u0161enja za pokretne ure\u0111aje tijela javnog sektora Republike Hrvatske&nbsp;(\u201eNarodne novine\u201c, broj 17\/19; dalje u tekstu: Zakon) kojim se prenosi&nbsp;Direktiva (EU)&nbsp;2016\/2102 Europskog parlamenta i Vije\u0107a od 26.&nbsp;listopada 2016. o pristupa\u010dnosti internetskih stranica i mobilnih aplikacija tijela [&hellip;]\" \/>\n<meta property=\"og:url\" content=\"http:\/\/knjiznice.nsk.hr\/kotoriba\/izjava-o-pristupacnosti-2\/\" \/>\n<meta property=\"og:site_name\" content=\"Knji\u017enica i \u010ditaonica Kotoriba\" \/>\n<meta name=\"twitter:label1\" content=\"Procijenjeno vrijeme \u010ditanja\" \/>\n\t<meta name=\"twitter:data1\" content=\"3 minute\" \/>\n<script type=\"application\/ld+json\" class=\"yoast-schema-graph\">{\"@context\":\"https:\/\/schema.org\",\"@graph\":[{\"@type\":\"WebSite\",\"@id\":\"http:\/\/knjiznice.nsk.hr\/kotoriba\/#website\",\"url\":\"http:\/\/knjiznice.nsk.hr\/kotoriba\/\",\"name\":\"Knji\\u017enica i \\u010ditaonica Kotoriba\",\"description\":\"\",\"potentialAction\":[{\"@type\":\"SearchAction\",\"target\":\"http:\/\/knjiznice.nsk.hr\/kotoriba\/?s={search_term_string}\",\"query-input\":\"required name=search_term_string\"}],\"inLanguage\":\"hr\"},{\"@type\":\"WebPage\",\"@id\":\"http:\/\/knjiznice.nsk.hr\/kotoriba\/izjava-o-pristupacnosti-2\/#webpage\",\"url\":\"http:\/\/knjiznice.nsk.hr\/kotoriba\/izjava-o-pristupacnosti-2\/\",\"name\":\"Izjava o pristupa\\u010dnosti - Knji\\u017enica i \\u010ditaonica Kotoriba\",\"isPartOf\":{\"@id\":\"http:\/\/knjiznice.nsk.hr\/kotoriba\/#website\"},\"datePublished\":\"2020-09-21T16:42:26+00:00\",\"dateModified\":\"2020-09-21T16:42:26+00:00\",\"breadcrumb\":{\"@id\":\"http:\/\/knjiznice.nsk.hr\/kotoriba\/izjava-o-pristupacnosti-2\/#breadcrumb\"},\"inLanguage\":\"hr\",\"potentialAction\":[{\"@type\":\"ReadAction\",\"target\":[\"http:\/\/knjiznice.nsk.hr\/kotoriba\/izjava-o-pristupacnosti-2\/\"]}]},{\"@type\":\"BreadcrumbList\",\"@id\":\"http:\/\/knjiznice.nsk.hr\/kotoriba\/izjava-o-pristupacnosti-2\/#breadcrumb\",\"itemListElement\":[{\"@type\":\"ListItem\",\"position\":1,\"item\":{\"@type\":\"WebPage\",\"@id\":\"http:\/\/knjiznice.nsk.hr\/kotoriba\/\",\"url\":\"http:\/\/knjiznice.nsk.hr\/kotoriba\/\",\"name\":\"Po\\u010detna stranica\"}},{\"@type\":\"ListItem\",\"position\":2,\"item\":{\"@id\":\"http:\/\/knjiznice.nsk.hr\/kotoriba\/izjava-o-pristupacnosti-2\/#webpage\"}}]}]}<\/script>\n<!-- \/ Yoast SEO plugin. -->","_links":{"self":[{"href":"https:\/\/knjiznice.nsk.hr\/kotoriba\/wp-json\/wp\/v2\/pages\/199"}],"collection":[{"href":"https:\/\/knjiznice.nsk.hr\/kotoriba\/wp-json\/wp\/v2\/pages"}],"about":[{"href":"https:\/\/knjiznice.nsk.hr\/kotoriba\/wp-json\/wp\/v2\/types\/page"}],"author":[{"embeddable":true,"href":"https:\/\/knjiznice.nsk.hr\/kotoriba\/wp-json\/wp\/v2\/users\/90"}],"replies":[{"embeddable":true,"href":"https:\/\/knjiznice.nsk.hr\/kotoriba\/wp-json\/wp\/v2\/comments?post=199"}],"version-history":[{"count":1,"href":"https:\/\/knjiznice.nsk.hr\/kotoriba\/wp-json\/wp\/v2\/pages\/199\/revisions"}],"predecessor-version":[{"id":200,"href":"https:\/\/knjiznice.nsk.hr\/kotoriba\/wp-json\/wp\/v2\/pages\/199\/revisions\/200"}],"wp:attachment":[{"href":"https:\/\/knjiznice.nsk.hr\/kotoriba\/wp-json\/wp\/v2\/media?parent=199"}],"curies":[{"name":"wp","href":"https:\/\/api.w.org\/{rel}","templated":true}]}}