{"id":39,"date":"2018-11-26T13:41:20","date_gmt":"2018-11-26T12:41:20","guid":{"rendered":"http:\/\/knjiznice.nsk.hr\/kolan\/?page_id=39"},"modified":"2018-12-10T13:52:14","modified_gmt":"2018-12-10T12:52:14","slug":"galerija","status":"publish","type":"page","link":"https:\/\/knjiznice.nsk.hr\/kolan\/galerija\/","title":{"rendered":"Galerija"},"content":{"rendered":"<div class=\"ngg-albumoverview\">\n            <div class=\"ngg-album-compact\">\n            <div class=\"ngg-album-compactbox\">\n                <div class=\"ngg-album-link\">\n                                        <a title='Gostovanje Josipe Pavi\u010di\u0107 Berardini'\n                       href='https:\/\/knjiznice.nsk.hr\/kolan\/galerija\/nggallery\/gostovanje-josipe-pavicic-bernardini\/Gostovanje-Josipe-Pavi\u010di\u0107-Berardini'>\n                        <img class=\"Thumb\"\n                             alt=\"Gostovanje Josipe Pavi\u010di\u0107 Berardini\"\n                             src=\"https:\/\/knjiznice.nsk.hr\/kolan\/wp-content\/uploads\/sites\/108\/nggallery\/gostovanje-josipe-pavicic-berardini\/cache\/Gostovanje-Josipe-Pavic%CC%8Cic%CC%81-Berardini5.jpg-nggid011-ngg0dyn-240x160x100-00f0w010c011r110f110r010t010.jpg\"\/>\n                    <\/a>\n                                    <\/div>\n            <\/div>\n                        <h4>\n                <a class='ngg-album-desc' title='Gostovanje Josipe Pavi\u010di\u0107 Berardini'\n                       href='https:\/\/knjiznice.nsk.hr\/kolan\/galerija\/nggallery\/gostovanje-josipe-pavicic-bernardini\/Gostovanje-Josipe-Pavi\u010di\u0107-Berardini'style=\"max-width: 260px\">Gostovanje Josipe Pavi\u010di\u0107 Berardini<\/a>\n            <\/h4>\n            <p class=\"ngg-album-gallery-image-counter\">\n                                    <strong>5<\/strong>&nbsp;Photos                            <\/p>\n        <\/div>\n        <br class=\"ngg-clear\"\/>\n    <div class='ngg-clear'><\/div><\/div>\n\n","protected":false},"excerpt":{"rendered":"","protected":false},"author":80,"featured_media":0,"parent":0,"menu_order":0,"comment_status":"closed","ping_status":"closed","template":"","meta":{"ngg_post_thumbnail":0},"yoast_head":"<!-- This site is optimized with the Yoast SEO plugin v16.4 - https:\/\/yoast.com\/wordpress\/plugins\/seo\/ -->\n<meta name=\"robots\" content=\"index, follow, max-snippet:-1, max-image-preview:large, max-video-preview:-1\" \/>\n<link rel=\"canonical\" href=\"http:\/\/knjiznice.nsk.hr\/kolan\/galerija\/\" \/>\n<meta property=\"og:locale\" content=\"hr_HR\" \/>\n<meta property=\"og:type\" content=\"article\" \/>\n<meta property=\"og:title\" content=\"Galerija - Op\u0107inska knji\u017enica \u0160ime \u0160ugar Ivanov - Kolan\" \/>\n<meta property=\"og:url\" content=\"http:\/\/knjiznice.nsk.hr\/kolan\/galerija\/\" \/>\n<meta property=\"og:site_name\" content=\"Op\u0107inska knji\u017enica \u0160ime \u0160ugar Ivanov - Kolan\" \/>\n<meta property=\"article:modified_time\" content=\"2018-12-10T12:52:14+00:00\" \/>\n<meta name=\"twitter:card\" content=\"summary_large_image\" \/>\n<script type=\"application\/ld+json\" class=\"yoast-schema-graph\">{\"@context\":\"https:\/\/schema.org\",\"@graph\":[{\"@type\":\"WebSite\",\"@id\":\"http:\/\/knjiznice.nsk.hr\/kolan\/#website\",\"url\":\"http:\/\/knjiznice.nsk.hr\/kolan\/\",\"name\":\"Op\\u0107inska knji\\u017enica \\u0160ime \\u0160ugar Ivanov - Kolan\",\"description\":\"\",\"potentialAction\":[{\"@type\":\"SearchAction\",\"target\":\"http:\/\/knjiznice.nsk.hr\/kolan\/?s={search_term_string}\",\"query-input\":\"required name=search_term_string\"}],\"inLanguage\":\"hr\"},{\"@type\":\"WebPage\",\"@id\":\"http:\/\/knjiznice.nsk.hr\/kolan\/galerija\/#webpage\",\"url\":\"http:\/\/knjiznice.nsk.hr\/kolan\/galerija\/\",\"name\":\"Galerija - Op\\u0107inska knji\\u017enica \\u0160ime \\u0160ugar Ivanov - Kolan\",\"isPartOf\":{\"@id\":\"http:\/\/knjiznice.nsk.hr\/kolan\/#website\"},\"datePublished\":\"2018-11-26T12:41:20+00:00\",\"dateModified\":\"2018-12-10T12:52:14+00:00\",\"breadcrumb\":{\"@id\":\"http:\/\/knjiznice.nsk.hr\/kolan\/galerija\/#breadcrumb\"},\"inLanguage\":\"hr\",\"potentialAction\":[{\"@type\":\"ReadAction\",\"target\":[\"http:\/\/knjiznice.nsk.hr\/kolan\/galerija\/\"]}]},{\"@type\":\"BreadcrumbList\",\"@id\":\"http:\/\/knjiznice.nsk.hr\/kolan\/galerija\/#breadcrumb\",\"itemListElement\":[{\"@type\":\"ListItem\",\"position\":1,\"item\":{\"@type\":\"WebPage\",\"@id\":\"http:\/\/knjiznice.nsk.hr\/kolan\/\",\"url\":\"http:\/\/knjiznice.nsk.hr\/kolan\/\",\"name\":\"Po\\u010detna stranica\"}},{\"@type\":\"ListItem\",\"position\":2,\"item\":{\"@id\":\"http:\/\/knjiznice.nsk.hr\/kolan\/galerija\/#webpage\"}}]}]}<\/script>\n<!-- \/ Yoast SEO plugin. -->","_links":{"self":[{"href":"https:\/\/knjiznice.nsk.hr\/kolan\/wp-json\/wp\/v2\/pages\/39"}],"collection":[{"href":"https:\/\/knjiznice.nsk.hr\/kolan\/wp-json\/wp\/v2\/pages"}],"about":[{"href":"https:\/\/knjiznice.nsk.hr\/kolan\/wp-json\/wp\/v2\/types\/page"}],"author":[{"embeddable":true,"href":"https:\/\/knjiznice.nsk.hr\/kolan\/wp-json\/wp\/v2\/users\/80"}],"replies":[{"embeddable":true,"href":"https:\/\/knjiznice.nsk.hr\/kolan\/wp-json\/wp\/v2\/comments?post=39"}],"version-history":[{"count":3,"href":"https:\/\/knjiznice.nsk.hr\/kolan\/wp-json\/wp\/v2\/pages\/39\/revisions"}],"predecessor-version":[{"id":62,"href":"https:\/\/knjiznice.nsk.hr\/kolan\/wp-json\/wp\/v2\/pages\/39\/revisions\/62"}],"wp:attachment":[{"href":"https:\/\/knjiznice.nsk.hr\/kolan\/wp-json\/wp\/v2\/media?parent=39"}],"curies":[{"name":"wp","href":"https:\/\/api.w.org\/{rel}","templated":true}]}}