{"id":20,"date":"2018-11-24T15:54:47","date_gmt":"2018-11-24T14:54:47","guid":{"rendered":"http:\/\/knjiznice.nsk.hr\/kolan\/?page_id=20"},"modified":"2018-11-24T15:57:34","modified_gmt":"2018-11-24T14:57:34","slug":"kontakt","status":"publish","type":"page","link":"https:\/\/knjiznice.nsk.hr\/kolan\/kontakt\/","title":{"rendered":"Kontakt"},"content":{"rendered":"<p>&nbsp;<\/p>\n<p>&nbsp;<\/p>\n<div role=\"form\" class=\"wpcf7\" id=\"wpcf7-f19-o1\" lang=\"hr\" dir=\"ltr\">\n<div class=\"screen-reader-response\"><p role=\"status\" aria-live=\"polite\" aria-atomic=\"true\"><\/p> <ul><\/ul><\/div>\n<form action=\"\/kolan\/wp-json\/wp\/v2\/pages\/20#wpcf7-f19-o1\" method=\"post\" class=\"wpcf7-form init\" novalidate=\"novalidate\" data-status=\"init\">\n<div style=\"display: none;\">\n<input type=\"hidden\" name=\"_wpcf7\" value=\"19\" \/>\n<input type=\"hidden\" name=\"_wpcf7_version\" value=\"5.4.1\" \/>\n<input type=\"hidden\" name=\"_wpcf7_locale\" value=\"hr\" \/>\n<input type=\"hidden\" name=\"_wpcf7_unit_tag\" value=\"wpcf7-f19-o1\" \/>\n<input type=\"hidden\" name=\"_wpcf7_container_post\" value=\"0\" \/>\n<input type=\"hidden\" name=\"_wpcf7_posted_data_hash\" value=\"\" \/>\n<\/div>\n<p><label> Va\u0161e ime i prezime (obavezno)<br \/>\n    <span class=\"wpcf7-form-control-wrap your-name\"><input type=\"text\" name=\"your-name\" value=\"\" size=\"40\" class=\"wpcf7-form-control wpcf7-text wpcf7-validates-as-required\" aria-required=\"true\" aria-invalid=\"false\" \/><\/span> <\/label><\/p>\n<p><label> Va\u0161a e-mail (obavezno)<br \/>\n    <span class=\"wpcf7-form-control-wrap your-email\"><input type=\"email\" name=\"your-email\" value=\"\" size=\"40\" class=\"wpcf7-form-control wpcf7-text wpcf7-email wpcf7-validates-as-required wpcf7-validates-as-email\" aria-required=\"true\" aria-invalid=\"false\" \/><\/span> <\/label><\/p>\n<p><label> Va\u0161a poruka<br \/>\n    <span class=\"wpcf7-form-control-wrap your-message\"><textarea name=\"your-message\" cols=\"40\" rows=\"10\" class=\"wpcf7-form-control wpcf7-textarea\" aria-invalid=\"false\"><\/textarea><\/span> <\/label><\/p>\n<p><input type=\"submit\" value=\"Po\u0161alji\" class=\"wpcf7-form-control wpcf7-submit\" \/><\/p>\n<div class=\"wpcf7-response-output\" aria-hidden=\"true\"><\/div><\/form><\/div>\n<p>&nbsp;<\/p>\n","protected":false},"excerpt":{"rendered":"<p>&nbsp; &nbsp; &nbsp;<\/p>\n","protected":false},"author":80,"featured_media":0,"parent":0,"menu_order":0,"comment_status":"closed","ping_status":"closed","template":"","meta":{"ngg_post_thumbnail":0},"yoast_head":"<!-- This site is optimized with the Yoast SEO plugin v16.4 - https:\/\/yoast.com\/wordpress\/plugins\/seo\/ -->\n<meta name=\"robots\" content=\"index, follow, max-snippet:-1, max-image-preview:large, max-video-preview:-1\" \/>\n<link rel=\"canonical\" href=\"https:\/\/knjiznice.nsk.hr\/kolan\/kontakt\/\" \/>\n<meta property=\"og:locale\" content=\"hr_HR\" \/>\n<meta property=\"og:type\" content=\"article\" \/>\n<meta property=\"og:title\" content=\"Kontakt - Op\u0107inska knji\u017enica \u0160ime \u0160ugar Ivanov - Kolan\" \/>\n<meta property=\"og:description\" content=\"&nbsp; &nbsp; &nbsp;\" \/>\n<meta property=\"og:url\" content=\"https:\/\/knjiznice.nsk.hr\/kolan\/kontakt\/\" \/>\n<meta property=\"og:site_name\" content=\"Op\u0107inska knji\u017enica \u0160ime \u0160ugar Ivanov - Kolan\" \/>\n<meta property=\"article:modified_time\" content=\"2018-11-24T14:57:34+00:00\" \/>\n<meta name=\"twitter:card\" content=\"summary_large_image\" \/>\n<script type=\"application\/ld+json\" class=\"yoast-schema-graph\">{\"@context\":\"https:\/\/schema.org\",\"@graph\":[{\"@type\":\"WebSite\",\"@id\":\"http:\/\/knjiznice.nsk.hr\/kolan\/#website\",\"url\":\"http:\/\/knjiznice.nsk.hr\/kolan\/\",\"name\":\"Op\\u0107inska knji\\u017enica \\u0160ime \\u0160ugar Ivanov - Kolan\",\"description\":\"\",\"potentialAction\":[{\"@type\":\"SearchAction\",\"target\":\"http:\/\/knjiznice.nsk.hr\/kolan\/?s={search_term_string}\",\"query-input\":\"required name=search_term_string\"}],\"inLanguage\":\"hr\"},{\"@type\":\"WebPage\",\"@id\":\"https:\/\/knjiznice.nsk.hr\/kolan\/kontakt\/#webpage\",\"url\":\"https:\/\/knjiznice.nsk.hr\/kolan\/kontakt\/\",\"name\":\"Kontakt - Op\\u0107inska knji\\u017enica \\u0160ime \\u0160ugar Ivanov - Kolan\",\"isPartOf\":{\"@id\":\"http:\/\/knjiznice.nsk.hr\/kolan\/#website\"},\"datePublished\":\"2018-11-24T14:54:47+00:00\",\"dateModified\":\"2018-11-24T14:57:34+00:00\",\"breadcrumb\":{\"@id\":\"https:\/\/knjiznice.nsk.hr\/kolan\/kontakt\/#breadcrumb\"},\"inLanguage\":\"hr\",\"potentialAction\":[{\"@type\":\"ReadAction\",\"target\":[\"https:\/\/knjiznice.nsk.hr\/kolan\/kontakt\/\"]}]},{\"@type\":\"BreadcrumbList\",\"@id\":\"https:\/\/knjiznice.nsk.hr\/kolan\/kontakt\/#breadcrumb\",\"itemListElement\":[{\"@type\":\"ListItem\",\"position\":1,\"item\":{\"@type\":\"WebPage\",\"@id\":\"http:\/\/knjiznice.nsk.hr\/kolan\/\",\"url\":\"http:\/\/knjiznice.nsk.hr\/kolan\/\",\"name\":\"Po\\u010detna stranica\"}},{\"@type\":\"ListItem\",\"position\":2,\"item\":{\"@id\":\"https:\/\/knjiznice.nsk.hr\/kolan\/kontakt\/#webpage\"}}]}]}<\/script>\n<!-- \/ Yoast SEO plugin. -->","_links":{"self":[{"href":"https:\/\/knjiznice.nsk.hr\/kolan\/wp-json\/wp\/v2\/pages\/20"}],"collection":[{"href":"https:\/\/knjiznice.nsk.hr\/kolan\/wp-json\/wp\/v2\/pages"}],"about":[{"href":"https:\/\/knjiznice.nsk.hr\/kolan\/wp-json\/wp\/v2\/types\/page"}],"author":[{"embeddable":true,"href":"https:\/\/knjiznice.nsk.hr\/kolan\/wp-json\/wp\/v2\/users\/80"}],"replies":[{"embeddable":true,"href":"https:\/\/knjiznice.nsk.hr\/kolan\/wp-json\/wp\/v2\/comments?post=20"}],"version-history":[{"count":3,"href":"https:\/\/knjiznice.nsk.hr\/kolan\/wp-json\/wp\/v2\/pages\/20\/revisions"}],"predecessor-version":[{"id":25,"href":"https:\/\/knjiznice.nsk.hr\/kolan\/wp-json\/wp\/v2\/pages\/20\/revisions\/25"}],"wp:attachment":[{"href":"https:\/\/knjiznice.nsk.hr\/kolan\/wp-json\/wp\/v2\/media?parent=20"}],"curies":[{"name":"wp","href":"https:\/\/api.w.org\/{rel}","templated":true}]}}