{"id":14,"date":"2018-11-24T15:45:14","date_gmt":"2018-11-24T14:45:14","guid":{"rendered":"http:\/\/knjiznice.nsk.hr\/kolan\/?page_id=14"},"modified":"2025-12-09T08:56:54","modified_gmt":"2025-12-09T07:56:54","slug":"o-nama","status":"publish","type":"page","link":"https:\/\/knjiznice.nsk.hr\/kolan\/o-nama\/","title":{"rendered":"O nama"},"content":{"rendered":"<p><strong>Op\u0107inska knji\u017enica&#8221;\u0160ime \u0160ugar Ivanov\u201c<\/strong><\/p>\n<p>23251 Kolan, Bartola Ka\u0161i\u0107a 10<\/p>\n<p>tel. 023 550 449<\/p>\n<p>e-mail: knjiznicakolan@yahoo.com<\/p>\n<p>ravnateljica: Ana Gligora<\/p>\n<p>&nbsp;<\/p>\n<p><strong>Odjeli knji\u017enice:<\/strong><\/p>\n<p>Odjel za odrasle i Odjel za djecu u jedinstvenom prostoru<\/p>\n<p>&nbsp;<\/p>\n<p><strong>Godi\u0161nja \u010dlanarina:<\/strong><\/p>\n<p>0 kn<\/p>\n<p>&nbsp;<\/p>\n<p>Knji\u017enica \u0160ime \u0160ugar Ivanov- Kolan<\/p>\n<p>Godine 2004. Op\u0107insko vije\u0107e Op\u0107ine Kolan pokrenulo je postupak osnivanja Op\u0107inske knji\u017enice te je taj proces uz financijsku pomo\u0107 Ministarstva kulture, Zadarske \u017eupanije i Op\u0107ine Kolan zavr\u0161en obnovom zgrade u kojoj je Knji\u017enica, opremanjem i nabavom knji\u017ene i neknji\u017ene gra\u0111e te slu\u017ebenim otvorenjem, 18.10.2007. godine.<\/p>\n<p>Op\u0107inska knji\u017enica Op\u0107ine Kolan&nbsp; <em>\u0160ime \u0160ugar Ivanov<\/em> slijednica je triju knji\u017enica koje su se u Kolanu otvarale tijekom 20. stolje\u0107a, ali se, na\u017ealost,&nbsp; nisu uspjele odr\u017eati.<\/p>\n<p>Prva pu\u010dka \u010ditaonica \u201eGarda\u201c&nbsp; djelovala je od 1919. do 1923. Godine, kao reakcija hrvatskih domoljuba na talijansku okupaciju otoka Paga.<\/p>\n<p>Od 1942. do 1945. godine djelovala je za vrijeme NDH kao Narodna knji\u017enica, a od 1980. u sklopu KUD-a \u201eBartul Ka\u0161i\u0107\u201c.<\/p>\n","protected":false},"excerpt":{"rendered":"<p>Op\u0107inska knji\u017enica&#8221;\u0160ime \u0160ugar Ivanov\u201c 23251 Kolan, Bartola Ka\u0161i\u0107a 10 tel. 023 550 449 e-mail: knjiznicakolan@yahoo.com ravnateljica: Ana Gligora &nbsp; Odjeli knji\u017enice: Odjel za odrasle i Odjel za djecu u jedinstvenom prostoru &nbsp; Godi\u0161nja \u010dlanarina: 0 kn &nbsp; Knji\u017enica \u0160ime \u0160ugar Ivanov- Kolan Godine 2004. Op\u0107insko vije\u0107e Op\u0107ine Kolan pokrenulo je postupak osnivanja Op\u0107inske knji\u017enice te [&hellip;]<\/p>\n","protected":false},"author":80,"featured_media":0,"parent":0,"menu_order":0,"comment_status":"closed","ping_status":"closed","template":"","meta":{"ngg_post_thumbnail":0},"yoast_head":"<!-- This site is optimized with the Yoast SEO plugin v16.4 - https:\/\/yoast.com\/wordpress\/plugins\/seo\/ -->\n<meta name=\"robots\" content=\"index, follow, max-snippet:-1, max-image-preview:large, max-video-preview:-1\" \/>\n<link rel=\"canonical\" href=\"http:\/\/knjiznice.nsk.hr\/kolan\/o-nama\/\" \/>\n<meta property=\"og:locale\" content=\"hr_HR\" \/>\n<meta property=\"og:type\" content=\"article\" \/>\n<meta property=\"og:title\" content=\"O nama - Op\u0107inska knji\u017enica \u0160ime \u0160ugar Ivanov - Kolan\" \/>\n<meta property=\"og:description\" content=\"Op\u0107inska knji\u017enica&#8221;\u0160ime \u0160ugar Ivanov\u201c 23251 Kolan, Bartola Ka\u0161i\u0107a 10 tel. 023 550 449 e-mail: knjiznicakolan@yahoo.com ravnateljica: Ana Gligora &nbsp; Odjeli knji\u017enice: Odjel za odrasle i Odjel za djecu u jedinstvenom prostoru &nbsp; Godi\u0161nja \u010dlanarina: 0 kn &nbsp; Knji\u017enica \u0160ime \u0160ugar Ivanov- Kolan Godine 2004. Op\u0107insko vije\u0107e Op\u0107ine Kolan pokrenulo je postupak osnivanja Op\u0107inske knji\u017enice te [&hellip;]\" \/>\n<meta property=\"og:url\" content=\"http:\/\/knjiznice.nsk.hr\/kolan\/o-nama\/\" \/>\n<meta property=\"og:site_name\" content=\"Op\u0107inska knji\u017enica \u0160ime \u0160ugar Ivanov - Kolan\" \/>\n<meta property=\"article:modified_time\" content=\"2025-12-09T07:56:54+00:00\" \/>\n<meta name=\"twitter:card\" content=\"summary_large_image\" \/>\n<meta name=\"twitter:label1\" content=\"Procijenjeno vrijeme \u010ditanja\" \/>\n\t<meta name=\"twitter:data1\" content=\"1 minuta\" \/>\n<script type=\"application\/ld+json\" class=\"yoast-schema-graph\">{\"@context\":\"https:\/\/schema.org\",\"@graph\":[{\"@type\":\"WebSite\",\"@id\":\"http:\/\/knjiznice.nsk.hr\/kolan\/#website\",\"url\":\"http:\/\/knjiznice.nsk.hr\/kolan\/\",\"name\":\"Op\\u0107inska knji\\u017enica \\u0160ime \\u0160ugar Ivanov - Kolan\",\"description\":\"\",\"potentialAction\":[{\"@type\":\"SearchAction\",\"target\":\"http:\/\/knjiznice.nsk.hr\/kolan\/?s={search_term_string}\",\"query-input\":\"required name=search_term_string\"}],\"inLanguage\":\"hr\"},{\"@type\":\"WebPage\",\"@id\":\"http:\/\/knjiznice.nsk.hr\/kolan\/o-nama\/#webpage\",\"url\":\"http:\/\/knjiznice.nsk.hr\/kolan\/o-nama\/\",\"name\":\"O nama - Op\\u0107inska knji\\u017enica \\u0160ime \\u0160ugar Ivanov - Kolan\",\"isPartOf\":{\"@id\":\"http:\/\/knjiznice.nsk.hr\/kolan\/#website\"},\"datePublished\":\"2018-11-24T14:45:14+00:00\",\"dateModified\":\"2025-12-09T07:56:54+00:00\",\"breadcrumb\":{\"@id\":\"http:\/\/knjiznice.nsk.hr\/kolan\/o-nama\/#breadcrumb\"},\"inLanguage\":\"hr\",\"potentialAction\":[{\"@type\":\"ReadAction\",\"target\":[\"http:\/\/knjiznice.nsk.hr\/kolan\/o-nama\/\"]}]},{\"@type\":\"BreadcrumbList\",\"@id\":\"http:\/\/knjiznice.nsk.hr\/kolan\/o-nama\/#breadcrumb\",\"itemListElement\":[{\"@type\":\"ListItem\",\"position\":1,\"item\":{\"@type\":\"WebPage\",\"@id\":\"http:\/\/knjiznice.nsk.hr\/kolan\/\",\"url\":\"http:\/\/knjiznice.nsk.hr\/kolan\/\",\"name\":\"Po\\u010detna stranica\"}},{\"@type\":\"ListItem\",\"position\":2,\"item\":{\"@id\":\"http:\/\/knjiznice.nsk.hr\/kolan\/o-nama\/#webpage\"}}]}]}<\/script>\n<!-- \/ Yoast SEO plugin. -->","_links":{"self":[{"href":"https:\/\/knjiznice.nsk.hr\/kolan\/wp-json\/wp\/v2\/pages\/14"}],"collection":[{"href":"https:\/\/knjiznice.nsk.hr\/kolan\/wp-json\/wp\/v2\/pages"}],"about":[{"href":"https:\/\/knjiznice.nsk.hr\/kolan\/wp-json\/wp\/v2\/types\/page"}],"author":[{"embeddable":true,"href":"https:\/\/knjiznice.nsk.hr\/kolan\/wp-json\/wp\/v2\/users\/80"}],"replies":[{"embeddable":true,"href":"https:\/\/knjiznice.nsk.hr\/kolan\/wp-json\/wp\/v2\/comments?post=14"}],"version-history":[{"count":6,"href":"https:\/\/knjiznice.nsk.hr\/kolan\/wp-json\/wp\/v2\/pages\/14\/revisions"}],"predecessor-version":[{"id":190,"href":"https:\/\/knjiznice.nsk.hr\/kolan\/wp-json\/wp\/v2\/pages\/14\/revisions\/190"}],"wp:attachment":[{"href":"https:\/\/knjiznice.nsk.hr\/kolan\/wp-json\/wp\/v2\/media?parent=14"}],"curies":[{"name":"wp","href":"https:\/\/api.w.org\/{rel}","templated":true}]}}