{"id":33,"date":"2010-08-15T19:04:08","date_gmt":"2010-08-15T19:04:08","guid":{"rendered":"http:\/\/demo.studiopress.com\/genesis"},"modified":"2014-11-26T13:16:49","modified_gmt":"2014-11-26T13:16:49","slug":"podstranica-11","status":"publish","type":"page","link":"https:\/\/knjiznice.nsk.hr\/jednostavna\/sample\/podstranica-11\/","title":{"rendered":"Podstranica 1.1"},"content":{"rendered":"<p>U posljednjih nekoliko godina, u javnom sektoru se sve vi\u0161e koristi softver otvorenog k\u00f4da. Nerijetko zbog slabe informiranosti dolazi do njegovog neadekvatnog kori\u0161tenja. Ustanove se nerijetko zbog ra\u0161irenih predrasuda ne usu\u0111uju koristiti programe otvorenog k\u00f4da, \u010dak ni u situacijama u kojima bi oni bili prikladni. S druge strane, oslanjanje na neprovjerene informacije mo\u017ee rezultirati kori\u0161tenjem programa otvorenog k\u00f4da za pogre\u0161ne namjene, na neadekvatne na\u010dine ili kori\u0161tenjem neprikladnih programa.<\/p>\n<p>U takvoj situaciji, u Nacionalnoj i sveu\u010dili\u0161noj knji\u017enici u Zagrebu, u kolovozu 2011. osnovan je Centar za otvoreni k\u00f4d. Ideja je izgradnja informacijskog, savjetodavnog i koordinacijskog sredi\u0161ta, koji bi pru\u017eao pristup programima otvorenog koda,\u00a0informacije o njima i mogu\u0107nostima njihove primjene, te se bavio projektima implementacije.<\/p>\n<p>Koriste\u0107i se resursima koje Centar nudi i uklapanjem programa otvorenog k\u00f4da u postoje\u0107u ra\u010dunalnu infrastrukturu ustanove bi mogle smanjiti tro\u0161kove i unaprijediti poslovanje.<\/p>\n<p>Djelatnost Centra trenuta\u010dno obuhva\u0107a:<\/p>\n<ul>\n<li>prikupljanje i objavljivanje sadr\u017eaja iz podru\u010dja razvoja softvera otvorenog k\u00f4da,<\/li>\n<li>testiranje pojedinih aplikacija korisnih za rad ustanova,<\/li>\n<li>izgradnju i kontinuirano nadopunjavanje <em>Direktorija otvorenih programa<\/em>, koji nudi objedinjene sadr\u017eaje o programima otvorenog koda na jednom mjestu, te\u00a0mogu\u0107nost preuzimanja programa i izvornog koda.<\/li>\n<\/ul>\n<p>Djelatnost i svrha Centra za otvoreni k\u00f4d na tragu su inicijativa Europske unije <a title=\"eEurope 2005\" href=\"http:\/\/ec.europa.eu\/information_society\/eeurope\/2005\/index_en.htm\" target=\"_blank\">eEurope 2005<\/a> i <a title=\"i2010\" href=\"http:\/\/ec.europa.eu\/information_society\/eeurope\/i2010\/index_en.htm\" target=\"_blank\">i2010<\/a>, te <a title=\"Odrednice razvitka i uporabe ra\u010dunalnih programa s otvorenim k\u00f4dom u tijelima dr\u017eavne uprave\" href=\"http:\/\/www.vlada.hr\/hr\/content\/download\/13265\/151283\/file\/OSSpolicy_Odrednice.pdf\" target=\"_blank\">Odrednica razvitka i uporabe ra\u010dunalnih programa s otvorenim k\u00f4dom u tijelima dr\u017eavne uprave<\/a> Vlade Republike Hrvatske.<\/p>\n<p>Poticanje uporabe programa otvorenog k\u00f4da u javnom sektoru je me\u0111u osnovnim ciljevima inicijative <em>eEurope 2005 \u2013 An Information Society for All<\/em>, a zatvaranje informacijskih sustava kori\u0161tenjem zatvorenih programa navedeno je kao jedna od najve\u0107ih prepreka u postizanju postavljenih zada\u0107a inicijative Europske unije <em>i2010 \u2013 A European Information Society for Growth and Employment<\/em>.<\/p>\n<p>U srpnju 2006. Vlada Republike Hrvatske donijela je Politiku otvorenog k\u00f4da, izra\u017eenu u<em>Odrednicama razvitka i uporabe ra\u010dunalnih programa s otvorenim k\u00f4dom u tijelima dr\u017eavne uprave<\/em>. Odrednice stavljaju naglasak na primjenu otvorenih programa kad god je to gospodarski, financijski i tehnolo\u0161ki mogu\u0107e i opravdano. Tako\u0111er, isti\u010de se va\u017enost izra\u0111ivanja sadr\u017eaja za obrazovanje u podru\u010dju kori\u0161tenja otvorenih programa i osposobljavanja dr\u017eavnih slu\u017ebenika za njihovu uporabu.<\/p>\n<p>U prosincu 2011. done\u0161en je program Vlade Republike Hrvatske za mandat 2011.-2015. te se u poglavlju <em>Nova javna uprava<\/em> nagla\u0161ava va\u017enost uvo\u0111enja novih tehnologija u rad javne uprave, s ciljem ostvarivanja u\u0161tede, ali i u\u010dinkovitijeg i otvorenijeg rada. Kao jedan od mehanizama za realizaciju Vladine IT politike navodi se uvo\u0111enje softvera otvorenoga koda, za po\u010detak ondje gdje je mogu\u0107e, \u010dime bi se osigurala neovisnost javne uprave.<\/p>\n","protected":false},"excerpt":{"rendered":"<p>U posljednjih nekoliko godina, u javnom sektoru se sve vi\u0161e koristi softver otvorenog k\u00f4da. Nerijetko zbog slabe informiranosti dolazi do njegovog neadekvatnog kori\u0161tenja. Ustanove se nerijetko zbog ra\u0161irenih predrasuda ne usu\u0111uju koristiti programe otvorenog k\u00f4da, \u010dak ni u situacijama u kojima bi oni bili prikladni. S druge strane, oslanjanje na neprovjerene informacije mo\u017ee rezultirati kori\u0161tenjem [&hellip;]<\/p>\n","protected":false},"author":34,"featured_media":0,"parent":31,"menu_order":0,"comment_status":"closed","ping_status":"closed","template":"","meta":{"ngg_post_thumbnail":0},"yoast_head":"<!-- This site is optimized with the Yoast SEO plugin v16.4 - https:\/\/yoast.com\/wordpress\/plugins\/seo\/ -->\n<meta name=\"robots\" content=\"index, follow, max-snippet:-1, max-image-preview:large, max-video-preview:-1\" \/>\n<link rel=\"canonical\" href=\"https:\/\/knjiznice.nsk.hr\/jednostavna\/sample\/podstranica-11\/\" \/>\n<meta property=\"og:locale\" content=\"hr_HR\" \/>\n<meta property=\"og:type\" content=\"article\" \/>\n<meta property=\"og:title\" content=\"Podstranica 1.1 - Jednostavna\" \/>\n<meta property=\"og:description\" content=\"U posljednjih nekoliko godina, u javnom sektoru se sve vi\u0161e koristi softver otvorenog k\u00f4da. Nerijetko zbog slabe informiranosti dolazi do njegovog neadekvatnog kori\u0161tenja. Ustanove se nerijetko zbog ra\u0161irenih predrasuda ne usu\u0111uju koristiti programe otvorenog k\u00f4da, \u010dak ni u situacijama u kojima bi oni bili prikladni. S druge strane, oslanjanje na neprovjerene informacije mo\u017ee rezultirati kori\u0161tenjem [&hellip;]\" \/>\n<meta property=\"og:url\" content=\"https:\/\/knjiznice.nsk.hr\/jednostavna\/sample\/podstranica-11\/\" \/>\n<meta property=\"og:site_name\" content=\"Jednostavna\" \/>\n<meta property=\"article:modified_time\" content=\"2014-11-26T13:16:49+00:00\" \/>\n<meta name=\"twitter:label1\" content=\"Procijenjeno vrijeme \u010ditanja\" \/>\n\t<meta name=\"twitter:data1\" content=\"2 minute\" \/>\n<script type=\"application\/ld+json\" class=\"yoast-schema-graph\">{\"@context\":\"https:\/\/schema.org\",\"@graph\":[{\"@type\":\"WebSite\",\"@id\":\"https:\/\/knjiznice.nsk.hr\/jednostavna\/#website\",\"url\":\"https:\/\/knjiznice.nsk.hr\/jednostavna\/\",\"name\":\"Jednostavna\",\"description\":\"knjiznice.nsk.hr - predlo\\u017eak\",\"potentialAction\":[{\"@type\":\"SearchAction\",\"target\":\"https:\/\/knjiznice.nsk.hr\/jednostavna\/?s={search_term_string}\",\"query-input\":\"required name=search_term_string\"}],\"inLanguage\":\"hr\"},{\"@type\":\"WebPage\",\"@id\":\"https:\/\/knjiznice.nsk.hr\/jednostavna\/sample\/podstranica-11\/#webpage\",\"url\":\"https:\/\/knjiznice.nsk.hr\/jednostavna\/sample\/podstranica-11\/\",\"name\":\"Podstranica 1.1 - Jednostavna\",\"isPartOf\":{\"@id\":\"https:\/\/knjiznice.nsk.hr\/jednostavna\/#website\"},\"datePublished\":\"2010-08-15T19:04:08+00:00\",\"dateModified\":\"2014-11-26T13:16:49+00:00\",\"breadcrumb\":{\"@id\":\"https:\/\/knjiznice.nsk.hr\/jednostavna\/sample\/podstranica-11\/#breadcrumb\"},\"inLanguage\":\"hr\",\"potentialAction\":[{\"@type\":\"ReadAction\",\"target\":[\"https:\/\/knjiznice.nsk.hr\/jednostavna\/sample\/podstranica-11\/\"]}]},{\"@type\":\"BreadcrumbList\",\"@id\":\"https:\/\/knjiznice.nsk.hr\/jednostavna\/sample\/podstranica-11\/#breadcrumb\",\"itemListElement\":[{\"@type\":\"ListItem\",\"position\":1,\"item\":{\"@type\":\"WebPage\",\"@id\":\"https:\/\/knjiznice.nsk.hr\/jednostavna\/\",\"url\":\"https:\/\/knjiznice.nsk.hr\/jednostavna\/\",\"name\":\"Po\\u010detna stranica\"}},{\"@type\":\"ListItem\",\"position\":2,\"item\":{\"@type\":\"WebPage\",\"@id\":\"https:\/\/knjiznice.nsk.hr\/jednostavna\/sample\/\",\"url\":\"https:\/\/knjiznice.nsk.hr\/jednostavna\/sample\/\",\"name\":\"Primjer\"}},{\"@type\":\"ListItem\",\"position\":3,\"item\":{\"@id\":\"https:\/\/knjiznice.nsk.hr\/jednostavna\/sample\/podstranica-11\/#webpage\"}}]}]}<\/script>\n<!-- \/ Yoast SEO plugin. -->","_links":{"self":[{"href":"https:\/\/knjiznice.nsk.hr\/jednostavna\/wp-json\/wp\/v2\/pages\/33"}],"collection":[{"href":"https:\/\/knjiznice.nsk.hr\/jednostavna\/wp-json\/wp\/v2\/pages"}],"about":[{"href":"https:\/\/knjiznice.nsk.hr\/jednostavna\/wp-json\/wp\/v2\/types\/page"}],"author":[{"embeddable":true,"href":"https:\/\/knjiznice.nsk.hr\/jednostavna\/wp-json\/wp\/v2\/users\/34"}],"replies":[{"embeddable":true,"href":"https:\/\/knjiznice.nsk.hr\/jednostavna\/wp-json\/wp\/v2\/comments?post=33"}],"version-history":[{"count":2,"href":"https:\/\/knjiznice.nsk.hr\/jednostavna\/wp-json\/wp\/v2\/pages\/33\/revisions"}],"predecessor-version":[{"id":597,"href":"https:\/\/knjiznice.nsk.hr\/jednostavna\/wp-json\/wp\/v2\/pages\/33\/revisions\/597"}],"up":[{"embeddable":true,"href":"https:\/\/knjiznice.nsk.hr\/jednostavna\/wp-json\/wp\/v2\/pages\/31"}],"wp:attachment":[{"href":"https:\/\/knjiznice.nsk.hr\/jednostavna\/wp-json\/wp\/v2\/media?parent=33"}],"curies":[{"name":"wp","href":"https:\/\/api.w.org\/{rel}","templated":true}]}}