{"id":42,"date":"2015-04-02T07:16:25","date_gmt":"2015-04-02T07:16:25","guid":{"rendered":"http:\/\/knjiznice.nsk.hr\/ivanec\/?page_id=42"},"modified":"2026-03-18T10:32:10","modified_gmt":"2026-03-18T10:32:10","slug":"o-nama","status":"publish","type":"page","link":"https:\/\/knjiznice.nsk.hr\/ivanec\/o-nama\/","title":{"rendered":"O nama"},"content":{"rendered":"<p>Gradska knji\u017enica i \u010ditaonica &#8220;Gustav Krklec&#8221; djeluje u prostoru od cca 230 \u010detvornih metara u stambenoj zgradi na adresi Akademika Ladislava \u0160abana 3, 42240 Ivanec. U prostoru Knji\u017enice smje\u0161teni su Odjel za odrasle, Odjel za djecu, Odjel za mlade te Studijski odjel i \u010citaonica. Knji\u017enica posjeduje bogatu Zavi\u010dajnu i Referentnu zbirku. Stalno su zaposlena tri knji\u017eni\u010darska djelatnika.<\/p>\n<p><em>Iz povijesti knji\u017enice<\/em><br \/>\nGradska knji\u017enica i \u010ditaonica \u201eGustav Krklec\u201c u Ivancu osnovana kao dru\u0161tvo Hrvatska \u010citaonica. Tu \u010dinjenicu mo\u017eemo zahvaliti ivane\u010dkom arhivistu i povjesni\u010daru crkvene povijesti Metodu Hrgu koji je rade\u0107i na sre\u0111ivanju Kaptolskog i Nadbiskupskog arhiva u Zagrebu prona\u0161ao u cijelosti sa\u010duvana Pravila \u010ditaoni\u010dkoga dru\u017etva Hrvatska \u010citaonica u Ivancih. Fotografije izvornog dokumenta danas se \u010duvaju u Zavi\u010dajnoj zbirci Knji\u017enice. Pravila su donesena 15. sije\u010dnja 1885., a potvr\u0111ena su 13. svibnja 1885. godine od strane Kraljevske hrvatsko slavonske zemaljske vlade, odjela za unutarnje poslove. U Pravilima se isti\u010de kako je svrha dru\u0161tva bila promicanje dru\u0161tvenosti i op\u0107e korisnih znanja. \u010clanom dru\u0161tva mogao je postati svaki samostalan \u010dovjek bez obzira na stale\u017e i vjeroispovijed, dok se u posebnom \u010dlanku isti\u010de kako i gospo\u0111e mogu biti \u010dlanovi dru\u0161tva. 14. studenog 1907. godine usvojena su nova pravila \u010ditaoni\u010dkog dru\u0161tva koje se zvalo \u201eGradjanska \u010ditaonica\u201c. Ta je pravila tako\u0111er potvrdila Kraljevska hrvatsko slavonsko dalmatinska zemaljska vlada u Zagrebu, 27. sije\u010dnja 1908. godine., za bana Pavla Raucha. 1912. godine zabilje\u017eeno je postojanje pu\u010dke knji\u017enice koja je bila osnovana na poticaj Dru\u0161tva za pu\u010dku prosvjetu, ali nam nisu poznati njeni uvjeti rada i program (prostorije, knjige i sl.). Pretpostavlja se da je tradicija te \u010ditaonice prekinuta u te\u0161kim uvjetima Prvog svjetskog rata, dok nam o obnovi njezina rada tijekom 1919. godine. Iako je ve\u0107 i ranije postojala potreba za stvaranjem jedne ustanove koja bi gra\u0111anima dala mogu\u0107nost pra\u0107enja i literarnih dostignu\u0107a svog vremena, po\u010detke javne knji\u017eni\u010dne djelatnosti u Ivancu ve\u017eemo za 1935. godinu. Radi se o knji\u017enici koju je pokrenuo tada\u0161nji u\u010ditelj Josip Luke\u017e. Svoju pravu knji\u017eni\u010dnu djelatnost knji\u017enica u Ivancu zapo\u010dinje 1947. godine. Knji\u017enica je kroz svoj razvoj promijenila nekoliko poznatih nam lokacija. Prema kaziva\u010du Marijanu Kra\u0161u najstarija poznata lokacija ivane\u010dke knji\u017enice nalazila se u tada\u0161njem Zadru\u017enom domu na drugom katu te zgrade, iako smo ve\u0107 spomenuli i gostionicu \u201eKod Jageti\u0107a\u201c i gostionicu \u201eVojtec\u201c kao mjesta na kojima su ljudi \u010ditali. Nakon toga seli na lokaciju gdje se nekad nalazila postolarska zadruga \u201eIvan\u010dica\u201c, danas malena zgrada pored Gradske vije\u0107nice. Pedesetih je godina preseljena u tzv. Obrtni\u010dki dom, a sedamdesetih godina seli u Ulicu Vladimira Nazora. Svoj dug put institucije-besku\u0107nika zavr\u0161ava 7. svibnja 1984. godine preseljenjem u prostore u kojima djeluje i danas. Od 1990. godine Knji\u017enica nosi naziv poznatog pjesnika Gustava Krkleca, a 2000. godine postaje samostalna gradska ustanova. U razdobljima koje slijede Knji\u017enicu je obilje\u017eila ubrzana informatizacija i modernizacija poslovanja koje su bile preduvjet nastanka Knji\u017enice kakvu imamo danas.<\/p>\n<p><em>Literatura<\/em><\/p>\n<p>1. Arhiv Gradske knji\u017enice i \u010ditaonice \u201eGustav Krklec\u201c, ( AGKI\u010cGK ), gra\u0111a.<br \/>\n2. Arhiv Pu\u010dkog otvorenog u\u010dili\u0161ta \u201e\u0110uro Arnold\u201c, ( APOU\u0110A ), gra\u0111a.<br \/>\n3. Badali\u0107, J. Javne knji\u017enice u Savskoj banovini i njihovo stanje i potrebe. Zagreb : Tisak zaklade tiskare \u201eNarodnih novina\u201c, 1937. Str. 15.<br \/>\n4. Belaj, J. Ivanec kroz slojeve pro\u0161losti : Deset godina arheolo\u0161kih istra\u017eivanja u Ivancu. Ivanec : Grad Ivanec i Mini-print-logo, 2008.<br \/>\n6. Hrg, F. Draga doma\u010da rie\u010d 1985.-1993. Ivane\u010dki kalendar. 9 ( 1994. ), Str. 92-93.<br \/>\n7. Kra\u0161, M. Ivanec : Prilozi povijesti Ivanca do 1940. godine : Ivancu za \u0161estotu obljetnicu povodom prvoga pisanoga spomena Ivanca 1936.-1996. Vara\u017edin : Zlatni ajngel, 1996.<br \/>\n8. Kra\u0161, M. Knji\u017enica i \u010ditaonica \u201eMladost\u201c Ivanec u novim prostorijama. Ivane\u010dki kalendar 8(1986), Str. 33.<br \/>\n9. Kra\u0161, M. Pavica i Otokar Hrazdira : \u017divot i umjetni\u010dko stvaranje zaboravljenih Ivan\u010dana uz 70. obljetnicu prve fotografske izlo\u017ebe u Ivancu 1932.-2001. Vara\u017edin : Mini-print-logo, 2002.<br \/>\n10. Povijest Ivanca. Arheolo\u0161ka nalazi\u0161ta. Ivanca.<br \/>\nURL:http\/\/www.ivanec.hr\/OIvancu\/Povijest.aspx (6.5.2011.)<br \/>\n11. Jagi\u0107, S. Dru\u0161tveno-gospodarski razvoj Ivanca od 1928. do 1941. godine. Radovi Zavoda za znanstveni rad. Zagreb-Vara\u017edin : Hrvatska akademija znanosti i umjetnosti, 2011. Str. 13-65.<br \/>\n12. Vara\u017edinske vijesti ( 1964. ).<br \/>\n13. Vara\u017edinske vijesti. 1057 ( 1965. ).<br \/>\n14. Vara\u017edinske vijesti ( 1967. ), Str. 2.<br \/>\n15. Volja naroda. 171 ( 1919. ), Str. 5-6.<br \/>\n16. Volja naroda. 14 ( 1919. ).<br \/>\n17. Vodi\u010d gradske knji\u017enice i \u010ditaonice \u201eMetel O\u017eegovi\u0107\u201c Vara\u017edin : knji\u017enice grada Vara\u017edina i \u017dupanije vara\u017edinske. Vara\u017edin : Gradska knji\u017enica i \u010ditaonica \u201eMetel O\u017eegovi\u0107\u201c, 1997.<br \/>\n18. Zavi\u010dajna zbirka Gradske knji\u017enice i \u010ditaonice \u201eGustav Krklec\u201c, Pravila \u010ditaoni\u010dkoga dru\u017etva Hrvatska \u010citaonica u Ivancih. Ivanec, 1885.<br \/>\n19. Zavi\u010dajna zbirka Gradske knji\u017enice i \u010ditaonice \u201eGustav Krklec\u201c, Pravila \u010ditaoni\u010dkog dru\u017etva u Ivancu. Ivanec, 1908.<br \/>\n19. Zbornik 600 godina Ivanca. Vara\u017edin : Hrvatska akademija znanosti i umjetnosti. Zavod za znanstveni rad ; Vara\u017edin : Grad Ivanec, 1997.<\/p>\n","protected":false},"excerpt":{"rendered":"<p>Gradska knji\u017enica i \u010ditaonica &#8220;Gustav Krklec&#8221; djeluje u prostoru od cca 230 \u010detvornih metara u stambenoj zgradi na adresi Akademika Ladislava \u0160abana 3, 42240 Ivanec. U prostoru Knji\u017enice smje\u0161teni su Odjel za odrasle, Odjel za djecu, Odjel za mlade te Studijski odjel i \u010citaonica. Knji\u017enica posjeduje bogatu Zavi\u010dajnu i Referentnu zbirku. Stalno su zaposlena tri [&hellip;]<\/p>\n","protected":false},"author":23,"featured_media":0,"parent":0,"menu_order":0,"comment_status":"closed","ping_status":"closed","template":"","meta":{"ngg_post_thumbnail":0},"yoast_head":"<!-- This site is optimized with the Yoast SEO plugin v16.4 - https:\/\/yoast.com\/wordpress\/plugins\/seo\/ -->\n<meta name=\"robots\" content=\"index, follow, max-snippet:-1, max-image-preview:large, max-video-preview:-1\" \/>\n<link rel=\"canonical\" href=\"https:\/\/knjiznice.nsk.hr\/ivanec\/o-nama\/\" \/>\n<meta property=\"og:locale\" content=\"hr_HR\" \/>\n<meta property=\"og:type\" content=\"article\" \/>\n<meta property=\"og:title\" content=\"O nama - Gradska knji\u017enica i \u010ditaonica &quot;Gustav Krklec&quot; Ivanec\" \/>\n<meta property=\"og:description\" content=\"Gradska knji\u017enica i \u010ditaonica &#8220;Gustav Krklec&#8221; djeluje u prostoru od cca 230 \u010detvornih metara u stambenoj zgradi na adresi Akademika Ladislava \u0160abana 3, 42240 Ivanec. U prostoru Knji\u017enice smje\u0161teni su Odjel za odrasle, Odjel za djecu, Odjel za mlade te Studijski odjel i \u010citaonica. Knji\u017enica posjeduje bogatu Zavi\u010dajnu i Referentnu zbirku. Stalno su zaposlena tri [&hellip;]\" \/>\n<meta property=\"og:url\" content=\"https:\/\/knjiznice.nsk.hr\/ivanec\/o-nama\/\" \/>\n<meta property=\"og:site_name\" content=\"Gradska knji\u017enica i \u010ditaonica &quot;Gustav Krklec&quot; Ivanec\" \/>\n<meta property=\"article:modified_time\" content=\"2026-03-18T10:32:10+00:00\" \/>\n<meta name=\"twitter:label1\" content=\"Procijenjeno vrijeme \u010ditanja\" \/>\n\t<meta name=\"twitter:data1\" content=\"4 minute\" \/>\n<script type=\"application\/ld+json\" class=\"yoast-schema-graph\">{\"@context\":\"https:\/\/schema.org\",\"@graph\":[{\"@type\":\"WebSite\",\"@id\":\"https:\/\/knjiznice.nsk.hr\/ivanec\/#website\",\"url\":\"https:\/\/knjiznice.nsk.hr\/ivanec\/\",\"name\":\"Gradska knji\\u017enica i \\u010ditaonica &quot;Gustav Krklec&quot; Ivanec\",\"description\":\"Djeca koja \\u010ditaju postaju ljudi koji misle.\",\"potentialAction\":[{\"@type\":\"SearchAction\",\"target\":\"https:\/\/knjiznice.nsk.hr\/ivanec\/?s={search_term_string}\",\"query-input\":\"required name=search_term_string\"}],\"inLanguage\":\"hr\"},{\"@type\":\"WebPage\",\"@id\":\"https:\/\/knjiznice.nsk.hr\/ivanec\/o-nama\/#webpage\",\"url\":\"https:\/\/knjiznice.nsk.hr\/ivanec\/o-nama\/\",\"name\":\"O nama - Gradska knji\\u017enica i \\u010ditaonica &quot;Gustav Krklec&quot; Ivanec\",\"isPartOf\":{\"@id\":\"https:\/\/knjiznice.nsk.hr\/ivanec\/#website\"},\"datePublished\":\"2015-04-02T07:16:25+00:00\",\"dateModified\":\"2026-03-18T10:32:10+00:00\",\"breadcrumb\":{\"@id\":\"https:\/\/knjiznice.nsk.hr\/ivanec\/o-nama\/#breadcrumb\"},\"inLanguage\":\"hr\",\"potentialAction\":[{\"@type\":\"ReadAction\",\"target\":[\"https:\/\/knjiznice.nsk.hr\/ivanec\/o-nama\/\"]}]},{\"@type\":\"BreadcrumbList\",\"@id\":\"https:\/\/knjiznice.nsk.hr\/ivanec\/o-nama\/#breadcrumb\",\"itemListElement\":[{\"@type\":\"ListItem\",\"position\":1,\"item\":{\"@type\":\"WebPage\",\"@id\":\"https:\/\/knjiznice.nsk.hr\/ivanec\/\",\"url\":\"https:\/\/knjiznice.nsk.hr\/ivanec\/\",\"name\":\"Po\\u010detna stranica\"}},{\"@type\":\"ListItem\",\"position\":2,\"item\":{\"@id\":\"https:\/\/knjiznice.nsk.hr\/ivanec\/o-nama\/#webpage\"}}]}]}<\/script>\n<!-- \/ Yoast SEO plugin. -->","_links":{"self":[{"href":"https:\/\/knjiznice.nsk.hr\/ivanec\/wp-json\/wp\/v2\/pages\/42"}],"collection":[{"href":"https:\/\/knjiznice.nsk.hr\/ivanec\/wp-json\/wp\/v2\/pages"}],"about":[{"href":"https:\/\/knjiznice.nsk.hr\/ivanec\/wp-json\/wp\/v2\/types\/page"}],"author":[{"embeddable":true,"href":"https:\/\/knjiznice.nsk.hr\/ivanec\/wp-json\/wp\/v2\/users\/23"}],"replies":[{"embeddable":true,"href":"https:\/\/knjiznice.nsk.hr\/ivanec\/wp-json\/wp\/v2\/comments?post=42"}],"version-history":[{"count":8,"href":"https:\/\/knjiznice.nsk.hr\/ivanec\/wp-json\/wp\/v2\/pages\/42\/revisions"}],"predecessor-version":[{"id":2553,"href":"https:\/\/knjiznice.nsk.hr\/ivanec\/wp-json\/wp\/v2\/pages\/42\/revisions\/2553"}],"wp:attachment":[{"href":"https:\/\/knjiznice.nsk.hr\/ivanec\/wp-json\/wp\/v2\/media?parent=42"}],"curies":[{"name":"wp","href":"https:\/\/api.w.org\/{rel}","templated":true}]}}