{"id":40,"date":"2015-04-02T07:16:04","date_gmt":"2015-04-02T07:16:04","guid":{"rendered":"http:\/\/knjiznice.nsk.hr\/ivanec\/?page_id=40"},"modified":"2026-02-04T08:07:42","modified_gmt":"2026-02-04T08:07:42","slug":"kontakt","status":"publish","type":"page","link":"https:\/\/knjiznice.nsk.hr\/ivanec\/kontakt\/","title":{"rendered":"Kontakt"},"content":{"rendered":"<p><em><strong>Kontakt<\/strong><\/em><\/p>\n<p><strong>Adresa:<\/strong> Ak. L. \u0160abana 3, 42240 Ivanec<\/p>\n<p><strong>Broj telefona:<\/strong> 042\/782-165<\/p>\n<p><strong>Email:<\/strong> knjiznica.krklec@optinet.hr<\/p>\n<p><strong>OIB<\/strong>: 63823507140<\/p>\n<p><strong>IBAN:<\/strong> HR9723600001815600004&nbsp; <em>Naziv primatelja:<\/em> Grad Ivanec, Trg hrvatskih ivanovaca 9\/B, 42240 Ivanec<\/p>\n<p><strong>Facebook:<\/strong> <a href=\"https:\/\/hr-hr.facebook.com\/pages\/category\/Library\/Gradska-knji%C5%BEnica-i-%C4%8Ditaonica-Gustav-Krklec-153657671397823\/\">Gradska knji\u017enica i \u010ditaonica &#8220;Gustav Krklec&#8221;<\/a><\/p>\n<p><strong>Instagram:<\/strong> <a href=\"https:\/\/www.instagram.com\/knjiznicaivanec\/?hl=hr\">KnjiznicaIvanec<\/a><\/p>\n<p><strong>Ravnateljica:<\/strong> prof. i dipl.bibl. Marina Grudeni\u0107<\/p>\n<p><strong>Knji\u017eni\u010darke:<\/strong> Vesna Mati\u0161i\u0107, Petra Polan\u010dec<\/p>\n","protected":false},"excerpt":{"rendered":"<p>Kontakt Adresa: Ak. L. \u0160abana 3, 42240 Ivanec Broj telefona: 042\/782-165 Email: knjiznica.krklec@optinet.hr OIB: 63823507140 IBAN: HR9723600001815600004&nbsp; Naziv primatelja: Grad Ivanec, Trg hrvatskih ivanovaca 9\/B, 42240 Ivanec Facebook: Gradska knji\u017enica i \u010ditaonica &#8220;Gustav Krklec&#8221; Instagram: KnjiznicaIvanec Ravnateljica: prof. i dipl.bibl. Marina Grudeni\u0107 Knji\u017eni\u010darke: Vesna Mati\u0161i\u0107, Petra Polan\u010dec<\/p>\n","protected":false},"author":23,"featured_media":0,"parent":0,"menu_order":0,"comment_status":"closed","ping_status":"closed","template":"","meta":{"ngg_post_thumbnail":0},"yoast_head":"<!-- This site is optimized with the Yoast SEO plugin v16.4 - https:\/\/yoast.com\/wordpress\/plugins\/seo\/ -->\n<meta name=\"robots\" content=\"index, follow, max-snippet:-1, max-image-preview:large, max-video-preview:-1\" \/>\n<link rel=\"canonical\" href=\"https:\/\/knjiznice.nsk.hr\/ivanec\/kontakt\/\" \/>\n<meta property=\"og:locale\" content=\"hr_HR\" \/>\n<meta property=\"og:type\" content=\"article\" \/>\n<meta property=\"og:title\" content=\"Kontakt - Gradska knji\u017enica i \u010ditaonica &quot;Gustav Krklec&quot; Ivanec\" \/>\n<meta property=\"og:description\" content=\"Kontakt Adresa: Ak. L. \u0160abana 3, 42240 Ivanec Broj telefona: 042\/782-165 Email: knjiznica.krklec@optinet.hr OIB: 63823507140 IBAN: HR9723600001815600004&nbsp; Naziv primatelja: Grad Ivanec, Trg hrvatskih ivanovaca 9\/B, 42240 Ivanec Facebook: Gradska knji\u017enica i \u010ditaonica &#8220;Gustav Krklec&#8221; Instagram: KnjiznicaIvanec Ravnateljica: prof. i dipl.bibl. Marina Grudeni\u0107 Knji\u017eni\u010darke: Vesna Mati\u0161i\u0107, Petra Polan\u010dec\" \/>\n<meta property=\"og:url\" content=\"https:\/\/knjiznice.nsk.hr\/ivanec\/kontakt\/\" \/>\n<meta property=\"og:site_name\" content=\"Gradska knji\u017enica i \u010ditaonica &quot;Gustav Krklec&quot; Ivanec\" \/>\n<meta property=\"article:modified_time\" content=\"2026-02-04T08:07:42+00:00\" \/>\n<meta name=\"twitter:label1\" content=\"Procijenjeno vrijeme \u010ditanja\" \/>\n\t<meta name=\"twitter:data1\" content=\"1 minuta\" \/>\n<script type=\"application\/ld+json\" class=\"yoast-schema-graph\">{\"@context\":\"https:\/\/schema.org\",\"@graph\":[{\"@type\":\"WebSite\",\"@id\":\"https:\/\/knjiznice.nsk.hr\/ivanec\/#website\",\"url\":\"https:\/\/knjiznice.nsk.hr\/ivanec\/\",\"name\":\"Gradska knji\\u017enica i \\u010ditaonica &quot;Gustav Krklec&quot; Ivanec\",\"description\":\"Djeca koja \\u010ditaju postaju ljudi koji misle.\",\"potentialAction\":[{\"@type\":\"SearchAction\",\"target\":\"https:\/\/knjiznice.nsk.hr\/ivanec\/?s={search_term_string}\",\"query-input\":\"required name=search_term_string\"}],\"inLanguage\":\"hr\"},{\"@type\":\"WebPage\",\"@id\":\"https:\/\/knjiznice.nsk.hr\/ivanec\/kontakt\/#webpage\",\"url\":\"https:\/\/knjiznice.nsk.hr\/ivanec\/kontakt\/\",\"name\":\"Kontakt - Gradska knji\\u017enica i \\u010ditaonica &quot;Gustav Krklec&quot; Ivanec\",\"isPartOf\":{\"@id\":\"https:\/\/knjiznice.nsk.hr\/ivanec\/#website\"},\"datePublished\":\"2015-04-02T07:16:04+00:00\",\"dateModified\":\"2026-02-04T08:07:42+00:00\",\"breadcrumb\":{\"@id\":\"https:\/\/knjiznice.nsk.hr\/ivanec\/kontakt\/#breadcrumb\"},\"inLanguage\":\"hr\",\"potentialAction\":[{\"@type\":\"ReadAction\",\"target\":[\"https:\/\/knjiznice.nsk.hr\/ivanec\/kontakt\/\"]}]},{\"@type\":\"BreadcrumbList\",\"@id\":\"https:\/\/knjiznice.nsk.hr\/ivanec\/kontakt\/#breadcrumb\",\"itemListElement\":[{\"@type\":\"ListItem\",\"position\":1,\"item\":{\"@type\":\"WebPage\",\"@id\":\"https:\/\/knjiznice.nsk.hr\/ivanec\/\",\"url\":\"https:\/\/knjiznice.nsk.hr\/ivanec\/\",\"name\":\"Po\\u010detna stranica\"}},{\"@type\":\"ListItem\",\"position\":2,\"item\":{\"@id\":\"https:\/\/knjiznice.nsk.hr\/ivanec\/kontakt\/#webpage\"}}]}]}<\/script>\n<!-- \/ Yoast SEO plugin. -->","_links":{"self":[{"href":"https:\/\/knjiznice.nsk.hr\/ivanec\/wp-json\/wp\/v2\/pages\/40"}],"collection":[{"href":"https:\/\/knjiznice.nsk.hr\/ivanec\/wp-json\/wp\/v2\/pages"}],"about":[{"href":"https:\/\/knjiznice.nsk.hr\/ivanec\/wp-json\/wp\/v2\/types\/page"}],"author":[{"embeddable":true,"href":"https:\/\/knjiznice.nsk.hr\/ivanec\/wp-json\/wp\/v2\/users\/23"}],"replies":[{"embeddable":true,"href":"https:\/\/knjiznice.nsk.hr\/ivanec\/wp-json\/wp\/v2\/comments?post=40"}],"version-history":[{"count":8,"href":"https:\/\/knjiznice.nsk.hr\/ivanec\/wp-json\/wp\/v2\/pages\/40\/revisions"}],"predecessor-version":[{"id":2511,"href":"https:\/\/knjiznice.nsk.hr\/ivanec\/wp-json\/wp\/v2\/pages\/40\/revisions\/2511"}],"wp:attachment":[{"href":"https:\/\/knjiznice.nsk.hr\/ivanec\/wp-json\/wp\/v2\/media?parent=40"}],"curies":[{"name":"wp","href":"https:\/\/api.w.org\/{rel}","templated":true}]}}