{"id":36,"date":"2015-04-02T07:15:18","date_gmt":"2015-04-02T07:15:18","guid":{"rendered":"http:\/\/knjiznice.nsk.hr\/ivanec\/?page_id=36"},"modified":"2025-05-27T09:12:36","modified_gmt":"2025-05-27T09:12:36","slug":"katalog","status":"publish","type":"page","link":"https:\/\/knjiznice.nsk.hr\/ivanec\/katalog\/","title":{"rendered":"Digitalni katalog"},"content":{"rendered":"<p><a href=\"https:\/\/library.foi.hr\/m3\/k.aspx?B=40\" target=\"_blank\" rel=\"noopener\">Katalog knji\u017enice<\/a><\/p>\n<p><a href=\"https:\/\/library.foi.hr\/lib\/index.php?B=1&amp;E=E9999ZBI-Ivane%E8ka%20zbirka\">Ivane\u010dka zbirka &#8211; zbirka digitalizirane gra\u0111e<\/a><\/p>\n<p>Prilikom otvaranja Ivane\u010dke zbirke &#8211; zbirka digitalizirane gra\u0111e, koraci za pretragu su idu\u0107i:<\/p>\n<ul>\n<li>U gornjem izborniku odabrati DIGITALNA KNJI\u017dNICA<\/li>\n<li>S lijeve strane, u podno\u017eju kliknuti na SVE ZBIRKE<\/li>\n<li>Odabrati Ivane\u010dka zbirka&nbsp;<\/li>\n<\/ul>\n<p>&nbsp;<\/p>\n<p>&nbsp;<\/p>\n","protected":false},"excerpt":{"rendered":"<p>Katalog knji\u017enice Ivane\u010dka zbirka &#8211; zbirka digitalizirane gra\u0111e Prilikom otvaranja Ivane\u010dke zbirke &#8211; zbirka digitalizirane gra\u0111e, koraci za pretragu su idu\u0107i: U gornjem izborniku odabrati DIGITALNA KNJI\u017dNICA S lijeve strane, u podno\u017eju kliknuti na SVE ZBIRKE Odabrati Ivane\u010dka zbirka&nbsp; &nbsp; &nbsp;<\/p>\n","protected":false},"author":23,"featured_media":0,"parent":0,"menu_order":0,"comment_status":"closed","ping_status":"closed","template":"","meta":{"ngg_post_thumbnail":0},"yoast_head":"<!-- This site is optimized with the Yoast SEO plugin v16.4 - https:\/\/yoast.com\/wordpress\/plugins\/seo\/ -->\n<meta name=\"robots\" content=\"index, follow, max-snippet:-1, max-image-preview:large, max-video-preview:-1\" \/>\n<link rel=\"canonical\" href=\"http:\/\/knjiznice.nsk.hr\/ivanec\/katalog\/\" \/>\n<meta property=\"og:locale\" content=\"hr_HR\" \/>\n<meta property=\"og:type\" content=\"article\" \/>\n<meta property=\"og:title\" content=\"Digitalni katalog - Gradska knji\u017enica i \u010ditaonica &quot;Gustav Krklec&quot; Ivanec\" \/>\n<meta property=\"og:description\" content=\"Katalog knji\u017enice Ivane\u010dka zbirka &#8211; zbirka digitalizirane gra\u0111e Prilikom otvaranja Ivane\u010dke zbirke &#8211; zbirka digitalizirane gra\u0111e, koraci za pretragu su idu\u0107i: U gornjem izborniku odabrati DIGITALNA KNJI\u017dNICA S lijeve strane, u podno\u017eju kliknuti na SVE ZBIRKE Odabrati Ivane\u010dka zbirka&nbsp; &nbsp; &nbsp;\" \/>\n<meta property=\"og:url\" content=\"http:\/\/knjiznice.nsk.hr\/ivanec\/katalog\/\" \/>\n<meta property=\"og:site_name\" content=\"Gradska knji\u017enica i \u010ditaonica &quot;Gustav Krklec&quot; Ivanec\" \/>\n<meta property=\"article:modified_time\" content=\"2025-05-27T09:12:36+00:00\" \/>\n<meta name=\"twitter:label1\" content=\"Procijenjeno vrijeme \u010ditanja\" \/>\n\t<meta name=\"twitter:data1\" content=\"1 minuta\" \/>\n<script type=\"application\/ld+json\" class=\"yoast-schema-graph\">{\"@context\":\"https:\/\/schema.org\",\"@graph\":[{\"@type\":\"WebSite\",\"@id\":\"https:\/\/knjiznice.nsk.hr\/ivanec\/#website\",\"url\":\"https:\/\/knjiznice.nsk.hr\/ivanec\/\",\"name\":\"Gradska knji\\u017enica i \\u010ditaonica &quot;Gustav Krklec&quot; Ivanec\",\"description\":\"Djeca koja \\u010ditaju postaju ljudi koji misle.\",\"potentialAction\":[{\"@type\":\"SearchAction\",\"target\":\"https:\/\/knjiznice.nsk.hr\/ivanec\/?s={search_term_string}\",\"query-input\":\"required name=search_term_string\"}],\"inLanguage\":\"hr\"},{\"@type\":\"WebPage\",\"@id\":\"http:\/\/knjiznice.nsk.hr\/ivanec\/katalog\/#webpage\",\"url\":\"http:\/\/knjiznice.nsk.hr\/ivanec\/katalog\/\",\"name\":\"Digitalni katalog - Gradska knji\\u017enica i \\u010ditaonica &quot;Gustav Krklec&quot; Ivanec\",\"isPartOf\":{\"@id\":\"https:\/\/knjiznice.nsk.hr\/ivanec\/#website\"},\"datePublished\":\"2015-04-02T07:15:18+00:00\",\"dateModified\":\"2025-05-27T09:12:36+00:00\",\"breadcrumb\":{\"@id\":\"http:\/\/knjiznice.nsk.hr\/ivanec\/katalog\/#breadcrumb\"},\"inLanguage\":\"hr\",\"potentialAction\":[{\"@type\":\"ReadAction\",\"target\":[\"http:\/\/knjiznice.nsk.hr\/ivanec\/katalog\/\"]}]},{\"@type\":\"BreadcrumbList\",\"@id\":\"http:\/\/knjiznice.nsk.hr\/ivanec\/katalog\/#breadcrumb\",\"itemListElement\":[{\"@type\":\"ListItem\",\"position\":1,\"item\":{\"@type\":\"WebPage\",\"@id\":\"https:\/\/knjiznice.nsk.hr\/ivanec\/\",\"url\":\"https:\/\/knjiznice.nsk.hr\/ivanec\/\",\"name\":\"Po\\u010detna stranica\"}},{\"@type\":\"ListItem\",\"position\":2,\"item\":{\"@id\":\"http:\/\/knjiznice.nsk.hr\/ivanec\/katalog\/#webpage\"}}]}]}<\/script>\n<!-- \/ Yoast SEO plugin. -->","_links":{"self":[{"href":"https:\/\/knjiznice.nsk.hr\/ivanec\/wp-json\/wp\/v2\/pages\/36"}],"collection":[{"href":"https:\/\/knjiznice.nsk.hr\/ivanec\/wp-json\/wp\/v2\/pages"}],"about":[{"href":"https:\/\/knjiznice.nsk.hr\/ivanec\/wp-json\/wp\/v2\/types\/page"}],"author":[{"embeddable":true,"href":"https:\/\/knjiznice.nsk.hr\/ivanec\/wp-json\/wp\/v2\/users\/23"}],"replies":[{"embeddable":true,"href":"https:\/\/knjiznice.nsk.hr\/ivanec\/wp-json\/wp\/v2\/comments?post=36"}],"version-history":[{"count":11,"href":"https:\/\/knjiznice.nsk.hr\/ivanec\/wp-json\/wp\/v2\/pages\/36\/revisions"}],"predecessor-version":[{"id":2198,"href":"https:\/\/knjiznice.nsk.hr\/ivanec\/wp-json\/wp\/v2\/pages\/36\/revisions\/2198"}],"wp:attachment":[{"href":"https:\/\/knjiznice.nsk.hr\/ivanec\/wp-json\/wp\/v2\/media?parent=36"}],"curies":[{"name":"wp","href":"https:\/\/api.w.org\/{rel}","templated":true}]}}