{"id":350,"date":"2017-04-03T15:06:39","date_gmt":"2017-04-03T15:06:39","guid":{"rendered":"http:\/\/knjiznice.nsk.hr\/ivanec\/?page_id=350"},"modified":"2026-03-18T12:54:00","modified_gmt":"2026-03-18T12:54:00","slug":"zakoni-i-pravilnici","status":"publish","type":"page","link":"https:\/\/knjiznice.nsk.hr\/ivanec\/zakoni-i-pravilnici\/","title":{"rendered":"Zakoni i pravilnici"},"content":{"rendered":"<p><a href=\"http:\/\/zakon.hr\/z\/2275\/zakon-o-knjiznicama-i-knjiznicnoj-djelatnosti\">Zakon o knji\u017enicama i knji\u017eni\u010dnoj djelatnosti&nbsp;<\/a><\/p>\n<p><a href=\"https:\/\/narodne-novine.nn.hr\/clanci\/sluzbeni\/2021_10_107_1886.html\">Pravilnik o uvjetima i na\u010dinu stjecanja stru\u010dnih zvanja u knji\u017eni\u010darskoj struci<\/a><\/p>\n<p><a href=\"https:\/\/narodne-novine.nn.hr\/clanci\/sluzbeni\/2020_07_78_1483.html\">Pravilnik o Upisniku knji\u017enica<\/a><\/p>\n<p><a href=\"https:\/\/narodne-novine.nn.hr\/clanci\/sluzbeni\/2023_03_27_452.html\">Pravilnik o za\u0161titi, reviziji i otpisu knji\u017eni\u010dne gra\u0111e&nbsp;<\/a><\/p>\n<p><a href=\"https:\/\/narodne-novine.nn.hr\/clanci\/sluzbeni\/2021_09_103_1834.html\">Standard za narodne knji\u017enice u RH<\/a><\/p>\n<p><a href=\"https:\/\/www.zakon.hr\/z\/3205\/zakon-o-kulturnim-vijecima-i-financiranju-javnih-potreba-u-kulturi\">Zakon o kulturnim vije\u0107ima i financiranju javnih potreba u kulturi<\/a><\/p>\n<p><a href=\"https:\/\/www.zakon.hr\/z\/307\/Zakon-o-radu\">Zakon o radu<\/a><\/p>\n<p><a href=\"https:\/\/www.zakon.hr\/z\/167\/Zakon-o-za%C5%A1titi-na-radu\">Zakon o za\u0161titi na radu<\/a><\/p>\n<p><a href=\"https:\/\/www.zakon.hr\/z\/425\/Zakon-o-fiskalnoj-odgovornosti\">Zakon o fiskalnoj odgovornosti<\/a><\/p>\n<p><a href=\"https:\/\/www.zakon.hr\/z\/118\/Zakon-o-ra%C4%8Dunovodstvu\">Zakon o ra\u010dunovodstvu<\/a><\/p>\n<p><a href=\"https:\/\/www.zakon.hr\/z\/317\/Zakon-o-odgoju-i-obrazovanju-u-osnovnoj-i-srednjoj-%C5%A1koli\">Zakon o odgoju i obrazovanju u osnovnoj i srednjoj \u0161koli<\/a><\/p>\n<p>&nbsp;<\/p>\n","protected":false},"excerpt":{"rendered":"<p>Zakon o knji\u017enicama i knji\u017eni\u010dnoj djelatnosti&nbsp; Pravilnik o uvjetima i na\u010dinu stjecanja stru\u010dnih zvanja u knji\u017eni\u010darskoj struci Pravilnik o Upisniku knji\u017enica Pravilnik o za\u0161titi, reviziji i otpisu knji\u017eni\u010dne gra\u0111e&nbsp; Standard za narodne knji\u017enice u RH Zakon o kulturnim vije\u0107ima i financiranju javnih potreba u kulturi Zakon o radu Zakon o za\u0161titi na radu Zakon o [&hellip;]<\/p>\n","protected":false},"author":23,"featured_media":0,"parent":0,"menu_order":0,"comment_status":"closed","ping_status":"closed","template":"","meta":{"ngg_post_thumbnail":0},"yoast_head":"<!-- This site is optimized with the Yoast SEO plugin v16.4 - https:\/\/yoast.com\/wordpress\/plugins\/seo\/ -->\n<meta name=\"robots\" content=\"index, follow, max-snippet:-1, max-image-preview:large, max-video-preview:-1\" \/>\n<link rel=\"canonical\" href=\"http:\/\/knjiznice.nsk.hr\/ivanec\/zakoni-i-pravilnici\/\" \/>\n<meta property=\"og:locale\" content=\"hr_HR\" \/>\n<meta property=\"og:type\" content=\"article\" \/>\n<meta property=\"og:title\" content=\"Zakoni i pravilnici - Gradska knji\u017enica i \u010ditaonica &quot;Gustav Krklec&quot; Ivanec\" \/>\n<meta property=\"og:description\" content=\"Zakon o knji\u017enicama i knji\u017eni\u010dnoj djelatnosti&nbsp; Pravilnik o uvjetima i na\u010dinu stjecanja stru\u010dnih zvanja u knji\u017eni\u010darskoj struci Pravilnik o Upisniku knji\u017enica Pravilnik o za\u0161titi, reviziji i otpisu knji\u017eni\u010dne gra\u0111e&nbsp; Standard za narodne knji\u017enice u RH Zakon o kulturnim vije\u0107ima i financiranju javnih potreba u kulturi Zakon o radu Zakon o za\u0161titi na radu Zakon o [&hellip;]\" \/>\n<meta property=\"og:url\" content=\"http:\/\/knjiznice.nsk.hr\/ivanec\/zakoni-i-pravilnici\/\" \/>\n<meta property=\"og:site_name\" content=\"Gradska knji\u017enica i \u010ditaonica &quot;Gustav Krklec&quot; Ivanec\" \/>\n<meta property=\"article:modified_time\" content=\"2026-03-18T12:54:00+00:00\" \/>\n<meta name=\"twitter:label1\" content=\"Procijenjeno vrijeme \u010ditanja\" \/>\n\t<meta name=\"twitter:data1\" content=\"1 minuta\" \/>\n<script type=\"application\/ld+json\" class=\"yoast-schema-graph\">{\"@context\":\"https:\/\/schema.org\",\"@graph\":[{\"@type\":\"WebSite\",\"@id\":\"http:\/\/knjiznice.nsk.hr\/ivanec\/#website\",\"url\":\"http:\/\/knjiznice.nsk.hr\/ivanec\/\",\"name\":\"Gradska knji\\u017enica i \\u010ditaonica &quot;Gustav Krklec&quot; Ivanec\",\"description\":\"Djeca koja \\u010ditaju postaju ljudi koji misle.\",\"potentialAction\":[{\"@type\":\"SearchAction\",\"target\":\"http:\/\/knjiznice.nsk.hr\/ivanec\/?s={search_term_string}\",\"query-input\":\"required name=search_term_string\"}],\"inLanguage\":\"hr\"},{\"@type\":\"WebPage\",\"@id\":\"http:\/\/knjiznice.nsk.hr\/ivanec\/zakoni-i-pravilnici\/#webpage\",\"url\":\"http:\/\/knjiznice.nsk.hr\/ivanec\/zakoni-i-pravilnici\/\",\"name\":\"Zakoni i pravilnici - Gradska knji\\u017enica i \\u010ditaonica &quot;Gustav Krklec&quot; Ivanec\",\"isPartOf\":{\"@id\":\"http:\/\/knjiznice.nsk.hr\/ivanec\/#website\"},\"datePublished\":\"2017-04-03T15:06:39+00:00\",\"dateModified\":\"2026-03-18T12:54:00+00:00\",\"breadcrumb\":{\"@id\":\"http:\/\/knjiznice.nsk.hr\/ivanec\/zakoni-i-pravilnici\/#breadcrumb\"},\"inLanguage\":\"hr\",\"potentialAction\":[{\"@type\":\"ReadAction\",\"target\":[\"http:\/\/knjiznice.nsk.hr\/ivanec\/zakoni-i-pravilnici\/\"]}]},{\"@type\":\"BreadcrumbList\",\"@id\":\"http:\/\/knjiznice.nsk.hr\/ivanec\/zakoni-i-pravilnici\/#breadcrumb\",\"itemListElement\":[{\"@type\":\"ListItem\",\"position\":1,\"item\":{\"@type\":\"WebPage\",\"@id\":\"http:\/\/knjiznice.nsk.hr\/ivanec\/\",\"url\":\"http:\/\/knjiznice.nsk.hr\/ivanec\/\",\"name\":\"Po\\u010detna stranica\"}},{\"@type\":\"ListItem\",\"position\":2,\"item\":{\"@id\":\"http:\/\/knjiznice.nsk.hr\/ivanec\/zakoni-i-pravilnici\/#webpage\"}}]}]}<\/script>\n<!-- \/ Yoast SEO plugin. -->","_links":{"self":[{"href":"https:\/\/knjiznice.nsk.hr\/ivanec\/wp-json\/wp\/v2\/pages\/350"}],"collection":[{"href":"https:\/\/knjiznice.nsk.hr\/ivanec\/wp-json\/wp\/v2\/pages"}],"about":[{"href":"https:\/\/knjiznice.nsk.hr\/ivanec\/wp-json\/wp\/v2\/types\/page"}],"author":[{"embeddable":true,"href":"https:\/\/knjiznice.nsk.hr\/ivanec\/wp-json\/wp\/v2\/users\/23"}],"replies":[{"embeddable":true,"href":"https:\/\/knjiznice.nsk.hr\/ivanec\/wp-json\/wp\/v2\/comments?post=350"}],"version-history":[{"count":10,"href":"https:\/\/knjiznice.nsk.hr\/ivanec\/wp-json\/wp\/v2\/pages\/350\/revisions"}],"predecessor-version":[{"id":2562,"href":"https:\/\/knjiznice.nsk.hr\/ivanec\/wp-json\/wp\/v2\/pages\/350\/revisions\/2562"}],"wp:attachment":[{"href":"https:\/\/knjiznice.nsk.hr\/ivanec\/wp-json\/wp\/v2\/media?parent=350"}],"curies":[{"name":"wp","href":"https:\/\/api.w.org\/{rel}","templated":true}]}}