{"id":32,"date":"2015-04-02T07:14:27","date_gmt":"2015-04-02T07:14:27","guid":{"rendered":"http:\/\/knjiznice.nsk.hr\/ivanec\/?page_id=32"},"modified":"2026-03-18T10:33:34","modified_gmt":"2026-03-18T10:33:34","slug":"draga-domaca-riec","status":"publish","type":"page","link":"https:\/\/knjiznice.nsk.hr\/ivanec\/draga-domaca-riec\/","title":{"rendered":"Draga doma\u010da rie\u010d"},"content":{"rendered":"<p>Gradska knji\u017enica i \u010ditaonica \u201eGustav Krklec\u201c objavljuje kajkavski knji\u017eevni natje\u010daj <strong><em>Draga doma\u010da rie\u010d<\/em><\/strong> \u010diji je cilj njegovanje i o\u010duvanje doma\u0107eg kajkavskog izri\u010daja.&nbsp;<\/p>\n<p>Natje\u010daj se raspisuje povodom &#8220;Mjeseca hrvatske knjige&#8221; za sve autore povezane zavi\u010dajno\u0161\u0107u, \u017eivljenjem ili radom s ivane\u010dkim krajem.&nbsp; Odabrani i nagra\u0111eni radovi bit \u0107e tiskani u istoimenom Zborniku te predstavljeni na javnoj priredbi, kada \u0107e se proglasiti i nagraditi autori najboljih radova iz kategorije odraslih i dje\u010djih radova. Glavni pokrovitelj natje\u010daja je Grad Ivanec.&nbsp;&nbsp;<\/p>\n<p><strong>Uvjeti natje\u010daja:&nbsp;<\/strong><\/p>\n<ul>\n<li>teme pjesama ili proznih radova su slobodne<\/li>\n<li>radovi se ocjenjuju u dvije kategorije: kategorija odraslih i dje\u010djih radova<\/li>\n<li>natje\u010dajem se prikupljaju samo dosad neobjavljene pjesme<\/li>\n<li>svaki autor mo\u017ee poslati na natje\u010daj najvi\u0161e pet radova i to po principu jedan autor jedna \u0161ifra<\/li>\n<li>u\u010denicima osnovnih \u0161kola preporu\u010damo da svoje radove \u0161alju skupno po \u0161kolama pod istim uvjetima kao i odrasli autori i prila\u017eu podatke o nazivu i sjedi\u0161tu \u0161kole<\/li>\n<li>radovi ne smiju biti du\u017ei od tri tipkane stranice pisane veli\u010dinom slova broj 12, fond Times New Roman s dvostrukim proredom u tri primjerka ozna\u010deni \u0161ifrom<\/li>\n<li>rje\u0161enje \u0161ifre prila\u017ee se radovima u zatvorenoj omotnici<\/li>\n<li>natje\u010daj je otvoren do datuma koji se svake godine pojedina\u010dno objavljuje&nbsp;<\/li>\n<li>odluku o izboru radova za objavljivanje u zborniku i predstavljanje na javnoj priredbi donosi ocjenjiva\u010dko povjerenstvo sastavljeno od tri \u010dlana<\/li>\n<\/ul>\n<p>Zahvaljuju\u0107i dugoj tradiciji ivane\u010dkog pjesni\u0161tva, entuzijazmu pojedinaca i financijskoj pomo\u0107i Grada Ivanca, <em>Draga doma\u010da rie\u010d<\/em> uspjela se odr\u017eati punih 45 godina. U tih 45 godina natjecalo se vi\u0161e od 2500 pjesnika sa 2800 radova dok je 1624 pjesama objavljeno u Zborniku. Od 1994. godine na natje\u010daj se mogu javiti i \u0161kole \u010dime je natje\u010daj dobio dodatnu vrijednost i posebnu ulogu o\u010duvanja kajkavskog izri\u010daja kod djece i mladih.&nbsp;<\/p>\n<p>Osim tiskanog izdanja Zbornici Drage doma\u010de rie\u010di dio su digitalizirane gra\u0111e na\u0161e knji\u017enice i dostupni u digitalnom katalogu &#8211; <a href=\"http:\/\/library.foi.hr\/zbirke\/ivanec\/index.php\">Digitalna ivane\u010dka zbirka&nbsp;<\/a><\/p>\n<p>&nbsp;<\/p>\n<p><a href=\"http:\/\/knjiznice.nsk.hr\/ivanec\/wp-content\/uploads\/sites\/27\/2020\/07\/20200715_165903-scaled.jpg\"><img loading=\"lazy\" class=\"wp-image-806 aligncenter\" src=\"http:\/\/knjiznice.nsk.hr\/ivanec\/wp-content\/uploads\/sites\/27\/2020\/07\/20200715_165903-300x159.jpg\" alt=\"\" width=\"441\" height=\"234\" srcset=\"https:\/\/knjiznice.nsk.hr\/ivanec\/wp-content\/uploads\/sites\/27\/2020\/07\/20200715_165903-300x159.jpg 300w, https:\/\/knjiznice.nsk.hr\/ivanec\/wp-content\/uploads\/sites\/27\/2020\/07\/20200715_165903-1024x544.jpg 1024w, https:\/\/knjiznice.nsk.hr\/ivanec\/wp-content\/uploads\/sites\/27\/2020\/07\/20200715_165903-768x408.jpg 768w, https:\/\/knjiznice.nsk.hr\/ivanec\/wp-content\/uploads\/sites\/27\/2020\/07\/20200715_165903-600x319.jpg 600w, https:\/\/knjiznice.nsk.hr\/ivanec\/wp-content\/uploads\/sites\/27\/2020\/07\/20200715_165903-1536x816.jpg 1536w, https:\/\/knjiznice.nsk.hr\/ivanec\/wp-content\/uploads\/sites\/27\/2020\/07\/20200715_165903-2048x1088.jpg 2048w\" sizes=\"(max-width: 441px) 100vw, 441px\" \/><\/a><\/p>\n<p>&nbsp;<\/p>\n","protected":false},"excerpt":{"rendered":"<p>Gradska knji\u017enica i \u010ditaonica \u201eGustav Krklec\u201c objavljuje kajkavski knji\u017eevni natje\u010daj Draga doma\u010da rie\u010d \u010diji je cilj njegovanje i o\u010duvanje doma\u0107eg kajkavskog izri\u010daja.&nbsp; Natje\u010daj se raspisuje povodom &#8220;Mjeseca hrvatske knjige&#8221; za sve autore povezane zavi\u010dajno\u0161\u0107u, \u017eivljenjem ili radom s ivane\u010dkim krajem.&nbsp; Odabrani i nagra\u0111eni radovi bit \u0107e tiskani u istoimenom Zborniku te predstavljeni na javnoj priredbi, [&hellip;]<\/p>\n","protected":false},"author":23,"featured_media":0,"parent":0,"menu_order":0,"comment_status":"closed","ping_status":"closed","template":"","meta":{"ngg_post_thumbnail":0},"yoast_head":"<!-- This site is optimized with the Yoast SEO plugin v16.4 - https:\/\/yoast.com\/wordpress\/plugins\/seo\/ -->\n<meta name=\"robots\" content=\"index, follow, max-snippet:-1, max-image-preview:large, max-video-preview:-1\" \/>\n<link rel=\"canonical\" href=\"http:\/\/knjiznice.nsk.hr\/ivanec\/draga-domaca-riec\/\" \/>\n<meta property=\"og:locale\" content=\"hr_HR\" \/>\n<meta property=\"og:type\" content=\"article\" \/>\n<meta property=\"og:title\" content=\"Draga doma\u010da rie\u010d - Gradska knji\u017enica i \u010ditaonica &quot;Gustav Krklec&quot; Ivanec\" \/>\n<meta property=\"og:description\" content=\"Gradska knji\u017enica i \u010ditaonica \u201eGustav Krklec\u201c objavljuje kajkavski knji\u017eevni natje\u010daj Draga doma\u010da rie\u010d \u010diji je cilj njegovanje i o\u010duvanje doma\u0107eg kajkavskog izri\u010daja.&nbsp; Natje\u010daj se raspisuje povodom &#8220;Mjeseca hrvatske knjige&#8221; za sve autore povezane zavi\u010dajno\u0161\u0107u, \u017eivljenjem ili radom s ivane\u010dkim krajem.&nbsp; Odabrani i nagra\u0111eni radovi bit \u0107e tiskani u istoimenom Zborniku te predstavljeni na javnoj priredbi, [&hellip;]\" \/>\n<meta property=\"og:url\" content=\"http:\/\/knjiznice.nsk.hr\/ivanec\/draga-domaca-riec\/\" \/>\n<meta property=\"og:site_name\" content=\"Gradska knji\u017enica i \u010ditaonica &quot;Gustav Krklec&quot; Ivanec\" \/>\n<meta property=\"article:modified_time\" content=\"2026-03-18T10:33:34+00:00\" \/>\n<meta property=\"og:image\" content=\"http:\/\/knjiznice.nsk.hr\/ivanec\/wp-content\/uploads\/sites\/27\/2020\/07\/20200715_165903-300x159.jpg\" \/>\n<meta name=\"twitter:label1\" content=\"Procijenjeno vrijeme \u010ditanja\" \/>\n\t<meta name=\"twitter:data1\" content=\"2 minute\" \/>\n<script type=\"application\/ld+json\" class=\"yoast-schema-graph\">{\"@context\":\"https:\/\/schema.org\",\"@graph\":[{\"@type\":\"WebSite\",\"@id\":\"https:\/\/knjiznice.nsk.hr\/ivanec\/#website\",\"url\":\"https:\/\/knjiznice.nsk.hr\/ivanec\/\",\"name\":\"Gradska knji\\u017enica i \\u010ditaonica &quot;Gustav Krklec&quot; Ivanec\",\"description\":\"Djeca koja \\u010ditaju postaju ljudi koji misle.\",\"potentialAction\":[{\"@type\":\"SearchAction\",\"target\":\"https:\/\/knjiznice.nsk.hr\/ivanec\/?s={search_term_string}\",\"query-input\":\"required name=search_term_string\"}],\"inLanguage\":\"hr\"},{\"@type\":\"ImageObject\",\"@id\":\"http:\/\/knjiznice.nsk.hr\/ivanec\/draga-domaca-riec\/#primaryimage\",\"inLanguage\":\"hr\",\"url\":\"http:\/\/knjiznice.nsk.hr\/ivanec\/wp-content\/uploads\/sites\/27\/2020\/07\/20200715_165903-300x159.jpg\",\"contentUrl\":\"http:\/\/knjiznice.nsk.hr\/ivanec\/wp-content\/uploads\/sites\/27\/2020\/07\/20200715_165903-300x159.jpg\"},{\"@type\":\"WebPage\",\"@id\":\"http:\/\/knjiznice.nsk.hr\/ivanec\/draga-domaca-riec\/#webpage\",\"url\":\"http:\/\/knjiznice.nsk.hr\/ivanec\/draga-domaca-riec\/\",\"name\":\"Draga doma\\u010da rie\\u010d - Gradska knji\\u017enica i \\u010ditaonica &quot;Gustav Krklec&quot; Ivanec\",\"isPartOf\":{\"@id\":\"https:\/\/knjiznice.nsk.hr\/ivanec\/#website\"},\"primaryImageOfPage\":{\"@id\":\"http:\/\/knjiznice.nsk.hr\/ivanec\/draga-domaca-riec\/#primaryimage\"},\"datePublished\":\"2015-04-02T07:14:27+00:00\",\"dateModified\":\"2026-03-18T10:33:34+00:00\",\"breadcrumb\":{\"@id\":\"http:\/\/knjiznice.nsk.hr\/ivanec\/draga-domaca-riec\/#breadcrumb\"},\"inLanguage\":\"hr\",\"potentialAction\":[{\"@type\":\"ReadAction\",\"target\":[\"http:\/\/knjiznice.nsk.hr\/ivanec\/draga-domaca-riec\/\"]}]},{\"@type\":\"BreadcrumbList\",\"@id\":\"http:\/\/knjiznice.nsk.hr\/ivanec\/draga-domaca-riec\/#breadcrumb\",\"itemListElement\":[{\"@type\":\"ListItem\",\"position\":1,\"item\":{\"@type\":\"WebPage\",\"@id\":\"https:\/\/knjiznice.nsk.hr\/ivanec\/\",\"url\":\"https:\/\/knjiznice.nsk.hr\/ivanec\/\",\"name\":\"Po\\u010detna stranica\"}},{\"@type\":\"ListItem\",\"position\":2,\"item\":{\"@id\":\"http:\/\/knjiznice.nsk.hr\/ivanec\/draga-domaca-riec\/#webpage\"}}]}]}<\/script>\n<!-- \/ Yoast SEO plugin. -->","_links":{"self":[{"href":"https:\/\/knjiznice.nsk.hr\/ivanec\/wp-json\/wp\/v2\/pages\/32"}],"collection":[{"href":"https:\/\/knjiznice.nsk.hr\/ivanec\/wp-json\/wp\/v2\/pages"}],"about":[{"href":"https:\/\/knjiznice.nsk.hr\/ivanec\/wp-json\/wp\/v2\/types\/page"}],"author":[{"embeddable":true,"href":"https:\/\/knjiznice.nsk.hr\/ivanec\/wp-json\/wp\/v2\/users\/23"}],"replies":[{"embeddable":true,"href":"https:\/\/knjiznice.nsk.hr\/ivanec\/wp-json\/wp\/v2\/comments?post=32"}],"version-history":[{"count":12,"href":"https:\/\/knjiznice.nsk.hr\/ivanec\/wp-json\/wp\/v2\/pages\/32\/revisions"}],"predecessor-version":[{"id":2554,"href":"https:\/\/knjiznice.nsk.hr\/ivanec\/wp-json\/wp\/v2\/pages\/32\/revisions\/2554"}],"wp:attachment":[{"href":"https:\/\/knjiznice.nsk.hr\/ivanec\/wp-json\/wp\/v2\/media?parent=32"}],"curies":[{"name":"wp","href":"https:\/\/api.w.org\/{rel}","templated":true}]}}