{"id":30,"date":"2015-04-02T07:14:00","date_gmt":"2015-04-02T07:14:00","guid":{"rendered":"http:\/\/knjiznice.nsk.hr\/ivanec\/?page_id=30"},"modified":"2026-02-23T12:33:01","modified_gmt":"2026-02-23T12:33:01","slug":"dokumenti","status":"publish","type":"page","link":"https:\/\/knjiznice.nsk.hr\/ivanec\/dokumenti\/","title":{"rendered":"Dokumenti"},"content":{"rendered":"<p><a href=\"http:\/\/knjiznice.nsk.hr\/ivanec\/wp-content\/uploads\/sites\/27\/2022\/01\/STATUT-procisceni-tekst-2022.doc\">Statut Knji\u017enice<\/a><\/p>\n<p><a href=\"http:\/\/knjiznice.nsk.hr\/ivanec\/wp-content\/uploads\/sites\/27\/2024\/07\/Izmjene-i-dpoune-Statuta-24.6.2024..doc\">Izmjene i dopune Statuta<\/a><\/p>\n<p><a href=\"http:\/\/knjiznice.nsk.hr\/ivanec\/wp-content\/uploads\/sites\/27\/2024\/03\/Pravilnik-o-radu-2023..pdf\">Pravilnik o radu <\/a><\/p>\n<p><a href=\"http:\/\/knjiznice.nsk.hr\/ivanec\/wp-content\/uploads\/sites\/27\/2022\/05\/Pravilnik-o-unutarnjem-ustrojstvu-NOVI.docx\">Pravilnik o unutarnjem ustrojstvu<\/a><\/p>\n<p><a href=\"http:\/\/knjiznice.nsk.hr\/ivanec\/wp-content\/uploads\/sites\/27\/2022\/07\/Pravilnik-o-pruzanju-usluga-i-koristenju-knjiznicne-grade-FINALNA-VERZIJA.docx\">Pravilnik o pru\u017eanju usluga i kori\u0161tenju knji\u017eni\u010dne gra\u0111e<\/a><\/p>\n<p>Izmjene i dopune pravilnika o radu <a href=\"http:\/\/knjiznice.nsk.hr\/ivanec\/wp-content\/uploads\/sites\/27\/2021\/08\/I.-izmjene-i-dopune-1.doc\">2021<\/a><\/p>\n<p><a href=\"http:\/\/knjiznice.nsk.hr\/ivanec\/wp-content\/uploads\/sites\/27\/2022\/06\/Odluka-o-ostvarivanju-i-koristenju-vlastitih-prihoda-1.doc\">Odluka o ostvarivanju i kori\u0161tenju vlastitih prihoda <\/a><\/p>\n<p><strong>Plan nabave:<\/strong> <a href=\"http:\/\/knjiznice.nsk.hr\/ivanec\/wp-content\/uploads\/sites\/27\/2015\/08\/plan-za-2015.doc\">2015.<\/a>, <a href=\"http:\/\/knjiznice.nsk.hr\/ivanec\/wp-content\/uploads\/sites\/27\/2016\/01\/plan-nabave-za-2016.doc\">2016., <\/a><a href=\"http:\/\/knjiznice.nsk.hr\/ivanec\/wp-content\/uploads\/sites\/27\/2017\/04\/Plan-nabave-za-2017.pdf\">2017.<\/a>, <a href=\"http:\/\/knjiznice.nsk.hr\/ivanec\/wp-content\/uploads\/sites\/27\/2019\/02\/plan-nabave-za-2018.doc\">2018.<\/a>, <a href=\"http:\/\/knjiznice.nsk.hr\/ivanec\/wp-content\/uploads\/sites\/27\/2019\/02\/plan-nabave-za-2019.doc\">2019.<\/a>, <a href=\"http:\/\/knjiznice.nsk.hr\/ivanec\/wp-content\/uploads\/sites\/27\/2020\/02\/Plan-nabave-2020.pdf\">2020.<\/a>, <a href=\"http:\/\/knjiznice.nsk.hr\/ivanec\/wp-content\/uploads\/sites\/27\/2021\/01\/plan-nabave-2021..doc\">2021., <\/a><a href=\"https:\/\/eojn.nn.hr\/Oglasnik\/\">2022. ,<\/a><a href=\"https:\/\/eojn.nn.hr\/Oglasnik\/\">2023, <\/a><a href=\"https:\/\/eojn.nn.hr\/Oglasnik\/\">2024<\/a><a href=\"https:\/\/eojn.hr\/contracts-ca-my\">,<\/a><a href=\"https:\/\/eojn.hr\/plan-ca\/11541\">2025,<\/a><a href=\"https:\/\/eojn.hr\/plan-ca\/11541\">2026.<\/a><\/p>\n<p><strong>Registar ugovora:<\/strong> <a href=\"https:\/\/eojn.nn.hr\/Oglasnik\/\">2022, <\/a><a href=\"https:\/\/eojn.hr\/contracts-ca-my\">2023, 2024.,<\/a><a href=\"https:\/\/eojn.hr\/contracts-ca-my\">2025,<\/a><\/p>\n<p><strong>Izmjene i dopune plana nabave za 2021:<\/strong> <a href=\"http:\/\/knjiznice.nsk.hr\/ivanec\/wp-content\/uploads\/sites\/27\/2021\/03\/I.-izmjene-i-dopune.doc\">2021\/1,<\/a>&nbsp; <a href=\"http:\/\/knjiznice.nsk.hr\/ivanec\/wp-content\/uploads\/sites\/27\/2021\/08\/II.-izmjene-i-dopune.doc\">2021\/2<\/a><\/p>\n<p><a href=\"http:\/\/knjiznice.nsk.hr\/ivanec\/wp-content\/uploads\/sites\/27\/2023\/12\/GKGKPravilnik-o-provedbi-postupaka-jednostavne-nabave-GKGK-2023-1.docx\">Pravilnik o provedbi postupaka jednostavne nabave<\/a><\/p>\n<p>&nbsp;<\/p>\n<p><strong>ODLUKE:<\/strong><\/p>\n<p><a href=\"http:\/\/knjiznice.nsk.hr\/ivanec\/wp-content\/uploads\/sites\/27\/2024\/01\/Odluka-o-poni__tenju.pdf-filename-UTF-8Odluka-o-ponistenju.pdf\">Odluka o poni\u0161tenju<\/a><\/p>\n<p><a href=\"http:\/\/knjiznice.nsk.hr\/ivanec\/wp-content\/uploads\/sites\/27\/2024\/01\/Odluka-o-odabiru-ponovljeni-postupak.pdf\">Odluka o odabiru &#8211; ponovljeni postupak<\/a><\/p>\n<p><a href=\"http:\/\/knjiznice.nsk.hr\/ivanec\/wp-content\/uploads\/sites\/27\/2025\/01\/2025-Odluka-o-odabiru-racunovodstvene-usluge.pdf\">E-JN-1-2025 Odluka o odabiru<\/a><\/p>\n<p><a href=\"http:\/\/knjiznice.nsk.hr\/ivanec\/wp-content\/uploads\/sites\/27\/2025\/06\/NOVI-STRATESKI-PLAN-2020-2025.-novo-1.doc\">Strategija<\/a><\/p>\n<p>&nbsp;<\/p>\n<p><strong>Izvje\u0161\u0107a o radu:<\/strong> <a href=\"http:\/\/knjiznice.nsk.hr\/ivanec\/wp-content\/uploads\/sites\/27\/2015\/08\/izvje\u0161\u0107e-za-2014.doc\">2014.<\/a>, <a href=\"http:\/\/knjiznice.nsk.hr\/ivanec\/wp-content\/uploads\/sites\/27\/2016\/02\/izvjesce-za-2015.doc\">2015., <\/a><a href=\"http:\/\/knjiznice.nsk.hr\/ivanec\/wp-content\/uploads\/sites\/27\/2017\/04\/Izvjesce-o-radu-za-2017..pdf\">2016.,<\/a> <a href=\"http:\/\/knjiznice.nsk.hr\/ivanec\/wp-content\/uploads\/sites\/27\/2018\/06\/Izvjesce-o-radu-za-2017.pdf\">2017.,<\/a> <a href=\"http:\/\/knjiznice.nsk.hr\/ivanec\/wp-content\/uploads\/sites\/27\/2019\/02\/2019-izvj.pdf\">2018.,<\/a> <a href=\"http:\/\/knjiznice.nsk.hr\/ivanec\/wp-content\/uploads\/sites\/27\/2020\/02\/GTI2019.pdf\">2019. <\/a><a href=\"http:\/\/knjiznice.nsk.hr\/ivanec\/wp-content\/uploads\/sites\/27\/2021\/01\/godisnje-tekstualno-izvjesce-za-2020.-compressed.pdf\">2020.<\/a>,<a href=\"http:\/\/knjiznice.nsk.hr\/ivanec\/wp-content\/uploads\/sites\/27\/2022\/02\/GKGK-izvjesce-2021.pdf\">2021, <\/a><a href=\"http:\/\/knjiznice.nsk.hr\/ivanec\/wp-content\/uploads\/sites\/27\/2023\/01\/GKGK-izvjesce-2022-pravo.pdf\">2022<\/a><\/p>\n<p><strong>Godi\u0161nje financijsko izvje\u0161\u0107e:<\/strong> <a href=\"http:\/\/knjiznice.nsk.hr\/ivanec\/wp-content\/uploads\/sites\/27\/2016\/01\/Proracun-Knjiznica-2014.pdf\">2014.<\/a>, <a href=\"http:\/\/knjiznice.nsk.hr\/ivanec\/wp-content\/uploads\/sites\/27\/2016\/02\/Proracun-Knjiznica-2015.pdf\">2015.<\/a>, <a href=\"http:\/\/knjiznice.nsk.hr\/ivanec\/wp-content\/uploads\/sites\/27\/2015\/04\/Proracun-knjiznica-2016.pdf\">2016.,<\/a> <a href=\"http:\/\/knjiznice.nsk.hr\/ivanec\/wp-content\/uploads\/sites\/27\/2018\/06\/Proracun-knjiznica-2017.pdf\">2017.<\/a>,&nbsp;<a href=\"http:\/\/knjiznice.nsk.hr\/ivanec\/wp-content\/uploads\/sites\/27\/2019\/01\/Proracun-knjiznica-2018.pdf\">2018.<\/a>, <a href=\"http:\/\/knjiznice.nsk.hr\/ivanec\/wp-content\/uploads\/sites\/27\/2020\/02\/Proracun-knjiznica-2019.pdf\">2019. <\/a><a href=\"http:\/\/knjiznice.nsk.hr\/ivanec\/wp-content\/uploads\/sites\/27\/2021\/02\/SodaPDF-merged-Merging-Result.pdf\">2020., <\/a><a href=\"http:\/\/knjiznice.nsk.hr\/ivanec\/wp-content\/uploads\/sites\/27\/2022\/02\/ilovepdf_merged-1.pdf\">2021, <\/a><a href=\"http:\/\/knjiznice.nsk.hr\/ivanec\/wp-content\/uploads\/sites\/27\/2023\/01\/gODISNJE-IZVJESCE-2022.pdf\">2022, <\/a><a href=\"http:\/\/knjiznice.nsk.hr\/ivanec\/wp-content\/uploads\/sites\/27\/2024\/02\/Obrasci_financijskih_izvjestaja_v_8.1.3.pdf\">2023, <\/a><a href=\"http:\/\/knjiznice.nsk.hr\/ivanec\/wp-content\/uploads\/sites\/27\/2025\/02\/KNJIZNICA-Obrasci_financijskih_izvjestaja_v_8.1.5.docx\">2024<\/a><a href=\"http:\/\/knjiznice.nsk.hr\/ivanec\/wp-content\/uploads\/sites\/27\/2026\/02\/Godisnje-financijsko-izvjesce-2025.docx\">, 2025<\/a><\/p>\n<p><strong>Bilje\u0161ke:<\/strong> <a href=\"http:\/\/knjiznice.nsk.hr\/ivanec\/wp-content\/uploads\/sites\/27\/2018\/06\/Biljeske_2017.pdf\">2017<\/a>., <a href=\"http:\/\/knjiznice.nsk.hr\/ivanec\/wp-content\/uploads\/sites\/27\/2019\/01\/Biljeske2018.pdf\">2018.<\/a>, <a href=\"http:\/\/knjiznice.nsk.hr\/ivanec\/wp-content\/uploads\/sites\/27\/2020\/02\/Biljeske-2019.pdf\">2019.<\/a>, <a href=\"http:\/\/knjiznice.nsk.hr\/ivanec\/wp-content\/uploads\/sites\/27\/2021\/02\/IMG_20210215_0002.pdf\">2020., <\/a><a href=\"http:\/\/knjiznice.nsk.hr\/ivanec\/wp-content\/uploads\/sites\/27\/2022\/02\/IMG_20220204_0002.pdf\">2021, <\/a><a href=\"http:\/\/knjiznice.nsk.hr\/ivanec\/wp-content\/uploads\/sites\/27\/2023\/01\/IMG_20230130_0002-1_compressed.pdf\">2022, <\/a><a href=\"http:\/\/knjiznice.nsk.hr\/ivanec\/wp-content\/uploads\/sites\/27\/2024\/02\/Biljeske.pdf\">2023, <\/a><a href=\"http:\/\/knjiznice.nsk.hr\/ivanec\/wp-content\/uploads\/sites\/27\/2025\/02\/Biljeske-uz-god.-financ.-izvjesce.docx\">2024.<\/a><a href=\"http:\/\/knjiznice.nsk.hr\/ivanec\/wp-content\/uploads\/sites\/27\/2026\/02\/Biljeske-uz-financijske-izvjestaje-razine-21-za-I-XII-2025-1.docx\">,<\/a><a href=\"http:\/\/knjiznice.nsk.hr\/ivanec\/wp-content\/uploads\/sites\/27\/2026\/02\/Biljeskeuz-financijske-izvjestaje-razine-21-za-I-XII-2025.docx-22.02.2026.-KNJIZNICA.docx\">2025.<\/a><\/p>\n<p><strong>Rebalans: <\/strong><a href=\"http:\/\/knjiznice.nsk.hr\/ivanec\/wp-content\/uploads\/sites\/27\/2025\/03\/IMG_20250320_0001.docx\">1\/2025, <\/a><a href=\"http:\/\/knjiznice.nsk.hr\/ivanec\/wp-content\/uploads\/sites\/27\/2025\/09\/Knjiznica-2.-rebalans-2025.docx\">2\/2025<\/a><\/p>\n<p><strong>Polugodi\u0161nje financijsko izvje\u0161\u0107e: <\/strong><a href=\"http:\/\/knjiznice.nsk.hr\/ivanec\/wp-content\/uploads\/sites\/27\/2024\/07\/ilovepdf_merged-2.pdf\">2024-6, <\/a><a href=\"http:\/\/knjiznice.nsk.hr\/ivanec\/wp-content\/uploads\/sites\/27\/2025\/07\/Obrasci_financijskih_izvjestaja_v_8.2.0-3-1-6-2025-KNJIZNICA.pdf\">2025-6<\/a><\/p>\n<p><strong>Bilje\u0161ke:<\/strong> <a href=\"http:\/\/knjiznice.nsk.hr\/ivanec\/wp-content\/uploads\/sites\/27\/2024\/07\/Biljeske-uz-sestomjesecni.pdf\">2024-6, <\/a><a href=\"http:\/\/knjiznice.nsk.hr\/ivanec\/wp-content\/uploads\/sites\/27\/2025\/07\/Biljeske-uz-financijske-izvjestaje-razine-21-za-I-VI-2025.docx\">2025-6<\/a><\/p>\n<p><strong>Financijski plan:<\/strong> <a href=\"http:\/\/knjiznice.nsk.hr\/ivanec\/wp-content\/uploads\/sites\/27\/2016\/01\/Financijski-plan-2015-2017.pdf\">2015.<\/a>, <a href=\"http:\/\/knjiznice.nsk.hr\/ivanec\/wp-content\/uploads\/sites\/27\/2016\/01\/Financijski-plan-2016-2018.pdf\">2016.<\/a>, <a href=\"http:\/\/knjiznice.nsk.hr\/ivanec\/wp-content\/uploads\/sites\/27\/2015\/04\/Financijski-plan-2017-2019.pdf\">2017.,<\/a> <a href=\"http:\/\/knjiznice.nsk.hr\/ivanec\/wp-content\/uploads\/sites\/27\/2018\/06\/Financijski-plan-2018-2020-Gradska-knjiznica.pdf\">2018.,2019., <\/a><a href=\"http:\/\/knjiznice.nsk.hr\/ivanec\/wp-content\/uploads\/sites\/27\/2021\/02\/Financijski-plan-2020-2020-1.pdf\">2020.<\/a><a href=\"http:\/\/knjiznice.nsk.hr\/ivanec\/wp-content\/uploads\/sites\/27\/2021\/02\/IMG_20210215_0002.pdf\">, <\/a><a href=\"http:\/\/knjiznice.nsk.hr\/ivanec\/wp-content\/uploads\/sites\/27\/2021\/02\/2021..pdf\">2021., <\/a><a href=\"http:\/\/knjiznice.nsk.hr\/ivanec\/wp-content\/uploads\/sites\/27\/2022\/01\/Ukupno-4.-razina-2022-2024.pdf\">2022, <\/a><a href=\"http:\/\/knjiznice.nsk.hr\/ivanec\/wp-content\/uploads\/sites\/27\/2023\/09\/PLAN-GK-2023-2025-2.RAZINA-GRAD-I-VLASTITA.pdf\">2023, <\/a><a href=\"http:\/\/knjiznice.nsk.hr\/ivanec\/wp-content\/uploads\/sites\/27\/2024\/12\/KNJIZNICA-IVANEC-Prilog-2-Tablica-za-izradu-financijskih-planova-proracu...nika-.docx\">2024.<\/a><a href=\"http:\/\/knjiznice.nsk.hr\/ivanec\/wp-content\/uploads\/sites\/27\/2023\/09\/PLAN-GK-2023-2025-2.RAZINA-GRAD-I-VLASTITA.pdf\">, <\/a><a href=\"http:\/\/knjiznice.nsk.hr\/ivanec\/wp-content\/uploads\/sites\/27\/2024\/12\/KNJIZNICA-Plan-proracuna-za-2025.docx\">2025.<\/a><a href=\"http:\/\/knjiznice.nsk.hr\/ivanec\/wp-content\/uploads\/sites\/27\/2026\/01\/PLAN-PRORACUNA-ZA-2026-radna-knjiga.pdf\">, 2026.<\/a><\/p>\n<p><strong>Program rada:<\/strong> <a href=\"http:\/\/knjiznice.nsk.hr\/ivanec\/wp-content\/uploads\/sites\/27\/2016\/01\/Program-rada-2015..doc\">2015.<\/a>, <a href=\"http:\/\/knjiznice.nsk.hr\/ivanec\/wp-content\/uploads\/sites\/27\/2016\/01\/Program-rada-za-2016.doc\">2016., <\/a><a href=\"http:\/\/knjiznice.nsk.hr\/ivanec\/wp-content\/uploads\/sites\/27\/2017\/04\/Program-rada-za-2017.pdf\">2017.,<\/a> <a href=\"http:\/\/knjiznice.nsk.hr\/ivanec\/wp-content\/uploads\/sites\/27\/2018\/06\/Program-rada-za-2018..doc\">2018.,<\/a> <a href=\"http:\/\/knjiznice.nsk.hr\/ivanec\/wp-content\/uploads\/sites\/27\/2019\/02\/Programrada2019.pdf\">2019.,<\/a><a href=\"http:\/\/knjiznice.nsk.hr\/ivanec\/wp-content\/uploads\/sites\/27\/2020\/07\/va\u017ee\u0107i-GKGKfinancijski-plan-i-program-rada-za-2020.-GKGK-va\u017ee\u0107i.doc\">2020, <\/a><a href=\"http:\/\/knjiznice.nsk.hr\/ivanec\/wp-content\/uploads\/sites\/27\/2020\/12\/pdfresizer.com-pdf-resize-2.pdf\">2021., <\/a><a href=\"http:\/\/knjiznice.nsk.hr\/ivanec\/wp-content\/uploads\/sites\/27\/2022\/01\/Obrazlozene-finan.-plana-za-2022.-2024.-1.docx\">2022, <\/a><a href=\"http:\/\/knjiznice.nsk.hr\/ivanec\/wp-content\/uploads\/sites\/27\/2023\/09\/Financijski-plan-pravi.docx\">2023, <\/a><a href=\"http:\/\/knjiznice.nsk.hr\/ivanec\/wp-content\/uploads\/sites\/27\/2024\/12\/Obrazlozenje-Financijskog-plana.docx\">2024.<\/a><a href=\"http:\/\/knjiznice.nsk.hr\/ivanec\/wp-content\/uploads\/sites\/27\/2023\/09\/Financijski-plan-pravi.docx\">, <\/a><a href=\"http:\/\/knjiznice.nsk.hr\/ivanec\/wp-content\/uploads\/sites\/27\/2024\/12\/DA-Obrazlozenje-Financijskog-plana-\u2013-kopija-2-compressed.docx\">2025., <\/a><a href=\"http:\/\/knjiznice.nsk.hr\/ivanec\/wp-content\/uploads\/sites\/27\/2026\/01\/GRADSKA-KNJIZNICA-I-CITAONICA-obrazlozenje-Financijskog-plana-2026-1-2.docx\">2026.<\/a><\/p>\n<p><strong>9-mjese\u010dno izvje\u0161\u0107e:<\/strong> <a href=\"http:\/\/knjiznice.nsk.hr\/ivanec\/wp-content\/uploads\/sites\/27\/2024\/10\/Obrasci_financijskih_izvjestaja_v_8.1.4-1.docx\">2024.<\/a><\/p>\n<p><strong>3-mjese\u010dno izvje\u0161\u0107e: <\/strong><a href=\"http:\/\/knjiznice.nsk.hr\/ivanec\/wp-content\/uploads\/sites\/27\/2025\/04\/KNJIZNICA-REFERENTNA-STRANICA-1-3-2025-merged.docx\">2025<\/a><\/p>\n<p><strong>Godi\u0161nje izvje\u0161\u0107e o izvr\u0161enju financijskog plana: <\/strong><a href=\"http:\/\/knjiznice.nsk.hr\/ivanec\/wp-content\/uploads\/sites\/27\/2024\/07\/GKGK-godisnji-izvjestaj-2023..-KNJIZNICAdocx.docx\">2023, <\/a><a href=\"http:\/\/knjiznice.nsk.hr\/ivanec\/wp-content\/uploads\/sites\/27\/2025\/03\/GKGK-godisnji-izvjestaj-2024..-KNJIZNICAdocx-1.docx\">2024,<\/a><\/p>\n<p><strong>Polugodi\u0161nje izvje\u0161\u0107e o izvr\u0161enju financijskog plana:<\/strong> <a href=\"http:\/\/knjiznice.nsk.hr\/ivanec\/wp-content\/uploads\/sites\/27\/2024\/07\/Polugodisnji-izvjestaj-o-izvrsenju-financ.-plana2023-6.pdf\">2023,<\/a> <a href=\"http:\/\/knjiznice.nsk.hr\/ivanec\/wp-content\/uploads\/sites\/27\/2024\/10\/Ispis-izvrsenja-proracuna1-6-2024-KNJIZNICA-prilog-uz-izvjestaj-1.docx\">2024.,<\/a> <a href=\"http:\/\/knjiznice.nsk.hr\/ivanec\/wp-content\/uploads\/sites\/27\/2025\/07\/GKGK-polugodisnji-izvjestaj-2025..-KNJIZNICAdocx-1.docx\">2025.<\/a>,<\/p>\n<p>&nbsp;<\/p>\n<p><strong>ZAKONSKE PROCEDURE<\/strong><\/p>\n<p><a href=\"http:\/\/knjiznice.nsk.hr\/ivanec\/wp-content\/uploads\/sites\/27\/2025\/09\/Procedura-blagajnickog-poslovanja.pdf\">Procedura blagajni\u010dkog poslovanja<\/a><\/p>\n<p><a href=\"http:\/\/knjiznice.nsk.hr\/ivanec\/wp-content\/uploads\/sites\/27\/2025\/06\/GKI-procedura-izdavanja-i-obracuna-sluzbenih-putovanja.docx\">Procedura o izdavanju i obra\u010dunu naloga za slu\u017ebeno putovanje<\/a><\/p>\n<p><a href=\"http:\/\/knjiznice.nsk.hr\/ivanec\/wp-content\/uploads\/sites\/27\/2022\/02\/GKI-procedura-nekretnine-NOVO.docx\">Procedura upravljanja i raspolaganja nekretninama<\/a><\/p>\n<p><a href=\"http:\/\/knjiznice.nsk.hr\/ivanec\/wp-content\/uploads\/sites\/27\/2025\/09\/Procedura-zapr.-rac..docx\">Procedura zaprimanja i provjere ra\u010duna<\/a><\/p>\n<p><a href=\"http:\/\/knjiznice.nsk.hr\/ivanec\/wp-content\/uploads\/sites\/27\/2022\/02\/GKI-PROCEDURA-STVARANJA-UGOVORNIH-OBVEZA-NOVO.doc\">Procedura stvaranja ugovornih obveza<\/a><\/p>\n","protected":false},"excerpt":{"rendered":"<p>Statut Knji\u017enice Izmjene i dopune Statuta Pravilnik o radu Pravilnik o unutarnjem ustrojstvu Pravilnik o pru\u017eanju usluga i kori\u0161tenju knji\u017eni\u010dne gra\u0111e Izmjene i dopune pravilnika o radu 2021 Odluka o ostvarivanju i kori\u0161tenju vlastitih prihoda Plan nabave: 2015., 2016., 2017., 2018., 2019., 2020., 2021., 2022. ,2023, 2024,2025,2026. Registar ugovora: 2022, 2023, 2024.,2025, Izmjene i dopune [&hellip;]<\/p>\n","protected":false},"author":23,"featured_media":0,"parent":0,"menu_order":0,"comment_status":"closed","ping_status":"closed","template":"","meta":{"ngg_post_thumbnail":0},"yoast_head":"<!-- This site is optimized with the Yoast SEO plugin v16.4 - https:\/\/yoast.com\/wordpress\/plugins\/seo\/ -->\n<meta name=\"robots\" content=\"index, follow, max-snippet:-1, max-image-preview:large, max-video-preview:-1\" \/>\n<link rel=\"canonical\" href=\"http:\/\/knjiznice.nsk.hr\/ivanec\/dokumenti\/\" \/>\n<meta property=\"og:locale\" content=\"hr_HR\" \/>\n<meta property=\"og:type\" content=\"article\" \/>\n<meta property=\"og:title\" content=\"Dokumenti - Gradska knji\u017enica i \u010ditaonica &quot;Gustav Krklec&quot; Ivanec\" \/>\n<meta property=\"og:description\" content=\"Statut Knji\u017enice Izmjene i dopune Statuta Pravilnik o radu Pravilnik o unutarnjem ustrojstvu Pravilnik o pru\u017eanju usluga i kori\u0161tenju knji\u017eni\u010dne gra\u0111e Izmjene i dopune pravilnika o radu 2021 Odluka o ostvarivanju i kori\u0161tenju vlastitih prihoda Plan nabave: 2015., 2016., 2017., 2018., 2019., 2020., 2021., 2022. ,2023, 2024,2025,2026. Registar ugovora: 2022, 2023, 2024.,2025, Izmjene i dopune [&hellip;]\" \/>\n<meta property=\"og:url\" content=\"http:\/\/knjiznice.nsk.hr\/ivanec\/dokumenti\/\" \/>\n<meta property=\"og:site_name\" content=\"Gradska knji\u017enica i \u010ditaonica &quot;Gustav Krklec&quot; Ivanec\" \/>\n<meta property=\"article:modified_time\" content=\"2026-02-23T12:33:01+00:00\" \/>\n<meta name=\"twitter:label1\" content=\"Procijenjeno vrijeme \u010ditanja\" \/>\n\t<meta name=\"twitter:data1\" content=\"1 minuta\" \/>\n<script type=\"application\/ld+json\" class=\"yoast-schema-graph\">{\"@context\":\"https:\/\/schema.org\",\"@graph\":[{\"@type\":\"WebSite\",\"@id\":\"https:\/\/knjiznice.nsk.hr\/ivanec\/#website\",\"url\":\"https:\/\/knjiznice.nsk.hr\/ivanec\/\",\"name\":\"Gradska knji\\u017enica i \\u010ditaonica &quot;Gustav Krklec&quot; Ivanec\",\"description\":\"Djeca koja \\u010ditaju postaju ljudi koji misle.\",\"potentialAction\":[{\"@type\":\"SearchAction\",\"target\":\"https:\/\/knjiznice.nsk.hr\/ivanec\/?s={search_term_string}\",\"query-input\":\"required name=search_term_string\"}],\"inLanguage\":\"hr\"},{\"@type\":\"WebPage\",\"@id\":\"http:\/\/knjiznice.nsk.hr\/ivanec\/dokumenti\/#webpage\",\"url\":\"http:\/\/knjiznice.nsk.hr\/ivanec\/dokumenti\/\",\"name\":\"Dokumenti - Gradska knji\\u017enica i \\u010ditaonica &quot;Gustav Krklec&quot; Ivanec\",\"isPartOf\":{\"@id\":\"https:\/\/knjiznice.nsk.hr\/ivanec\/#website\"},\"datePublished\":\"2015-04-02T07:14:00+00:00\",\"dateModified\":\"2026-02-23T12:33:01+00:00\",\"breadcrumb\":{\"@id\":\"http:\/\/knjiznice.nsk.hr\/ivanec\/dokumenti\/#breadcrumb\"},\"inLanguage\":\"hr\",\"potentialAction\":[{\"@type\":\"ReadAction\",\"target\":[\"http:\/\/knjiznice.nsk.hr\/ivanec\/dokumenti\/\"]}]},{\"@type\":\"BreadcrumbList\",\"@id\":\"http:\/\/knjiznice.nsk.hr\/ivanec\/dokumenti\/#breadcrumb\",\"itemListElement\":[{\"@type\":\"ListItem\",\"position\":1,\"item\":{\"@type\":\"WebPage\",\"@id\":\"https:\/\/knjiznice.nsk.hr\/ivanec\/\",\"url\":\"https:\/\/knjiznice.nsk.hr\/ivanec\/\",\"name\":\"Po\\u010detna stranica\"}},{\"@type\":\"ListItem\",\"position\":2,\"item\":{\"@id\":\"http:\/\/knjiznice.nsk.hr\/ivanec\/dokumenti\/#webpage\"}}]}]}<\/script>\n<!-- \/ Yoast SEO plugin. -->","_links":{"self":[{"href":"https:\/\/knjiznice.nsk.hr\/ivanec\/wp-json\/wp\/v2\/pages\/30"}],"collection":[{"href":"https:\/\/knjiznice.nsk.hr\/ivanec\/wp-json\/wp\/v2\/pages"}],"about":[{"href":"https:\/\/knjiznice.nsk.hr\/ivanec\/wp-json\/wp\/v2\/types\/page"}],"author":[{"embeddable":true,"href":"https:\/\/knjiznice.nsk.hr\/ivanec\/wp-json\/wp\/v2\/users\/23"}],"replies":[{"embeddable":true,"href":"https:\/\/knjiznice.nsk.hr\/ivanec\/wp-json\/wp\/v2\/comments?post=30"}],"version-history":[{"count":177,"href":"https:\/\/knjiznice.nsk.hr\/ivanec\/wp-json\/wp\/v2\/pages\/30\/revisions"}],"predecessor-version":[{"id":2518,"href":"https:\/\/knjiznice.nsk.hr\/ivanec\/wp-json\/wp\/v2\/pages\/30\/revisions\/2518"}],"wp:attachment":[{"href":"https:\/\/knjiznice.nsk.hr\/ivanec\/wp-json\/wp\/v2\/media?parent=30"}],"curies":[{"name":"wp","href":"https:\/\/api.w.org\/{rel}","templated":true}]}}