{"id":28,"date":"2015-04-02T07:13:30","date_gmt":"2015-04-02T07:13:30","guid":{"rendered":"http:\/\/knjiznice.nsk.hr\/ivanec\/?page_id=28"},"modified":"2026-03-18T11:41:19","modified_gmt":"2026-03-18T11:41:19","slug":"gdpr","status":"publish","type":"page","link":"https:\/\/knjiznice.nsk.hr\/ivanec\/gdpr\/","title":{"rendered":"GDPR"},"content":{"rendered":"<p style=\"padding-left: 40px\"><a href=\"http:\/\/knjiznice.nsk.hr\/ivanec\/wp-content\/uploads\/sites\/27\/2020\/07\/odluka-o-odre\u0111ivanju-slu\u017ebenika-za-informiranje-2018.doc\">Odluka o odre\u0111ivanju slu\u017ebenika za informiranje &#8211; novo <\/a><\/p>\n<p><a href=\"http:\/\/knjiznice.nsk.hr\/ivanec\/wp-content\/uploads\/sites\/27\/2020\/07\/odluka-o-ustrojavanju-Kataloga-informacija-i-katalog-informacija-1-2.doc\">Katalog informacija<\/a><\/p>\n<p><a href=\"http:\/\/knjiznice.nsk.hr\/ivanec\/wp-content\/uploads\/sites\/27\/2020\/07\/katalog-informacija.doc\">Katalog informacija &#8211; info<\/a><\/p>\n<p><a href=\"http:\/\/knjiznice.nsk.hr\/ivanec\/wp-content\/uploads\/sites\/27\/2020\/07\/pravilnik-o-prikupljanju-obradi-i-kori\u0161tenju-te-za\u0161titi-osobnih-podataka-fizi\u010dkih-osoba-NOVO.doc\">Pravilnik &#8211; novo <\/a><\/p>\n<p><a href=\"http:\/\/knjiznice.nsk.hr\/ivanec\/wp-content\/uploads\/sites\/27\/2026\/03\/Zahtjev-za-pristup-informacijama-noviji-2026.rtf\">Zahtjev za pristup informacijama<\/a><\/p>\n<p><a href=\"http:\/\/knjiznice.nsk.hr\/ivanec\/wp-content\/uploads\/sites\/27\/2026\/03\/Zahtjev-za-ponovnu-uporabu-informacija-2026-1.docx\">Zahtjev za ponovnu uporabu infromacija<\/a><\/p>\n<p><a href=\"http:\/\/knjiznice.nsk.hr\/ivanec\/wp-content\/uploads\/sites\/27\/2026\/03\/Zahtjev-za-dopunu-ili-ispravak-informacije-noviji-2026.doc\">Zahtjev za dopunu ili ispravak informacije <\/a><\/p>\n<p><a href=\"http:\/\/knjiznice.nsk.hr\/ivanec\/wp-content\/uploads\/sites\/27\/2020\/07\/Ponovna-upotreba-informacija.pdf\">Ponovno tra\u017eenje informacija<\/a><\/p>\n<p><a href=\"http:\/\/knjiznice.nsk.hr\/ivanec\/wp-content\/uploads\/sites\/27\/2020\/07\/izjava-o-za\u0161titi-osobnih-podataka.doc\">Izjava o za\u0161titi osobnih podataka<\/a><\/p>\n<p><a href=\"http:\/\/knjiznice.nsk.hr\/ivanec\/wp-content\/uploads\/sites\/27\/2020\/07\/informacije-za-\u010dlana-knji\u017enice.docx\">Informacije za \u010dlana knji\u017enice<\/a><\/p>\n<p><a href=\"http:\/\/knjiznice.nsk.hr\/ivanec\/wp-content\/uploads\/sites\/27\/2020\/07\/izvje\u0161\u0107e-o-imenovanju.docx\">Za\u0161tita podataka i izvje\u0161\u0107a o imenovanju<\/a><\/p>\n<p>Pravo na pristup informacijama&nbsp;<\/p>\n<p>Izvje\u0161\u0107e: <a href=\"http:\/\/knjiznice.nsk.hr\/ivanec\/wp-content\/uploads\/sites\/27\/2020\/07\/Godi\u0161nje-izvje\u0161\u0107e-2018..pdf\">2018, <\/a><a href=\"http:\/\/knjiznice.nsk.hr\/ivanec\/wp-content\/uploads\/sites\/27\/2020\/07\/Godisnje-izvjesce-2019.pdf\">2019,<\/a> <a href=\"http:\/\/knjiznice.nsk.hr\/ivanec\/wp-content\/uploads\/sites\/27\/2021\/01\/PRAVNI-I-INSTITUCIONALNI-OKVIR-UPRAVLJANJA-U-KATASTROFAMA.pdf.pdf\">2020, <\/a><a href=\"http:\/\/knjiznice.nsk.hr\/ivanec\/wp-content\/uploads\/sites\/27\/2022\/01\/Izvjesce-2021.pdf\">2021, <\/a><a href=\"http:\/\/knjiznice.nsk.hr\/ivanec\/wp-content\/uploads\/sites\/27\/2023\/01\/Godisnje_izvjesce.pdf\">2022<\/a>, <a href=\"http:\/\/knjiznice.nsk.hr\/ivanec\/wp-content\/uploads\/sites\/27\/2024\/01\/Godisnje_izvjesce.pdf\">2023, <\/a><a href=\"http:\/\/knjiznice.nsk.hr\/ivanec\/wp-content\/uploads\/sites\/27\/2025\/01\/Godisnje_izvjesce.pdf\">2024,<\/a><a href=\"http:\/\/knjiznice.nsk.hr\/ivanec\/wp-content\/uploads\/sites\/27\/2026\/01\/Godisnje_izvjesce.pdf\">2025<\/a><\/p>\n<p>Upitnik za samoprocjenu: <a href=\"http:\/\/knjiznice.nsk.hr\/ivanec\/wp-content\/uploads\/sites\/27\/2023\/07\/Upitnik-za-samoprocjenu-2023.pdf\">2023<\/a><\/p>\n<p><strong>Napomena<\/strong>: Tijelo javne vlasti ima pravo na naknadu stvarnih materijalnih tro\u0161kova od podnositelja zahtjeva u svezi s pru\u017eanjem i dostavom tra\u017eene informacije <a href=\"https:\/\/narodne-novine.nn.hr\/clanci\/sluzbeni\/2011_04_38_921.html\">VI\u0160E<\/a><\/p>\n<p>Temeljem \u010dlanka 37. Op\u0107e uredbe o za\u0161titi podataka (EU 2016\/679), Gradska knji\u017enica Ivanec kao voditelj obrade osobnih podataka imenuje slu\u017ebenika za za\u0161titu podataka.<\/p>\n<p>Slu\u017ebenik za za\u0161titu podataka Gradske knji\u017enice i \u010ditaonice &#8220;Gustav Krklec&#8221;:&nbsp;<\/p>\n<p><strong>Vesna Mati\u0161i\u0107<\/strong>, knji\u017eni\u010darka&nbsp;<\/p>\n<p>L. \u0160abana 3, 42240 Ivanec&nbsp;<\/p>\n<p>Tel: 042\/782-165<\/p>\n<p>Email: knjiznica.krklec@optinet.hr<\/p>\n<p><a href=\"http:\/\/knjiznice.nsk.hr\/ivanec\/wp-content\/uploads\/sites\/27\/2025\/04\/Nacrt-azurirane-izjave-o-digitalnoj-pristupacnosti.docx\">Izjava o digitalnoj pristupa\u010dnosti&nbsp;<\/a><\/p>\n<p>&nbsp;<\/p>\n","protected":false},"excerpt":{"rendered":"<p>Odluka o odre\u0111ivanju slu\u017ebenika za informiranje &#8211; novo Katalog informacija Katalog informacija &#8211; info Pravilnik &#8211; novo Zahtjev za pristup informacijama Zahtjev za ponovnu uporabu infromacija Zahtjev za dopunu ili ispravak informacije Ponovno tra\u017eenje informacija Izjava o za\u0161titi osobnih podataka Informacije za \u010dlana knji\u017enice Za\u0161tita podataka i izvje\u0161\u0107a o imenovanju Pravo na pristup informacijama&nbsp; Izvje\u0161\u0107e: [&hellip;]<\/p>\n","protected":false},"author":23,"featured_media":0,"parent":0,"menu_order":0,"comment_status":"closed","ping_status":"closed","template":"","meta":{"ngg_post_thumbnail":0},"yoast_head":"<!-- This site is optimized with the Yoast SEO plugin v16.4 - https:\/\/yoast.com\/wordpress\/plugins\/seo\/ -->\n<meta name=\"robots\" content=\"index, follow, max-snippet:-1, max-image-preview:large, max-video-preview:-1\" \/>\n<link rel=\"canonical\" href=\"http:\/\/knjiznice.nsk.hr\/ivanec\/gdpr\/\" \/>\n<meta property=\"og:locale\" content=\"hr_HR\" \/>\n<meta property=\"og:type\" content=\"article\" \/>\n<meta property=\"og:title\" content=\"GDPR - Gradska knji\u017enica i \u010ditaonica &quot;Gustav Krklec&quot; Ivanec\" \/>\n<meta property=\"og:description\" content=\"Odluka o odre\u0111ivanju slu\u017ebenika za informiranje &#8211; novo Katalog informacija Katalog informacija &#8211; info Pravilnik &#8211; novo Zahtjev za pristup informacijama Zahtjev za ponovnu uporabu infromacija Zahtjev za dopunu ili ispravak informacije Ponovno tra\u017eenje informacija Izjava o za\u0161titi osobnih podataka Informacije za \u010dlana knji\u017enice Za\u0161tita podataka i izvje\u0161\u0107a o imenovanju Pravo na pristup informacijama&nbsp; Izvje\u0161\u0107e: [&hellip;]\" \/>\n<meta property=\"og:url\" content=\"http:\/\/knjiznice.nsk.hr\/ivanec\/gdpr\/\" \/>\n<meta property=\"og:site_name\" content=\"Gradska knji\u017enica i \u010ditaonica &quot;Gustav Krklec&quot; Ivanec\" \/>\n<meta property=\"article:modified_time\" content=\"2026-03-18T11:41:19+00:00\" \/>\n<meta name=\"twitter:label1\" content=\"Procijenjeno vrijeme \u010ditanja\" \/>\n\t<meta name=\"twitter:data1\" content=\"1 minuta\" \/>\n<script type=\"application\/ld+json\" class=\"yoast-schema-graph\">{\"@context\":\"https:\/\/schema.org\",\"@graph\":[{\"@type\":\"WebSite\",\"@id\":\"https:\/\/knjiznice.nsk.hr\/ivanec\/#website\",\"url\":\"https:\/\/knjiznice.nsk.hr\/ivanec\/\",\"name\":\"Gradska knji\\u017enica i \\u010ditaonica &quot;Gustav Krklec&quot; Ivanec\",\"description\":\"Djeca koja \\u010ditaju postaju ljudi koji misle.\",\"potentialAction\":[{\"@type\":\"SearchAction\",\"target\":\"https:\/\/knjiznice.nsk.hr\/ivanec\/?s={search_term_string}\",\"query-input\":\"required name=search_term_string\"}],\"inLanguage\":\"hr\"},{\"@type\":\"WebPage\",\"@id\":\"http:\/\/knjiznice.nsk.hr\/ivanec\/gdpr\/#webpage\",\"url\":\"http:\/\/knjiznice.nsk.hr\/ivanec\/gdpr\/\",\"name\":\"GDPR - Gradska knji\\u017enica i \\u010ditaonica &quot;Gustav Krklec&quot; Ivanec\",\"isPartOf\":{\"@id\":\"https:\/\/knjiznice.nsk.hr\/ivanec\/#website\"},\"datePublished\":\"2015-04-02T07:13:30+00:00\",\"dateModified\":\"2026-03-18T11:41:19+00:00\",\"breadcrumb\":{\"@id\":\"http:\/\/knjiznice.nsk.hr\/ivanec\/gdpr\/#breadcrumb\"},\"inLanguage\":\"hr\",\"potentialAction\":[{\"@type\":\"ReadAction\",\"target\":[\"http:\/\/knjiznice.nsk.hr\/ivanec\/gdpr\/\"]}]},{\"@type\":\"BreadcrumbList\",\"@id\":\"http:\/\/knjiznice.nsk.hr\/ivanec\/gdpr\/#breadcrumb\",\"itemListElement\":[{\"@type\":\"ListItem\",\"position\":1,\"item\":{\"@type\":\"WebPage\",\"@id\":\"https:\/\/knjiznice.nsk.hr\/ivanec\/\",\"url\":\"https:\/\/knjiznice.nsk.hr\/ivanec\/\",\"name\":\"Po\\u010detna stranica\"}},{\"@type\":\"ListItem\",\"position\":2,\"item\":{\"@id\":\"http:\/\/knjiznice.nsk.hr\/ivanec\/gdpr\/#webpage\"}}]}]}<\/script>\n<!-- \/ Yoast SEO plugin. -->","_links":{"self":[{"href":"https:\/\/knjiznice.nsk.hr\/ivanec\/wp-json\/wp\/v2\/pages\/28"}],"collection":[{"href":"https:\/\/knjiznice.nsk.hr\/ivanec\/wp-json\/wp\/v2\/pages"}],"about":[{"href":"https:\/\/knjiznice.nsk.hr\/ivanec\/wp-json\/wp\/v2\/types\/page"}],"author":[{"embeddable":true,"href":"https:\/\/knjiznice.nsk.hr\/ivanec\/wp-json\/wp\/v2\/users\/23"}],"replies":[{"embeddable":true,"href":"https:\/\/knjiznice.nsk.hr\/ivanec\/wp-json\/wp\/v2\/comments?post=28"}],"version-history":[{"count":31,"href":"https:\/\/knjiznice.nsk.hr\/ivanec\/wp-json\/wp\/v2\/pages\/28\/revisions"}],"predecessor-version":[{"id":2561,"href":"https:\/\/knjiznice.nsk.hr\/ivanec\/wp-json\/wp\/v2\/pages\/28\/revisions\/2561"}],"wp:attachment":[{"href":"https:\/\/knjiznice.nsk.hr\/ivanec\/wp-json\/wp\/v2\/media?parent=28"}],"curies":[{"name":"wp","href":"https:\/\/api.w.org\/{rel}","templated":true}]}}