{"id":213,"date":"2016-01-20T09:55:12","date_gmt":"2016-01-20T09:55:12","guid":{"rendered":"http:\/\/knjiznice.nsk.hr\/ivanec\/?page_id=213"},"modified":"2026-03-31T10:10:29","modified_gmt":"2026-03-31T10:10:29","slug":"cjenik","status":"publish","type":"page","link":"https:\/\/knjiznice.nsk.hr\/ivanec\/cjenik\/","title":{"rendered":"Cjenik"},"content":{"rendered":"<p>\u010clanstvo u Knji\u017enici traje godinu dana, od datuma upisa u teku\u0107oj godini do istog datuma u sljede\u0107oj godini.<\/p>\n<p>&nbsp;<\/p>\n<p style=\"text-align: center\"><a href=\"http:\/\/knjiznice.nsk.hr\/ivanec\/wp-content\/uploads\/sites\/27\/2021\/06\/cropped-Screenshot_132325846546.jpg\"><img loading=\"lazy\" class=\" wp-image-1188 aligncenter\" src=\"http:\/\/knjiznice.nsk.hr\/ivanec\/wp-content\/uploads\/sites\/27\/2021\/06\/cropped-Screenshot_132325846546.jpg\" alt=\"\" width=\"235\" height=\"47\" srcset=\"https:\/\/knjiznice.nsk.hr\/ivanec\/wp-content\/uploads\/sites\/27\/2021\/06\/cropped-Screenshot_132325846546.jpg 300w, https:\/\/knjiznice.nsk.hr\/ivanec\/wp-content\/uploads\/sites\/27\/2021\/06\/cropped-Screenshot_132325846546-295x60.jpg 295w\" sizes=\"(max-width: 235px) 100vw, 235px\" \/><\/a><br \/>\n<strong>CJENIK USLUGA<\/strong><\/p>\n<p style=\"text-align: center\">\u010clanstvo u Knji\u017enici traje godinu (1) dana &#8211; 365 dana od dana upisa<\/p>\n<p style=\"text-align: center\">&#8211; od dana upisa u teku\u0107oj godini do istog datuma u sljede\u0107oj godini.<\/p>\n<table style=\"height: 615px\" width=\"745\">\n<tbody>\n<tr>\n<td width=\"558\"><strong>&nbsp;&nbsp;&nbsp;&nbsp;&nbsp;&nbsp;&nbsp;&nbsp;&nbsp;&nbsp;&nbsp;&nbsp;&nbsp;&nbsp;&nbsp;&nbsp;&nbsp;&nbsp;&nbsp;&nbsp;&nbsp;&nbsp;&nbsp;&nbsp;&nbsp;&nbsp;&nbsp;&nbsp;&nbsp;&nbsp;&nbsp;&nbsp;&nbsp;&nbsp;&nbsp;&nbsp;&nbsp;&nbsp;&nbsp;&nbsp;&nbsp;&nbsp;&nbsp;&nbsp;&nbsp;&nbsp;&nbsp;&nbsp;&nbsp;&nbsp;&nbsp;&nbsp;&nbsp;&nbsp;&nbsp;&nbsp;&nbsp; &nbsp;&nbsp;&nbsp;<\/strong><\/p>\n<table style=\"height: 554px\" width=\"734\">\n<tbody>\n<tr>\n<td colspan=\"2\" width=\"550\"><strong>VISINA \u010cLANARINE IZNOSI:<\/strong><\/td>\n<\/tr>\n<tr>\n<td width=\"456\"><strong>ODRASLE OSOBE (radnici, slu\u017ebenici, slobodne profesije)<\/strong><\/td>\n<td width=\"94\"><strong>14,00 \u20ac<\/strong><\/td>\n<\/tr>\n<tr>\n<td width=\"456\"><strong>Pred\u0161kolska djeca, osnovno\u0161kolska djeca, srednjo\u0161kolska djeca i studenti<\/strong><\/td>\n<td width=\"94\"><strong>10,00 \u20ac<\/strong><\/td>\n<\/tr>\n<tr>\n<td width=\"456\"><strong>UMIROVLJENICI<\/strong><\/td>\n<td width=\"94\"><strong>7,00 \u20ac<\/strong><\/td>\n<\/tr>\n<tr>\n<td width=\"456\"><strong>&nbsp;<\/strong><\/td>\n<td width=\"94\"><strong>&nbsp;<\/strong><\/td>\n<\/tr>\n<tr>\n<td width=\"456\"><strong>NOVA \u010cLANSKA ISKAZNICA ( prvi upis)<\/strong><\/td>\n<td width=\"94\"><strong>2,00 \u20ac<\/strong><\/td>\n<\/tr>\n<tr>\n<td width=\"456\">&nbsp;<\/td>\n<td width=\"94\">&nbsp;<\/td>\n<\/tr>\n<tr>\n<td width=\"456\"><strong>ZAKASNINA PO KNJIZI&nbsp;&nbsp;&nbsp;&nbsp;&nbsp; <\/strong><\/td>\n<td width=\"94\"><strong>0,10 \u20ac<\/strong><\/td>\n<\/tr>\n<tr>\n<td width=\"456\"><strong>DOZVOLJENA POSUDBA NAJVI\u0160E 3 DO 4 KNJIGE ISTOVREMENO<\/strong><\/td>\n<td width=\"94\">&nbsp;<\/td>\n<\/tr>\n<tr>\n<td width=\"456\"><strong>ME\u0110UKNJI\u017dNI\u010cNA USLUGA&nbsp;&nbsp; <\/strong><\/td>\n<td width=\"94\"><strong>3,00 \u20ac<\/strong><\/td>\n<\/tr>\n<tr>\n<td width=\"456\"><strong>KORI\u0160TENJE INTERNETA ZA KORISNIKE KOJI NISU \u010cLANOVI<\/strong><\/td>\n<td width=\"94\"><strong>2,00 \u20ac<\/strong><\/td>\n<\/tr>\n<\/tbody>\n<\/table>\n<\/td>\n<\/tr>\n<\/tbody>\n<\/table>\n<ul>\n<li>\u010clanovi koji ne vrate posu\u0111ene knjige u roku od 30 (trideset) dana niti produ\u017ee posudbu, du\u017eni su platiti zakasninu u iznosi 0,10\u20ac po danu po knjizi. \u010clanovi \u0107e o zakasnini biti obavije\u0161teni telefonskim, elektroni\u010dnim ili pismenim putem.&nbsp;<\/li>\n<li>U slu\u010daju gubitka, uni\u0161tenja ili o\u0161te\u0107enja knji\u017eni\u010dne gra\u0111e,<span style=\"color: #ff0000\"><strong> \u010dlanovi su du\u017eni nabaviti isto ili novije izdanje istog naslova. <\/strong><span style=\"color: #000000\">Ukoliko nabava istog ili novijeg izdanja nije mogu\u0107a, \u010dlan je du\u017ean platiti naknadu \u0161tete u visini tr\u017ei\u0161ne vrijednosti knji\u017eni\u010dne gra\u0111e.&nbsp;<\/span><\/span><\/li>\n<li>Ukoliko na tr\u017ei\u0161tu vi\u0161e nije mogu prona\u0107i izgubljenu, uni\u0161tenu ili o\u0161te\u0107enu knji\u017eni\u010dnu gra\u0111u, visinu naknade \u0161tete odre\u0111uje Knji\u017enica sukladno srodnim naslovima i izdanjima.<\/li>\n<li>U&nbsp; slu\u010daju vrijednijih knjiga, za utvr\u0111ivanje visine naknade \u0161tete, zatra\u017eiti \u0107e se mi\u0161ljenje vje\u0161taka.&nbsp;<\/li>\n<\/ul>\n<p><a href=\"http:\/\/knjiznice.nsk.hr\/ivanec\/wp-content\/uploads\/sites\/27\/2021\/11\/upisnica-za-clanove-do-18.-godina.docx\"><br \/>\nUpisnica za \u010dlanove do 18. godina<\/a>&nbsp;<\/p>\n<p><a href=\"http:\/\/knjiznice.nsk.hr\/ivanec\/wp-content\/uploads\/sites\/27\/2021\/11\/upisnica.docx\">Upisnica<\/a><\/p>\n","protected":false},"excerpt":{"rendered":"<p>\u010clanstvo u Knji\u017enici traje godinu dana, od datuma upisa u teku\u0107oj godini do istog datuma u sljede\u0107oj godini. &nbsp; CJENIK USLUGA \u010clanstvo u Knji\u017enici traje godinu (1) dana &#8211; 365 dana od dana upisa &#8211; od dana upisa u teku\u0107oj godini do istog datuma u sljede\u0107oj godini. &nbsp;&nbsp;&nbsp;&nbsp;&nbsp;&nbsp;&nbsp;&nbsp;&nbsp;&nbsp;&nbsp;&nbsp;&nbsp;&nbsp;&nbsp;&nbsp;&nbsp;&nbsp;&nbsp;&nbsp;&nbsp;&nbsp;&nbsp;&nbsp;&nbsp;&nbsp;&nbsp;&nbsp;&nbsp;&nbsp;&nbsp;&nbsp;&nbsp;&nbsp;&nbsp;&nbsp;&nbsp;&nbsp;&nbsp;&nbsp;&nbsp;&nbsp;&nbsp;&nbsp;&nbsp;&nbsp;&nbsp;&nbsp;&nbsp;&nbsp;&nbsp;&nbsp;&nbsp;&nbsp;&nbsp;&nbsp;&nbsp; &nbsp;&nbsp;&nbsp; VISINA \u010cLANARINE IZNOSI: ODRASLE OSOBE (radnici, [&hellip;]<\/p>\n","protected":false},"author":23,"featured_media":0,"parent":0,"menu_order":0,"comment_status":"closed","ping_status":"closed","template":"","meta":{"ngg_post_thumbnail":0},"yoast_head":"<!-- This site is optimized with the Yoast SEO plugin v16.4 - https:\/\/yoast.com\/wordpress\/plugins\/seo\/ -->\n<meta name=\"robots\" content=\"index, follow, max-snippet:-1, max-image-preview:large, max-video-preview:-1\" \/>\n<link rel=\"canonical\" href=\"http:\/\/knjiznice.nsk.hr\/ivanec\/cjenik\/\" \/>\n<meta property=\"og:locale\" content=\"hr_HR\" \/>\n<meta property=\"og:type\" content=\"article\" \/>\n<meta property=\"og:title\" content=\"Cjenik - Gradska knji\u017enica i \u010ditaonica &quot;Gustav Krklec&quot; Ivanec\" \/>\n<meta property=\"og:description\" content=\"\u010clanstvo u Knji\u017enici traje godinu dana, od datuma upisa u teku\u0107oj godini do istog datuma u sljede\u0107oj godini. &nbsp; CJENIK USLUGA \u010clanstvo u Knji\u017enici traje godinu (1) dana &#8211; 365 dana od dana upisa &#8211; od dana upisa u teku\u0107oj godini do istog datuma u sljede\u0107oj godini. &nbsp;&nbsp;&nbsp;&nbsp;&nbsp;&nbsp;&nbsp;&nbsp;&nbsp;&nbsp;&nbsp;&nbsp;&nbsp;&nbsp;&nbsp;&nbsp;&nbsp;&nbsp;&nbsp;&nbsp;&nbsp;&nbsp;&nbsp;&nbsp;&nbsp;&nbsp;&nbsp;&nbsp;&nbsp;&nbsp;&nbsp;&nbsp;&nbsp;&nbsp;&nbsp;&nbsp;&nbsp;&nbsp;&nbsp;&nbsp;&nbsp;&nbsp;&nbsp;&nbsp;&nbsp;&nbsp;&nbsp;&nbsp;&nbsp;&nbsp;&nbsp;&nbsp;&nbsp;&nbsp;&nbsp;&nbsp;&nbsp; &nbsp;&nbsp;&nbsp; VISINA \u010cLANARINE IZNOSI: ODRASLE OSOBE (radnici, [&hellip;]\" \/>\n<meta property=\"og:url\" content=\"http:\/\/knjiznice.nsk.hr\/ivanec\/cjenik\/\" \/>\n<meta property=\"og:site_name\" content=\"Gradska knji\u017enica i \u010ditaonica &quot;Gustav Krklec&quot; Ivanec\" \/>\n<meta property=\"article:modified_time\" content=\"2026-03-31T10:10:29+00:00\" \/>\n<meta property=\"og:image\" content=\"http:\/\/knjiznice.nsk.hr\/ivanec\/wp-content\/uploads\/sites\/27\/2021\/06\/cropped-Screenshot_132325846546.jpg\" \/>\n<meta name=\"twitter:label1\" content=\"Procijenjeno vrijeme \u010ditanja\" \/>\n\t<meta name=\"twitter:data1\" content=\"2 minute\" \/>\n<script type=\"application\/ld+json\" class=\"yoast-schema-graph\">{\"@context\":\"https:\/\/schema.org\",\"@graph\":[{\"@type\":\"WebSite\",\"@id\":\"https:\/\/knjiznice.nsk.hr\/ivanec\/#website\",\"url\":\"https:\/\/knjiznice.nsk.hr\/ivanec\/\",\"name\":\"Gradska knji\\u017enica i \\u010ditaonica &quot;Gustav Krklec&quot; Ivanec\",\"description\":\"Djeca koja \\u010ditaju postaju ljudi koji misle.\",\"potentialAction\":[{\"@type\":\"SearchAction\",\"target\":\"https:\/\/knjiznice.nsk.hr\/ivanec\/?s={search_term_string}\",\"query-input\":\"required name=search_term_string\"}],\"inLanguage\":\"hr\"},{\"@type\":\"ImageObject\",\"@id\":\"http:\/\/knjiznice.nsk.hr\/ivanec\/cjenik\/#primaryimage\",\"inLanguage\":\"hr\",\"url\":\"http:\/\/knjiznice.nsk.hr\/ivanec\/wp-content\/uploads\/sites\/27\/2021\/06\/cropped-Screenshot_132325846546.jpg\",\"contentUrl\":\"http:\/\/knjiznice.nsk.hr\/ivanec\/wp-content\/uploads\/sites\/27\/2021\/06\/cropped-Screenshot_132325846546.jpg\"},{\"@type\":\"WebPage\",\"@id\":\"http:\/\/knjiznice.nsk.hr\/ivanec\/cjenik\/#webpage\",\"url\":\"http:\/\/knjiznice.nsk.hr\/ivanec\/cjenik\/\",\"name\":\"Cjenik - Gradska knji\\u017enica i \\u010ditaonica &quot;Gustav Krklec&quot; Ivanec\",\"isPartOf\":{\"@id\":\"https:\/\/knjiznice.nsk.hr\/ivanec\/#website\"},\"primaryImageOfPage\":{\"@id\":\"http:\/\/knjiznice.nsk.hr\/ivanec\/cjenik\/#primaryimage\"},\"datePublished\":\"2016-01-20T09:55:12+00:00\",\"dateModified\":\"2026-03-31T10:10:29+00:00\",\"breadcrumb\":{\"@id\":\"http:\/\/knjiznice.nsk.hr\/ivanec\/cjenik\/#breadcrumb\"},\"inLanguage\":\"hr\",\"potentialAction\":[{\"@type\":\"ReadAction\",\"target\":[\"http:\/\/knjiznice.nsk.hr\/ivanec\/cjenik\/\"]}]},{\"@type\":\"BreadcrumbList\",\"@id\":\"http:\/\/knjiznice.nsk.hr\/ivanec\/cjenik\/#breadcrumb\",\"itemListElement\":[{\"@type\":\"ListItem\",\"position\":1,\"item\":{\"@type\":\"WebPage\",\"@id\":\"https:\/\/knjiznice.nsk.hr\/ivanec\/\",\"url\":\"https:\/\/knjiznice.nsk.hr\/ivanec\/\",\"name\":\"Po\\u010detna stranica\"}},{\"@type\":\"ListItem\",\"position\":2,\"item\":{\"@id\":\"http:\/\/knjiznice.nsk.hr\/ivanec\/cjenik\/#webpage\"}}]}]}<\/script>\n<!-- \/ Yoast SEO plugin. -->","_links":{"self":[{"href":"https:\/\/knjiznice.nsk.hr\/ivanec\/wp-json\/wp\/v2\/pages\/213"}],"collection":[{"href":"https:\/\/knjiznice.nsk.hr\/ivanec\/wp-json\/wp\/v2\/pages"}],"about":[{"href":"https:\/\/knjiznice.nsk.hr\/ivanec\/wp-json\/wp\/v2\/types\/page"}],"author":[{"embeddable":true,"href":"https:\/\/knjiznice.nsk.hr\/ivanec\/wp-json\/wp\/v2\/users\/23"}],"replies":[{"embeddable":true,"href":"https:\/\/knjiznice.nsk.hr\/ivanec\/wp-json\/wp\/v2\/comments?post=213"}],"version-history":[{"count":18,"href":"https:\/\/knjiznice.nsk.hr\/ivanec\/wp-json\/wp\/v2\/pages\/213\/revisions"}],"predecessor-version":[{"id":2577,"href":"https:\/\/knjiznice.nsk.hr\/ivanec\/wp-json\/wp\/v2\/pages\/213\/revisions\/2577"}],"wp:attachment":[{"href":"https:\/\/knjiznice.nsk.hr\/ivanec\/wp-json\/wp\/v2\/media?parent=213"}],"curies":[{"name":"wp","href":"https:\/\/api.w.org\/{rel}","templated":true}]}}