{"id":1733,"date":"2024-02-19T12:12:50","date_gmt":"2024-02-19T12:12:50","guid":{"rendered":"http:\/\/knjiznice.nsk.hr\/ivanec\/?page_id=1733"},"modified":"2025-05-27T09:15:44","modified_gmt":"2025-05-27T09:15:44","slug":"itransparentnost","status":"publish","type":"page","link":"https:\/\/knjiznice.nsk.hr\/ivanec\/itransparentnost\/","title":{"rendered":"ITRANSPARENTNOST"},"content":{"rendered":"<p><em><strong>Izvje\u0161taj o tro\u0161enju prora\u010dunskih sredstava<\/strong><\/em><\/p>\n<p><a href=\"https:\/\/transparentno.ivanec.otvorenigrad.hr\/isplate\/sc-isplate\"><strong>iTransparentnost&nbsp;<\/strong><\/a><\/p>\n<p>&#8211; Za pronalazak Gradske knji\u017enice Ivanec, prilikom otvaranja iTransparentnosti potrebno je kliknuti na <strong>Dodaj filter<\/strong>, unutar njega u padaju\u0107em izborniku odabrati <strong>Prora\u010dunski korisnik<\/strong> te odabrati<strong> Gradska knji\u017enica i \u010ditaonica &#8220;Gustav Krklec&#8221; Ivanec<\/strong><\/p>\n<p>&#8212;&#8212;&#8212;&#8212;&#8212;&#8212;&#8212;&#8212;<\/p>\n<p><a href=\"http:\/\/knjiznice.nsk.hr\/ivanec\/wp-content\/uploads\/sites\/27\/2024\/03\/sijecanj-2024.-1-1.docx\">SIJE\u010cANJ 2024.<\/a><\/p>\n<p><a href=\"http:\/\/knjiznice.nsk.hr\/ivanec\/wp-content\/uploads\/sites\/27\/2024\/03\/veljaca-2024..docx\">VELJA\u010cA 2024.<\/a><\/p>\n<p><a href=\"http:\/\/knjiznice.nsk.hr\/ivanec\/wp-content\/uploads\/sites\/27\/2024\/04\/transparentnost-troskovi-3-2024-knjiznica.docx\">O\u017dUJAK 2024.<\/a><\/p>\n<p><a href=\"http:\/\/knjiznice.nsk.hr\/ivanec\/wp-content\/uploads\/sites\/27\/2024\/05\/Kopija-transparentnost-troskovi-4-2024-knjiznica-1.docx\">TRAVANJ 2024.<\/a><\/p>\n<p><a href=\"http:\/\/knjiznice.nsk.hr\/ivanec\/wp-content\/uploads\/sites\/27\/2024\/06\/i-converter_com.doc\">SVIBANJ 2024.<\/a><\/p>\n<p><a href=\"http:\/\/knjiznice.nsk.hr\/ivanec\/wp-content\/uploads\/sites\/27\/2024\/07\/transparentnost-troskovi-6-2024-knjiznica.docx\">LIPANJ 2024.<\/a><\/p>\n<p><a href=\"http:\/\/knjiznice.nsk.hr\/ivanec\/wp-content\/uploads\/sites\/27\/2024\/08\/transparentnost-troskovi-7-2024-knjiznica.docx\">SRPANJ 2024<\/a>.<\/p>\n<p><a href=\"http:\/\/knjiznice.nsk.hr\/ivanec\/wp-content\/uploads\/sites\/27\/2024\/09\/transparentnost-troskovi-8-2024-knjiznica.docx\">KOLOVOZ 2024.<\/a><\/p>\n<p><a href=\"http:\/\/knjiznice.nsk.hr\/ivanec\/wp-content\/uploads\/sites\/27\/2024\/10\/transparentnost-troskovi-9-2024-knjiznica.docx\">RUJAN 2024.<\/a><\/p>\n<p>LISTOPAD 2024.<\/p>\n<p>STUDENI 2024.<\/p>\n<p>PROSINAC 2024.&nbsp;<\/p>\n","protected":false},"excerpt":{"rendered":"<p>Izvje\u0161taj o tro\u0161enju prora\u010dunskih sredstava iTransparentnost&nbsp; &#8211; Za pronalazak Gradske knji\u017enice Ivanec, prilikom otvaranja iTransparentnosti potrebno je kliknuti na Dodaj filter, unutar njega u padaju\u0107em izborniku odabrati Prora\u010dunski korisnik te odabrati Gradska knji\u017enica i \u010ditaonica &#8220;Gustav Krklec&#8221; Ivanec &#8212;&#8212;&#8212;&#8212;&#8212;&#8212;&#8212;&#8212; SIJE\u010cANJ 2024. VELJA\u010cA 2024. O\u017dUJAK 2024. TRAVANJ 2024. SVIBANJ 2024. LIPANJ 2024. SRPANJ 2024. KOLOVOZ 2024. [&hellip;]<\/p>\n","protected":false},"author":23,"featured_media":0,"parent":0,"menu_order":0,"comment_status":"closed","ping_status":"closed","template":"","meta":{"ngg_post_thumbnail":0},"yoast_head":"<!-- This site is optimized with the Yoast SEO plugin v16.4 - https:\/\/yoast.com\/wordpress\/plugins\/seo\/ -->\n<meta name=\"robots\" content=\"index, follow, max-snippet:-1, max-image-preview:large, max-video-preview:-1\" \/>\n<link rel=\"canonical\" href=\"http:\/\/knjiznice.nsk.hr\/ivanec\/itransparentnost\/\" \/>\n<meta property=\"og:locale\" content=\"hr_HR\" \/>\n<meta property=\"og:type\" content=\"article\" \/>\n<meta property=\"og:title\" content=\"ITRANSPARENTNOST - Gradska knji\u017enica i \u010ditaonica &quot;Gustav Krklec&quot; Ivanec\" \/>\n<meta property=\"og:description\" content=\"Izvje\u0161taj o tro\u0161enju prora\u010dunskih sredstava iTransparentnost&nbsp; &#8211; Za pronalazak Gradske knji\u017enice Ivanec, prilikom otvaranja iTransparentnosti potrebno je kliknuti na Dodaj filter, unutar njega u padaju\u0107em izborniku odabrati Prora\u010dunski korisnik te odabrati Gradska knji\u017enica i \u010ditaonica &#8220;Gustav Krklec&#8221; Ivanec &#8212;&#8212;&#8212;&#8212;&#8212;&#8212;&#8212;&#8212; SIJE\u010cANJ 2024. VELJA\u010cA 2024. O\u017dUJAK 2024. TRAVANJ 2024. SVIBANJ 2024. LIPANJ 2024. SRPANJ 2024. KOLOVOZ 2024. [&hellip;]\" \/>\n<meta property=\"og:url\" content=\"http:\/\/knjiznice.nsk.hr\/ivanec\/itransparentnost\/\" \/>\n<meta property=\"og:site_name\" content=\"Gradska knji\u017enica i \u010ditaonica &quot;Gustav Krklec&quot; Ivanec\" \/>\n<meta property=\"article:modified_time\" content=\"2025-05-27T09:15:44+00:00\" \/>\n<meta name=\"twitter:label1\" content=\"Procijenjeno vrijeme \u010ditanja\" \/>\n\t<meta name=\"twitter:data1\" content=\"1 minuta\" \/>\n<script type=\"application\/ld+json\" class=\"yoast-schema-graph\">{\"@context\":\"https:\/\/schema.org\",\"@graph\":[{\"@type\":\"WebSite\",\"@id\":\"https:\/\/knjiznice.nsk.hr\/ivanec\/#website\",\"url\":\"https:\/\/knjiznice.nsk.hr\/ivanec\/\",\"name\":\"Gradska knji\\u017enica i \\u010ditaonica &quot;Gustav Krklec&quot; Ivanec\",\"description\":\"Djeca koja \\u010ditaju postaju ljudi koji misle.\",\"potentialAction\":[{\"@type\":\"SearchAction\",\"target\":\"https:\/\/knjiznice.nsk.hr\/ivanec\/?s={search_term_string}\",\"query-input\":\"required name=search_term_string\"}],\"inLanguage\":\"hr\"},{\"@type\":\"WebPage\",\"@id\":\"http:\/\/knjiznice.nsk.hr\/ivanec\/itransparentnost\/#webpage\",\"url\":\"http:\/\/knjiznice.nsk.hr\/ivanec\/itransparentnost\/\",\"name\":\"ITRANSPARENTNOST - Gradska knji\\u017enica i \\u010ditaonica &quot;Gustav Krklec&quot; Ivanec\",\"isPartOf\":{\"@id\":\"https:\/\/knjiznice.nsk.hr\/ivanec\/#website\"},\"datePublished\":\"2024-02-19T12:12:50+00:00\",\"dateModified\":\"2025-05-27T09:15:44+00:00\",\"breadcrumb\":{\"@id\":\"http:\/\/knjiznice.nsk.hr\/ivanec\/itransparentnost\/#breadcrumb\"},\"inLanguage\":\"hr\",\"potentialAction\":[{\"@type\":\"ReadAction\",\"target\":[\"http:\/\/knjiznice.nsk.hr\/ivanec\/itransparentnost\/\"]}]},{\"@type\":\"BreadcrumbList\",\"@id\":\"http:\/\/knjiznice.nsk.hr\/ivanec\/itransparentnost\/#breadcrumb\",\"itemListElement\":[{\"@type\":\"ListItem\",\"position\":1,\"item\":{\"@type\":\"WebPage\",\"@id\":\"https:\/\/knjiznice.nsk.hr\/ivanec\/\",\"url\":\"https:\/\/knjiznice.nsk.hr\/ivanec\/\",\"name\":\"Po\\u010detna stranica\"}},{\"@type\":\"ListItem\",\"position\":2,\"item\":{\"@id\":\"http:\/\/knjiznice.nsk.hr\/ivanec\/itransparentnost\/#webpage\"}}]}]}<\/script>\n<!-- \/ Yoast SEO plugin. -->","_links":{"self":[{"href":"https:\/\/knjiznice.nsk.hr\/ivanec\/wp-json\/wp\/v2\/pages\/1733"}],"collection":[{"href":"https:\/\/knjiznice.nsk.hr\/ivanec\/wp-json\/wp\/v2\/pages"}],"about":[{"href":"https:\/\/knjiznice.nsk.hr\/ivanec\/wp-json\/wp\/v2\/types\/page"}],"author":[{"embeddable":true,"href":"https:\/\/knjiznice.nsk.hr\/ivanec\/wp-json\/wp\/v2\/users\/23"}],"replies":[{"embeddable":true,"href":"https:\/\/knjiznice.nsk.hr\/ivanec\/wp-json\/wp\/v2\/comments?post=1733"}],"version-history":[{"count":21,"href":"https:\/\/knjiznice.nsk.hr\/ivanec\/wp-json\/wp\/v2\/pages\/1733\/revisions"}],"predecessor-version":[{"id":2199,"href":"https:\/\/knjiznice.nsk.hr\/ivanec\/wp-json\/wp\/v2\/pages\/1733\/revisions\/2199"}],"wp:attachment":[{"href":"https:\/\/knjiznice.nsk.hr\/ivanec\/wp-json\/wp\/v2\/media?parent=1733"}],"curies":[{"name":"wp","href":"https:\/\/api.w.org\/{rel}","templated":true}]}}