{"id":54,"date":"2015-04-17T08:40:06","date_gmt":"2015-04-17T08:40:06","guid":{"rendered":"http:\/\/knjiznice.nsk.hr\/gracac\/?page_id=54"},"modified":"2015-04-17T09:07:19","modified_gmt":"2015-04-17T09:07:19","slug":"galerija","status":"publish","type":"page","link":"https:\/\/knjiznice.nsk.hr\/gracac\/galerija\/","title":{"rendered":"Galerija"},"content":{"rendered":"<p><strong>Knji\u017enica &#8211; doga\u0111anja<\/strong><\/p>\n<p>&nbsp;<\/p>\n<p><!-- index.php -->\n<div\n\tclass=\"ngg-galleryoverview ngg-ajax-pagination-none\"\n\tid=\"ngg-gallery-95-1\">\n\n    \t<div class=\"slideshowlink\">\n        <a href='https:\/\/knjiznice.nsk.hr\/gracac\/galerija\/nggallery\/slideshow'>[Show slideshow]<\/a>\n\t\t\n\t<\/div>\n\t\t\t<!-- Thumbnails -->\n\t\t\t\t<div id=\"ngg-image-0\" class=\"ngg-gallery-thumbnail-box\" >\n\t\t\t\t        <div class=\"ngg-gallery-thumbnail\">\n            <a href=\"https:\/\/knjiznice.nsk.hr\/gracac\/wp-content\/uploads\/sites\/20\/nggallery\/knjiznica-dogadanja\/PB0100231.jpg\"\n               title=\"Knji\u017enica - doga\u0111anja\"\n               data-src=\"https:\/\/knjiznice.nsk.hr\/gracac\/wp-content\/uploads\/sites\/20\/nggallery\/knjiznica-dogadanja\/PB0100231.jpg\"\n               data-thumbnail=\"https:\/\/knjiznice.nsk.hr\/gracac\/wp-content\/uploads\/sites\/20\/nggallery\/knjiznica-dogadanja\/thumbs\/thumbs_PB0100231.jpg\"\n               data-image-id=\"9\"\n               data-title=\"PB0100231\"\n               data-description=\"Knji\u017enica - doga\u0111anja\"\n               data-image-slug=\"pb0100231\"\n               class=\"ngg-fancybox\" rel=\"95\">\n                <img\n                    title=\"PB0100231\"\n                    alt=\"PB0100231\"\n                    src=\"https:\/\/knjiznice.nsk.hr\/gracac\/wp-content\/uploads\/sites\/20\/nggallery\/knjiznica-dogadanja\/thumbs\/thumbs_PB0100231.jpg\"\n                    width=\"120\"\n                    height=\"90\"\n                    style=\"max-width:100%;\"\n                \/>\n            <\/a>\n        <\/div>\n\t\t\t\t\t\t\t<\/div> \n\t\t\t\n        \n\t\t\t\t<div id=\"ngg-image-1\" class=\"ngg-gallery-thumbnail-box\" >\n\t\t\t\t        <div class=\"ngg-gallery-thumbnail\">\n            <a href=\"https:\/\/knjiznice.nsk.hr\/gracac\/wp-content\/uploads\/sites\/20\/nggallery\/knjiznica-dogadanja\/doga%C3%84%E2%80%98anja-069.jpg\"\n               title=\"Knji\u017enica - doga\u0111anja\"\n               data-src=\"https:\/\/knjiznice.nsk.hr\/gracac\/wp-content\/uploads\/sites\/20\/nggallery\/knjiznica-dogadanja\/doga%C3%84%E2%80%98anja-069.jpg\"\n               data-thumbnail=\"https:\/\/knjiznice.nsk.hr\/gracac\/wp-content\/uploads\/sites\/20\/nggallery\/knjiznica-dogadanja\/thumbs\/thumbs_doga%C3%84%E2%80%98anja-069.jpg\"\n               data-image-id=\"7\"\n               data-title=\"doga\u00c4\u2018anja-069\"\n               data-description=\"Knji\u017enica - doga\u0111anja\"\n               data-image-slug=\"doga%c3%a4%e2%80%98anja-069-1\"\n               class=\"ngg-fancybox\" rel=\"95\">\n                <img\n                    title=\"doga\u00c4\u2018anja-069\"\n                    alt=\"doga\u00c4\u2018anja-069\"\n                    src=\"https:\/\/knjiznice.nsk.hr\/gracac\/wp-content\/uploads\/sites\/20\/nggallery\/knjiznica-dogadanja\/thumbs\/thumbs_doga%C3%84%E2%80%98anja-069.jpg\"\n                    width=\"120\"\n                    height=\"90\"\n                    style=\"max-width:100%;\"\n                \/>\n            <\/a>\n        <\/div>\n\t\t\t\t\t\t\t<\/div> \n\t\t\t\n        \n\t\t\t\t<div id=\"ngg-image-2\" class=\"ngg-gallery-thumbnail-box\" >\n\t\t\t\t        <div class=\"ngg-gallery-thumbnail\">\n            <a href=\"https:\/\/knjiznice.nsk.hr\/gracac\/wp-content\/uploads\/sites\/20\/nggallery\/knjiznica-dogadanja\/doga%C3%84%E2%80%98anja-035.jpg\"\n               title=\"Knji\u017enica - doga\u0111anja\"\n               data-src=\"https:\/\/knjiznice.nsk.hr\/gracac\/wp-content\/uploads\/sites\/20\/nggallery\/knjiznica-dogadanja\/doga%C3%84%E2%80%98anja-035.jpg\"\n               data-thumbnail=\"https:\/\/knjiznice.nsk.hr\/gracac\/wp-content\/uploads\/sites\/20\/nggallery\/knjiznica-dogadanja\/thumbs\/thumbs_doga%C3%84%E2%80%98anja-035.jpg\"\n               data-image-id=\"4\"\n               data-title=\"doga\u00c4\u2018anja-035\"\n               data-description=\"Knji\u017enica - doga\u0111anja\"\n               data-image-slug=\"doga%c3%a4%e2%80%98anja-035-1\"\n               class=\"ngg-fancybox\" rel=\"95\">\n                <img\n                    title=\"doga\u00c4\u2018anja-035\"\n                    alt=\"doga\u00c4\u2018anja-035\"\n                    src=\"https:\/\/knjiznice.nsk.hr\/gracac\/wp-content\/uploads\/sites\/20\/nggallery\/knjiznica-dogadanja\/thumbs\/thumbs_doga%C3%84%E2%80%98anja-035.jpg\"\n                    width=\"120\"\n                    height=\"90\"\n                    style=\"max-width:100%;\"\n                \/>\n            <\/a>\n        <\/div>\n\t\t\t\t\t\t\t<\/div> \n\t\t\t\n        \n\t\t\t\t<div id=\"ngg-image-3\" class=\"ngg-gallery-thumbnail-box\" >\n\t\t\t\t        <div class=\"ngg-gallery-thumbnail\">\n            <a href=\"https:\/\/knjiznice.nsk.hr\/gracac\/wp-content\/uploads\/sites\/20\/nggallery\/knjiznica-dogadanja\/doga%C3%84%E2%80%98anja-061.jpg\"\n               title=\"Knji\u017enica - doga\u0111anja\"\n               data-src=\"https:\/\/knjiznice.nsk.hr\/gracac\/wp-content\/uploads\/sites\/20\/nggallery\/knjiznica-dogadanja\/doga%C3%84%E2%80%98anja-061.jpg\"\n               data-thumbnail=\"https:\/\/knjiznice.nsk.hr\/gracac\/wp-content\/uploads\/sites\/20\/nggallery\/knjiznica-dogadanja\/thumbs\/thumbs_doga%C3%84%E2%80%98anja-061.jpg\"\n               data-image-id=\"5\"\n               data-title=\"doga\u00c4\u2018anja-061\"\n               data-description=\"Knji\u017enica - doga\u0111anja\"\n               data-image-slug=\"doga%c3%a4%e2%80%98anja-061-1\"\n               class=\"ngg-fancybox\" rel=\"95\">\n                <img\n                    title=\"doga\u00c4\u2018anja-061\"\n                    alt=\"doga\u00c4\u2018anja-061\"\n                    src=\"https:\/\/knjiznice.nsk.hr\/gracac\/wp-content\/uploads\/sites\/20\/nggallery\/knjiznica-dogadanja\/thumbs\/thumbs_doga%C3%84%E2%80%98anja-061.jpg\"\n                    width=\"120\"\n                    height=\"90\"\n                    style=\"max-width:100%;\"\n                \/>\n            <\/a>\n        <\/div>\n\t\t\t\t\t\t\t<\/div> \n\t\t\t\n        \n\t\t\t\t<div id=\"ngg-image-4\" class=\"ngg-gallery-thumbnail-box\" >\n\t\t\t\t        <div class=\"ngg-gallery-thumbnail\">\n            <a href=\"https:\/\/knjiznice.nsk.hr\/gracac\/wp-content\/uploads\/sites\/20\/nggallery\/knjiznica-dogadanja\/doga%C3%84%E2%80%98anja-062.jpg\"\n               title=\"Knji\u017enica - doga\u0111anja\"\n               data-src=\"https:\/\/knjiznice.nsk.hr\/gracac\/wp-content\/uploads\/sites\/20\/nggallery\/knjiznica-dogadanja\/doga%C3%84%E2%80%98anja-062.jpg\"\n               data-thumbnail=\"https:\/\/knjiznice.nsk.hr\/gracac\/wp-content\/uploads\/sites\/20\/nggallery\/knjiznica-dogadanja\/thumbs\/thumbs_doga%C3%84%E2%80%98anja-062.jpg\"\n               data-image-id=\"6\"\n               data-title=\"doga\u00c4\u2018anja-062\"\n               data-description=\"Knji\u017enica - doga\u0111anja\"\n               data-image-slug=\"doga%c3%a4%e2%80%98anja-062-1\"\n               class=\"ngg-fancybox\" rel=\"95\">\n                <img\n                    title=\"doga\u00c4\u2018anja-062\"\n                    alt=\"doga\u00c4\u2018anja-062\"\n                    src=\"https:\/\/knjiznice.nsk.hr\/gracac\/wp-content\/uploads\/sites\/20\/nggallery\/knjiznica-dogadanja\/thumbs\/thumbs_doga%C3%84%E2%80%98anja-062.jpg\"\n                    width=\"120\"\n                    height=\"90\"\n                    style=\"max-width:100%;\"\n                \/>\n            <\/a>\n        <\/div>\n\t\t\t\t\t\t\t<\/div> \n\t\t\t\n        \n\t\t\t\t<div id=\"ngg-image-5\" class=\"ngg-gallery-thumbnail-box\" >\n\t\t\t\t        <div class=\"ngg-gallery-thumbnail\">\n            <a href=\"https:\/\/knjiznice.nsk.hr\/gracac\/wp-content\/uploads\/sites\/20\/nggallery\/knjiznica-dogadanja\/doga%C3%84%E2%80%98anja-102.jpg\"\n               title=\"Knji\u017enica - doga\u0111anja\"\n               data-src=\"https:\/\/knjiznice.nsk.hr\/gracac\/wp-content\/uploads\/sites\/20\/nggallery\/knjiznica-dogadanja\/doga%C3%84%E2%80%98anja-102.jpg\"\n               data-thumbnail=\"https:\/\/knjiznice.nsk.hr\/gracac\/wp-content\/uploads\/sites\/20\/nggallery\/knjiznica-dogadanja\/thumbs\/thumbs_doga%C3%84%E2%80%98anja-102.jpg\"\n               data-image-id=\"8\"\n               data-title=\"doga\u00c4\u2018anja-102\"\n               data-description=\"Knji\u017enica - doga\u0111anja\"\n               data-image-slug=\"doga%c3%a4%e2%80%98anja-102-1\"\n               class=\"ngg-fancybox\" rel=\"95\">\n                <img\n                    title=\"doga\u00c4\u2018anja-102\"\n                    alt=\"doga\u00c4\u2018anja-102\"\n                    src=\"https:\/\/knjiznice.nsk.hr\/gracac\/wp-content\/uploads\/sites\/20\/nggallery\/knjiznica-dogadanja\/thumbs\/thumbs_doga%C3%84%E2%80%98anja-102.jpg\"\n                    width=\"120\"\n                    height=\"90\"\n                    style=\"max-width:100%;\"\n                \/>\n            <\/a>\n        <\/div>\n\t\t\t\t\t\t\t<\/div> \n\t\t\t\n        \n\t\t\t\t<div id=\"ngg-image-6\" class=\"ngg-gallery-thumbnail-box\" >\n\t\t\t\t        <div class=\"ngg-gallery-thumbnail\">\n            <a href=\"https:\/\/knjiznice.nsk.hr\/gracac\/wp-content\/uploads\/sites\/20\/nggallery\/knjiznica-dogadanja\/Copy-3-of-Copy-of-dogadjanja-078.jpg\"\n               title=\"Knji\u017enica - doga\u0111anja\"\n               data-src=\"https:\/\/knjiznice.nsk.hr\/gracac\/wp-content\/uploads\/sites\/20\/nggallery\/knjiznica-dogadanja\/Copy-3-of-Copy-of-dogadjanja-078.jpg\"\n               data-thumbnail=\"https:\/\/knjiznice.nsk.hr\/gracac\/wp-content\/uploads\/sites\/20\/nggallery\/knjiznica-dogadanja\/thumbs\/thumbs_Copy-3-of-Copy-of-dogadjanja-078.jpg\"\n               data-image-id=\"2\"\n               data-title=\"Copy-3-of-Copy-of-dogadjanja-078\"\n               data-description=\"Knji\u017enica - doga\u0111anja\"\n               data-image-slug=\"copy-3-of-copy-of-dogadjanja-078\"\n               class=\"ngg-fancybox\" rel=\"95\">\n                <img\n                    title=\"Copy-3-of-Copy-of-dogadjanja-078\"\n                    alt=\"Copy-3-of-Copy-of-dogadjanja-078\"\n                    src=\"https:\/\/knjiznice.nsk.hr\/gracac\/wp-content\/uploads\/sites\/20\/nggallery\/knjiznica-dogadanja\/thumbs\/thumbs_Copy-3-of-Copy-of-dogadjanja-078.jpg\"\n                    width=\"120\"\n                    height=\"90\"\n                    style=\"max-width:100%;\"\n                \/>\n            <\/a>\n        <\/div>\n\t\t\t\t\t\t\t<\/div> \n\t\t\t\n        \n\t\t\t\t<div id=\"ngg-image-7\" class=\"ngg-gallery-thumbnail-box\" >\n\t\t\t\t        <div class=\"ngg-gallery-thumbnail\">\n            <a href=\"https:\/\/knjiznice.nsk.hr\/gracac\/wp-content\/uploads\/sites\/20\/nggallery\/knjiznica-dogadanja\/doga%C3%84%E2%80%98anja-019.jpg\"\n               title=\"Knji\u017enica - doga\u0111anja\"\n               data-src=\"https:\/\/knjiznice.nsk.hr\/gracac\/wp-content\/uploads\/sites\/20\/nggallery\/knjiznica-dogadanja\/doga%C3%84%E2%80%98anja-019.jpg\"\n               data-thumbnail=\"https:\/\/knjiznice.nsk.hr\/gracac\/wp-content\/uploads\/sites\/20\/nggallery\/knjiznica-dogadanja\/thumbs\/thumbs_doga%C3%84%E2%80%98anja-019.jpg\"\n               data-image-id=\"3\"\n               data-title=\"doga\u00c4\u2018anja-019\"\n               data-description=\"Knji\u017enica - doga\u0111anja\"\n               data-image-slug=\"doga%c3%a4%e2%80%98anja-019-1\"\n               class=\"ngg-fancybox\" rel=\"95\">\n                <img\n                    title=\"doga\u00c4\u2018anja-019\"\n                    alt=\"doga\u00c4\u2018anja-019\"\n                    src=\"https:\/\/knjiznice.nsk.hr\/gracac\/wp-content\/uploads\/sites\/20\/nggallery\/knjiznica-dogadanja\/thumbs\/thumbs_doga%C3%84%E2%80%98anja-019.jpg\"\n                    width=\"120\"\n                    height=\"90\"\n                    style=\"max-width:100%;\"\n                \/>\n            <\/a>\n        <\/div>\n\t\t\t\t\t\t\t<\/div> \n\t\t\t\n        \n\t\t\t\t<div id=\"ngg-image-8\" class=\"ngg-gallery-thumbnail-box\" >\n\t\t\t\t        <div class=\"ngg-gallery-thumbnail\">\n            <a href=\"https:\/\/knjiznice.nsk.hr\/gracac\/wp-content\/uploads\/sites\/20\/nggallery\/knjiznica-dogadanja\/009.jpg\"\n               title=\"Knji\u017enica - doga\u0111anja\"\n               data-src=\"https:\/\/knjiznice.nsk.hr\/gracac\/wp-content\/uploads\/sites\/20\/nggallery\/knjiznica-dogadanja\/009.jpg\"\n               data-thumbnail=\"https:\/\/knjiznice.nsk.hr\/gracac\/wp-content\/uploads\/sites\/20\/nggallery\/knjiznica-dogadanja\/thumbs\/thumbs_009.jpg\"\n               data-image-id=\"1\"\n               data-title=\"009\"\n               data-description=\"Knji\u017enica - doga\u0111anja\"\n               data-image-slug=\"009\"\n               class=\"ngg-fancybox\" rel=\"95\">\n                <img\n                    title=\"009\"\n                    alt=\"009\"\n                    src=\"https:\/\/knjiznice.nsk.hr\/gracac\/wp-content\/uploads\/sites\/20\/nggallery\/knjiznica-dogadanja\/thumbs\/thumbs_009.jpg\"\n                    width=\"120\"\n                    height=\"90\"\n                    style=\"max-width:100%;\"\n                \/>\n            <\/a>\n        <\/div>\n\t\t\t\t\t\t\t<\/div> \n\t\t\t\n        \n\t\t\n\t\t<!-- Pagination -->\n\t<div class='ngg-clear'><\/div>\t<\/div>\n<\/p>\n","protected":false},"excerpt":{"rendered":"<p>Knji\u017enica &#8211; doga\u0111anja &nbsp;<\/p>\n","protected":false},"author":16,"featured_media":0,"parent":0,"menu_order":0,"comment_status":"closed","ping_status":"closed","template":"","meta":{"ngg_post_thumbnail":0},"yoast_head":"<!-- This site is optimized with the Yoast SEO plugin v16.4 - https:\/\/yoast.com\/wordpress\/plugins\/seo\/ -->\n<meta name=\"robots\" content=\"index, follow, max-snippet:-1, max-image-preview:large, max-video-preview:-1\" \/>\n<link rel=\"canonical\" href=\"http:\/\/knjiznice.nsk.hr\/gracac\/galerija\/\" \/>\n<meta property=\"og:locale\" content=\"hr_HR\" \/>\n<meta property=\"og:type\" content=\"article\" \/>\n<meta property=\"og:title\" content=\"Galerija - Knji\u017enica i \u010ditaonica Gra\u010dac\" \/>\n<meta property=\"og:description\" content=\"Knji\u017enica &#8211; doga\u0111anja &nbsp;\" \/>\n<meta property=\"og:url\" content=\"http:\/\/knjiznice.nsk.hr\/gracac\/galerija\/\" \/>\n<meta property=\"og:site_name\" content=\"Knji\u017enica i \u010ditaonica Gra\u010dac\" \/>\n<meta property=\"article:modified_time\" content=\"2015-04-17T09:07:19+00:00\" \/>\n<meta property=\"og:image\" content=\"http:\/\/knjiznice.nsk.hr\/gracac\/nextgen-attach_to_post\/preview\/id--95\" \/>\n<script type=\"application\/ld+json\" class=\"yoast-schema-graph\">{\"@context\":\"https:\/\/schema.org\",\"@graph\":[{\"@type\":\"WebSite\",\"@id\":\"http:\/\/knjiznice.nsk.hr\/gracac\/#website\",\"url\":\"http:\/\/knjiznice.nsk.hr\/gracac\/\",\"name\":\"Knji\\u017enica i \\u010ditaonica Gra\\u010dac\",\"description\":\"\",\"potentialAction\":[{\"@type\":\"SearchAction\",\"target\":\"http:\/\/knjiznice.nsk.hr\/gracac\/?s={search_term_string}\",\"query-input\":\"required name=search_term_string\"}],\"inLanguage\":\"hr\"},{\"@type\":\"ImageObject\",\"@id\":\"http:\/\/knjiznice.nsk.hr\/gracac\/galerija\/#primaryimage\",\"inLanguage\":\"hr\",\"url\":\"http:\/\/knjiznice.nsk.hr\/gracac\/nextgen-attach_to_post\/preview\/id--95\",\"contentUrl\":\"http:\/\/knjiznice.nsk.hr\/gracac\/nextgen-attach_to_post\/preview\/id--95\"},{\"@type\":\"WebPage\",\"@id\":\"http:\/\/knjiznice.nsk.hr\/gracac\/galerija\/#webpage\",\"url\":\"http:\/\/knjiznice.nsk.hr\/gracac\/galerija\/\",\"name\":\"Galerija - Knji\\u017enica i \\u010ditaonica Gra\\u010dac\",\"isPartOf\":{\"@id\":\"http:\/\/knjiznice.nsk.hr\/gracac\/#website\"},\"primaryImageOfPage\":{\"@id\":\"http:\/\/knjiznice.nsk.hr\/gracac\/galerija\/#primaryimage\"},\"datePublished\":\"2015-04-17T08:40:06+00:00\",\"dateModified\":\"2015-04-17T09:07:19+00:00\",\"breadcrumb\":{\"@id\":\"http:\/\/knjiznice.nsk.hr\/gracac\/galerija\/#breadcrumb\"},\"inLanguage\":\"hr\",\"potentialAction\":[{\"@type\":\"ReadAction\",\"target\":[\"http:\/\/knjiznice.nsk.hr\/gracac\/galerija\/\"]}]},{\"@type\":\"BreadcrumbList\",\"@id\":\"http:\/\/knjiznice.nsk.hr\/gracac\/galerija\/#breadcrumb\",\"itemListElement\":[{\"@type\":\"ListItem\",\"position\":1,\"item\":{\"@type\":\"WebPage\",\"@id\":\"http:\/\/knjiznice.nsk.hr\/gracac\/\",\"url\":\"http:\/\/knjiznice.nsk.hr\/gracac\/\",\"name\":\"Po\\u010detna stranica\"}},{\"@type\":\"ListItem\",\"position\":2,\"item\":{\"@id\":\"http:\/\/knjiznice.nsk.hr\/gracac\/galerija\/#webpage\"}}]}]}<\/script>\n<!-- \/ Yoast SEO plugin. -->","_links":{"self":[{"href":"https:\/\/knjiznice.nsk.hr\/gracac\/wp-json\/wp\/v2\/pages\/54"}],"collection":[{"href":"https:\/\/knjiznice.nsk.hr\/gracac\/wp-json\/wp\/v2\/pages"}],"about":[{"href":"https:\/\/knjiznice.nsk.hr\/gracac\/wp-json\/wp\/v2\/types\/page"}],"author":[{"embeddable":true,"href":"https:\/\/knjiznice.nsk.hr\/gracac\/wp-json\/wp\/v2\/users\/16"}],"replies":[{"embeddable":true,"href":"https:\/\/knjiznice.nsk.hr\/gracac\/wp-json\/wp\/v2\/comments?post=54"}],"version-history":[{"count":2,"href":"https:\/\/knjiznice.nsk.hr\/gracac\/wp-json\/wp\/v2\/pages\/54\/revisions"}],"predecessor-version":[{"id":96,"href":"https:\/\/knjiznice.nsk.hr\/gracac\/wp-json\/wp\/v2\/pages\/54\/revisions\/96"}],"wp:attachment":[{"href":"https:\/\/knjiznice.nsk.hr\/gracac\/wp-json\/wp\/v2\/media?parent=54"}],"curies":[{"name":"wp","href":"https:\/\/api.w.org\/{rel}","templated":true}]}}