{"id":50,"date":"2015-04-17T08:39:03","date_gmt":"2015-04-17T08:39:03","guid":{"rendered":"http:\/\/knjiznice.nsk.hr\/gracac\/?page_id=50"},"modified":"2015-04-17T08:40:56","modified_gmt":"2015-04-17T08:40:56","slug":"novi-naslovi","status":"publish","type":"page","link":"https:\/\/knjiznice.nsk.hr\/gracac\/novi-naslovi\/","title":{"rendered":"Novi naslovi"},"content":{"rendered":"<p>Knji\u017enica i \u010ditaonica Gra\u010dac nastoji izabrati naslove za sva\u010diji ukus: od knjiga za sate razonode, preko knjiga o kojima pri\u010da cijeli svijet, va\u017enih naslova doma\u0107e proze, iznimnih gastronomskih izdanja, knjiga sa savjetima koji \u0107e vam osigurati lak\u0161e snala\u017eenje u kompliciranim me\u0111uljudskim odnosima, izvrsnim biografijama pa sve do publicisti\u010dkih naslova u kojima se obra\u0111uju va\u017ene teme svijeta u kojem \u017eivimo.<br \/>\nNismo, naravno, zaboravili ni najmla\u0111e i drago nam je da na\u0161im naslovima mo\u017eemo zadovoljiti njihove potrebe putovanja u svijet ma\u0161te.<\/p>\n","protected":false},"excerpt":{"rendered":"<p>Knji\u017enica i \u010ditaonica Gra\u010dac nastoji izabrati naslove za sva\u010diji ukus: od knjiga za sate razonode, preko knjiga o kojima pri\u010da cijeli svijet, va\u017enih naslova doma\u0107e proze, iznimnih gastronomskih izdanja, knjiga sa savjetima koji \u0107e vam osigurati lak\u0161e snala\u017eenje u kompliciranim me\u0111uljudskim odnosima, izvrsnim biografijama pa sve do publicisti\u010dkih naslova u kojima se obra\u0111uju va\u017ene teme [&hellip;]<\/p>\n","protected":false},"author":16,"featured_media":0,"parent":0,"menu_order":0,"comment_status":"closed","ping_status":"closed","template":"","meta":{"ngg_post_thumbnail":0},"yoast_head":"<!-- This site is optimized with the Yoast SEO plugin v16.4 - https:\/\/yoast.com\/wordpress\/plugins\/seo\/ -->\n<meta name=\"robots\" content=\"index, follow, max-snippet:-1, max-image-preview:large, max-video-preview:-1\" \/>\n<link rel=\"canonical\" href=\"http:\/\/knjiznice.nsk.hr\/gracac\/novi-naslovi\/\" \/>\n<meta property=\"og:locale\" content=\"hr_HR\" \/>\n<meta property=\"og:type\" content=\"article\" \/>\n<meta property=\"og:title\" content=\"Novi naslovi - Knji\u017enica i \u010ditaonica Gra\u010dac\" \/>\n<meta property=\"og:description\" content=\"Knji\u017enica i \u010ditaonica Gra\u010dac nastoji izabrati naslove za sva\u010diji ukus: od knjiga za sate razonode, preko knjiga o kojima pri\u010da cijeli svijet, va\u017enih naslova doma\u0107e proze, iznimnih gastronomskih izdanja, knjiga sa savjetima koji \u0107e vam osigurati lak\u0161e snala\u017eenje u kompliciranim me\u0111uljudskim odnosima, izvrsnim biografijama pa sve do publicisti\u010dkih naslova u kojima se obra\u0111uju va\u017ene teme [&hellip;]\" \/>\n<meta property=\"og:url\" content=\"http:\/\/knjiznice.nsk.hr\/gracac\/novi-naslovi\/\" \/>\n<meta property=\"og:site_name\" content=\"Knji\u017enica i \u010ditaonica Gra\u010dac\" \/>\n<meta property=\"article:modified_time\" content=\"2015-04-17T08:40:56+00:00\" \/>\n<script type=\"application\/ld+json\" class=\"yoast-schema-graph\">{\"@context\":\"https:\/\/schema.org\",\"@graph\":[{\"@type\":\"WebSite\",\"@id\":\"http:\/\/knjiznice.nsk.hr\/gracac\/#website\",\"url\":\"http:\/\/knjiznice.nsk.hr\/gracac\/\",\"name\":\"Knji\\u017enica i \\u010ditaonica Gra\\u010dac\",\"description\":\"\",\"potentialAction\":[{\"@type\":\"SearchAction\",\"target\":\"http:\/\/knjiznice.nsk.hr\/gracac\/?s={search_term_string}\",\"query-input\":\"required name=search_term_string\"}],\"inLanguage\":\"hr\"},{\"@type\":\"WebPage\",\"@id\":\"http:\/\/knjiznice.nsk.hr\/gracac\/novi-naslovi\/#webpage\",\"url\":\"http:\/\/knjiznice.nsk.hr\/gracac\/novi-naslovi\/\",\"name\":\"Novi naslovi - Knji\\u017enica i \\u010ditaonica Gra\\u010dac\",\"isPartOf\":{\"@id\":\"http:\/\/knjiznice.nsk.hr\/gracac\/#website\"},\"datePublished\":\"2015-04-17T08:39:03+00:00\",\"dateModified\":\"2015-04-17T08:40:56+00:00\",\"breadcrumb\":{\"@id\":\"http:\/\/knjiznice.nsk.hr\/gracac\/novi-naslovi\/#breadcrumb\"},\"inLanguage\":\"hr\",\"potentialAction\":[{\"@type\":\"ReadAction\",\"target\":[\"http:\/\/knjiznice.nsk.hr\/gracac\/novi-naslovi\/\"]}]},{\"@type\":\"BreadcrumbList\",\"@id\":\"http:\/\/knjiznice.nsk.hr\/gracac\/novi-naslovi\/#breadcrumb\",\"itemListElement\":[{\"@type\":\"ListItem\",\"position\":1,\"item\":{\"@type\":\"WebPage\",\"@id\":\"http:\/\/knjiznice.nsk.hr\/gracac\/\",\"url\":\"http:\/\/knjiznice.nsk.hr\/gracac\/\",\"name\":\"Po\\u010detna stranica\"}},{\"@type\":\"ListItem\",\"position\":2,\"item\":{\"@id\":\"http:\/\/knjiznice.nsk.hr\/gracac\/novi-naslovi\/#webpage\"}}]}]}<\/script>\n<!-- \/ Yoast SEO plugin. -->","_links":{"self":[{"href":"https:\/\/knjiznice.nsk.hr\/gracac\/wp-json\/wp\/v2\/pages\/50"}],"collection":[{"href":"https:\/\/knjiznice.nsk.hr\/gracac\/wp-json\/wp\/v2\/pages"}],"about":[{"href":"https:\/\/knjiznice.nsk.hr\/gracac\/wp-json\/wp\/v2\/types\/page"}],"author":[{"embeddable":true,"href":"https:\/\/knjiznice.nsk.hr\/gracac\/wp-json\/wp\/v2\/users\/16"}],"replies":[{"embeddable":true,"href":"https:\/\/knjiznice.nsk.hr\/gracac\/wp-json\/wp\/v2\/comments?post=50"}],"version-history":[{"count":1,"href":"https:\/\/knjiznice.nsk.hr\/gracac\/wp-json\/wp\/v2\/pages\/50\/revisions"}],"predecessor-version":[{"id":51,"href":"https:\/\/knjiznice.nsk.hr\/gracac\/wp-json\/wp\/v2\/pages\/50\/revisions\/51"}],"wp:attachment":[{"href":"https:\/\/knjiznice.nsk.hr\/gracac\/wp-json\/wp\/v2\/media?parent=50"}],"curies":[{"name":"wp","href":"https:\/\/api.w.org\/{rel}","templated":true}]}}