{"id":48,"date":"2015-04-17T08:36:59","date_gmt":"2015-04-17T08:36:59","guid":{"rendered":"http:\/\/knjiznice.nsk.hr\/gracac\/?page_id=48"},"modified":"2015-04-17T08:40:32","modified_gmt":"2015-04-17T08:40:32","slug":"gracac-cita-23-28-03-2015-godine","status":"publish","type":"page","link":"https:\/\/knjiznice.nsk.hr\/gracac\/gracac-cita-23-28-03-2015-godine\/","title":{"rendered":"Gra\u010dac \u010dita 23. &#8211; 28. 03. 2015. godine"},"content":{"rendered":"<p><strong>PROGRAM:<\/strong><\/p>\n<p>1. 23.03.2015. god. (ponedjeljak)<br \/>\nDje\u010dji vrti\u0107 \u201e Baltazar\u201c<br \/>\nMentori: Katarina Juri\u0107, Irena Gale, Martina Peri\u0161i\u0107<br \/>\nTema: putovanje iz snova (likovna radionica)<br \/>\nLiteratura:<br \/>\n&#8211; Sanja Ivi\u0107: \u201eNeobi\u010dno putovanje\u201c<br \/>\n&#8211; Helme Heine: \u201eNove pustolovine prijatelja\u201c<br \/>\n&#8211; Vjekoslav Vojo Radoi\u010di\u0107: \u201ePutovanje ma\u010dka Nera\u201c<br \/>\n&#8211; Jules Verne: \u201ePut na Mjesec\u201c<br \/>\n&#8211; Marina Krpan Smiljanec: \u201eKako je Petit pobjegao na Mjesec\u201c<br \/>\n&#8211; Dje\u010dji vrti\u0107 \u201eGrabrik\u201c Karlovac: \u201ePri\u010da o dje\u010daku Nikoli Tesli\u201e<br \/>\nNositelji programa: djeca iz vrti\u0107a<br \/>\nVrijeme: 9 h<br \/>\nMjesto odr\u017eavanja: Knji\u017enica i \u010ditaonica Gra\u010dac<br \/>\nOpis: Kako djeca pred\u0161kolske dobi zami\u0161ljaju i do\u017eivljavaju putovanje iz snova<\/p>\n<p>2. 25.03.2015.god. (srijeda)<br \/>\nSrednja \u0161kola Gra\u010dac<br \/>\nMentori: prof. Anela Jurin i prof. Irena Stojanov<br \/>\nTema: Predstavljanje u\u010deni\u010dkih radova na temu: \u201eMoj putopis\u201c<br \/>\nNositelji programa: u\u010denici 1 A i 1D razreda<br \/>\nVrijeme: 8 h<br \/>\nMjesto odr\u017eavanja: Srednja \u0161kola Gra\u010dac<br \/>\nOpis: U\u010deni\u010dki do\u017eivljaj vremena i prostora<\/p>\n<p>3. 26.03.2015.god. (\u010detvrtak)<br \/>\nO\u0160 \u201eNikola Tesla\u201c Gra\u010dac<br \/>\nMentori: prof. Maja Kresovi\u0107<br \/>\nTema: Jules Verne: \u201ePutovanje oko svijeta u 80 dana\u201c<br \/>\nNositelji programa: u\u010denici 7 A i 7 C razreda<br \/>\nVrijeme: 11 h<br \/>\nMjesto odr\u017eavanja: O\u0160 \u201eNikola Tesla\u201c Gra\u010dac<br \/>\nOpis: Upoznavanje sa djelima klasika putovanja kroz ma\u0161tu<\/p>\n","protected":false},"excerpt":{"rendered":"<p>PROGRAM: 1. 23.03.2015. god. (ponedjeljak) Dje\u010dji vrti\u0107 \u201e Baltazar\u201c Mentori: Katarina Juri\u0107, Irena Gale, Martina Peri\u0161i\u0107 Tema: putovanje iz snova (likovna radionica) Literatura: &#8211; Sanja Ivi\u0107: \u201eNeobi\u010dno putovanje\u201c &#8211; Helme Heine: \u201eNove pustolovine prijatelja\u201c &#8211; Vjekoslav Vojo Radoi\u010di\u0107: \u201ePutovanje ma\u010dka Nera\u201c &#8211; Jules Verne: \u201ePut na Mjesec\u201c &#8211; Marina Krpan Smiljanec: \u201eKako je Petit pobjegao [&hellip;]<\/p>\n","protected":false},"author":16,"featured_media":0,"parent":0,"menu_order":0,"comment_status":"closed","ping_status":"closed","template":"","meta":{"ngg_post_thumbnail":0},"yoast_head":"<!-- This site is optimized with the Yoast SEO plugin v16.4 - https:\/\/yoast.com\/wordpress\/plugins\/seo\/ -->\n<meta name=\"robots\" content=\"index, follow, max-snippet:-1, max-image-preview:large, max-video-preview:-1\" \/>\n<link rel=\"canonical\" href=\"https:\/\/knjiznice.nsk.hr\/gracac\/gracac-cita-23-28-03-2015-godine\/\" \/>\n<meta property=\"og:locale\" content=\"hr_HR\" \/>\n<meta property=\"og:type\" content=\"article\" \/>\n<meta property=\"og:title\" content=\"Gra\u010dac \u010dita 23. - 28. 03. 2015. godine - Knji\u017enica i \u010ditaonica Gra\u010dac\" \/>\n<meta property=\"og:description\" content=\"PROGRAM: 1. 23.03.2015. god. (ponedjeljak) Dje\u010dji vrti\u0107 \u201e Baltazar\u201c Mentori: Katarina Juri\u0107, Irena Gale, Martina Peri\u0161i\u0107 Tema: putovanje iz snova (likovna radionica) Literatura: &#8211; Sanja Ivi\u0107: \u201eNeobi\u010dno putovanje\u201c &#8211; Helme Heine: \u201eNove pustolovine prijatelja\u201c &#8211; Vjekoslav Vojo Radoi\u010di\u0107: \u201ePutovanje ma\u010dka Nera\u201c &#8211; Jules Verne: \u201ePut na Mjesec\u201c &#8211; Marina Krpan Smiljanec: \u201eKako je Petit pobjegao [&hellip;]\" \/>\n<meta property=\"og:url\" content=\"https:\/\/knjiznice.nsk.hr\/gracac\/gracac-cita-23-28-03-2015-godine\/\" \/>\n<meta property=\"og:site_name\" content=\"Knji\u017enica i \u010ditaonica Gra\u010dac\" \/>\n<meta property=\"article:modified_time\" content=\"2015-04-17T08:40:32+00:00\" \/>\n<meta name=\"twitter:label1\" content=\"Procijenjeno vrijeme \u010ditanja\" \/>\n\t<meta name=\"twitter:data1\" content=\"1 minuta\" \/>\n<script type=\"application\/ld+json\" class=\"yoast-schema-graph\">{\"@context\":\"https:\/\/schema.org\",\"@graph\":[{\"@type\":\"WebSite\",\"@id\":\"https:\/\/knjiznice.nsk.hr\/gracac\/#website\",\"url\":\"https:\/\/knjiznice.nsk.hr\/gracac\/\",\"name\":\"Knji\\u017enica i \\u010ditaonica Gra\\u010dac\",\"description\":\"\",\"potentialAction\":[{\"@type\":\"SearchAction\",\"target\":\"https:\/\/knjiznice.nsk.hr\/gracac\/?s={search_term_string}\",\"query-input\":\"required name=search_term_string\"}],\"inLanguage\":\"hr\"},{\"@type\":\"WebPage\",\"@id\":\"https:\/\/knjiznice.nsk.hr\/gracac\/gracac-cita-23-28-03-2015-godine\/#webpage\",\"url\":\"https:\/\/knjiznice.nsk.hr\/gracac\/gracac-cita-23-28-03-2015-godine\/\",\"name\":\"Gra\\u010dac \\u010dita 23. - 28. 03. 2015. godine - Knji\\u017enica i \\u010ditaonica Gra\\u010dac\",\"isPartOf\":{\"@id\":\"https:\/\/knjiznice.nsk.hr\/gracac\/#website\"},\"datePublished\":\"2015-04-17T08:36:59+00:00\",\"dateModified\":\"2015-04-17T08:40:32+00:00\",\"breadcrumb\":{\"@id\":\"https:\/\/knjiznice.nsk.hr\/gracac\/gracac-cita-23-28-03-2015-godine\/#breadcrumb\"},\"inLanguage\":\"hr\",\"potentialAction\":[{\"@type\":\"ReadAction\",\"target\":[\"https:\/\/knjiznice.nsk.hr\/gracac\/gracac-cita-23-28-03-2015-godine\/\"]}]},{\"@type\":\"BreadcrumbList\",\"@id\":\"https:\/\/knjiznice.nsk.hr\/gracac\/gracac-cita-23-28-03-2015-godine\/#breadcrumb\",\"itemListElement\":[{\"@type\":\"ListItem\",\"position\":1,\"item\":{\"@type\":\"WebPage\",\"@id\":\"https:\/\/knjiznice.nsk.hr\/gracac\/\",\"url\":\"https:\/\/knjiznice.nsk.hr\/gracac\/\",\"name\":\"Po\\u010detna stranica\"}},{\"@type\":\"ListItem\",\"position\":2,\"item\":{\"@id\":\"https:\/\/knjiznice.nsk.hr\/gracac\/gracac-cita-23-28-03-2015-godine\/#webpage\"}}]}]}<\/script>\n<!-- \/ Yoast SEO plugin. -->","_links":{"self":[{"href":"https:\/\/knjiznice.nsk.hr\/gracac\/wp-json\/wp\/v2\/pages\/48"}],"collection":[{"href":"https:\/\/knjiznice.nsk.hr\/gracac\/wp-json\/wp\/v2\/pages"}],"about":[{"href":"https:\/\/knjiznice.nsk.hr\/gracac\/wp-json\/wp\/v2\/types\/page"}],"author":[{"embeddable":true,"href":"https:\/\/knjiznice.nsk.hr\/gracac\/wp-json\/wp\/v2\/users\/16"}],"replies":[{"embeddable":true,"href":"https:\/\/knjiznice.nsk.hr\/gracac\/wp-json\/wp\/v2\/comments?post=48"}],"version-history":[{"count":1,"href":"https:\/\/knjiznice.nsk.hr\/gracac\/wp-json\/wp\/v2\/pages\/48\/revisions"}],"predecessor-version":[{"id":49,"href":"https:\/\/knjiznice.nsk.hr\/gracac\/wp-json\/wp\/v2\/pages\/48\/revisions\/49"}],"wp:attachment":[{"href":"https:\/\/knjiznice.nsk.hr\/gracac\/wp-json\/wp\/v2\/media?parent=48"}],"curies":[{"name":"wp","href":"https:\/\/api.w.org\/{rel}","templated":true}]}}