{"id":28,"date":"2015-04-17T07:46:56","date_gmt":"2015-04-17T07:46:56","guid":{"rendered":"http:\/\/knjiznice.nsk.hr\/gracac\/?page_id=28"},"modified":"2015-04-17T08:41:04","modified_gmt":"2015-04-17T08:41:04","slug":"o-knjiznici","status":"publish","type":"page","link":"https:\/\/knjiznice.nsk.hr\/gracac\/o-knjiznici\/","title":{"rendered":"O knji\u017enici"},"content":{"rendered":"<p><strong>KNJI\u017dNICA I \u010cITAONICA GRA\u010cAC<\/strong><br \/>\nAdresa: Nikole Tesle 44<br \/>\nTel. 023\/775 003<br \/>\nFax : 023\/775 004<br \/>\ne-mail: knjiznica.i.citaonica.gracac@zd.htnet.hr<\/p>\n<p>&nbsp;<\/p>\n<p><strong>Radno vrijeme:<\/strong><\/p>\n<p>pon, sri, pet: 08 \u2013 15sati<br \/>\nutorak i \u010detvrtak: 11,30 \u2013 17 h<br \/>\nprve dvije subote u mjesecu: 08 \u2013 12 h<\/p>\n<p>&nbsp;<\/p>\n<p><strong>Osniva\u010d<\/strong>: Op\u0107ina Gra\u010dac (3.063 stanovnika <strong>)<\/strong><br \/>\n<strong>Ravnatelj<\/strong>: Bo\u017eidar Drobac<\/p>\n<p>&nbsp;<\/p>\n<p>Knji\u017enica i \u010ditaonica Gra\u010dac osnovana je 1980. godine pri Centru za kulturu Gra\u010dac, a s radom je zapo\u010dela 1983. godine. Nakon Domovinskog rata Knji\u017enica i \u010ditaonica Gra\u010dac osniva se kao samostalna ustanova. Uz financijsku pomo\u0107 Ministarstva kulture Republike Hrvatske, Zadarske \u017eupanije i Op\u0107ine Gra\u010dac te stru\u010dnu pomo\u0107 Gradske knji\u017enice Zadar, 2001. godine obnovljen je i opremljen prostor, nabavljena knji\u017ena gra\u0111a i zaposlen jedan diplomirani knji\u017eni\u010dar.<br \/>\nU jedinstvenom prostoru knji\u017enice od 160 m2 organizirani su odjeli za djecu i odrasle korisnike te prostor za \u010ditanje. Knji\u017enica ima razvijenu suradnju s Veleposlanstvom SAD \u2013 a u RH, zahvaljuju\u0107i kojoj je ostvarila brojne donacije u opremi, knjigama i razli\u010ditim kulturnim sadr\u017eajima.<br \/>\nKnji\u017eni\u010dni fond sadr\u017ei 15775 knji\u017enu jedinicu od kojih se prete\u017eit dio odnosi na knji\u017enu gra\u0111u (14165 sveska). Knji\u017enica ima zavi\u010dajnu zbirku. U njoj se trenutno nalaze 43 knjige. U Knji\u017enici su ponu\u0111ena 3 naslova periodike (24 sata, Modra lasta, Smib). U 2013 .godini imala je 237 \u010dlana, od kojih je najvi\u0161e djece i mladih do 18 godina (157) dok je odraslih \u010dlanova bilo 80 . U tijeku je unos knji\u017eni\u010dne gra\u0111e u elektronski katalog nakon \u010dega se planira potpuna automatizacija knji\u017eni\u010dnog poslovanja. Uz ravnatelja (VSS) u Knji\u017enici radi samo jedna stru\u010dna osoba (pomo\u0107na knji\u017eni\u010darka).<br \/>\nKnji\u017enica i \u010ditaonica Gra\u010dac je jedina narodna knji\u017enica u li\u010dkom dijelu Zadarske \u017eupanije. Knji\u017enica redovito prire\u0111uje knji\u017eevne susrete i popularna predavanja te obilje\u017eava sve zna\u010dajnije godi\u0161njice, posebno one koje su vezane uz lokalnu povijest (Marijan Matijevi\u0107). Veliku pa\u017enju posve\u0107uje aktivnostima promicanja \u010ditanja pri \u010demu aktivno sura\u0111uje sa svim odgojno \u2013 obrazovnim institucijama u op\u0107ini.<br \/>\nTijekom manifestacije Mjeseca hrvatske knjige prire\u0111uje brojna doga\u0111anja, uglavnom za \u0161kolsku djecu. Posljednjih godina Knji\u017enica se pridru\u017eila manifestaciji promicanja \u010ditanja \u201eZadar \u010dita\u201c kao nositelj \u010ditala\u010dkih aktivnosti na svom podru\u010dju.<\/p>\n","protected":false},"excerpt":{"rendered":"<p>KNJI\u017dNICA I \u010cITAONICA GRA\u010cAC Adresa: Nikole Tesle 44 Tel. 023\/775 003 Fax : 023\/775 004 e-mail: knjiznica.i.citaonica.gracac@zd.htnet.hr &nbsp; Radno vrijeme: pon, sri, pet: 08 \u2013 15sati utorak i \u010detvrtak: 11,30 \u2013 17 h prve dvije subote u mjesecu: 08 \u2013 12 h &nbsp; Osniva\u010d: Op\u0107ina Gra\u010dac (3.063 stanovnika ) Ravnatelj: Bo\u017eidar Drobac &nbsp; Knji\u017enica i [&hellip;]<\/p>\n","protected":false},"author":16,"featured_media":0,"parent":0,"menu_order":0,"comment_status":"closed","ping_status":"closed","template":"","meta":{"ngg_post_thumbnail":0},"yoast_head":"<!-- This site is optimized with the Yoast SEO plugin v16.4 - https:\/\/yoast.com\/wordpress\/plugins\/seo\/ -->\n<meta name=\"robots\" content=\"index, follow, max-snippet:-1, max-image-preview:large, max-video-preview:-1\" \/>\n<link rel=\"canonical\" href=\"https:\/\/knjiznice.nsk.hr\/gracac\/o-knjiznici\/\" \/>\n<meta property=\"og:locale\" content=\"hr_HR\" \/>\n<meta property=\"og:type\" content=\"article\" \/>\n<meta property=\"og:title\" content=\"O knji\u017enici - Knji\u017enica i \u010ditaonica Gra\u010dac\" \/>\n<meta property=\"og:description\" content=\"KNJI\u017dNICA I \u010cITAONICA GRA\u010cAC Adresa: Nikole Tesle 44 Tel. 023\/775 003 Fax : 023\/775 004 e-mail: knjiznica.i.citaonica.gracac@zd.htnet.hr &nbsp; Radno vrijeme: pon, sri, pet: 08 \u2013 15sati utorak i \u010detvrtak: 11,30 \u2013 17 h prve dvije subote u mjesecu: 08 \u2013 12 h &nbsp; Osniva\u010d: Op\u0107ina Gra\u010dac (3.063 stanovnika ) Ravnatelj: Bo\u017eidar Drobac &nbsp; Knji\u017enica i [&hellip;]\" \/>\n<meta property=\"og:url\" content=\"https:\/\/knjiznice.nsk.hr\/gracac\/o-knjiznici\/\" \/>\n<meta property=\"og:site_name\" content=\"Knji\u017enica i \u010ditaonica Gra\u010dac\" \/>\n<meta property=\"article:modified_time\" content=\"2015-04-17T08:41:04+00:00\" \/>\n<meta name=\"twitter:label1\" content=\"Procijenjeno vrijeme \u010ditanja\" \/>\n\t<meta name=\"twitter:data1\" content=\"2 minute\" \/>\n<script type=\"application\/ld+json\" class=\"yoast-schema-graph\">{\"@context\":\"https:\/\/schema.org\",\"@graph\":[{\"@type\":\"WebSite\",\"@id\":\"https:\/\/knjiznice.nsk.hr\/gracac\/#website\",\"url\":\"https:\/\/knjiznice.nsk.hr\/gracac\/\",\"name\":\"Knji\\u017enica i \\u010ditaonica Gra\\u010dac\",\"description\":\"\",\"potentialAction\":[{\"@type\":\"SearchAction\",\"target\":\"https:\/\/knjiznice.nsk.hr\/gracac\/?s={search_term_string}\",\"query-input\":\"required name=search_term_string\"}],\"inLanguage\":\"hr\"},{\"@type\":\"WebPage\",\"@id\":\"https:\/\/knjiznice.nsk.hr\/gracac\/o-knjiznici\/#webpage\",\"url\":\"https:\/\/knjiznice.nsk.hr\/gracac\/o-knjiznici\/\",\"name\":\"O knji\\u017enici - Knji\\u017enica i \\u010ditaonica Gra\\u010dac\",\"isPartOf\":{\"@id\":\"https:\/\/knjiznice.nsk.hr\/gracac\/#website\"},\"datePublished\":\"2015-04-17T07:46:56+00:00\",\"dateModified\":\"2015-04-17T08:41:04+00:00\",\"breadcrumb\":{\"@id\":\"https:\/\/knjiznice.nsk.hr\/gracac\/o-knjiznici\/#breadcrumb\"},\"inLanguage\":\"hr\",\"potentialAction\":[{\"@type\":\"ReadAction\",\"target\":[\"https:\/\/knjiznice.nsk.hr\/gracac\/o-knjiznici\/\"]}]},{\"@type\":\"BreadcrumbList\",\"@id\":\"https:\/\/knjiznice.nsk.hr\/gracac\/o-knjiznici\/#breadcrumb\",\"itemListElement\":[{\"@type\":\"ListItem\",\"position\":1,\"item\":{\"@type\":\"WebPage\",\"@id\":\"https:\/\/knjiznice.nsk.hr\/gracac\/\",\"url\":\"https:\/\/knjiznice.nsk.hr\/gracac\/\",\"name\":\"Po\\u010detna stranica\"}},{\"@type\":\"ListItem\",\"position\":2,\"item\":{\"@id\":\"https:\/\/knjiznice.nsk.hr\/gracac\/o-knjiznici\/#webpage\"}}]}]}<\/script>\n<!-- \/ Yoast SEO plugin. -->","_links":{"self":[{"href":"https:\/\/knjiznice.nsk.hr\/gracac\/wp-json\/wp\/v2\/pages\/28"}],"collection":[{"href":"https:\/\/knjiznice.nsk.hr\/gracac\/wp-json\/wp\/v2\/pages"}],"about":[{"href":"https:\/\/knjiznice.nsk.hr\/gracac\/wp-json\/wp\/v2\/types\/page"}],"author":[{"embeddable":true,"href":"https:\/\/knjiznice.nsk.hr\/gracac\/wp-json\/wp\/v2\/users\/16"}],"replies":[{"embeddable":true,"href":"https:\/\/knjiznice.nsk.hr\/gracac\/wp-json\/wp\/v2\/comments?post=28"}],"version-history":[{"count":5,"href":"https:\/\/knjiznice.nsk.hr\/gracac\/wp-json\/wp\/v2\/pages\/28\/revisions"}],"predecessor-version":[{"id":34,"href":"https:\/\/knjiznice.nsk.hr\/gracac\/wp-json\/wp\/v2\/pages\/28\/revisions\/34"}],"wp:attachment":[{"href":"https:\/\/knjiznice.nsk.hr\/gracac\/wp-json\/wp\/v2\/media?parent=28"}],"curies":[{"name":"wp","href":"https:\/\/api.w.org\/{rel}","templated":true}]}}