{"id":111,"date":"2015-10-29T11:09:43","date_gmt":"2015-10-29T11:09:43","guid":{"rendered":"http:\/\/knjiznice.nsk.hr\/gracac\/?page_id=111"},"modified":"2015-10-29T12:12:42","modified_gmt":"2015-10-29T12:12:42","slug":"poslovanje","status":"publish","type":"page","link":"https:\/\/knjiznice.nsk.hr\/gracac\/o-knjiznici\/poslovanje\/","title":{"rendered":"Poslovanje"},"content":{"rendered":"<p>Plan javne nabave za 2015. godinu.<\/p>\n<p>&nbsp;<\/p>\n<p>.<a href=\"http:\/\/knjiznice.nsk.hr\/gracac\/wp-content\/uploads\/sites\/20\/2015\/10\/plan.jpg\"><img loading=\"lazy\" class=\"alignnone size-medium wp-image-127\" src=\"http:\/\/knjiznice.nsk.hr\/gracac\/wp-content\/uploads\/sites\/20\/2015\/10\/plan-279x300.jpg\" alt=\"plan\" width=\"279\" height=\"300\" srcset=\"https:\/\/knjiznice.nsk.hr\/gracac\/wp-content\/uploads\/sites\/20\/2015\/10\/plan-279x300.jpg 279w, https:\/\/knjiznice.nsk.hr\/gracac\/wp-content\/uploads\/sites\/20\/2015\/10\/plan-600x646.jpg 600w, https:\/\/knjiznice.nsk.hr\/gracac\/wp-content\/uploads\/sites\/20\/2015\/10\/plan.jpg 706w\" sizes=\"(max-width: 279px) 100vw, 279px\" \/><\/a><\/p>\n<p>&nbsp;<\/p>\n<p>Plan javne nabave za 2016. godinu.<\/p>\n<p>&nbsp;<\/p>\n<p><a href=\"http:\/\/knjiznice.nsk.hr\/gracac\/wp-content\/uploads\/sites\/20\/2015\/10\/plan16.png\"><img loading=\"lazy\" class=\"alignnone size-medium wp-image-130\" src=\"http:\/\/knjiznice.nsk.hr\/gracac\/wp-content\/uploads\/sites\/20\/2015\/10\/plan16-280x300.png\" alt=\"plan16\" width=\"280\" height=\"300\" srcset=\"https:\/\/knjiznice.nsk.hr\/gracac\/wp-content\/uploads\/sites\/20\/2015\/10\/plan16-280x300.png 280w, https:\/\/knjiznice.nsk.hr\/gracac\/wp-content\/uploads\/sites\/20\/2015\/10\/plan16-600x643.png 600w, https:\/\/knjiznice.nsk.hr\/gracac\/wp-content\/uploads\/sites\/20\/2015\/10\/plan16.png 709w\" sizes=\"(max-width: 280px) 100vw, 280px\" \/><\/a><\/p>\n","protected":false},"excerpt":{"rendered":"<p>Plan javne nabave za 2015. godinu. &nbsp; . &nbsp; Plan javne nabave za 2016. godinu. &nbsp;<\/p>\n","protected":false},"author":16,"featured_media":0,"parent":28,"menu_order":0,"comment_status":"closed","ping_status":"closed","template":"","meta":{"ngg_post_thumbnail":0},"yoast_head":"<!-- This site is optimized with the Yoast SEO plugin v16.4 - https:\/\/yoast.com\/wordpress\/plugins\/seo\/ -->\n<meta name=\"robots\" content=\"index, follow, max-snippet:-1, max-image-preview:large, max-video-preview:-1\" \/>\n<link rel=\"canonical\" href=\"https:\/\/knjiznice.nsk.hr\/gracac\/o-knjiznici\/poslovanje\/\" \/>\n<meta property=\"og:locale\" content=\"hr_HR\" \/>\n<meta property=\"og:type\" content=\"article\" \/>\n<meta property=\"og:title\" content=\"Poslovanje - Knji\u017enica i \u010ditaonica Gra\u010dac\" \/>\n<meta property=\"og:description\" content=\"Plan javne nabave za 2015. godinu. &nbsp; . &nbsp; Plan javne nabave za 2016. godinu. &nbsp;\" \/>\n<meta property=\"og:url\" content=\"https:\/\/knjiznice.nsk.hr\/gracac\/o-knjiznici\/poslovanje\/\" \/>\n<meta property=\"og:site_name\" content=\"Knji\u017enica i \u010ditaonica Gra\u010dac\" \/>\n<meta property=\"article:modified_time\" content=\"2015-10-29T12:12:42+00:00\" \/>\n<meta property=\"og:image\" content=\"http:\/\/knjiznice.nsk.hr\/gracac\/wp-content\/uploads\/sites\/20\/2015\/10\/plan-279x300.jpg\" \/>\n<script type=\"application\/ld+json\" class=\"yoast-schema-graph\">{\"@context\":\"https:\/\/schema.org\",\"@graph\":[{\"@type\":\"WebSite\",\"@id\":\"https:\/\/knjiznice.nsk.hr\/gracac\/#website\",\"url\":\"https:\/\/knjiznice.nsk.hr\/gracac\/\",\"name\":\"Knji\\u017enica i \\u010ditaonica Gra\\u010dac\",\"description\":\"\",\"potentialAction\":[{\"@type\":\"SearchAction\",\"target\":\"https:\/\/knjiznice.nsk.hr\/gracac\/?s={search_term_string}\",\"query-input\":\"required name=search_term_string\"}],\"inLanguage\":\"hr\"},{\"@type\":\"ImageObject\",\"@id\":\"https:\/\/knjiznice.nsk.hr\/gracac\/o-knjiznici\/poslovanje\/#primaryimage\",\"inLanguage\":\"hr\",\"url\":\"http:\/\/knjiznice.nsk.hr\/gracac\/wp-content\/uploads\/sites\/20\/2015\/10\/plan-279x300.jpg\",\"contentUrl\":\"http:\/\/knjiznice.nsk.hr\/gracac\/wp-content\/uploads\/sites\/20\/2015\/10\/plan-279x300.jpg\"},{\"@type\":\"WebPage\",\"@id\":\"https:\/\/knjiznice.nsk.hr\/gracac\/o-knjiznici\/poslovanje\/#webpage\",\"url\":\"https:\/\/knjiznice.nsk.hr\/gracac\/o-knjiznici\/poslovanje\/\",\"name\":\"Poslovanje - Knji\\u017enica i \\u010ditaonica Gra\\u010dac\",\"isPartOf\":{\"@id\":\"https:\/\/knjiznice.nsk.hr\/gracac\/#website\"},\"primaryImageOfPage\":{\"@id\":\"https:\/\/knjiznice.nsk.hr\/gracac\/o-knjiznici\/poslovanje\/#primaryimage\"},\"datePublished\":\"2015-10-29T11:09:43+00:00\",\"dateModified\":\"2015-10-29T12:12:42+00:00\",\"breadcrumb\":{\"@id\":\"https:\/\/knjiznice.nsk.hr\/gracac\/o-knjiznici\/poslovanje\/#breadcrumb\"},\"inLanguage\":\"hr\",\"potentialAction\":[{\"@type\":\"ReadAction\",\"target\":[\"https:\/\/knjiznice.nsk.hr\/gracac\/o-knjiznici\/poslovanje\/\"]}]},{\"@type\":\"BreadcrumbList\",\"@id\":\"https:\/\/knjiznice.nsk.hr\/gracac\/o-knjiznici\/poslovanje\/#breadcrumb\",\"itemListElement\":[{\"@type\":\"ListItem\",\"position\":1,\"item\":{\"@type\":\"WebPage\",\"@id\":\"https:\/\/knjiznice.nsk.hr\/gracac\/\",\"url\":\"https:\/\/knjiznice.nsk.hr\/gracac\/\",\"name\":\"Po\\u010detna stranica\"}},{\"@type\":\"ListItem\",\"position\":2,\"item\":{\"@type\":\"WebPage\",\"@id\":\"https:\/\/knjiznice.nsk.hr\/gracac\/o-knjiznici\/\",\"url\":\"https:\/\/knjiznice.nsk.hr\/gracac\/o-knjiznici\/\",\"name\":\"O knji\\u017enici\"}},{\"@type\":\"ListItem\",\"position\":3,\"item\":{\"@id\":\"https:\/\/knjiznice.nsk.hr\/gracac\/o-knjiznici\/poslovanje\/#webpage\"}}]}]}<\/script>\n<!-- \/ Yoast SEO plugin. -->","_links":{"self":[{"href":"https:\/\/knjiznice.nsk.hr\/gracac\/wp-json\/wp\/v2\/pages\/111"}],"collection":[{"href":"https:\/\/knjiznice.nsk.hr\/gracac\/wp-json\/wp\/v2\/pages"}],"about":[{"href":"https:\/\/knjiznice.nsk.hr\/gracac\/wp-json\/wp\/v2\/types\/page"}],"author":[{"embeddable":true,"href":"https:\/\/knjiznice.nsk.hr\/gracac\/wp-json\/wp\/v2\/users\/16"}],"replies":[{"embeddable":true,"href":"https:\/\/knjiznice.nsk.hr\/gracac\/wp-json\/wp\/v2\/comments?post=111"}],"version-history":[{"count":4,"href":"https:\/\/knjiznice.nsk.hr\/gracac\/wp-json\/wp\/v2\/pages\/111\/revisions"}],"predecessor-version":[{"id":131,"href":"https:\/\/knjiznice.nsk.hr\/gracac\/wp-json\/wp\/v2\/pages\/111\/revisions\/131"}],"up":[{"embeddable":true,"href":"https:\/\/knjiznice.nsk.hr\/gracac\/wp-json\/wp\/v2\/pages\/28"}],"wp:attachment":[{"href":"https:\/\/knjiznice.nsk.hr\/gracac\/wp-json\/wp\/v2\/media?parent=111"}],"curies":[{"name":"wp","href":"https:\/\/api.w.org\/{rel}","templated":true}]}}