{"id":29,"date":"2018-11-27T08:40:54","date_gmt":"2018-11-27T07:40:54","guid":{"rendered":"http:\/\/knjiznice.nsk.hr\/erdody\/?page_id=29"},"modified":"2018-12-09T14:05:02","modified_gmt":"2018-12-09T13:05:02","slug":"cjenik-usluga-knjiznice","status":"publish","type":"page","link":"https:\/\/knjiznice.nsk.hr\/erdody\/cjenik-usluga-knjiznice\/","title":{"rendered":"Cjenik usluga knji\u017enice"},"content":{"rendered":"<p style=\"text-align: left\"><strong>U\u010cLANJENJE<\/strong><\/p>\n<p style=\"text-align: left\"><strong>Godi\u0161nja \u010dlanarina<\/strong><\/p>\n<p style=\"text-align: right\">PRED\u0160KOLSKA DJECA&nbsp;&nbsp;&nbsp;&nbsp;&nbsp;&nbsp;&nbsp;&nbsp;&nbsp; &nbsp;&nbsp; &nbsp;&nbsp;&nbsp; &nbsp; &nbsp; &nbsp; &nbsp; &nbsp; &nbsp; &nbsp;&nbsp;&nbsp;&nbsp;&nbsp;&nbsp;&nbsp;&nbsp; 30,00 KN<\/p>\n<p style=\"text-align: right\">U\u010cENICI, STUDENTI i UMIROVLJENICI&nbsp;&nbsp;&nbsp;&nbsp;&nbsp;&nbsp;&nbsp;&nbsp;&nbsp;&nbsp;&nbsp; &nbsp;&nbsp; 40,00 KN<\/p>\n<p style=\"text-align: right\">ODRASLI&nbsp;&nbsp;&nbsp;&nbsp;&nbsp; &nbsp; &nbsp;&nbsp;&nbsp;&nbsp;&nbsp;&nbsp;&nbsp;&nbsp;&nbsp;&nbsp;&nbsp;&nbsp;&nbsp;&nbsp;&nbsp;&nbsp;&nbsp;&nbsp;&nbsp;&nbsp;&nbsp;&nbsp;&nbsp;&nbsp;&nbsp;&nbsp;&nbsp;&nbsp;&nbsp;&nbsp; &nbsp; &nbsp;&nbsp;&nbsp;&nbsp;&nbsp;&nbsp;&nbsp;&nbsp;&nbsp;&nbsp;&nbsp;&nbsp;&nbsp;&nbsp;&nbsp; 50,00 KN<\/p>\n<p style=\"text-align: right\">GRUPNA \u010cLANARINA (OD 8 OSOBA I VI\u0160E)&nbsp;&nbsp;&nbsp; &nbsp; &nbsp;&nbsp; 30,00 KN<\/p>\n<p style=\"text-align: left\">&nbsp;<\/p>\n<p><strong>IGRAONICA<\/strong> &nbsp;&nbsp;(3X TJEDNO)&nbsp;&nbsp;&nbsp;&nbsp;&nbsp;&nbsp;&nbsp;&nbsp;&nbsp;&nbsp;&nbsp;&nbsp; &nbsp; &nbsp; &nbsp; &nbsp; &nbsp; &nbsp; &nbsp; &nbsp; &nbsp; &nbsp; &nbsp; &nbsp; &nbsp; &nbsp; &nbsp;&nbsp;<\/p>\n<p><strong>RADIONICA ZA MAME I BEBE<\/strong> (2X TJEDNO)<\/p>\n<p style=\"text-align: right\">1 DIJETE&nbsp;&nbsp;&nbsp;&nbsp;&nbsp;&nbsp;&nbsp; &nbsp; &nbsp;&nbsp;&nbsp;&nbsp;&nbsp;&nbsp;&nbsp;&nbsp; 120,00&nbsp; KN<\/p>\n<p style=\"text-align: right\">&nbsp;&nbsp;&nbsp;&nbsp;&nbsp;&nbsp;&nbsp;&nbsp;&nbsp;&nbsp;&nbsp;&nbsp; &nbsp;&nbsp;2 DJETETA&nbsp;&nbsp; &nbsp; &nbsp; &nbsp; &nbsp;&nbsp;&nbsp;&nbsp;&nbsp;&nbsp; 100, 00 KN<\/p>\n<p style=\"text-align: right\">&nbsp;&nbsp;&nbsp;&nbsp;&nbsp;&nbsp;&nbsp;&nbsp;&nbsp;&nbsp;&nbsp;&nbsp;&nbsp;&nbsp;&nbsp; 3 i VI\u0160E&nbsp;&nbsp;&nbsp;&nbsp;&nbsp;&nbsp;&nbsp;&nbsp;&nbsp;&nbsp;&nbsp;&nbsp; &nbsp; &nbsp;&nbsp;&nbsp;&nbsp;&nbsp;&nbsp;&nbsp;&nbsp; 80,00 KN<\/p>\n<p style=\"text-align: left\"><strong>POSUDBA&nbsp;&nbsp;<\/strong><\/p>\n<p style=\"text-align: left\"><strong>NADOKANADA PO KNJIZI (POSU\u0110UJE SE NA 21 DAN)<\/strong><\/p>\n<p style=\"text-align: right\">PRVA KNJIGA&nbsp;&nbsp;&nbsp;&nbsp;&nbsp;&nbsp;&nbsp;&nbsp;&nbsp;&nbsp;&nbsp;&nbsp;&nbsp;&nbsp;&nbsp;&nbsp;&nbsp;&nbsp;&nbsp;&nbsp;&nbsp;&nbsp;&nbsp;&nbsp;&nbsp;&nbsp;&nbsp;&nbsp;&nbsp;&nbsp;&nbsp;&nbsp;&nbsp;&nbsp;&nbsp;&nbsp;&nbsp;&nbsp;&nbsp;&nbsp;&nbsp;&nbsp;&nbsp;&nbsp;&nbsp;&nbsp;&nbsp; BESPLATNO<\/p>\n<p style=\"text-align: right\">DRUGA KNJIGA I SVAKA SLJEDE\u0106A &nbsp;&nbsp;&nbsp;&nbsp;&nbsp;&nbsp;&nbsp;&nbsp;&nbsp; &nbsp;&nbsp; &nbsp;&nbsp; &nbsp; &nbsp;&nbsp; 3, 00 KN<\/p>\n<p style=\"text-align: right\">ZAKASNINA PO DANU ZA KNJIGU &nbsp;&nbsp;&nbsp;&nbsp;&nbsp; &nbsp; &nbsp;&nbsp;&nbsp;&nbsp;&nbsp;&nbsp;&nbsp;&nbsp; &nbsp; &nbsp;&nbsp;&nbsp; 1, 00 KN<\/p>\n<p style=\"text-align: right\">OPOMENA &nbsp;&nbsp;&nbsp;&nbsp;&nbsp;&nbsp;&nbsp;&nbsp;&nbsp;&nbsp;&nbsp;&nbsp;&nbsp;&nbsp;&nbsp;&nbsp;&nbsp;&nbsp;&nbsp;&nbsp;&nbsp;&nbsp;&nbsp;&nbsp;&nbsp;&nbsp;&nbsp;&nbsp;&nbsp;&nbsp;&nbsp;&nbsp;&nbsp;&nbsp;&nbsp;&nbsp; 10, 00 KN + zakasnina<\/p>\n<p style=\"text-align: left\">NADOKNADA ZA DVD, CD (POSU\u0110UJE SE NA 3 DANA)<\/p>\n<p style=\"text-align: right\">POSUDBA DVD, CD&nbsp;&nbsp; &nbsp;&nbsp;&nbsp;&nbsp;&nbsp;&nbsp;&nbsp;&nbsp;&nbsp;&nbsp;&nbsp;&nbsp;&nbsp;&nbsp;&nbsp;&nbsp;&nbsp;&nbsp;&nbsp;&nbsp;&nbsp;&nbsp;&nbsp;&nbsp;&nbsp;&nbsp;&nbsp;&nbsp;&nbsp;&nbsp;&nbsp;&nbsp;&nbsp;&nbsp;&nbsp;&nbsp;&nbsp;&nbsp;&nbsp;&nbsp;&nbsp;&nbsp;&nbsp;&nbsp;&nbsp;&nbsp;&nbsp;&nbsp;&nbsp; 5, 00 KN<\/p>\n<p style=\"text-align: right\">ZAKASNINA PO DANU&nbsp;&nbsp;&nbsp;&nbsp;&nbsp;&nbsp;&nbsp;&nbsp;&nbsp; &nbsp;&nbsp; &nbsp;&nbsp;&nbsp;&nbsp;&nbsp;&nbsp;&nbsp;&nbsp;&nbsp;&nbsp;&nbsp;&nbsp;&nbsp;&nbsp;&nbsp; &nbsp;&nbsp;&nbsp;&nbsp;&nbsp;&nbsp;&nbsp;&nbsp;&nbsp;&nbsp;&nbsp;&nbsp;&nbsp;&nbsp;&nbsp;&nbsp;&nbsp;&nbsp;&nbsp; 5, 00 KN<\/p>\n<p style=\"text-align: right\">IZRADA NOVE ISKAZNICE U SLU\u010cAJU GUBITKA STARE&nbsp;&nbsp;&nbsp;&nbsp;&nbsp;&nbsp; 10, 00 KN<\/p>\n<p style=\"text-align: left\">&nbsp;<\/p>\n<p style=\"text-align: left\"><strong>KORI\u0160TENJE RA\u010cUNALA<\/strong>&nbsp;&nbsp; &nbsp;&nbsp;&nbsp;&nbsp;&nbsp;&nbsp;&nbsp;&nbsp;&nbsp;&nbsp;&nbsp;&nbsp;&nbsp;&nbsp;&nbsp;&nbsp;&nbsp;<\/p>\n<p style=\"text-align: right\">PRVIH POLA SATA &nbsp;&nbsp;&nbsp;&nbsp;&nbsp;&nbsp;&nbsp;&nbsp;&nbsp;&nbsp;&nbsp;&nbsp;&nbsp;&nbsp;&nbsp;&nbsp;&nbsp;&nbsp;&nbsp;&nbsp;&nbsp;&nbsp;&nbsp;&nbsp;&nbsp;&nbsp;&nbsp;&nbsp;&nbsp;&nbsp;&nbsp;&nbsp;&nbsp;&nbsp;&nbsp;&nbsp;&nbsp;&nbsp;&nbsp;&nbsp;&nbsp;&nbsp;&nbsp;&nbsp;&nbsp;&nbsp;&nbsp;&nbsp;&nbsp;&nbsp;&nbsp; 4, 00 KN<\/p>\n<p style=\"text-align: right\">SVAKIH SLJEDE\u0106IH POLA SATA &nbsp;&nbsp;&nbsp;&nbsp;&nbsp;&nbsp;&nbsp; &nbsp; &nbsp; &nbsp; &nbsp;&nbsp;&nbsp;&nbsp;&nbsp; &nbsp; &nbsp;&nbsp; &nbsp;&nbsp;&nbsp;&nbsp;&nbsp;&nbsp;&nbsp;&nbsp; 3, 00 KN<\/p>\n<p style=\"text-align: right\">Internet 0-5 MB&nbsp;&nbsp; &nbsp;&nbsp;&nbsp;&nbsp;&nbsp;&nbsp;&nbsp;&nbsp;&nbsp;&nbsp;&nbsp;&nbsp;&nbsp;&nbsp;&nbsp;&nbsp;&nbsp;&nbsp;&nbsp;&nbsp;&nbsp;&nbsp;&nbsp;&nbsp;&nbsp;&nbsp;&nbsp;&nbsp;&nbsp;&nbsp;&nbsp;&nbsp;&nbsp;&nbsp;&nbsp;&nbsp;&nbsp;&nbsp;&nbsp;&nbsp;&nbsp;&nbsp;&nbsp;&nbsp;&nbsp;&nbsp;&nbsp;&nbsp;&nbsp;&nbsp;&nbsp;&nbsp; 5, 00 KN<\/p>\n<p style=\"text-align: right\">SVAKIH SLJEDE\u0106IH 0-5 MB &nbsp;&nbsp;&nbsp;&nbsp;&nbsp;&nbsp;&nbsp; &nbsp; &nbsp; &nbsp;&nbsp; &nbsp;&nbsp; &nbsp;&nbsp;&nbsp;&nbsp;&nbsp;&nbsp;&nbsp;&nbsp;&nbsp;&nbsp;&nbsp;&nbsp;&nbsp;&nbsp;&nbsp;&nbsp;&nbsp;&nbsp;&nbsp;&nbsp;&nbsp; 3, 00 KN<\/p>\n<p style=\"text-align: left\">&nbsp;<\/p>\n<p style=\"text-align: left\"><strong>NAKNADA ZA IZGUBLJENU ILI O\u0160TE\u0106ENU KNJIGU PLA\u0106A SE U VISINI IZGUBLJENE ILI O\u0160TE\u0106ENE KNJIGE<\/strong><\/p>\n","protected":false},"excerpt":{"rendered":"<p>U\u010cLANJENJE Godi\u0161nja \u010dlanarina PRED\u0160KOLSKA DJECA&nbsp;&nbsp;&nbsp;&nbsp;&nbsp;&nbsp;&nbsp;&nbsp;&nbsp; &nbsp;&nbsp; &nbsp;&nbsp;&nbsp; &nbsp; &nbsp; &nbsp; &nbsp; &nbsp; &nbsp; &nbsp;&nbsp;&nbsp;&nbsp;&nbsp;&nbsp;&nbsp;&nbsp; 30,00 KN U\u010cENICI, STUDENTI i UMIROVLJENICI&nbsp;&nbsp;&nbsp;&nbsp;&nbsp;&nbsp;&nbsp;&nbsp;&nbsp;&nbsp;&nbsp; &nbsp;&nbsp; 40,00 KN ODRASLI&nbsp;&nbsp;&nbsp;&nbsp;&nbsp; &nbsp; &nbsp;&nbsp;&nbsp;&nbsp;&nbsp;&nbsp;&nbsp;&nbsp;&nbsp;&nbsp;&nbsp;&nbsp;&nbsp;&nbsp;&nbsp;&nbsp;&nbsp;&nbsp;&nbsp;&nbsp;&nbsp;&nbsp;&nbsp;&nbsp;&nbsp;&nbsp;&nbsp;&nbsp;&nbsp;&nbsp; &nbsp; &nbsp;&nbsp;&nbsp;&nbsp;&nbsp;&nbsp;&nbsp;&nbsp;&nbsp;&nbsp;&nbsp;&nbsp;&nbsp;&nbsp;&nbsp; 50,00 KN GRUPNA \u010cLANARINA (OD 8 OSOBA I VI\u0160E)&nbsp;&nbsp;&nbsp; &nbsp; &nbsp;&nbsp; 30,00 KN &nbsp; IGRAONICA &nbsp;&nbsp;(3X TJEDNO)&nbsp;&nbsp;&nbsp;&nbsp;&nbsp;&nbsp;&nbsp;&nbsp;&nbsp;&nbsp;&nbsp;&nbsp; &nbsp; &nbsp; &nbsp; &nbsp; &nbsp; &nbsp; &nbsp; &nbsp; &nbsp; &nbsp; [&hellip;]<\/p>\n","protected":false},"author":174,"featured_media":0,"parent":0,"menu_order":0,"comment_status":"closed","ping_status":"closed","template":"","meta":{"ngg_post_thumbnail":0},"yoast_head":"<!-- This site is optimized with the Yoast SEO plugin v16.4 - https:\/\/yoast.com\/wordpress\/plugins\/seo\/ -->\n<meta name=\"robots\" content=\"index, follow, max-snippet:-1, max-image-preview:large, max-video-preview:-1\" \/>\n<link rel=\"canonical\" href=\"https:\/\/knjiznice.nsk.hr\/erdody\/cjenik-usluga-knjiznice\/\" \/>\n<meta property=\"og:locale\" content=\"hr_HR\" \/>\n<meta property=\"og:type\" content=\"article\" \/>\n<meta property=\"og:title\" content=\"Cjenik usluga knji\u017enice - Op\u0107inska knji\u017enica Sidonije Rubido Erd\u04e7dy Gornja Rijeka\" \/>\n<meta property=\"og:description\" content=\"U\u010cLANJENJE Godi\u0161nja \u010dlanarina PRED\u0160KOLSKA DJECA&nbsp;&nbsp;&nbsp;&nbsp;&nbsp;&nbsp;&nbsp;&nbsp;&nbsp; &nbsp;&nbsp; &nbsp;&nbsp;&nbsp; &nbsp; &nbsp; &nbsp; &nbsp; &nbsp; &nbsp; &nbsp;&nbsp;&nbsp;&nbsp;&nbsp;&nbsp;&nbsp;&nbsp; 30,00 KN U\u010cENICI, STUDENTI i UMIROVLJENICI&nbsp;&nbsp;&nbsp;&nbsp;&nbsp;&nbsp;&nbsp;&nbsp;&nbsp;&nbsp;&nbsp; &nbsp;&nbsp; 40,00 KN ODRASLI&nbsp;&nbsp;&nbsp;&nbsp;&nbsp; &nbsp; &nbsp;&nbsp;&nbsp;&nbsp;&nbsp;&nbsp;&nbsp;&nbsp;&nbsp;&nbsp;&nbsp;&nbsp;&nbsp;&nbsp;&nbsp;&nbsp;&nbsp;&nbsp;&nbsp;&nbsp;&nbsp;&nbsp;&nbsp;&nbsp;&nbsp;&nbsp;&nbsp;&nbsp;&nbsp;&nbsp; &nbsp; &nbsp;&nbsp;&nbsp;&nbsp;&nbsp;&nbsp;&nbsp;&nbsp;&nbsp;&nbsp;&nbsp;&nbsp;&nbsp;&nbsp;&nbsp; 50,00 KN GRUPNA \u010cLANARINA (OD 8 OSOBA I VI\u0160E)&nbsp;&nbsp;&nbsp; &nbsp; &nbsp;&nbsp; 30,00 KN &nbsp; IGRAONICA &nbsp;&nbsp;(3X TJEDNO)&nbsp;&nbsp;&nbsp;&nbsp;&nbsp;&nbsp;&nbsp;&nbsp;&nbsp;&nbsp;&nbsp;&nbsp; &nbsp; &nbsp; &nbsp; &nbsp; &nbsp; &nbsp; &nbsp; &nbsp; &nbsp; &nbsp; [&hellip;]\" \/>\n<meta property=\"og:url\" content=\"https:\/\/knjiznice.nsk.hr\/erdody\/cjenik-usluga-knjiznice\/\" \/>\n<meta property=\"og:site_name\" content=\"Op\u0107inska knji\u017enica Sidonije Rubido Erd\u04e7dy Gornja Rijeka\" \/>\n<meta property=\"article:modified_time\" content=\"2018-12-09T13:05:02+00:00\" \/>\n<meta name=\"twitter:card\" content=\"summary_large_image\" \/>\n<meta name=\"twitter:label1\" content=\"Procijenjeno vrijeme \u010ditanja\" \/>\n\t<meta name=\"twitter:data1\" content=\"4 minute\" \/>\n<script type=\"application\/ld+json\" class=\"yoast-schema-graph\">{\"@context\":\"https:\/\/schema.org\",\"@graph\":[{\"@type\":\"Organization\",\"@id\":\"http:\/\/knjiznice.nsk.hr\/erdody\/#organization\",\"name\":\"Op\\u0107inska knji\\u017enica S. R. Erdody\",\"url\":\"http:\/\/knjiznice.nsk.hr\/erdody\/\",\"sameAs\":[],\"logo\":{\"@type\":\"ImageObject\",\"@id\":\"http:\/\/knjiznice.nsk.hr\/erdody\/#logo\",\"inLanguage\":\"hr\",\"url\":\"http:\/\/knjiznice.nsk.hr\/erdody\/wp-content\/uploads\/sites\/94\/2018\/11\/logo.png\",\"contentUrl\":\"http:\/\/knjiznice.nsk.hr\/erdody\/wp-content\/uploads\/sites\/94\/2018\/11\/logo.png\",\"width\":70,\"height\":65,\"caption\":\"Op\\u0107inska knji\\u017enica S. R. Erdody\"},\"image\":{\"@id\":\"http:\/\/knjiznice.nsk.hr\/erdody\/#logo\"}},{\"@type\":\"WebSite\",\"@id\":\"http:\/\/knjiznice.nsk.hr\/erdody\/#website\",\"url\":\"http:\/\/knjiznice.nsk.hr\/erdody\/\",\"name\":\"Op\\u0107inska knji\\u017enica Sidonije Rubido Erd\\u04e7dy Gornja Rijeka\",\"description\":\"\",\"publisher\":{\"@id\":\"http:\/\/knjiznice.nsk.hr\/erdody\/#organization\"},\"potentialAction\":[{\"@type\":\"SearchAction\",\"target\":\"http:\/\/knjiznice.nsk.hr\/erdody\/?s={search_term_string}\",\"query-input\":\"required name=search_term_string\"}],\"inLanguage\":\"hr\"},{\"@type\":\"WebPage\",\"@id\":\"https:\/\/knjiznice.nsk.hr\/erdody\/cjenik-usluga-knjiznice\/#webpage\",\"url\":\"https:\/\/knjiznice.nsk.hr\/erdody\/cjenik-usluga-knjiznice\/\",\"name\":\"Cjenik usluga knji\\u017enice - Op\\u0107inska knji\\u017enica Sidonije Rubido Erd\\u04e7dy Gornja Rijeka\",\"isPartOf\":{\"@id\":\"http:\/\/knjiznice.nsk.hr\/erdody\/#website\"},\"datePublished\":\"2018-11-27T07:40:54+00:00\",\"dateModified\":\"2018-12-09T13:05:02+00:00\",\"breadcrumb\":{\"@id\":\"https:\/\/knjiznice.nsk.hr\/erdody\/cjenik-usluga-knjiznice\/#breadcrumb\"},\"inLanguage\":\"hr\",\"potentialAction\":[{\"@type\":\"ReadAction\",\"target\":[\"https:\/\/knjiznice.nsk.hr\/erdody\/cjenik-usluga-knjiznice\/\"]}]},{\"@type\":\"BreadcrumbList\",\"@id\":\"https:\/\/knjiznice.nsk.hr\/erdody\/cjenik-usluga-knjiznice\/#breadcrumb\",\"itemListElement\":[{\"@type\":\"ListItem\",\"position\":1,\"item\":{\"@type\":\"WebPage\",\"@id\":\"http:\/\/knjiznice.nsk.hr\/erdody\/\",\"url\":\"http:\/\/knjiznice.nsk.hr\/erdody\/\",\"name\":\"Po\\u010detna stranica\"}},{\"@type\":\"ListItem\",\"position\":2,\"item\":{\"@id\":\"https:\/\/knjiznice.nsk.hr\/erdody\/cjenik-usluga-knjiznice\/#webpage\"}}]}]}<\/script>\n<!-- \/ Yoast SEO plugin. -->","_links":{"self":[{"href":"https:\/\/knjiznice.nsk.hr\/erdody\/wp-json\/wp\/v2\/pages\/29"}],"collection":[{"href":"https:\/\/knjiznice.nsk.hr\/erdody\/wp-json\/wp\/v2\/pages"}],"about":[{"href":"https:\/\/knjiznice.nsk.hr\/erdody\/wp-json\/wp\/v2\/types\/page"}],"author":[{"embeddable":true,"href":"https:\/\/knjiznice.nsk.hr\/erdody\/wp-json\/wp\/v2\/users\/174"}],"replies":[{"embeddable":true,"href":"https:\/\/knjiznice.nsk.hr\/erdody\/wp-json\/wp\/v2\/comments?post=29"}],"version-history":[{"count":25,"href":"https:\/\/knjiznice.nsk.hr\/erdody\/wp-json\/wp\/v2\/pages\/29\/revisions"}],"predecessor-version":[{"id":86,"href":"https:\/\/knjiznice.nsk.hr\/erdody\/wp-json\/wp\/v2\/pages\/29\/revisions\/86"}],"wp:attachment":[{"href":"https:\/\/knjiznice.nsk.hr\/erdody\/wp-json\/wp\/v2\/media?parent=29"}],"curies":[{"name":"wp","href":"https:\/\/api.w.org\/{rel}","templated":true}]}}